{"id":277,"date":"2021-01-21T22:06:06","date_gmt":"2021-01-21T21:06:06","guid":{"rendered":"http:\/\/ipoweb.bruxelles.be\/baronsteens\/?page_id=277"},"modified":"2021-04-01T12:17:38","modified_gmt":"2021-04-01T10:17:38","slug":"activites-sportives","status":"publish","type":"page","link":"https:\/\/ipoweb.bruxelles.be\/baronsteens\/activites-sportives\/","title":{"rendered":"Activit\u00e9s sportives"},"content":{"rendered":"\n<div class=\"wp-block-image\"><figure class=\"aligncenter size-large\"><img decoding=\"async\" loading=\"lazy\" width=\"404\" height=\"303\" src=\"http:\/\/ipoweb.bruxelles.be\/baronsteens\/wp-content\/uploads\/2021\/04\/salle-de-gym.jpg\" alt=\"\" class=\"wp-image-505\" srcset=\"https:\/\/ipoweb.bruxelles.be\/baronsteens\/wp-content\/uploads\/2021\/04\/salle-de-gym.jpg 404w, https:\/\/ipoweb.bruxelles.be\/baronsteens\/wp-content\/uploads\/2021\/04\/salle-de-gym-300x225.jpg 300w\" sizes=\"(max-width: 404px) 100vw, 404px\" \/><figcaption>Salle de gymnastique des primaires<\/figcaption><\/figure><\/div>\n\n\n\n<p>Nous essayons de cr\u00e9er des activit\u00e9s ludiques et vari\u00e9es pour d\u00e9velopper les comp\u00e9tences de l\u2019enfant.<\/p>\n\n\n\n<p>Nous commen\u00e7ons l\u2019ann\u00e9e scolaire par des exercices de condition physique. Nous travaillons l\u2019endurance et la r\u00e9sistance musculaire afin de remettre l\u2019enfant en forme et limiter le risque de blessure lors des diff\u00e9rents apprentissages.<\/p>\n\n\n\n<p>Durant le reste de l\u2019ann\u00e9e, nous proposons des activit\u00e9s dans diff\u00e9rents sports&nbsp;:<\/p>\n\n\n\n<ul><li>Les sports collectifs\u00a0(Basket, Foot, \u2026)\u00a0: l\u2019apprentissage des gestes techniques, des r\u00e8gles de jeu et les situations de match permettent \u00e0 l\u2019enfant d\u2019am\u00e9liorer son habilet\u00e9 gestuelle et d\u2019apprendre \u00e0 coop\u00e9rer.<\/li><li>La gymnastique (culbutes, roue, \u2026)\u00a0: l\u2019enfant apprendra \u00e0 sentir les mouvements effectu\u00e9s et \u00e0 mieux comprendre son corps.<\/li><li>Apprendre \u00e0 rouler \u00e0 v\u00e9lo est un des grands projets mis en place dans l\u2019\u00e9cole. Rouler seul correctement, conna\u00eetre les gestes de s\u00e9curit\u00e9 lors de d\u00e9placements en groupe et l\u2019apprentissage du code de la route permettront \u00e0 l\u2019enfant de pouvoir rouler en ville sans danger. L\u2019objectif est de proposer aux enfants une sortie v\u00e9lo encadr\u00e9e par leurs professeurs et des professionnels de l\u2019asbl \u00ab\u00a0Pro V\u00e9lo\u00a0\u00bb.<\/li><\/ul>\n\n\n\n<div class=\"wp-block-image\"><figure class=\"aligncenter size-large\"><img decoding=\"async\" loading=\"lazy\" width=\"404\" height=\"303\" src=\"http:\/\/ipoweb.bruxelles.be\/baronsteens\/wp-content\/uploads\/2021\/04\/salle-de-psychomot.jpg\" alt=\"\" class=\"wp-image-506\" srcset=\"https:\/\/ipoweb.bruxelles.be\/baronsteens\/wp-content\/uploads\/2021\/04\/salle-de-psychomot.jpg 404w, https:\/\/ipoweb.bruxelles.be\/baronsteens\/wp-content\/uploads\/2021\/04\/salle-de-psychomot-300x225.jpg 300w\" sizes=\"(max-width: 404px) 100vw, 404px\" \/><figcaption>Salle de psychomotricit\u00e9 des maternelles<\/figcaption><\/figure><\/div>\n","protected":false},"excerpt":{"rendered":"<p>Nous essayons de cr\u00e9er des activit\u00e9s ludiques et vari\u00e9es pour d\u00e9velopper les comp\u00e9tences de l\u2019enfant. Nous commen\u00e7ons l\u2019ann\u00e9e scolaire par des exercices de condition physique. Nous travaillons l\u2019endurance et la r\u00e9sistance musculaire afin de remettre l\u2019enfant en forme et limiter le risque de blessure lors des diff\u00e9rents apprentissages. Durant le reste de l\u2019ann\u00e9e, nous proposons&hellip;<\/p>\n","protected":false},"author":1,"featured_media":0,"parent":0,"menu_order":0,"comment_status":"closed","ping_status":"closed","template":"","meta":{"footnotes":""},"_links":{"self":[{"href":"https:\/\/ipoweb.bruxelles.be\/baronsteens\/wp-json\/wp\/v2\/pages\/277"}],"collection":[{"href":"https:\/\/ipoweb.bruxelles.be\/baronsteens\/wp-json\/wp\/v2\/pages"}],"about":[{"href":"https:\/\/ipoweb.bruxelles.be\/baronsteens\/wp-json\/wp\/v2\/types\/page"}],"author":[{"embeddable":true,"href":"https:\/\/ipoweb.bruxelles.be\/baronsteens\/wp-json\/wp\/v2\/users\/1"}],"replies":[{"embeddable":true,"href":"https:\/\/ipoweb.bruxelles.be\/baronsteens\/wp-json\/wp\/v2\/comments?post=277"}],"version-history":[{"count":3,"href":"https:\/\/ipoweb.bruxelles.be\/baronsteens\/wp-json\/wp\/v2\/pages\/277\/revisions"}],"predecessor-version":[{"id":509,"href":"https:\/\/ipoweb.bruxelles.be\/baronsteens\/wp-json\/wp\/v2\/pages\/277\/revisions\/509"}],"wp:attachment":[{"href":"https:\/\/ipoweb.bruxelles.be\/baronsteens\/wp-json\/wp\/v2\/media?parent=277"}],"curies":[{"name":"wp","href":"https:\/\/api.w.org\/{rel}","templated":true}]}}