{"id":279,"date":"2021-01-21T22:06:23","date_gmt":"2021-01-21T21:06:23","guid":{"rendered":"http:\/\/ipoweb.bruxelles.be\/baronsteens\/?page_id=279"},"modified":"2022-09-09T14:11:38","modified_gmt":"2022-09-09T12:11:38","slug":"classes-de-depaysement","status":"publish","type":"page","link":"https:\/\/ipoweb.bruxelles.be\/baronsteens\/classes-de-depaysement\/","title":{"rendered":"Classes de d\u00e9paysement"},"content":{"rendered":"\n<p>Des classes de d\u00e9paysement sont organis\u00e9es certaines ann\u00e9es. Il s\u2019agit en g\u00e9n\u00e9ral de 3 jours en M2 M3 et d\u2019une semaine en primaire.<\/p>\n\n\n\n<p>En 2021\/2022, les classes de M1, M2 et M3 sont parties du lundi 25 avril 2022 au mercredi 27 avril 2022 \u00e0 la ferme du chant d&rsquo;Oiseaux. <\/p>\n\n\n\n<p>Voici un reportage disponible sur le lieu ainsi que la page facebook : <\/p>\n\n\n\n<figure class=\"wp-block-embed is-type-video is-provider-youtube wp-block-embed-youtube wp-embed-aspect-16-9 wp-has-aspect-ratio\"><div class=\"wp-block-embed__wrapper\">\n<iframe loading=\"lazy\" title=\"La ferme du Chant d&#039;Oiseaux \u2013 Reportage de Canal C pour le magazine &quot;Au chant du coq&quot; \u2013 9 mai 2017\" width=\"800\" height=\"450\" src=\"https:\/\/www.youtube.com\/embed\/RIX8V3NzWK0?feature=oembed\" frameborder=\"0\" allow=\"accelerometer; autoplay; clipboard-write; encrypted-media; gyroscope; picture-in-picture\" allowfullscreen title=\"La ferme du Chant d'Oiseaux \u2013 Reportage de Canal C pour le magazine \"Au chant du coq\" \u2013 9 mai 2017\"><\/iframe>\n<\/div><\/figure>\n\n\n\n<p><a href=\"https:\/\/www.facebook.com\/Lafermeduchantdoiseaux\/videos\/577741546359630\/?extid=WA-UNK-UNK-UNK-AN_GK0T-GK1C&amp;ref=sharing\">https:\/\/www.facebook.com\/Lafermeduchantdoiseaux\/videos\/577741546359630\/?extid=WA-UNK-UNK-UNK-AN_GK0T-GK1C&amp;ref=sharing<\/a><\/p>\n\n\n\n<p><\/p>\n\n\n\n<p>En 2019\/2020, les classes de 5\u00e8me et 6\u00e8me primaires sont partie une semaine dans les Fagnes\u2026<\/p>\n\n\n\n<div class=\"wp-block-cover alignfull has-background-dim-70 has-accent-background-color has-background-dim has-parallax\" style=\"background-image:url(http:\/\/ipoweb.bruxelles.be\/baronsteens\/wp-content\/uploads\/2021\/01\/DSC_1425.jpg);min-height:70vh\"><div class=\"wp-block-cover__inner-container is-layout-flow wp-block-cover-is-layout-flow\">\n<h1 class=\"alignwide has-text-align-center wp-block-heading\">Les M2\/M3 \u00e0 Mozet en 2019.<\/h1>\n\n\n\n<p class=\"has-text-align-center has-large-font-size\">Au programme, apprendre \u00e0 vivre ensemble, d\u00e9velopper l&rsquo;autonomie et l&rsquo;entraide partir \u00e0 la d\u00e9couverte de la nature par le biais de diff\u00e9rents ateliers: construction de cabanes avec le mat\u00e9riel trouv\u00e9 dans la for\u00eat, observation des petites b\u00eates qui peuplent le sol et la v\u00e9g\u00e9tation mais aussi la mare, cr\u00e9er un lien avec la nature en d\u00e9corant \u00ab\u00a0son\u00a0\u00bb arbre,\u2026<\/p>\n<\/div><\/div>\n\n\n\n<p><\/p>\n\n\n\n<p>Nous logions dans une ancienne ferme en carr\u00e9 \u00e0 l&rsquo;\u00e9cart du village et des routes, en pleine nature. Les activit\u00e9s ont \u00e9t\u00e9 organis\u00e9es par l&rsquo;\u00e9quipe \u00e9ducative de Mozet avec nos accompagnants pour encadrer les enfants 24h\/24H.<\/p>\n\n\n\n<p> Voici quelques photos de notre s\u00e9jour pour vous donner l&rsquo;eau \u00e0 la bouche&#8230;<\/p>\n\n\n\n<figure class=\"wp-block-gallery columns-3 is-cropped wp-block-gallery-2 is-layout-flex wp-block-gallery-is-layout-flex\"><ul class=\"blocks-gallery-grid\"><li class=\"blocks-gallery-item\"><figure><img decoding=\"async\" loading=\"lazy\" width=\"500\" height=\"889\" src=\"http:\/\/ipoweb.bruxelles.be\/baronsteens\/wp-content\/uploads\/2021\/01\/DSC_1461.jpg\" alt=\"\" data-id=\"325\" data-full-url=\"http:\/\/ipoweb.bruxelles.be\/baronsteens\/wp-content\/uploads\/2021\/01\/DSC_1461.jpg\" data-link=\"http:\/\/ipoweb.bruxelles.be\/baronsteens\/dsc_1461\/\" class=\"wp-image-325\" srcset=\"https:\/\/ipoweb.bruxelles.be\/baronsteens\/wp-content\/uploads\/2021\/01\/DSC_1461.jpg 500w, https:\/\/ipoweb.bruxelles.be\/baronsteens\/wp-content\/uploads\/2021\/01\/DSC_1461-169x300.jpg 169w\" sizes=\"(max-width: 500px) 100vw, 500px\" \/><\/figure><\/li><li class=\"blocks-gallery-item\"><figure><img decoding=\"async\" loading=\"lazy\" width=\"500\" height=\"889\" src=\"http:\/\/ipoweb.bruxelles.be\/baronsteens\/wp-content\/uploads\/2021\/01\/DSC_1263.jpg\" alt=\"\" data-id=\"321\" data-full-url=\"http:\/\/ipoweb.bruxelles.be\/baronsteens\/wp-content\/uploads\/2021\/01\/DSC_1263.jpg\" data-link=\"http:\/\/ipoweb.bruxelles.be\/baronsteens\/dsc_1263\/\" class=\"wp-image-321\" srcset=\"https:\/\/ipoweb.bruxelles.be\/baronsteens\/wp-content\/uploads\/2021\/01\/DSC_1263.jpg 500w, https:\/\/ipoweb.bruxelles.be\/baronsteens\/wp-content\/uploads\/2021\/01\/DSC_1263-169x300.jpg 169w\" sizes=\"(max-width: 500px) 100vw, 500px\" \/><\/figure><\/li><li class=\"blocks-gallery-item\"><figure><img decoding=\"async\" loading=\"lazy\" width=\"500\" height=\"889\" src=\"http:\/\/ipoweb.bruxelles.be\/baronsteens\/wp-content\/uploads\/2021\/01\/DSC_1363.jpg\" alt=\"\" data-id=\"322\" data-full-url=\"http:\/\/ipoweb.bruxelles.be\/baronsteens\/wp-content\/uploads\/2021\/01\/DSC_1363.jpg\" data-link=\"http:\/\/ipoweb.bruxelles.be\/baronsteens\/dsc_1363\/\" class=\"wp-image-322\" srcset=\"https:\/\/ipoweb.bruxelles.be\/baronsteens\/wp-content\/uploads\/2021\/01\/DSC_1363.jpg 500w, https:\/\/ipoweb.bruxelles.be\/baronsteens\/wp-content\/uploads\/2021\/01\/DSC_1363-169x300.jpg 169w\" sizes=\"(max-width: 500px) 100vw, 500px\" \/><\/figure><\/li><li class=\"blocks-gallery-item\"><figure><img decoding=\"async\" loading=\"lazy\" width=\"500\" height=\"889\" src=\"http:\/\/ipoweb.bruxelles.be\/baronsteens\/wp-content\/uploads\/2021\/01\/DSC_1413.jpg\" alt=\"\" data-id=\"323\" data-full-url=\"http:\/\/ipoweb.bruxelles.be\/baronsteens\/wp-content\/uploads\/2021\/01\/DSC_1413.jpg\" data-link=\"http:\/\/ipoweb.bruxelles.be\/baronsteens\/dsc_1413\/\" class=\"wp-image-323\" srcset=\"https:\/\/ipoweb.bruxelles.be\/baronsteens\/wp-content\/uploads\/2021\/01\/DSC_1413.jpg 500w, https:\/\/ipoweb.bruxelles.be\/baronsteens\/wp-content\/uploads\/2021\/01\/DSC_1413-169x300.jpg 169w\" sizes=\"(max-width: 500px) 100vw, 500px\" \/><\/figure><\/li><\/ul><\/figure>\n","protected":false},"excerpt":{"rendered":"<p>Des classes de d\u00e9paysement sont organis\u00e9es certaines ann\u00e9es. Il s\u2019agit en g\u00e9n\u00e9ral de 3 jours en M2 M3 et d\u2019une semaine en primaire. En 2021\/2022, les classes de M1, M2 et M3 sont parties du lundi 25 avril 2022 au mercredi 27 avril 2022 \u00e0 la ferme du chant d&rsquo;Oiseaux. Voici un reportage disponible sur&hellip;<\/p>\n","protected":false},"author":1,"featured_media":0,"parent":0,"menu_order":0,"comment_status":"closed","ping_status":"closed","template":"","meta":{"footnotes":""},"_links":{"self":[{"href":"https:\/\/ipoweb.bruxelles.be\/baronsteens\/wp-json\/wp\/v2\/pages\/279"}],"collection":[{"href":"https:\/\/ipoweb.bruxelles.be\/baronsteens\/wp-json\/wp\/v2\/pages"}],"about":[{"href":"https:\/\/ipoweb.bruxelles.be\/baronsteens\/wp-json\/wp\/v2\/types\/page"}],"author":[{"embeddable":true,"href":"https:\/\/ipoweb.bruxelles.be\/baronsteens\/wp-json\/wp\/v2\/users\/1"}],"replies":[{"embeddable":true,"href":"https:\/\/ipoweb.bruxelles.be\/baronsteens\/wp-json\/wp\/v2\/comments?post=279"}],"version-history":[{"count":9,"href":"https:\/\/ipoweb.bruxelles.be\/baronsteens\/wp-json\/wp\/v2\/pages\/279\/revisions"}],"predecessor-version":[{"id":1083,"href":"https:\/\/ipoweb.bruxelles.be\/baronsteens\/wp-json\/wp\/v2\/pages\/279\/revisions\/1083"}],"wp:attachment":[{"href":"https:\/\/ipoweb.bruxelles.be\/baronsteens\/wp-json\/wp\/v2\/media?parent=279"}],"curies":[{"name":"wp","href":"https:\/\/api.w.org\/{rel}","templated":true}]}}