{"id":36,"date":"2020-12-30T17:16:34","date_gmt":"2020-12-30T16:16:34","guid":{"rendered":"http:\/\/ipoweb.bruxelles.be\/baronsteens\/?page_id=36"},"modified":"2022-01-14T08:45:32","modified_gmt":"2022-01-14T07:45:32","slug":"presentation-de-lecole","status":"publish","type":"page","link":"https:\/\/ipoweb.bruxelles.be\/baronsteens\/presentation-de-lecole\/","title":{"rendered":"Pr\u00e9sentation de l&rsquo;\u00e9cole"},"content":{"rendered":"\n<div class=\"wp-block-group alignfull\"><div class=\"wp-block-group__inner-container is-layout-flow wp-block-group-is-layout-flow\">\n<h2 class=\"has-text-align-center wp-block-heading\"><strong>Bienvenue \u00e0 l\u2019\u00e9cole fondamentale Baron Steens !<\/strong><\/h2>\n\n\n\n<iframe loading=\"lazy\" src=\"https:\/\/www.facebook.com\/plugins\/video.php?height=314&#038;href=https%3A%2F%2Fwww.facebook.com%2FIPBruxelles%2Fvideos%2F794228154768684%2F&#038;show_text=false&#038;width=560\" width=\"560\" height=\"314\" style=\"border:none;overflow:hidden\" scrolling=\"no\" frameborder=\"0\" allowfullscreen=\"true\" allow=\"autoplay; clipboard-write; encrypted-media; picture-in-picture; web-share\" allowFullScreen=\"true\"><\/iframe>\n\n\n\n<div class=\"wp-block-columns alignwide tw-mb-8 is-layout-flex wp-container-3 wp-block-columns-is-layout-flex\">\n<div class=\"wp-block-column is-layout-flow wp-block-column-is-layout-flow\">\n<div class=\"wp-block-image\"><figure class=\"alignright size-large is-resized\"><img decoding=\"async\" loading=\"lazy\" src=\"http:\/\/ipoweb.bruxelles.be\/baronsteens\/wp-content\/uploads\/2021\/01\/1-porte-de-lecole.jpg\" alt=\"\" class=\"wp-image-239\" width=\"277\" height=\"368\"\/><figcaption>Vue de l&rsquo;ext\u00e9rieur.<\/figcaption><\/figure><\/div>\n\n\n\n<p><\/p>\n<\/div>\n\n\n\n<div class=\"wp-block-column is-layout-flow wp-block-column-is-layout-flow\">\n<figure class=\"wp-block-image size-large\"><img decoding=\"async\" loading=\"lazy\" width=\"500\" height=\"375\" src=\"http:\/\/ipoweb.bruxelles.be\/baronsteens\/wp-content\/uploads\/2021\/01\/1-preau-vue-den-haut.jpg\" alt=\"\" class=\"wp-image-238\" srcset=\"https:\/\/ipoweb.bruxelles.be\/baronsteens\/wp-content\/uploads\/2021\/01\/1-preau-vue-den-haut.jpg 500w, https:\/\/ipoweb.bruxelles.be\/baronsteens\/wp-content\/uploads\/2021\/01\/1-preau-vue-den-haut-300x225.jpg 300w\" sizes=\"(max-width: 500px) 100vw, 500px\" \/><figcaption>Vue de l&rsquo;int\u00e9rieur.<\/figcaption><\/figure>\n<\/div>\n<\/div>\n\n\n\n<p>Notre \u00e9cole est l\u2019un des piliers du quartier des Marolles depuis plus de 150 ans. Son entr\u00e9e relativement sobre cache un vaste espace lumineux qui abrite une section maternelle ainsi qu&rsquo;une section primaire.<\/p>\n\n\n\n<p>Nous vous invitons \u00e0 venir d\u00e9couvrir les activit\u00e9s et projets qui animent le quotidien de nos \u00e9l\u00e8ves. N\u2019h\u00e9sitez pas \u00e0 pousser la porte, nous serons ravis de vous rencontrer !<\/p>\n<\/div><\/div>\n\n\n\n<h2 class=\"wp-block-heading\">D&rsquo;ici l\u00e0, poussez les portes virtuelles&#8230;<\/h2>\n\n\n\n<p><strong>L&rsquo;\u00e9quipe, les classes, le b\u00e2timent, &#8230;<\/strong><br>A travers ce site, vous pourrez effectuer une premi\u00e8re visite en quelques clics.<br><strong>Activit\u00e9s sportives, partenaires culturels, projets citoyens, classes de d\u00e9paysement, &#8230;<\/strong><br>Autant de particularit\u00e9s de notre \u00e9cole que vous retrouverez illustr\u00e9es dans les pages suivantes, sous la rubrique \u00ab\u00a0activit\u00e9s\u00a0\u00bb. Venez voir!<\/p>\n\n\n\n<p><\/p>\n","protected":false},"excerpt":{"rendered":"<p>Bienvenue \u00e0 l\u2019\u00e9cole fondamentale Baron Steens ! Notre \u00e9cole est l\u2019un des piliers du quartier des Marolles depuis plus de 150 ans. Son entr\u00e9e relativement sobre cache un vaste espace lumineux qui abrite une section maternelle ainsi qu&rsquo;une section primaire. Nous vous invitons \u00e0 venir d\u00e9couvrir les activit\u00e9s et projets qui animent le quotidien de&hellip;<\/p>\n","protected":false},"author":1,"featured_media":0,"parent":0,"menu_order":0,"comment_status":"closed","ping_status":"closed","template":"tw-no-title.php","meta":{"footnotes":""},"_links":{"self":[{"href":"https:\/\/ipoweb.bruxelles.be\/baronsteens\/wp-json\/wp\/v2\/pages\/36"}],"collection":[{"href":"https:\/\/ipoweb.bruxelles.be\/baronsteens\/wp-json\/wp\/v2\/pages"}],"about":[{"href":"https:\/\/ipoweb.bruxelles.be\/baronsteens\/wp-json\/wp\/v2\/types\/page"}],"author":[{"embeddable":true,"href":"https:\/\/ipoweb.bruxelles.be\/baronsteens\/wp-json\/wp\/v2\/users\/1"}],"replies":[{"embeddable":true,"href":"https:\/\/ipoweb.bruxelles.be\/baronsteens\/wp-json\/wp\/v2\/comments?post=36"}],"version-history":[{"count":13,"href":"https:\/\/ipoweb.bruxelles.be\/baronsteens\/wp-json\/wp\/v2\/pages\/36\/revisions"}],"predecessor-version":[{"id":526,"href":"https:\/\/ipoweb.bruxelles.be\/baronsteens\/wp-json\/wp\/v2\/pages\/36\/revisions\/526"}],"wp:attachment":[{"href":"https:\/\/ipoweb.bruxelles.be\/baronsteens\/wp-json\/wp\/v2\/media?parent=36"}],"curies":[{"name":"wp","href":"https:\/\/api.w.org\/{rel}","templated":true}]}}