{"id":38,"date":"2020-12-30T17:17:05","date_gmt":"2020-12-30T16:17:05","guid":{"rendered":"http:\/\/ipoweb.bruxelles.be\/baronsteens\/?page_id=38"},"modified":"2024-09-19T21:15:41","modified_gmt":"2024-09-19T19:15:41","slug":"parascolaire","status":"publish","type":"page","link":"https:\/\/ipoweb.bruxelles.be\/baronsteens\/parascolaire\/","title":{"rendered":"Parascolaire"},"content":{"rendered":"\n<div class=\"wp-block-cover alignfull is-light\" style=\"min-height:70vh\"><span aria-hidden=\"true\" class=\"wp-block-cover__background has-accent-background-color has-background-dim\"><\/span><img decoding=\"async\" loading=\"lazy\" width=\"1024\" height=\"768\" class=\"wp-block-cover__image-background wp-image-167\" alt=\"\" src=\"http:\/\/ipoweb.bruxelles.be\/baronsteens\/wp-content\/uploads\/2021\/01\/etude-3.jpg\" data-object-fit=\"cover\" srcset=\"https:\/\/ipoweb.bruxelles.be\/baronsteens\/wp-content\/uploads\/2021\/01\/etude-3.jpg 1024w, https:\/\/ipoweb.bruxelles.be\/baronsteens\/wp-content\/uploads\/2021\/01\/etude-3-300x225.jpg 300w, https:\/\/ipoweb.bruxelles.be\/baronsteens\/wp-content\/uploads\/2021\/01\/etude-3-768x576.jpg 768w\" sizes=\"(max-width: 1024px) 100vw, 1024px\" \/><div class=\"wp-block-cover__inner-container is-layout-flow wp-block-cover-is-layout-flow\">\n<h1 class=\"wp-block-heading alignwide has-text-align-center\">\u00c9tude<\/h1>\n\n\n\n<p class=\"has-text-align-center has-large-font-size\">Un espace pour travailler.<\/p>\n<\/div><\/div>\n\n\n\n<p><strong>Attention !!! l&rsquo;\u00e9tude commencera le lundi 30 septembre.<\/strong><\/p>\n\n\n\n<p>Les enfants inscrits \u00e0 la garderie b\u00e9n\u00e9ficient d\u2019une heure d\u2019\u00e9tude. Ils sont encadr\u00e9s par un enseignant de 15h30 \u00e0 16h30 les lundis, mardis et jeudis<\/p>\n\n\n\n<figure class=\"wp-block-gallery has-nested-images columns-default is-cropped wp-block-gallery-2 is-layout-flex wp-block-gallery-is-layout-flex\">\n<figure class=\"wp-block-image size-large\"><img decoding=\"async\" loading=\"lazy\" width=\"810\" height=\"607\" data-id=\"169\" src=\"https:\/\/ipoweb.bruxelles.be\/baronsteens\/wp-content\/uploads\/2021\/01\/etude-5.jpg\" alt=\"\" class=\"wp-image-169\" srcset=\"https:\/\/ipoweb.bruxelles.be\/baronsteens\/wp-content\/uploads\/2021\/01\/etude-5.jpg 810w, https:\/\/ipoweb.bruxelles.be\/baronsteens\/wp-content\/uploads\/2021\/01\/etude-5-300x225.jpg 300w, https:\/\/ipoweb.bruxelles.be\/baronsteens\/wp-content\/uploads\/2021\/01\/etude-5-768x576.jpg 768w\" sizes=\"(max-width: 810px) 100vw, 810px\" \/><\/figure>\n\n\n\n<figure class=\"wp-block-image size-large\"><img decoding=\"async\" loading=\"lazy\" width=\"1024\" height=\"768\" data-id=\"167\" src=\"https:\/\/ipoweb.bruxelles.be\/baronsteens\/wp-content\/uploads\/2021\/01\/etude-3.jpg\" alt=\"\" class=\"wp-image-167\" srcset=\"https:\/\/ipoweb.bruxelles.be\/baronsteens\/wp-content\/uploads\/2021\/01\/etude-3.jpg 1024w, https:\/\/ipoweb.bruxelles.be\/baronsteens\/wp-content\/uploads\/2021\/01\/etude-3-300x225.jpg 300w, https:\/\/ipoweb.bruxelles.be\/baronsteens\/wp-content\/uploads\/2021\/01\/etude-3-768x576.jpg 768w\" sizes=\"(max-width: 1024px) 100vw, 1024px\" \/><\/figure>\n\n\n\n<figure class=\"wp-block-image size-large\"><img decoding=\"async\" loading=\"lazy\" width=\"509\" height=\"381\" data-id=\"168\" src=\"https:\/\/ipoweb.bruxelles.be\/baronsteens\/wp-content\/uploads\/2021\/01\/etude-4-1.jpg\" alt=\"\" class=\"wp-image-168\" srcset=\"https:\/\/ipoweb.bruxelles.be\/baronsteens\/wp-content\/uploads\/2021\/01\/etude-4-1.jpg 509w, https:\/\/ipoweb.bruxelles.be\/baronsteens\/wp-content\/uploads\/2021\/01\/etude-4-1-300x225.jpg 300w\" sizes=\"(max-width: 509px) 100vw, 509px\" \/><\/figure>\n\n\n\n<figure class=\"wp-block-image size-large\"><img decoding=\"async\" loading=\"lazy\" width=\"768\" height=\"1024\" data-id=\"166\" src=\"https:\/\/ipoweb.bruxelles.be\/baronsteens\/wp-content\/uploads\/2021\/01\/etude-2.jpg\" alt=\"\" class=\"wp-image-166\" srcset=\"https:\/\/ipoweb.bruxelles.be\/baronsteens\/wp-content\/uploads\/2021\/01\/etude-2.jpg 768w, https:\/\/ipoweb.bruxelles.be\/baronsteens\/wp-content\/uploads\/2021\/01\/etude-2-225x300.jpg 225w\" sizes=\"(max-width: 768px) 100vw, 768px\" \/><\/figure>\n\n\n\n<figure class=\"wp-block-image size-large\"><img decoding=\"async\" loading=\"lazy\" width=\"1024\" height=\"768\" data-id=\"165\" src=\"https:\/\/ipoweb.bruxelles.be\/baronsteens\/wp-content\/uploads\/2021\/01\/etude-1-1.jpg\" alt=\"\" class=\"wp-image-165\" srcset=\"https:\/\/ipoweb.bruxelles.be\/baronsteens\/wp-content\/uploads\/2021\/01\/etude-1-1.jpg 1024w, https:\/\/ipoweb.bruxelles.be\/baronsteens\/wp-content\/uploads\/2021\/01\/etude-1-1-300x225.jpg 300w, https:\/\/ipoweb.bruxelles.be\/baronsteens\/wp-content\/uploads\/2021\/01\/etude-1-1-768x576.jpg 768w\" sizes=\"(max-width: 1024px) 100vw, 1024px\" \/><\/figure>\n<\/figure>\n\n\n\n<div class=\"wp-block-cover alignfull is-light\" style=\"min-height:70vh\"><span aria-hidden=\"true\" class=\"wp-block-cover__background has-accent-background-color has-background-dim\"><\/span><img decoding=\"async\" loading=\"lazy\" width=\"960\" height=\"1280\" class=\"wp-block-cover__image-background wp-image-175\" alt=\"\" src=\"http:\/\/ipoweb.bruxelles.be\/baronsteens\/wp-content\/uploads\/2021\/01\/jeu2.jpg\" data-object-fit=\"cover\" srcset=\"https:\/\/ipoweb.bruxelles.be\/baronsteens\/wp-content\/uploads\/2021\/01\/jeu2.jpg 960w, https:\/\/ipoweb.bruxelles.be\/baronsteens\/wp-content\/uploads\/2021\/01\/jeu2-225x300.jpg 225w, https:\/\/ipoweb.bruxelles.be\/baronsteens\/wp-content\/uploads\/2021\/01\/jeu2-768x1024.jpg 768w\" sizes=\"(max-width: 960px) 100vw, 960px\" \/><div class=\"wp-block-cover__inner-container is-layout-flow wp-block-cover-is-layout-flow\">\n<h1 class=\"wp-block-heading alignwide has-text-align-center\">Ateliers parascolaires<\/h1>\n\n\n\n<p class=\"has-text-align-center has-large-font-size\">Apr\u00e8s l&rsquo;\u00e9cole, les d\u00e9couvertes continuent.<\/p>\n<\/div><\/div>\n\n\n\n<p>L\u2019\u00e9cole propose gratuitement diff\u00e9rents ateliers apr\u00e8s les heures de cours,&nbsp;en groupe d\u2019une douzaine d\u2019enfants,&nbsp;encadr\u00e9s par un enseignant.&nbsp;<\/p>\n\n\n\n<p>Voici les ateliers de cette ann\u00e9e 2022\/2023 :&nbsp;<\/p>\n\n\n\n<p>M= maternel        P= primaire<\/p>\n\n\n\n<ul>\n<li><strong>Jeux de langage<\/strong>&nbsp;avec Madame Andr\u00e9e&nbsp;Boutemy&nbsp;<\/li>\n<\/ul>\n\n\n\n<p>le&nbsp;lundi de 15h30 \u00e0 16h30 pour les&nbsp;\u00e9l\u00e8ves de M3\/P1&nbsp;<\/p>\n\n\n\n<p>le&nbsp;mardi de 15h30 \u00e0 16h30 pour les \u00e9l\u00e8ves de&nbsp;M1\/M2<\/p>\n\n\n\n<ul>\n<li><strong>Ateliers cr\u00e9atifs<\/strong>\u00a0avec Madame Cindy\u00a0Knops et Madame Sandrine Grosjean<\/li>\n<\/ul>\n\n\n\n<p>le\u00a0vendredi de 15h30 \u00e0 16h30 pour les \u00e9l\u00e8ves de P3\/P4\/P5 et P6 <\/p>\n\n\n\n<p>le mardi de 15h30 \u00e0 16h30 pour les M3\/P1 et P2<\/p>\n\n\n\n<ul>\n<li><strong>Multisports <\/strong>avec Madame Amellal Maryam<\/li>\n<\/ul>\n\n\n\n<p>le mercredi de 12h30 \u00e0 13h30 pour les P5 et P6<\/p>\n\n\n\n<figure class=\"wp-block-gallery has-nested-images columns-default is-cropped wp-block-gallery-5 is-layout-flex wp-block-gallery-is-layout-flex\">\n<figure class=\"wp-block-image size-large\"><img decoding=\"async\" loading=\"lazy\" width=\"1024\" height=\"461\" data-id=\"1781\" src=\"https:\/\/ipoweb.bruxelles.be\/baronsteens\/wp-content\/uploads\/2024\/04\/WhatsApp-Image-2024-04-01-at-12.18.18-1024x461.jpeg\" alt=\"\" class=\"wp-image-1781\" srcset=\"https:\/\/ipoweb.bruxelles.be\/baronsteens\/wp-content\/uploads\/2024\/04\/WhatsApp-Image-2024-04-01-at-12.18.18-1024x461.jpeg 1024w, https:\/\/ipoweb.bruxelles.be\/baronsteens\/wp-content\/uploads\/2024\/04\/WhatsApp-Image-2024-04-01-at-12.18.18-300x135.jpeg 300w, https:\/\/ipoweb.bruxelles.be\/baronsteens\/wp-content\/uploads\/2024\/04\/WhatsApp-Image-2024-04-01-at-12.18.18-768x346.jpeg 768w, https:\/\/ipoweb.bruxelles.be\/baronsteens\/wp-content\/uploads\/2024\/04\/WhatsApp-Image-2024-04-01-at-12.18.18-1536x691.jpeg 1536w, https:\/\/ipoweb.bruxelles.be\/baronsteens\/wp-content\/uploads\/2024\/04\/WhatsApp-Image-2024-04-01-at-12.18.18-1200x540.jpeg 1200w, https:\/\/ipoweb.bruxelles.be\/baronsteens\/wp-content\/uploads\/2024\/04\/WhatsApp-Image-2024-04-01-at-12.18.18-1980x891.jpeg 1980w, https:\/\/ipoweb.bruxelles.be\/baronsteens\/wp-content\/uploads\/2024\/04\/WhatsApp-Image-2024-04-01-at-12.18.18.jpeg 2040w\" sizes=\"(max-width: 1024px) 100vw, 1024px\" \/><\/figure>\n\n\n\n<figure class=\"wp-block-image size-large\"><img decoding=\"async\" loading=\"lazy\" width=\"1024\" height=\"461\" data-id=\"1782\" src=\"https:\/\/ipoweb.bruxelles.be\/baronsteens\/wp-content\/uploads\/2024\/04\/WhatsApp-Image-2024-04-01-at-12.21.01-1024x461.jpeg\" alt=\"\" class=\"wp-image-1782\" srcset=\"https:\/\/ipoweb.bruxelles.be\/baronsteens\/wp-content\/uploads\/2024\/04\/WhatsApp-Image-2024-04-01-at-12.21.01-1024x461.jpeg 1024w, https:\/\/ipoweb.bruxelles.be\/baronsteens\/wp-content\/uploads\/2024\/04\/WhatsApp-Image-2024-04-01-at-12.21.01-300x135.jpeg 300w, https:\/\/ipoweb.bruxelles.be\/baronsteens\/wp-content\/uploads\/2024\/04\/WhatsApp-Image-2024-04-01-at-12.21.01-768x346.jpeg 768w, https:\/\/ipoweb.bruxelles.be\/baronsteens\/wp-content\/uploads\/2024\/04\/WhatsApp-Image-2024-04-01-at-12.21.01-1536x691.jpeg 1536w, https:\/\/ipoweb.bruxelles.be\/baronsteens\/wp-content\/uploads\/2024\/04\/WhatsApp-Image-2024-04-01-at-12.21.01-1200x540.jpeg 1200w, https:\/\/ipoweb.bruxelles.be\/baronsteens\/wp-content\/uploads\/2024\/04\/WhatsApp-Image-2024-04-01-at-12.21.01-1980x891.jpeg 1980w, https:\/\/ipoweb.bruxelles.be\/baronsteens\/wp-content\/uploads\/2024\/04\/WhatsApp-Image-2024-04-01-at-12.21.01.jpeg 2040w\" sizes=\"(max-width: 1024px) 100vw, 1024px\" \/><\/figure>\n<\/figure>\n\n\n\n<figure class=\"wp-block-image size-large\"><img decoding=\"async\" loading=\"lazy\" width=\"1024\" height=\"461\" src=\"https:\/\/ipoweb.bruxelles.be\/baronsteens\/wp-content\/uploads\/2024\/04\/WhatsApp-Image-2024-04-01-at-12.21.20-1024x461.jpeg\" alt=\"\" class=\"wp-image-1780\" srcset=\"https:\/\/ipoweb.bruxelles.be\/baronsteens\/wp-content\/uploads\/2024\/04\/WhatsApp-Image-2024-04-01-at-12.21.20-1024x461.jpeg 1024w, https:\/\/ipoweb.bruxelles.be\/baronsteens\/wp-content\/uploads\/2024\/04\/WhatsApp-Image-2024-04-01-at-12.21.20-300x135.jpeg 300w, https:\/\/ipoweb.bruxelles.be\/baronsteens\/wp-content\/uploads\/2024\/04\/WhatsApp-Image-2024-04-01-at-12.21.20-768x346.jpeg 768w, https:\/\/ipoweb.bruxelles.be\/baronsteens\/wp-content\/uploads\/2024\/04\/WhatsApp-Image-2024-04-01-at-12.21.20-1536x691.jpeg 1536w, https:\/\/ipoweb.bruxelles.be\/baronsteens\/wp-content\/uploads\/2024\/04\/WhatsApp-Image-2024-04-01-at-12.21.20-1200x540.jpeg 1200w, https:\/\/ipoweb.bruxelles.be\/baronsteens\/wp-content\/uploads\/2024\/04\/WhatsApp-Image-2024-04-01-at-12.21.20-1980x891.jpeg 1980w, https:\/\/ipoweb.bruxelles.be\/baronsteens\/wp-content\/uploads\/2024\/04\/WhatsApp-Image-2024-04-01-at-12.21.20.jpeg 2040w\" sizes=\"(max-width: 1024px) 100vw, 1024px\" \/><\/figure>\n\n\n\n<h2 class=\"wp-block-heading has-text-align-right\">Jeux de langage<\/h2>\n\n\n\n<p>Lors de ces ateliers, on aborde&nbsp;diff\u00e9rents aspects&nbsp;du langage\u2026 G\u00e9n\u00e9ralement la s\u00e9ance commence par une lecture d&rsquo;album jeunesse ou un jeu d&rsquo;\u00e9coute. Ensuite nous travaillons l&rsquo;articulation en effectuant des grimaces, des vocalises o\u00f9 l&rsquo;on accentuera autant que possible l&rsquo;articulation. On continue avec des virelangues, le jeu du t\u00e9l\u00e9phone, des comptines, \u2026 Avec les plus jeunes on orientera le reste de la s\u00e9ance vers l&rsquo;enrichissement du vocabulaire \u00e0 travers diff\u00e9rents jeux. Avec les plus grands, le vocabulaire sera toujours \u00e0 l&rsquo;honneur, mais on abordera \u00e9galement des petits jeux de conscience phonologique indispensables pour faciliter l&rsquo;entr\u00e9e dans l&rsquo;\u00e9crit.&nbsp;<\/p>\n\n\n\n<p>En fonction du niveau de chaque groupe, les jeux et les activit\u00e9s propos\u00e9s sont adapt\u00e9s afin que ces ateliers restent un moment de plaisir\u2026\u00a0<\/p>\n\n\n\n<h2 class=\"wp-block-heading has-text-align-right\">Ateliers cr\u00e9atifs<\/h2>\n\n\n\n<div class=\"wp-block-media-text alignwide is-stacked-on-mobile\" style=\"grid-template-columns:25% auto\"><figure class=\"wp-block-media-text__media\"><img decoding=\"async\" loading=\"lazy\" width=\"1024\" height=\"1024\" src=\"http:\/\/ipoweb.bruxelles.be\/baronsteens\/wp-content\/uploads\/2021\/01\/atelier-artistique-2-1024x1024.jpg\" alt=\"\" class=\"wp-image-177 size-full\" srcset=\"https:\/\/ipoweb.bruxelles.be\/baronsteens\/wp-content\/uploads\/2021\/01\/atelier-artistique-2-1024x1024.jpg 1024w, https:\/\/ipoweb.bruxelles.be\/baronsteens\/wp-content\/uploads\/2021\/01\/atelier-artistique-2-300x300.jpg 300w, https:\/\/ipoweb.bruxelles.be\/baronsteens\/wp-content\/uploads\/2021\/01\/atelier-artistique-2-150x150.jpg 150w, https:\/\/ipoweb.bruxelles.be\/baronsteens\/wp-content\/uploads\/2021\/01\/atelier-artistique-2-768x768.jpg 768w, https:\/\/ipoweb.bruxelles.be\/baronsteens\/wp-content\/uploads\/2021\/01\/atelier-artistique-2-1200x1200.jpg 1200w, https:\/\/ipoweb.bruxelles.be\/baronsteens\/wp-content\/uploads\/2021\/01\/atelier-artistique-2.jpg 1280w\" sizes=\"(max-width: 1024px) 100vw, 1024px\" \/><\/figure><div class=\"wp-block-media-text__content\">\n<p>Nous laissons notre imagination s\u2019exprimer \u00e0 travers des activit\u00e9s aussi vari\u00e9es que le dessin, la peinture, le graphisme, etc&#8230;&nbsp;<\/p>\n\n\n\n<p>Cet atelier met en avant l\u2019importance de la cr\u00e9ativit\u00e9 au service des apprentissages en \u00e9veil, math\u00e9matique, fran\u00e7ais&#8230;&nbsp;<\/p>\n<\/div><\/div>\n\n\n\n<figure class=\"wp-block-gallery has-nested-images columns-default is-cropped wp-block-gallery-7 is-layout-flex wp-block-gallery-is-layout-flex\">\n<figure class=\"wp-block-image size-large\"><img decoding=\"async\" loading=\"lazy\" width=\"1024\" height=\"1024\" data-id=\"178\" src=\"https:\/\/ipoweb.bruxelles.be\/baronsteens\/wp-content\/uploads\/2021\/01\/atelier-artistique-3-1024x1024.jpg\" alt=\"\" class=\"wp-image-178\" srcset=\"https:\/\/ipoweb.bruxelles.be\/baronsteens\/wp-content\/uploads\/2021\/01\/atelier-artistique-3-1024x1024.jpg 1024w, https:\/\/ipoweb.bruxelles.be\/baronsteens\/wp-content\/uploads\/2021\/01\/atelier-artistique-3-300x300.jpg 300w, https:\/\/ipoweb.bruxelles.be\/baronsteens\/wp-content\/uploads\/2021\/01\/atelier-artistique-3-150x150.jpg 150w, https:\/\/ipoweb.bruxelles.be\/baronsteens\/wp-content\/uploads\/2021\/01\/atelier-artistique-3-768x768.jpg 768w, https:\/\/ipoweb.bruxelles.be\/baronsteens\/wp-content\/uploads\/2021\/01\/atelier-artistique-3-1200x1200.jpg 1200w, https:\/\/ipoweb.bruxelles.be\/baronsteens\/wp-content\/uploads\/2021\/01\/atelier-artistique-3.jpg 1280w\" sizes=\"(max-width: 1024px) 100vw, 1024px\" \/><\/figure>\n\n\n\n<figure class=\"wp-block-image size-large\"><img decoding=\"async\" loading=\"lazy\" width=\"1024\" height=\"1024\" data-id=\"179\" src=\"https:\/\/ipoweb.bruxelles.be\/baronsteens\/wp-content\/uploads\/2021\/01\/atelier-artistique-1024x1024.jpg\" alt=\"\" class=\"wp-image-179\" srcset=\"https:\/\/ipoweb.bruxelles.be\/baronsteens\/wp-content\/uploads\/2021\/01\/atelier-artistique-1024x1024.jpg 1024w, https:\/\/ipoweb.bruxelles.be\/baronsteens\/wp-content\/uploads\/2021\/01\/atelier-artistique-300x300.jpg 300w, https:\/\/ipoweb.bruxelles.be\/baronsteens\/wp-content\/uploads\/2021\/01\/atelier-artistique-150x150.jpg 150w, https:\/\/ipoweb.bruxelles.be\/baronsteens\/wp-content\/uploads\/2021\/01\/atelier-artistique-768x768.jpg 768w, https:\/\/ipoweb.bruxelles.be\/baronsteens\/wp-content\/uploads\/2021\/01\/atelier-artistique-1200x1200.jpg 1200w, https:\/\/ipoweb.bruxelles.be\/baronsteens\/wp-content\/uploads\/2021\/01\/atelier-artistique.jpg 1280w\" sizes=\"(max-width: 1024px) 100vw, 1024px\" \/><\/figure>\n<\/figure>\n\n\n\n<div class=\"wp-block-cover alignfull is-repeated\"><span aria-hidden=\"true\" class=\"wp-block-cover__background has-accent-background-color has-background-dim\"><\/span><div role=\"img\" class=\"wp-block-cover__image-background wp-image-1200 is-repeated\" style=\"background-position:50% 50%;background-image:url(http:\/\/ipoweb.bruxelles.be\/baronsteens\/wp-content\/uploads\/2022\/12\/remua-2.jpg)\"><\/div><div class=\"wp-block-cover__inner-container is-layout-flow wp-block-cover-is-layout-flow\">\n<h1 class=\"wp-block-heading alignwide has-text-align-center\">Instruments de musique<\/h1>\n\n\n\n<p class=\"has-text-align-center has-large-font-size\">L\u00e0 o\u00f9 \u00e7a sonne!<\/p>\n<\/div><\/div>\n\n\n\n<p>L\u2019ASBL&nbsp;Remua* propose gratuitement des cours d\u2019instruments apr\u00e8s les cours.<\/p>\n\n\n\n<p>Fl\u00fbte traversi\u00e8re, violon, violoncelle, saxophone,&#8230;&nbsp;<\/p>\n\n\n\n<p>Les ateliers sont organis\u00e9s le lundi de 15h30 \u00e0 17h et le mercredi de 13h \u00e0 15h30.<\/p>\n","protected":false},"excerpt":{"rendered":"<p>Attention !!! l&rsquo;\u00e9tude commencera le lundi 30 septembre. Les enfants inscrits \u00e0 la garderie b\u00e9n\u00e9ficient d\u2019une heure d\u2019\u00e9tude. Ils sont encadr\u00e9s par un enseignant de 15h30 \u00e0 16h30 les lundis, mardis et jeudis L\u2019\u00e9cole propose gratuitement diff\u00e9rents ateliers apr\u00e8s les heures de cours,&nbsp;en groupe d\u2019une douzaine d\u2019enfants,&nbsp;encadr\u00e9s par un enseignant.&nbsp; Voici les ateliers de cette&hellip;<\/p>\n","protected":false},"author":1,"featured_media":0,"parent":0,"menu_order":0,"comment_status":"closed","ping_status":"closed","template":"","meta":{"footnotes":""},"_links":{"self":[{"href":"https:\/\/ipoweb.bruxelles.be\/baronsteens\/wp-json\/wp\/v2\/pages\/38"}],"collection":[{"href":"https:\/\/ipoweb.bruxelles.be\/baronsteens\/wp-json\/wp\/v2\/pages"}],"about":[{"href":"https:\/\/ipoweb.bruxelles.be\/baronsteens\/wp-json\/wp\/v2\/types\/page"}],"author":[{"embeddable":true,"href":"https:\/\/ipoweb.bruxelles.be\/baronsteens\/wp-json\/wp\/v2\/users\/1"}],"replies":[{"embeddable":true,"href":"https:\/\/ipoweb.bruxelles.be\/baronsteens\/wp-json\/wp\/v2\/comments?post=38"}],"version-history":[{"count":23,"href":"https:\/\/ipoweb.bruxelles.be\/baronsteens\/wp-json\/wp\/v2\/pages\/38\/revisions"}],"predecessor-version":[{"id":2008,"href":"https:\/\/ipoweb.bruxelles.be\/baronsteens\/wp-json\/wp\/v2\/pages\/38\/revisions\/2008"}],"wp:attachment":[{"href":"https:\/\/ipoweb.bruxelles.be\/baronsteens\/wp-json\/wp\/v2\/media?parent=38"}],"curies":[{"name":"wp","href":"https:\/\/api.w.org\/{rel}","templated":true}]}}