{"id":42,"date":"2020-12-30T17:18:12","date_gmt":"2020-12-30T16:18:12","guid":{"rendered":"http:\/\/ipoweb.bruxelles.be\/baronsteens\/?page_id=42"},"modified":"2026-03-15T10:32:42","modified_gmt":"2026-03-15T09:32:42","slug":"avis","status":"publish","type":"page","link":"https:\/\/ipoweb.bruxelles.be\/baronsteens\/avis\/","title":{"rendered":"Informations utiles"},"content":{"rendered":"\n<div class=\"wp-block-media-text alignwide is-stacked-on-mobile\" style=\"grid-template-columns:28% auto\"><figure class=\"wp-block-media-text__media\"><img decoding=\"async\" loading=\"lazy\" width=\"500\" height=\"375\" src=\"http:\/\/ipoweb.bruxelles.be\/baronsteens\/wp-content\/uploads\/2021\/01\/porte-manteau.jpg\" alt=\"\" class=\"wp-image-372 size-full\" srcset=\"https:\/\/ipoweb.bruxelles.be\/baronsteens\/wp-content\/uploads\/2021\/01\/porte-manteau.jpg 500w, https:\/\/ipoweb.bruxelles.be\/baronsteens\/wp-content\/uploads\/2021\/01\/porte-manteau-300x225.jpg 300w\" sizes=\"(max-width: 500px) 100vw, 500px\" \/><\/figure><div class=\"wp-block-media-text__content\">\n<h2 class=\"wp-block-heading\"><strong>Horaire scolaire&nbsp;<\/strong><\/h2>\n\n\n\n<p>En maternelle:<\/p>\n\n\n\n<ul>\n<li>Le matin de 08h30&nbsp;\u00e0 12h00 du lundi au vendredi.<\/li>\n\n\n\n<li>L&rsquo;apr\u00e8s-midi de <strong>13h30<\/strong> \u00e0 15h20 le lundi, mardi, jeudi et vendredi.<\/li>\n<\/ul>\n\n\n\n<p>En primaire :<\/p>\n\n\n\n<ul>\n<li>Le matin de 08h30&nbsp;\u00e0 12h05 du lundi au vendredi.<\/li>\n\n\n\n<li>L&rsquo;apr\u00e8s-midi de <strong>13h15 <\/strong>\u00e0 15h20 le lundi, mardi, jeudi et vendredi.<\/li>\n<\/ul>\n\n\n\n<p><strong>Les \u00e9l\u00e8ves de primaire doivent \u00eatre pr\u00e9sents d\u00e8s 8h20.<\/strong>&nbsp;La porte d&rsquo;entr\u00e9e est ferm\u00e9e \u00e0 8h35.<\/p>\n<\/div><\/div>\n\n\n\n<div class=\"wp-block-media-text alignwide has-media-on-the-right is-stacked-on-mobile\"><div class=\"wp-block-media-text__content\">\n<h2 class=\"wp-block-heading\">Horaire garderie&nbsp;<\/h2>\n\n\n\n<p>L\u2019\u00e9cole est ouverte de 7h \u00e0 18h.&nbsp;<\/p>\n\n\n\n<p>La garderie est payante :<\/p>\n\n\n\n<ul>\n<li>de 7h \u00e0 8h20.<\/li>\n\n\n\n<li>de 12h05 \u00e0 13h15.&nbsp;&nbsp;&nbsp;<\/li>\n<\/ul>\n<\/div><figure class=\"wp-block-media-text__media\"><img decoding=\"async\" loading=\"lazy\" width=\"500\" height=\"375\" src=\"http:\/\/ipoweb.bruxelles.be\/baronsteens\/wp-content\/uploads\/2021\/01\/es-preau-assis.jpg\" alt=\"\" class=\"wp-image-360 size-full\" srcset=\"https:\/\/ipoweb.bruxelles.be\/baronsteens\/wp-content\/uploads\/2021\/01\/es-preau-assis.jpg 500w, https:\/\/ipoweb.bruxelles.be\/baronsteens\/wp-content\/uploads\/2021\/01\/es-preau-assis-300x225.jpg 300w\" sizes=\"(max-width: 500px) 100vw, 500px\" \/><\/figure><\/div>\n\n\n\n<div class=\"wp-block-media-text alignwide is-stacked-on-mobile\" style=\"grid-template-columns:35% auto\"><figure class=\"wp-block-media-text__media\"><img decoding=\"async\" loading=\"lazy\" width=\"1024\" height=\"768\" src=\"http:\/\/ipoweb.bruxelles.be\/baronsteens\/wp-content\/uploads\/2022\/01\/WhatsApp-Image-2022-01-21-at-11.35.20-1024x768.jpeg\" alt=\"\" class=\"wp-image-584 size-full\" srcset=\"https:\/\/ipoweb.bruxelles.be\/baronsteens\/wp-content\/uploads\/2022\/01\/WhatsApp-Image-2022-01-21-at-11.35.20-1024x768.jpeg 1024w, https:\/\/ipoweb.bruxelles.be\/baronsteens\/wp-content\/uploads\/2022\/01\/WhatsApp-Image-2022-01-21-at-11.35.20-300x225.jpeg 300w, https:\/\/ipoweb.bruxelles.be\/baronsteens\/wp-content\/uploads\/2022\/01\/WhatsApp-Image-2022-01-21-at-11.35.20-768x576.jpeg 768w, https:\/\/ipoweb.bruxelles.be\/baronsteens\/wp-content\/uploads\/2022\/01\/WhatsApp-Image-2022-01-21-at-11.35.20-1536x1152.jpeg 1536w, https:\/\/ipoweb.bruxelles.be\/baronsteens\/wp-content\/uploads\/2022\/01\/WhatsApp-Image-2022-01-21-at-11.35.20-1200x900.jpeg 1200w, https:\/\/ipoweb.bruxelles.be\/baronsteens\/wp-content\/uploads\/2022\/01\/WhatsApp-Image-2022-01-21-at-11.35.20-1980x1485.jpeg 1980w, https:\/\/ipoweb.bruxelles.be\/baronsteens\/wp-content\/uploads\/2022\/01\/WhatsApp-Image-2022-01-21-at-11.35.20.jpeg 2048w\" sizes=\"(max-width: 1024px) 100vw, 1024px\" \/><\/figure><div class=\"wp-block-media-text__content\">\n<h2 class=\"wp-block-heading\">En cas d\u2019absence&nbsp;<\/h2>\n\n\n\n<p>L\u2019\u00e9cole est obligatoire<strong> d\u00e8s la troisi\u00e8me maternelle.&nbsp;<\/strong><\/p>\n\n\n\n<p>Si votre enfant est&nbsp;absent,&nbsp;vous devez&nbsp;remettre au professeur un motif \u00e9crit d\u00e8s son retour \u00e0 l\u2019\u00e9cole.&nbsp;<\/p>\n\n\n\n<p>S\u2019il a \u00e9t\u00e9 absent&nbsp;un demi-jour ou un jour, le motif peut \u00eatre\u202f:&nbsp;<\/p>\n\n\n\n<ul>\n<li>un certificat m\u00e9dical ou une attestation d\u2019un centre hospitalier<\/li>\n\n\n\n<li>une attestation d\u2019une autorit\u00e9 publique qui a convoqu\u00e9 votre enfant<\/li>\n\n\n\n<li>un motif \u00e9crit par un parent, sur papier libre (pas dans le journal de classe). <strong>Le motif doit contenir le nom, le pr\u00e9nom, la classe de l\u2019\u00e9l\u00e8ve, ainsi que la\/les date(s) de son absence et le motif.<\/strong><\/li>\n<\/ul>\n\n\n\n<p>Si votre enfant est absent pour&nbsp;plus d\u2019un jour, le motif doit \u00eatre un certificat m\u00e9dical.&nbsp;&nbsp;<\/p>\n<\/div><\/div>\n\n\n\n<div class=\"wp-block-media-text alignwide has-media-on-the-right is-stacked-on-mobile\" style=\"grid-template-columns:auto 55%\"><div class=\"wp-block-media-text__content\">\n<h2 class=\"wp-block-heading\">La sortie des \u00e9l\u00e8ves&nbsp;&nbsp;<\/h2>\n\n\n\n<p>La sortie se fait de 15h20 \u00e0 15h30 les lundis, mardis, jeudis, vendredis et de 12h05&nbsp;\u00e0 12h15 le mercredi.<\/p>\n\n\n\n<ul>\n<li>Il faut descendre le plan inclin\u00e9 et prendre son enfant devant son rang.<\/li>\n<\/ul>\n\n\n\n<p>Afin de laisser un passage sur le trottoir,&nbsp;<strong>merci de faire la file le long des maisons de part et d&rsquo;autre de l&rsquo;\u00e9cole<\/strong>.<\/p>\n<\/div><figure class=\"wp-block-media-text__media\"><img decoding=\"async\" loading=\"lazy\" width=\"1024\" height=\"768\" src=\"http:\/\/ipoweb.bruxelles.be\/baronsteens\/wp-content\/uploads\/2022\/01\/WhatsApp-Image-2022-01-28-at-13.57.11-2-1024x768.jpeg\" alt=\"\" class=\"wp-image-659 size-full\" srcset=\"https:\/\/ipoweb.bruxelles.be\/baronsteens\/wp-content\/uploads\/2022\/01\/WhatsApp-Image-2022-01-28-at-13.57.11-2-1024x768.jpeg 1024w, https:\/\/ipoweb.bruxelles.be\/baronsteens\/wp-content\/uploads\/2022\/01\/WhatsApp-Image-2022-01-28-at-13.57.11-2-300x225.jpeg 300w, https:\/\/ipoweb.bruxelles.be\/baronsteens\/wp-content\/uploads\/2022\/01\/WhatsApp-Image-2022-01-28-at-13.57.11-2-768x576.jpeg 768w, https:\/\/ipoweb.bruxelles.be\/baronsteens\/wp-content\/uploads\/2022\/01\/WhatsApp-Image-2022-01-28-at-13.57.11-2-1536x1152.jpeg 1536w, https:\/\/ipoweb.bruxelles.be\/baronsteens\/wp-content\/uploads\/2022\/01\/WhatsApp-Image-2022-01-28-at-13.57.11-2-1200x900.jpeg 1200w, https:\/\/ipoweb.bruxelles.be\/baronsteens\/wp-content\/uploads\/2022\/01\/WhatsApp-Image-2022-01-28-at-13.57.11-2-1980x1485.jpeg 1980w, https:\/\/ipoweb.bruxelles.be\/baronsteens\/wp-content\/uploads\/2022\/01\/WhatsApp-Image-2022-01-28-at-13.57.11-2.jpeg 2048w\" sizes=\"(max-width: 1024px) 100vw, 1024px\" \/><\/figure><\/div>\n\n\n\n<div class=\"wp-block-media-text alignwide is-stacked-on-mobile\" style=\"grid-template-columns:31% auto\"><figure class=\"wp-block-media-text__media\"><a href=\"https:\/\/www.google.be\/?hl=fr\"><img decoding=\"async\" loading=\"lazy\" width=\"252\" height=\"120\" src=\"http:\/\/ipoweb.bruxelles.be\/baronsteens\/wp-content\/uploads\/2021\/01\/repas-chaud.png\" alt=\"\" class=\"wp-image-154 size-full\"\/><\/a><\/figure><div class=\"wp-block-media-text__content\">\n<h2 class=\"wp-block-heading\">Repas chauds&nbsp;<\/h2>\n\n\n\n<p>Les repas chauds sont fournis par&nbsp;\u00ab\u202f Les&nbsp;Cuisines Bruxelloises\u202f\u00bb. C&rsquo;est directement aupr\u00e8s d&rsquo;elles que les parents peuvent commander ou annuler des repas.<\/p>\n\n\n\n<p><strong>Important : les repas chauds sont gratuits pour les maternelles et les primaires.<\/strong><\/p>\n\n\n\n<p><strong>Pour s\u2019inscrire\u202f:&nbsp;<\/strong><\/p>\n\n\n\n<p>Remplir la fiche individuelle&nbsp;papier&nbsp;(\u00e0 remettre \u00e0 l\u2019\u00e9cole) ou en ligne sur leur site :&nbsp; <a href=\"https:\/\/repasscolaires.lescuisinesbruxelloises.be\/\">https:\/\/repasscolaires.lescuisinesbruxelloises.be\/<\/a><\/p>\n\n\n\n<p><strong>Pour d\u00e9commander un repas\u202f :&nbsp;<\/strong><\/p>\n\n\n\n<p>Par t\u00e9l\u00e9phone : 02\/545.13.84 ou 02\/545.13.88&nbsp;&nbsp;<\/p>\n\n\n\n<p>Par mail : <a rel=\"noreferrer noopener\" href=\"mailto:lcb-dbk@restobru.be\" target=\"_blank\">lcb-dbk@restobru.be<\/a>&nbsp;<\/p>\n\n\n\n<p>En ligne\u202f:&nbsp;<a rel=\"noreferrer noopener\" href=\"https:\/\/repasscolaires.lescuisinesbruxelloises.be\/\" target=\"_blank\">https:\/\/repasscolaires.lescuisinesbruxelloises.be\/<\/a><\/p>\n<\/div><\/div>\n\n\n\n<h2 class=\"wp-block-heading\">Documents et avis<\/h2>\n\n\n\n<p><strong>Attention !!! Les avis seront mis \u00e0 jour avant fin octobre !!!<\/strong><\/p>\n\n\n\n<div class=\"wp-block-file\"><a id=\"wp-block-file--media-eb65acce-909f-41a2-9ae4-7d971b641bcc\" href=\"http:\/\/ipoweb.bruxelles.be\/baronsteens\/wp-content\/uploads\/2021\/01\/Reglement-de-lecole.pdf\">R\u00e8glement de l&rsquo;\u00e9cole<\/a><a href=\"http:\/\/ipoweb.bruxelles.be\/baronsteens\/wp-content\/uploads\/2021\/01\/Reglement-de-lecole.pdf\" class=\"wp-block-file__button wp-element-button\" download aria-describedby=\"wp-block-file--media-eb65acce-909f-41a2-9ae4-7d971b641bcc\">T\u00e9l\u00e9charger<\/a><\/div>\n\n\n\n<div class=\"wp-block-file\"><a id=\"wp-block-file--media-f0081b28-41b1-4f83-8954-85cd6487b18f\" href=\"http:\/\/ipoweb.bruxelles.be\/baronsteens\/wp-content\/uploads\/2023\/11\/projet-detablissement-modifie-en-2023.pdf\">projet d&rsquo;\u00e9tablissement<\/a><a href=\"http:\/\/ipoweb.bruxelles.be\/baronsteens\/wp-content\/uploads\/2023\/11\/projet-detablissement-modifie-en-2023.pdf\" class=\"wp-block-file__button wp-element-button\" download aria-describedby=\"wp-block-file--media-f0081b28-41b1-4f83-8954-85cd6487b18f\">T\u00e9l\u00e9charger<\/a><\/div>\n\n\n\n<div class=\"wp-block-file\"><a id=\"wp-block-file--media-aa8df9ae-8b32-493f-95ea-211c92aa0690\" href=\"http:\/\/ipoweb.bruxelles.be\/baronsteens\/wp-content\/uploads\/2023\/11\/Organisation-des-sorties-23-24.docx\">Organisation des sorties<\/a><a href=\"http:\/\/ipoweb.bruxelles.be\/baronsteens\/wp-content\/uploads\/2023\/11\/Organisation-des-sorties-23-24.docx\" class=\"wp-block-file__button wp-element-button\" download aria-describedby=\"wp-block-file--media-aa8df9ae-8b32-493f-95ea-211c92aa0690\">T\u00e9l\u00e9charger<\/a><\/div>\n\n\n\n<div class=\"wp-block-file\"><a id=\"wp-block-file--media-2586a0c7-f543-4b89-905d-9da201c2ce3c\" href=\"http:\/\/ipoweb.bruxelles.be\/baronsteens\/wp-content\/uploads\/2023\/11\/avis-frais-scolaires-2023-2024.doc\">avis frais scolaires<\/a><a href=\"http:\/\/ipoweb.bruxelles.be\/baronsteens\/wp-content\/uploads\/2023\/11\/avis-frais-scolaires-2023-2024.doc\" class=\"wp-block-file__button wp-element-button\" download aria-describedby=\"wp-block-file--media-2586a0c7-f543-4b89-905d-9da201c2ce3c\">T\u00e9l\u00e9charger<\/a><\/div>\n\n\n\n<div class=\"wp-block-file\"><a id=\"wp-block-file--media-2586a0c7-f543-4b89-905d-9da201c2ce3c\" href=\"http:\/\/ipoweb.bruxelles.be\/baronsteens\/wp-content\/uploads\/2023\/11\/avis-frais-scolaires-2023-2024.doc\">articles gratuit\u00e9 pour ROI<\/a><a href=\"http:\/\/ipoweb.bruxelles.be\/baronsteens\/wp-content\/uploads\/2023\/11\/avis-frais-scolaires-2023-2024.doc\" class=\"wp-block-file__button wp-element-button\" download aria-describedby=\"wp-block-file--media-2586a0c7-f543-4b89-905d-9da201c2ce3c\">T\u00e9l\u00e9charger<\/a><\/div>\n","protected":false},"excerpt":{"rendered":"<p>Repas chauds&nbsp; Les repas chauds sont fournis par&nbsp;\u00ab\u202f Les&nbsp;Cuisines Bruxelloises\u202f\u00bb. C&rsquo;est directement aupr\u00e8s d&rsquo;elles que les parents peuvent commander ou annuler des repas. Important : les repas chauds sont gratuits pour les maternelles et les primaires. Pour s\u2019inscrire\u202f:&nbsp; Remplir la fiche individuelle&nbsp;papier&nbsp;(\u00e0 remettre \u00e0 l\u2019\u00e9cole) ou en ligne sur leur site :&nbsp; https:\/\/repasscolaires.lescuisinesbruxelloises.be\/ Pour d\u00e9commander&hellip;<\/p>\n","protected":false},"author":1,"featured_media":0,"parent":0,"menu_order":0,"comment_status":"closed","ping_status":"closed","template":"tw-no-title.php","meta":{"footnotes":""},"_links":{"self":[{"href":"https:\/\/ipoweb.bruxelles.be\/baronsteens\/wp-json\/wp\/v2\/pages\/42"}],"collection":[{"href":"https:\/\/ipoweb.bruxelles.be\/baronsteens\/wp-json\/wp\/v2\/pages"}],"about":[{"href":"https:\/\/ipoweb.bruxelles.be\/baronsteens\/wp-json\/wp\/v2\/types\/page"}],"author":[{"embeddable":true,"href":"https:\/\/ipoweb.bruxelles.be\/baronsteens\/wp-json\/wp\/v2\/users\/1"}],"replies":[{"embeddable":true,"href":"https:\/\/ipoweb.bruxelles.be\/baronsteens\/wp-json\/wp\/v2\/comments?post=42"}],"version-history":[{"count":41,"href":"https:\/\/ipoweb.bruxelles.be\/baronsteens\/wp-json\/wp\/v2\/pages\/42\/revisions"}],"predecessor-version":[{"id":2551,"href":"https:\/\/ipoweb.bruxelles.be\/baronsteens\/wp-json\/wp\/v2\/pages\/42\/revisions\/2551"}],"wp:attachment":[{"href":"https:\/\/ipoweb.bruxelles.be\/baronsteens\/wp-json\/wp\/v2\/media?parent=42"}],"curies":[{"name":"wp","href":"https:\/\/api.w.org\/{rel}","templated":true}]}}