{"id":44,"date":"2020-12-30T17:18:25","date_gmt":"2020-12-30T16:18:25","guid":{"rendered":"http:\/\/ipoweb.bruxelles.be\/baronsteens\/?page_id=44"},"modified":"2026-03-15T10:33:50","modified_gmt":"2026-03-15T09:33:50","slug":"coordonnees","status":"publish","type":"page","link":"https:\/\/ipoweb.bruxelles.be\/baronsteens\/coordonnees\/","title":{"rendered":"Coordonn\u00e9es"},"content":{"rendered":"\n<div class=\"wp-block-group alignfull is-layout-flow wp-block-group-is-layout-flow\"><div class=\"wp-block-group__inner-container\">\n<div class=\"wp-block-columns alignwide are-vertically-aligned-center tw-gutter-large tw-cols-stack-md is-layout-flex wp-container-3 wp-block-columns-is-layout-flex\">\n<div class=\"wp-block-column is-vertically-aligned-center is-layout-flow wp-block-column-is-layout-flow\" style=\"--width:33.33%;flex-basis:33.33%\">\n<h2 class=\"wp-block-heading\">Contactez-nous<\/h2>\n\n\n\n<p class=\"has-primary-color has-text-color\">Tel: 02\/510.06.10 <\/p>\n\n\n\n<p class=\"has-primary-color has-text-color\"><a href=\"mailto:contact@example.com\">sec.baronsteens@brucity.education<\/a><\/p>\n\n\n\n<h3 class=\"wp-block-heading has-medium-font-size\">Direction :<\/h3>\n\n\n\n<p>Mme. Barzin Sophie<\/p>\n\n\n\n<h3 class=\"wp-block-heading has-medium-font-size\">Adresse :<\/h3>\n\n\n\n<p>\u00c9cole fondamentale Baron Steens               <\/p>\n\n\n\n<p>Rue Haute, 255<br>1000 Bruxelles<\/p>\n\n\n\n<h3 class=\"wp-block-heading has-medium-font-size\">Transports en commun : <\/h3>\n\n\n\n<p>M\u00e9tro H\u00f4tel des Monnaies (Lignes 2 &amp; 6)<br>Trams 3, 4, 51, 92 &amp; 93<br>Bus 27, 48 (Stib) &amp; 136, 137 (De Lijn)<\/p>\n<\/div>\n\n\n\n<div class=\"wp-block-column is-vertically-aligned-center is-layout-flow wp-block-column-is-layout-flow\" style=\"--width:66.66%;flex-basis:66.66%\">\n<figure><iframe loading=\"lazy\" src=\"https:\/\/www.google.com\/maps\/embed?pb=!1m18!1m12!1m3!1d2519.7211035915016!2d4.345627051496356!3d50.83632966726511!2m3!1f0!2f0!3f0!3m2!1i1024!2i768!4f13.1!3m3!1m2!1s0x47c3c464de1def21%3A0xd1eb01c0bd62ad5d!2sRue%20Haute%20255%2C%201000%20Bruxelles!5e0!3m2!1sfr!2sbe!4v1611569498716!5m2!1sfr!2sbe\" style=\"--width:66.66%;border:0;\" allowfullscreen=\"\" aria-hidden=\"false\" tabindex=\"0\" width=\"800\" height=\"600\" frameborder=\"0\"><\/iframe><\/figure>\n<\/div>\n<\/div>\n<\/div><\/div>\n","protected":false},"excerpt":{"rendered":"<p>Contactez-nous Tel: 02\/510.06.10 sec.baronsteens@brucity.education Direction : Mme. Barzin Sophie Adresse : \u00c9cole fondamentale Baron Steens Rue Haute, 2551000 Bruxelles Transports en commun : M\u00e9tro H\u00f4tel des Monnaies (Lignes 2 &amp; 6)Trams 3, 4, 51, 92 &amp; 93Bus 27, 48 (Stib) &amp; 136, 137 (De Lijn)<\/p>\n","protected":false},"author":1,"featured_media":0,"parent":0,"menu_order":0,"comment_status":"closed","ping_status":"closed","template":"tw-no-title.php","meta":{"footnotes":""},"_links":{"self":[{"href":"https:\/\/ipoweb.bruxelles.be\/baronsteens\/wp-json\/wp\/v2\/pages\/44"}],"collection":[{"href":"https:\/\/ipoweb.bruxelles.be\/baronsteens\/wp-json\/wp\/v2\/pages"}],"about":[{"href":"https:\/\/ipoweb.bruxelles.be\/baronsteens\/wp-json\/wp\/v2\/types\/page"}],"author":[{"embeddable":true,"href":"https:\/\/ipoweb.bruxelles.be\/baronsteens\/wp-json\/wp\/v2\/users\/1"}],"replies":[{"embeddable":true,"href":"https:\/\/ipoweb.bruxelles.be\/baronsteens\/wp-json\/wp\/v2\/comments?post=44"}],"version-history":[{"count":14,"href":"https:\/\/ipoweb.bruxelles.be\/baronsteens\/wp-json\/wp\/v2\/pages\/44\/revisions"}],"predecessor-version":[{"id":2552,"href":"https:\/\/ipoweb.bruxelles.be\/baronsteens\/wp-json\/wp\/v2\/pages\/44\/revisions\/2552"}],"wp:attachment":[{"href":"https:\/\/ipoweb.bruxelles.be\/baronsteens\/wp-json\/wp\/v2\/media?parent=44"}],"curies":[{"name":"wp","href":"https:\/\/api.w.org\/{rel}","templated":true}]}}