{"id":46,"date":"2020-12-30T17:18:57","date_gmt":"2020-12-30T16:18:57","guid":{"rendered":"http:\/\/ipoweb.bruxelles.be\/baronsteens\/?page_id=46"},"modified":"2026-03-15T10:30:41","modified_gmt":"2026-03-15T09:30:41","slug":"agenda","status":"publish","type":"page","link":"https:\/\/ipoweb.bruxelles.be\/baronsteens\/agenda\/","title":{"rendered":"Agenda"},"content":{"rendered":"\n<h1 class=\"wp-block-heading has-text-align-center\">Dates importantes<\/h1>\n\n\n\n<h3 class=\"wp-block-heading\">R\u00e9union des parents<\/h3>\n\n\n\n<p>A l\u2019occasion de la remise des bulletins d&rsquo;\u00e9valuation des comp\u00e9tences acquises, les enseignants vous rencontreront entre 15h30 et 18h00 (un avis pr\u00e9cisera les dates)<\/p>\n\n\n\n<p>Le journal de classe est aussi un outil de communication.&nbsp;&nbsp;<\/p>\n\n\n\n<p>Vous pouvez y demander un rendez-vous avec l\u2019enseignant.e.<\/p>\n\n\n\n<h3 class=\"wp-block-heading\">Piscine<\/h3>\n\n\n\n<p>En&nbsp;<strong>primaire<\/strong>, les&nbsp;mercredis, une semaine sur deux.&nbsp;Les dates vous seront rappel\u00e9es dans le journal de classe.<\/p>\n\n\n\n<p>En&nbsp;<strong>troisi\u00e8me&nbsp;maternelle<\/strong>,&nbsp;les vendredis, une semaine sur deux.<\/p>\n\n\n\n<h3 class=\"wp-block-heading\">Cong\u00e9s scolaires\u00a0<\/h3>\n\n\n\n<div class=\"wp-block-file\"><object class=\"wp-block-file__embed\" data=\"https:\/\/ipoweb.bruxelles.be\/baronsteens\/wp-content\/uploads\/2024\/09\/calendrier-scolaire-24-25-ressource-17899-1.pdf\" type=\"application\/pdf\" style=\"width:100%;height:200px\" aria-label=\"Embed of calendrier-scolaire-24-25-ressource-17899-1.\"><\/object><a id=\"wp-block-file--media-d54ab0d7-ad9c-4cc1-baa6-ae8637aa946b\" href=\"https:\/\/ipoweb.bruxelles.be\/baronsteens\/wp-content\/uploads\/2024\/09\/calendrier-scolaire-24-25-ressource-17899-1.pdf\">calendrier-scolaire-24-25-ressource-17899-1<\/a><a href=\"https:\/\/ipoweb.bruxelles.be\/baronsteens\/wp-content\/uploads\/2024\/09\/calendrier-scolaire-24-25-ressource-17899-1.pdf\" class=\"wp-block-file__button wp-element-button\" download aria-describedby=\"wp-block-file--media-d54ab0d7-ad9c-4cc1-baa6-ae8637aa946b\">T\u00e9l\u00e9charger<\/a><\/div>\n\n\n\n<figure class=\"wp-block-image size-large\"><img decoding=\"async\" loading=\"lazy\" width=\"1024\" height=\"611\" src=\"https:\/\/ipoweb.bruxelles.be\/baronsteens\/wp-content\/uploads\/2026\/03\/Sans-titre-1024x611.jpg\" alt=\"\" class=\"wp-image-2547\" srcset=\"https:\/\/ipoweb.bruxelles.be\/baronsteens\/wp-content\/uploads\/2026\/03\/Sans-titre-1024x611.jpg 1024w, https:\/\/ipoweb.bruxelles.be\/baronsteens\/wp-content\/uploads\/2026\/03\/Sans-titre-300x179.jpg 300w, https:\/\/ipoweb.bruxelles.be\/baronsteens\/wp-content\/uploads\/2026\/03\/Sans-titre-768x458.jpg 768w, https:\/\/ipoweb.bruxelles.be\/baronsteens\/wp-content\/uploads\/2026\/03\/Sans-titre-1200x716.jpg 1200w, https:\/\/ipoweb.bruxelles.be\/baronsteens\/wp-content\/uploads\/2026\/03\/Sans-titre.jpg 1350w\" sizes=\"(max-width: 1024px) 100vw, 1024px\" \/><\/figure>\n\n\n\n<h3 class=\"wp-block-heading\">Conf\u00e9rences p\u00e9dagogiques<\/h3>\n\n\n\n<p>Chaque ann\u00e9e, les \u00e9coles ont 3 ou 4 jours de conf\u00e9rences p\u00e9dagogiques. Il s\u2019agit de moments o\u00f9 les \u00e9l\u00e8ves ont cong\u00e9 afin de permettre \u00e0 l\u2019\u00e9quipe p\u00e9dagogique de se former.&nbsp;Les dates vous parviendront par avis.<\/p>\n\n\n\n<h3 class=\"wp-block-heading\">Classes de d\u00e9paysements<\/h3>\n\n\n\n<p>En attente d&rsquo;informations des titulaires de classe.<\/p>\n","protected":false},"excerpt":{"rendered":"<p>Dates importantes R\u00e9union des parents A l\u2019occasion de la remise des bulletins d&rsquo;\u00e9valuation des comp\u00e9tences acquises, les enseignants vous rencontreront entre 15h30 et 18h00 (un avis pr\u00e9cisera les dates) Le journal de classe est aussi un outil de communication.&nbsp;&nbsp; Vous pouvez y demander un rendez-vous avec l\u2019enseignant.e. Piscine En&nbsp;primaire, les&nbsp;mercredis, une semaine sur deux.&nbsp;Les dates&hellip;<\/p>\n","protected":false},"author":1,"featured_media":0,"parent":0,"menu_order":0,"comment_status":"closed","ping_status":"closed","template":"tw-no-title.php","meta":{"footnotes":""},"_links":{"self":[{"href":"https:\/\/ipoweb.bruxelles.be\/baronsteens\/wp-json\/wp\/v2\/pages\/46"}],"collection":[{"href":"https:\/\/ipoweb.bruxelles.be\/baronsteens\/wp-json\/wp\/v2\/pages"}],"about":[{"href":"https:\/\/ipoweb.bruxelles.be\/baronsteens\/wp-json\/wp\/v2\/types\/page"}],"author":[{"embeddable":true,"href":"https:\/\/ipoweb.bruxelles.be\/baronsteens\/wp-json\/wp\/v2\/users\/1"}],"replies":[{"embeddable":true,"href":"https:\/\/ipoweb.bruxelles.be\/baronsteens\/wp-json\/wp\/v2\/comments?post=46"}],"version-history":[{"count":21,"href":"https:\/\/ipoweb.bruxelles.be\/baronsteens\/wp-json\/wp\/v2\/pages\/46\/revisions"}],"predecessor-version":[{"id":2549,"href":"https:\/\/ipoweb.bruxelles.be\/baronsteens\/wp-json\/wp\/v2\/pages\/46\/revisions\/2549"}],"wp:attachment":[{"href":"https:\/\/ipoweb.bruxelles.be\/baronsteens\/wp-json\/wp\/v2\/media?parent=46"}],"curies":[{"name":"wp","href":"https:\/\/api.w.org\/{rel}","templated":true}]}}