{"id":65,"date":"2021-01-14T10:59:51","date_gmt":"2021-01-14T09:59:51","guid":{"rendered":"http:\/\/ipoweb.bruxelles.be\/baronsteens\/?page_id=65"},"modified":"2024-01-12T08:11:08","modified_gmt":"2024-01-12T07:11:08","slug":"accueil","status":"publish","type":"page","link":"https:\/\/ipoweb.bruxelles.be\/baronsteens\/","title":{"rendered":"Accueil"},"content":{"rendered":"\n<div class=\"wp-block-cover alignfull has-parallax\" style=\"min-height:70vh\"><span aria-hidden=\"true\" class=\"wp-block-cover__background has-accent-background-color has-background-dim-70 has-background-dim\"><\/span><div role=\"img\" class=\"wp-block-cover__image-background wp-image-1632 has-parallax\" style=\"background-position:50% 50%;background-image:url(http:\/\/ipoweb.bruxelles.be\/baronsteens\/wp-content\/uploads\/2024\/01\/WhatsApp-Image-2024-01-12-at-08.06.26-1.jpeg)\"><\/div><div class=\"wp-block-cover__inner-container is-layout-flow wp-block-cover-is-layout-flow\">\n<h1 class=\"wp-block-heading alignwide has-text-align-center\" style=\"font-size:76px\">Bienvenue \u00e0 l&rsquo;\u00e9cole fondamentale Baron Steens<\/h1>\n\n\n\n<div class=\"wp-block-buttons is-content-justification-center is-layout-flex wp-container-1 wp-block-buttons-is-layout-flex\">\n<div class=\"wp-block-button\"><a class=\"wp-block-button__link has-accent-color has-background-background-color has-text-color has-background wp-element-button\" href=\"http:\/\/ipoweb.bruxelles.be\/baronsteens\/presentation-de-lecole\/\">VISITE VIRTUELLE<\/a><\/div>\n\n\n\n<div class=\"wp-block-button\"><a class=\"wp-block-button__link has-accent-color has-background-background-color has-text-color has-background wp-element-button\" href=\"https:\/\/ip.bruxelles.be\/fr\/actualites\/inscriptions-pour-lannee-scolaire-2022-2023-en-classes-daccueil-de-premiere-maternelle\">INSCRIPTIONS<\/a><\/div>\n<\/div>\n\n\n\n<p><\/p>\n<\/div><\/div>\n\n\n\n<div class=\"wp-block-group alignfull is-layout-flow wp-block-group-is-layout-flow\"><div class=\"wp-block-group__inner-container\">\n<div class=\"wp-block-group alignfull is-layout-flow wp-block-group-is-layout-flow\"><div class=\"wp-block-group__inner-container\">\n<h2 class=\"wp-block-heading has-text-align-center\">Nos derni\u00e8res actualit\u00e9s<\/h2>\n\n\n<ul class=\"wp-block-latest-posts__list is-grid columns-3 has-dates alignwide tw-mt-8 is-style-tw-posts-card tw-img-ratio-3-2 tw-heading-size-medium tw-stretched-link wp-block-latest-posts\"><li><div class=\"wp-block-latest-posts__featured-image\"><a href=\"https:\/\/ipoweb.bruxelles.be\/baronsteens\/initiation-au-hockey-sur-gazon\/\" aria-label=\"Initiation au hockey sur gazon\"><img loading=\"lazy\" width=\"800\" height=\"370\" src=\"https:\/\/ipoweb.bruxelles.be\/baronsteens\/wp-content\/uploads\/2026\/03\/IMG-20260305-WA0015-3-1024x473.jpg\" class=\"attachment-large size-large wp-post-image\" alt=\"\" decoding=\"async\" style=\"\" srcset=\"https:\/\/ipoweb.bruxelles.be\/baronsteens\/wp-content\/uploads\/2026\/03\/IMG-20260305-WA0015-3-1024x473.jpg 1024w, https:\/\/ipoweb.bruxelles.be\/baronsteens\/wp-content\/uploads\/2026\/03\/IMG-20260305-WA0015-3-300x139.jpg 300w, https:\/\/ipoweb.bruxelles.be\/baronsteens\/wp-content\/uploads\/2026\/03\/IMG-20260305-WA0015-3-768x355.jpg 768w, https:\/\/ipoweb.bruxelles.be\/baronsteens\/wp-content\/uploads\/2026\/03\/IMG-20260305-WA0015-3-1536x710.jpg 1536w, https:\/\/ipoweb.bruxelles.be\/baronsteens\/wp-content\/uploads\/2026\/03\/IMG-20260305-WA0015-3-1200x554.jpg 1200w, https:\/\/ipoweb.bruxelles.be\/baronsteens\/wp-content\/uploads\/2026\/03\/IMG-20260305-WA0015-3-1980x915.jpg 1980w, https:\/\/ipoweb.bruxelles.be\/baronsteens\/wp-content\/uploads\/2026\/03\/IMG-20260305-WA0015-3.jpg 2000w\" sizes=\"(min-width: 1280px) 378px, (min-width: 1024px) calc(33.33vw - 48px), (min-width: 700px) calc(50vw - 56px), calc(100vw - 40px)\" \/><\/a><\/div><a class=\"wp-block-latest-posts__post-title\" href=\"https:\/\/ipoweb.bruxelles.be\/baronsteens\/initiation-au-hockey-sur-gazon\/\">Initiation au hockey sur gazon<\/a><time datetime=\"2026-03-15T21:59:11+01:00\" class=\"wp-block-latest-posts__post-date\">15 mars 2026<\/time><div class=\"wp-block-latest-posts__post-excerpt\">Les \u00e9l\u00e8ves de P4 ont d\u00e9couvert le hockey sur gazon<\/div><\/li>\n<li><div class=\"wp-block-latest-posts__featured-image\"><a href=\"https:\/\/ipoweb.bruxelles.be\/baronsteens\/train-world\/\" aria-label=\"Train world\"><img loading=\"lazy\" width=\"768\" height=\"1024\" src=\"https:\/\/ipoweb.bruxelles.be\/baronsteens\/wp-content\/uploads\/2026\/03\/20251219_112349-768x1024.jpg\" class=\"attachment-large size-large wp-post-image\" alt=\"\" decoding=\"async\" style=\"\" srcset=\"https:\/\/ipoweb.bruxelles.be\/baronsteens\/wp-content\/uploads\/2026\/03\/20251219_112349-768x1024.jpg 768w, https:\/\/ipoweb.bruxelles.be\/baronsteens\/wp-content\/uploads\/2026\/03\/20251219_112349-225x300.jpg 225w, https:\/\/ipoweb.bruxelles.be\/baronsteens\/wp-content\/uploads\/2026\/03\/20251219_112349-1152x1536.jpg 1152w, https:\/\/ipoweb.bruxelles.be\/baronsteens\/wp-content\/uploads\/2026\/03\/20251219_112349-1536x2048.jpg 1536w, https:\/\/ipoweb.bruxelles.be\/baronsteens\/wp-content\/uploads\/2026\/03\/20251219_112349-1200x1600.jpg 1200w, https:\/\/ipoweb.bruxelles.be\/baronsteens\/wp-content\/uploads\/2026\/03\/20251219_112349-1980x2640.jpg 1980w, https:\/\/ipoweb.bruxelles.be\/baronsteens\/wp-content\/uploads\/2026\/03\/20251219_112349-scaled.jpg 1920w\" sizes=\"(min-width: 1280px) 378px, (min-width: 1024px) calc(33.33vw - 48px), (min-width: 700px) calc(50vw - 56px), calc(100vw - 40px)\" \/><\/a><\/div><a class=\"wp-block-latest-posts__post-title\" href=\"https:\/\/ipoweb.bruxelles.be\/baronsteens\/train-world\/\">Train world<\/a><time datetime=\"2026-03-15T21:56:21+01:00\" class=\"wp-block-latest-posts__post-date\">15 mars 2026<\/time><div class=\"wp-block-latest-posts__post-excerpt\">Les enfants ont eu l&rsquo;occasion de visiter le mus\u00e9e Train World et de d\u00e9couvrir l&rsquo;histoire des \u2026 <a href=\"https:\/\/ipoweb.bruxelles.be\/baronsteens\/train-world\/\" rel=\"noopener noreferrer\">Read more<\/a><\/div><\/li>\n<li><div class=\"wp-block-latest-posts__featured-image\"><a href=\"https:\/\/ipoweb.bruxelles.be\/baronsteens\/le-gouter-de-noel\/\" aria-label=\"Le go\u00fbter de No\u00ebl\"><img loading=\"lazy\" width=\"800\" height=\"600\" src=\"https:\/\/ipoweb.bruxelles.be\/baronsteens\/wp-content\/uploads\/2026\/03\/20251216_141003_resized-1024x768.jpg\" class=\"attachment-large size-large wp-post-image\" alt=\"\" decoding=\"async\" style=\"\" srcset=\"https:\/\/ipoweb.bruxelles.be\/baronsteens\/wp-content\/uploads\/2026\/03\/20251216_141003_resized-1024x768.jpg 1024w, https:\/\/ipoweb.bruxelles.be\/baronsteens\/wp-content\/uploads\/2026\/03\/20251216_141003_resized-300x225.jpg 300w, https:\/\/ipoweb.bruxelles.be\/baronsteens\/wp-content\/uploads\/2026\/03\/20251216_141003_resized-768x576.jpg 768w, https:\/\/ipoweb.bruxelles.be\/baronsteens\/wp-content\/uploads\/2026\/03\/20251216_141003_resized-1536x1152.jpg 1536w, https:\/\/ipoweb.bruxelles.be\/baronsteens\/wp-content\/uploads\/2026\/03\/20251216_141003_resized-2048x1536.jpg 2048w, https:\/\/ipoweb.bruxelles.be\/baronsteens\/wp-content\/uploads\/2026\/03\/20251216_141003_resized-1200x900.jpg 1200w, https:\/\/ipoweb.bruxelles.be\/baronsteens\/wp-content\/uploads\/2026\/03\/20251216_141003_resized-1980x1485.jpg 1980w\" sizes=\"(min-width: 1280px) 378px, (min-width: 1024px) calc(33.33vw - 48px), (min-width: 700px) calc(50vw - 56px), calc(100vw - 40px)\" \/><\/a><\/div><a class=\"wp-block-latest-posts__post-title\" href=\"https:\/\/ipoweb.bruxelles.be\/baronsteens\/le-gouter-de-noel\/\">Le go\u00fbter de No\u00ebl<\/a><time datetime=\"2026-03-15T21:53:16+01:00\" class=\"wp-block-latest-posts__post-date\">15 mars 2026<\/time><div class=\"wp-block-latest-posts__post-excerpt\">Comme chaque ann\u00e9e, pour f\u00eater la fin de l&rsquo;ann\u00e9e, nous nous sommes r\u00e9unis autour d&rsquo;un go\u00fbter.<\/div><\/li>\n<\/ul><\/div><\/div>\n<\/div><\/div>\n\n\n\n<div class=\"wp-block-group alignfull has-subtle-background-background-color has-background is-layout-flow wp-block-group-is-layout-flow\"><div class=\"wp-block-group__inner-container\">\n<h2 class=\"wp-block-heading has-text-align-center\">Les inscriptions sont ouvertes !<\/h2>\n\n\n\n<div class=\"wp-block-buttons is-content-justification-center is-layout-flex wp-container-5 wp-block-buttons-is-layout-flex\">\n<div class=\"wp-block-button\"><a class=\"wp-block-button__link wp-element-button\" href=\"https:\/\/ip.bruxelles.be\/fr\/actualites\/inscriptions-pour-lannee-scolaire-2022-2023-en-classes-daccueil-de-premiere-maternelle\">INSCRIPTIONS<\/a><\/div>\n<\/div>\n\n\n\n<p><\/p>\n<\/div><\/div>\n","protected":false},"excerpt":{"rendered":"<p>Nos derni\u00e8res actualit\u00e9s Les inscriptions sont ouvertes !<\/p>\n","protected":false},"author":1,"featured_media":0,"parent":0,"menu_order":0,"comment_status":"closed","ping_status":"closed","template":"tw-no-title.php","meta":{"footnotes":""},"_links":{"self":[{"href":"https:\/\/ipoweb.bruxelles.be\/baronsteens\/wp-json\/wp\/v2\/pages\/65"}],"collection":[{"href":"https:\/\/ipoweb.bruxelles.be\/baronsteens\/wp-json\/wp\/v2\/pages"}],"about":[{"href":"https:\/\/ipoweb.bruxelles.be\/baronsteens\/wp-json\/wp\/v2\/types\/page"}],"author":[{"embeddable":true,"href":"https:\/\/ipoweb.bruxelles.be\/baronsteens\/wp-json\/wp\/v2\/users\/1"}],"replies":[{"embeddable":true,"href":"https:\/\/ipoweb.bruxelles.be\/baronsteens\/wp-json\/wp\/v2\/comments?post=65"}],"version-history":[{"count":22,"href":"https:\/\/ipoweb.bruxelles.be\/baronsteens\/wp-json\/wp\/v2\/pages\/65\/revisions"}],"predecessor-version":[{"id":1633,"href":"https:\/\/ipoweb.bruxelles.be\/baronsteens\/wp-json\/wp\/v2\/pages\/65\/revisions\/1633"}],"wp:attachment":[{"href":"https:\/\/ipoweb.bruxelles.be\/baronsteens\/wp-json\/wp\/v2\/media?parent=65"}],"curies":[{"name":"wp","href":"https:\/\/api.w.org\/{rel}","templated":true}]}}