{"id":76,"date":"2021-01-14T23:36:55","date_gmt":"2021-01-14T22:36:55","guid":{"rendered":"http:\/\/ipoweb.bruxelles.be\/baronsteens\/?page_id=76"},"modified":"2025-10-06T18:46:59","modified_gmt":"2025-10-06T16:46:59","slug":"les-classes","status":"publish","type":"page","link":"https:\/\/ipoweb.bruxelles.be\/baronsteens\/les-classes\/","title":{"rendered":"Les classes"},"content":{"rendered":"\n<div class=\"wp-block-group alignfull is-layout-flow wp-block-group-is-layout-flow\"><div class=\"wp-block-group__inner-container\">\n<p><\/p>\n\n\n\n<div class=\"wp-block-group alignfull is-layout-flow wp-block-group-is-layout-flow\"><div class=\"wp-block-group__inner-container\">\n<div class=\"wp-block-columns alignwide is-layout-flex wp-container-3 wp-block-columns-is-layout-flex\">\n<div class=\"wp-block-column is-layout-flow wp-block-column-is-layout-flow\">\n<figure class=\"wp-block-image size-large\"><img decoding=\"async\" loading=\"lazy\" width=\"1024\" height=\"768\" src=\"https:\/\/ipoweb.bruxelles.be\/baronsteens\/wp-content\/uploads\/2024\/09\/20240917_140825-1024x768.jpg\" alt=\"\" class=\"wp-image-1998\" srcset=\"https:\/\/ipoweb.bruxelles.be\/baronsteens\/wp-content\/uploads\/2024\/09\/20240917_140825-1024x768.jpg 1024w, https:\/\/ipoweb.bruxelles.be\/baronsteens\/wp-content\/uploads\/2024\/09\/20240917_140825-300x225.jpg 300w, https:\/\/ipoweb.bruxelles.be\/baronsteens\/wp-content\/uploads\/2024\/09\/20240917_140825-768x576.jpg 768w, https:\/\/ipoweb.bruxelles.be\/baronsteens\/wp-content\/uploads\/2024\/09\/20240917_140825-1536x1152.jpg 1536w, https:\/\/ipoweb.bruxelles.be\/baronsteens\/wp-content\/uploads\/2024\/09\/20240917_140825-2048x1536.jpg 2048w, https:\/\/ipoweb.bruxelles.be\/baronsteens\/wp-content\/uploads\/2024\/09\/20240917_140825-1200x900.jpg 1200w, https:\/\/ipoweb.bruxelles.be\/baronsteens\/wp-content\/uploads\/2024\/09\/20240917_140825-1980x1485.jpg 1980w\" sizes=\"(max-width: 1024px) 100vw, 1024px\" \/><\/figure>\n\n\n\n<h3 class=\"wp-block-heading tw-mb-1 has-h-5-font-size\">accueil \/ 1\u00e8re maternelle \/ 2\u00e8me maternelle<\/h3>\n\n\n\n<p>&#8230;<\/p>\n<\/div>\n\n\n\n<div class=\"wp-block-column is-layout-flow wp-block-column-is-layout-flow\">\n<figure class=\"wp-block-image size-large is-resized\"><img decoding=\"async\" src=\"http:\/\/ipoweb.bruxelles.be\/baronsteens\/wp-content\/uploads\/2020\/06\/l.jpg\" alt=\"\" style=\"aspect-ratio:1;width:395px;height:auto\"\/><\/figure>\n\n\n\n<h3 class=\"wp-block-heading tw-mb-1 has-h-5-font-size\">3\u00e8me maternelle<\/h3>\n\n\n\n<p>&#8230; <\/p>\n<\/div>\n<\/div>\n<\/div><\/div>\n\n\n\n<div class=\"wp-block-columns alignwide is-layout-flex wp-container-9 wp-block-columns-is-layout-flex\">\n<div class=\"wp-block-column is-layout-flow wp-block-column-is-layout-flow\">\n<figure class=\"wp-block-gallery has-nested-images columns-default is-cropped wp-block-gallery-5 is-layout-flex wp-block-gallery-is-layout-flex\">\n<figure class=\"wp-block-image size-large\"><img decoding=\"async\" loading=\"lazy\" width=\"1024\" height=\"494\" src=\"https:\/\/ipoweb.bruxelles.be\/baronsteens\/wp-content\/uploads\/2025\/02\/20250226_194930-1024x494.jpg\" alt=\"\" class=\"wp-image-2159\" srcset=\"https:\/\/ipoweb.bruxelles.be\/baronsteens\/wp-content\/uploads\/2025\/02\/20250226_194930-1024x494.jpg 1024w, https:\/\/ipoweb.bruxelles.be\/baronsteens\/wp-content\/uploads\/2025\/02\/20250226_194930-300x145.jpg 300w, https:\/\/ipoweb.bruxelles.be\/baronsteens\/wp-content\/uploads\/2025\/02\/20250226_194930-768x371.jpg 768w, https:\/\/ipoweb.bruxelles.be\/baronsteens\/wp-content\/uploads\/2025\/02\/20250226_194930-1536x742.jpg 1536w, https:\/\/ipoweb.bruxelles.be\/baronsteens\/wp-content\/uploads\/2025\/02\/20250226_194930-2048x989.jpg 2048w, https:\/\/ipoweb.bruxelles.be\/baronsteens\/wp-content\/uploads\/2025\/02\/20250226_194930-1200x579.jpg 1200w, https:\/\/ipoweb.bruxelles.be\/baronsteens\/wp-content\/uploads\/2025\/02\/20250226_194930-1980x956.jpg 1980w\" sizes=\"(max-width: 1024px) 100vw, 1024px\" \/><\/figure>\n<\/figure>\n\n\n\n<h3 class=\"wp-block-heading tw-mb-1 has-h-5-font-size\">1\u00e8re ann\u00e9e primaire<\/h3>\n\n\n\n<p>&#8230;<\/p>\n<\/div>\n\n\n\n<div class=\"wp-block-column is-layout-flow wp-block-column-is-layout-flow\">\n<figure class=\"wp-block-image size-large\"><img decoding=\"async\" loading=\"lazy\" width=\"1024\" height=\"768\" src=\"https:\/\/ipoweb.bruxelles.be\/baronsteens\/wp-content\/uploads\/2024\/09\/thumbnail_1000008413-1024x768.jpg\" alt=\"\" class=\"wp-image-2001\" srcset=\"https:\/\/ipoweb.bruxelles.be\/baronsteens\/wp-content\/uploads\/2024\/09\/thumbnail_1000008413-1024x768.jpg 1024w, https:\/\/ipoweb.bruxelles.be\/baronsteens\/wp-content\/uploads\/2024\/09\/thumbnail_1000008413-300x225.jpg 300w, https:\/\/ipoweb.bruxelles.be\/baronsteens\/wp-content\/uploads\/2024\/09\/thumbnail_1000008413-768x576.jpg 768w, https:\/\/ipoweb.bruxelles.be\/baronsteens\/wp-content\/uploads\/2024\/09\/thumbnail_1000008413-1536x1152.jpg 1536w, https:\/\/ipoweb.bruxelles.be\/baronsteens\/wp-content\/uploads\/2024\/09\/thumbnail_1000008413-1200x900.jpg 1200w, https:\/\/ipoweb.bruxelles.be\/baronsteens\/wp-content\/uploads\/2024\/09\/thumbnail_1000008413.jpg 1920w\" sizes=\"(max-width: 1024px) 100vw, 1024px\" \/><\/figure>\n\n\n\n<h3 class=\"wp-block-heading tw-mb-1 has-h-5-font-size\">1\u00e8re ann\u00e9e primaire immersion<\/h3>\n\n\n\n<p>&#8230;<\/p>\n<\/div>\n<\/div>\n<\/div><\/div>\n\n\n\n<div class=\"wp-block-group alignfull is-layout-flow wp-block-group-is-layout-flow\"><div class=\"wp-block-group__inner-container\">\n<div class=\"wp-block-columns alignwide is-layout-flex wp-container-13 wp-block-columns-is-layout-flex\">\n<div class=\"wp-block-column is-layout-flow wp-block-column-is-layout-flow\">\n<figure class=\"wp-block-image size-large\"><img decoding=\"async\" loading=\"lazy\" width=\"1024\" height=\"787\" src=\"https:\/\/ipoweb.bruxelles.be\/baronsteens\/wp-content\/uploads\/2024\/09\/20240924_151009-1024x787.jpg\" alt=\"\" class=\"wp-image-2017\" srcset=\"https:\/\/ipoweb.bruxelles.be\/baronsteens\/wp-content\/uploads\/2024\/09\/20240924_151009-1024x787.jpg 1024w, https:\/\/ipoweb.bruxelles.be\/baronsteens\/wp-content\/uploads\/2024\/09\/20240924_151009-300x231.jpg 300w, https:\/\/ipoweb.bruxelles.be\/baronsteens\/wp-content\/uploads\/2024\/09\/20240924_151009-768x591.jpg 768w, https:\/\/ipoweb.bruxelles.be\/baronsteens\/wp-content\/uploads\/2024\/09\/20240924_151009-1536x1181.jpg 1536w, https:\/\/ipoweb.bruxelles.be\/baronsteens\/wp-content\/uploads\/2024\/09\/20240924_151009-2048x1575.jpg 2048w, https:\/\/ipoweb.bruxelles.be\/baronsteens\/wp-content\/uploads\/2024\/09\/20240924_151009-1200x923.jpg 1200w, https:\/\/ipoweb.bruxelles.be\/baronsteens\/wp-content\/uploads\/2024\/09\/20240924_151009-1980x1523.jpg 1980w\" sizes=\"(max-width: 1024px) 100vw, 1024px\" \/><\/figure>\n\n\n\n<h3 class=\"wp-block-heading tw-mb-1 has-h-5-font-size\">2\u00e8me ann\u00e9e primaire <\/h3>\n\n\n\n<p><\/p>\n<\/div>\n\n\n\n<div class=\"wp-block-column is-layout-flow wp-block-column-is-layout-flow\">\n<figure class=\"wp-block-image size-large\"><img decoding=\"async\" src=\"http:\/\/ipoweb.bruxelles.be\/baronsteens\/wp-content\/uploads\/2020\/06\/l.jpg\" alt=\"\"\/><\/figure>\n\n\n\n<h3 class=\"wp-block-heading tw-mb-1 has-h-5-font-size\">2\u00e8me ann\u00e9e primaire immersion<\/h3>\n\n\n\n<p>&#8230;<\/p>\n<\/div>\n<\/div>\n<\/div><\/div>\n\n\n\n<div class=\"wp-block-group alignfull is-layout-flow wp-block-group-is-layout-flow\"><div class=\"wp-block-group__inner-container\">\n<div class=\"wp-block-columns alignwide is-layout-flex wp-container-17 wp-block-columns-is-layout-flex\">\n<div class=\"wp-block-column is-layout-flow wp-block-column-is-layout-flow\">\n<figure class=\"wp-block-image size-large\"><img decoding=\"async\" loading=\"lazy\" width=\"1024\" height=\"877\" src=\"https:\/\/ipoweb.bruxelles.be\/baronsteens\/wp-content\/uploads\/2024\/09\/20240924_151125-1024x877.jpg\" alt=\"\" class=\"wp-image-2018\" srcset=\"https:\/\/ipoweb.bruxelles.be\/baronsteens\/wp-content\/uploads\/2024\/09\/20240924_151125-1024x877.jpg 1024w, https:\/\/ipoweb.bruxelles.be\/baronsteens\/wp-content\/uploads\/2024\/09\/20240924_151125-300x257.jpg 300w, https:\/\/ipoweb.bruxelles.be\/baronsteens\/wp-content\/uploads\/2024\/09\/20240924_151125-768x658.jpg 768w, https:\/\/ipoweb.bruxelles.be\/baronsteens\/wp-content\/uploads\/2024\/09\/20240924_151125-1536x1315.jpg 1536w, https:\/\/ipoweb.bruxelles.be\/baronsteens\/wp-content\/uploads\/2024\/09\/20240924_151125-2048x1754.jpg 2048w, https:\/\/ipoweb.bruxelles.be\/baronsteens\/wp-content\/uploads\/2024\/09\/20240924_151125-1200x1028.jpg 1200w, https:\/\/ipoweb.bruxelles.be\/baronsteens\/wp-content\/uploads\/2024\/09\/20240924_151125-1980x1696.jpg 1980w\" sizes=\"(max-width: 1024px) 100vw, 1024px\" \/><\/figure>\n\n\n\n<h3 class=\"wp-block-heading tw-mb-1 has-h-5-font-size\">3\u00e8me ann\u00e9e primaire <\/h3>\n\n\n\n<p>&#8230;<\/p>\n<\/div>\n\n\n\n<div class=\"wp-block-column is-layout-flow wp-block-column-is-layout-flow\">\n<figure class=\"wp-block-image size-large\"><img decoding=\"async\" src=\"http:\/\/ipoweb.bruxelles.be\/baronsteens\/wp-content\/uploads\/2020\/06\/l.jpg\" alt=\"\"\/><\/figure>\n\n\n\n<h3 class=\"wp-block-heading tw-mb-1 has-h-5-font-size\">3\u00e8me ann\u00e9e primaire immersion<\/h3>\n<\/div>\n<\/div>\n<\/div><\/div>\n\n\n\n<div class=\"wp-block-group alignfull is-layout-flow wp-block-group-is-layout-flow\"><div class=\"wp-block-group__inner-container\">\n<div class=\"wp-block-columns alignwide is-layout-flex wp-container-21 wp-block-columns-is-layout-flex\">\n<div class=\"wp-block-column is-layout-flow wp-block-column-is-layout-flow\">\n<figure class=\"wp-block-image size-large\"><img decoding=\"async\" loading=\"lazy\" width=\"1000\" height=\"667\" src=\"http:\/\/ipoweb.bruxelles.be\/baronsteens\/wp-content\/uploads\/2020\/06\/l.jpg\" alt=\"\" class=\"wp-image-27\" srcset=\"https:\/\/ipoweb.bruxelles.be\/baronsteens\/wp-content\/uploads\/2020\/06\/l.jpg 1000w, https:\/\/ipoweb.bruxelles.be\/baronsteens\/wp-content\/uploads\/2020\/06\/l-300x200.jpg 300w, https:\/\/ipoweb.bruxelles.be\/baronsteens\/wp-content\/uploads\/2020\/06\/l-768x512.jpg 768w\" sizes=\"(max-width: 1000px) 100vw, 1000px\" \/><\/figure>\n\n\n\n<h3 class=\"wp-block-heading tw-mb-1 has-h-5-font-size\">4\u00e8me ann\u00e9e primaire <\/h3>\n\n\n\n<p>&#8230;<\/p>\n<\/div>\n\n\n\n<div class=\"wp-block-column is-layout-flow wp-block-column-is-layout-flow\">\n<figure class=\"wp-block-image size-large\"><img decoding=\"async\" loading=\"lazy\" width=\"507\" height=\"1024\" src=\"https:\/\/ipoweb.bruxelles.be\/baronsteens\/wp-content\/uploads\/2024\/09\/IMG_20240917_135509-507x1024.jpg\" alt=\"\" class=\"wp-image-2003\" srcset=\"https:\/\/ipoweb.bruxelles.be\/baronsteens\/wp-content\/uploads\/2024\/09\/IMG_20240917_135509-507x1024.jpg 507w, https:\/\/ipoweb.bruxelles.be\/baronsteens\/wp-content\/uploads\/2024\/09\/IMG_20240917_135509-149x300.jpg 149w, https:\/\/ipoweb.bruxelles.be\/baronsteens\/wp-content\/uploads\/2024\/09\/IMG_20240917_135509-768x1551.jpg 768w, https:\/\/ipoweb.bruxelles.be\/baronsteens\/wp-content\/uploads\/2024\/09\/IMG_20240917_135509-760x1536.jpg 760w, https:\/\/ipoweb.bruxelles.be\/baronsteens\/wp-content\/uploads\/2024\/09\/IMG_20240917_135509-1014x2048.jpg 1014w, https:\/\/ipoweb.bruxelles.be\/baronsteens\/wp-content\/uploads\/2024\/09\/IMG_20240917_135509-1200x2424.jpg 1200w, https:\/\/ipoweb.bruxelles.be\/baronsteens\/wp-content\/uploads\/2024\/09\/IMG_20240917_135509-scaled.jpg 1267w\" sizes=\"(max-width: 507px) 100vw, 507px\" \/><\/figure>\n\n\n\n<h3 class=\"wp-block-heading tw-mb-1 has-h-5-font-size\">4\u00e8me ann\u00e9e primaire immersion<\/h3>\n\n\n\n<p>\u2026<\/p>\n<\/div>\n<\/div>\n<\/div><\/div>\n\n\n\n<div class=\"wp-block-group alignfull is-layout-flow wp-block-group-is-layout-flow\"><div class=\"wp-block-group__inner-container\">\n<div class=\"wp-block-columns alignwide is-layout-flex wp-container-25 wp-block-columns-is-layout-flex\">\n<div class=\"wp-block-column is-layout-flow wp-block-column-is-layout-flow\">\n<figure class=\"wp-block-image size-large\"><img decoding=\"async\" loading=\"lazy\" width=\"1000\" height=\"667\" src=\"http:\/\/ipoweb.bruxelles.be\/baronsteens\/wp-content\/uploads\/2020\/06\/l.jpg\" alt=\"\" class=\"wp-image-27\" srcset=\"https:\/\/ipoweb.bruxelles.be\/baronsteens\/wp-content\/uploads\/2020\/06\/l.jpg 1000w, https:\/\/ipoweb.bruxelles.be\/baronsteens\/wp-content\/uploads\/2020\/06\/l-300x200.jpg 300w, https:\/\/ipoweb.bruxelles.be\/baronsteens\/wp-content\/uploads\/2020\/06\/l-768x512.jpg 768w\" sizes=\"(max-width: 1000px) 100vw, 1000px\" \/><\/figure>\n\n\n\n<h3 class=\"wp-block-heading tw-mb-1 has-h-5-font-size\">5\u00e8me ann\u00e9e primaire <\/h3>\n\n\n\n<p>&#8230;<\/p>\n<\/div>\n\n\n\n<div class=\"wp-block-column is-layout-flow wp-block-column-is-layout-flow\">\n<figure class=\"wp-block-image size-large\"><img decoding=\"async\" src=\"http:\/\/ipoweb.bruxelles.be\/baronsteens\/wp-content\/uploads\/2020\/06\/l.jpg\" alt=\"\"\/><\/figure>\n\n\n\n<h3 class=\"wp-block-heading tw-mb-1 has-h-5-font-size\">5\u00e8me ann\u00e9e primaire  immersion<\/h3>\n\n\n\n<p>&#8230; <\/p>\n<\/div>\n<\/div>\n<\/div><\/div>\n\n\n\n<div class=\"wp-block-group alignfull is-layout-flow wp-block-group-is-layout-flow\"><div class=\"wp-block-group__inner-container\">\n<div class=\"wp-block-columns alignwide is-layout-flex wp-container-29 wp-block-columns-is-layout-flex\">\n<div class=\"wp-block-column is-layout-flow wp-block-column-is-layout-flow\">\n<figure class=\"wp-block-image size-large\"><img decoding=\"async\" src=\"http:\/\/ipoweb.bruxelles.be\/baronsteens\/wp-content\/uploads\/2020\/06\/l.jpg\" alt=\"\"\/><\/figure>\n\n\n\n<h3 class=\"wp-block-heading tw-mb-1 has-h-5-font-size\">6\u00e8me ann\u00e9e primaire <\/h3>\n<\/div>\n\n\n\n<div class=\"wp-block-column is-layout-flow wp-block-column-is-layout-flow\">\n<figure class=\"wp-block-image size-large\"><img decoding=\"async\" src=\"http:\/\/ipoweb.bruxelles.be\/baronsteens\/wp-content\/uploads\/2020\/06\/l.jpg\" alt=\"\"\/><\/figure>\n\n\n\n<h3 class=\"wp-block-heading tw-mb-1 has-h-5-font-size\">6\u00e8me ann\u00e9e primaire  <\/h3>\n<\/div>\n<\/div>\n<\/div><\/div>\n","protected":false},"excerpt":{"rendered":"<p>accueil \/ 1\u00e8re maternelle \/ 2\u00e8me maternelle &#8230; 3\u00e8me maternelle &#8230; 1\u00e8re ann\u00e9e primaire &#8230; 1\u00e8re ann\u00e9e primaire immersion &#8230; 2\u00e8me ann\u00e9e primaire 2\u00e8me ann\u00e9e primaire immersion &#8230; 3\u00e8me ann\u00e9e primaire &#8230; 3\u00e8me ann\u00e9e primaire immersion 4\u00e8me ann\u00e9e primaire &#8230; 4\u00e8me ann\u00e9e primaire immersion \u2026 5\u00e8me ann\u00e9e primaire &#8230; 5\u00e8me ann\u00e9e primaire immersion &#8230; 6\u00e8me&hellip;<\/p>\n","protected":false},"author":1,"featured_media":0,"parent":0,"menu_order":0,"comment_status":"closed","ping_status":"closed","template":"","meta":{"footnotes":""},"_links":{"self":[{"href":"https:\/\/ipoweb.bruxelles.be\/baronsteens\/wp-json\/wp\/v2\/pages\/76"}],"collection":[{"href":"https:\/\/ipoweb.bruxelles.be\/baronsteens\/wp-json\/wp\/v2\/pages"}],"about":[{"href":"https:\/\/ipoweb.bruxelles.be\/baronsteens\/wp-json\/wp\/v2\/types\/page"}],"author":[{"embeddable":true,"href":"https:\/\/ipoweb.bruxelles.be\/baronsteens\/wp-json\/wp\/v2\/users\/1"}],"replies":[{"embeddable":true,"href":"https:\/\/ipoweb.bruxelles.be\/baronsteens\/wp-json\/wp\/v2\/comments?post=76"}],"version-history":[{"count":19,"href":"https:\/\/ipoweb.bruxelles.be\/baronsteens\/wp-json\/wp\/v2\/pages\/76\/revisions"}],"predecessor-version":[{"id":2495,"href":"https:\/\/ipoweb.bruxelles.be\/baronsteens\/wp-json\/wp\/v2\/pages\/76\/revisions\/2495"}],"wp:attachment":[{"href":"https:\/\/ipoweb.bruxelles.be\/baronsteens\/wp-json\/wp\/v2\/media?parent=76"}],"curies":[{"name":"wp","href":"https:\/\/api.w.org\/{rel}","templated":true}]}}