{"id":78,"date":"2021-01-14T23:36:52","date_gmt":"2021-01-14T22:36:52","guid":{"rendered":"http:\/\/ipoweb.bruxelles.be\/baronsteens\/?page_id=78"},"modified":"2026-03-15T10:20:21","modified_gmt":"2026-03-15T09:20:21","slug":"le-cpms","status":"publish","type":"page","link":"https:\/\/ipoweb.bruxelles.be\/baronsteens\/le-cpms\/","title":{"rendered":"Le CPMS"},"content":{"rendered":"\n<p>L&rsquo;\u00e9quipe du Centre PMS<\/p>\n\n\n\n<p>Une \u00e9quipe form\u00e9e de 4 personnes passe r\u00e9guli\u00e8rement dans l\u2019\u00e9cole et chacun de ses membres propose des permanences. <\/p>\n\n\n\n<div class=\"wp-block-group alignfull is-layout-flow wp-block-group-is-layout-flow\"><div class=\"wp-block-group__inner-container\">\n<h2 class=\"wp-block-heading has-text-align-center\">Cette \u00e9quipe est compos\u00e9e de :<\/h2>\n\n\n\n<div class=\"wp-block-columns alignwide tw-justify-center tw-gutter-large has-text-align-center is-layout-flex wp-container-1 wp-block-columns-is-layout-flex\"><\/div>\n<\/div><\/div>\n\n\n\n<p>Toutes ces personnes interviennent \u00e0 la demande des enfants ou\/et de leurs familles, proposent leurs services gratuitement tout en \u00e9tant soumis au secret professionnel. Pour les contacter, vous pouvez t\u00e9l\u00e9phoner au num\u00e9ro g\u00e9n\u00e9ral du PMS: <strong>02-279.63.00<\/strong>.<\/p>\n\n\n\n<p>Vous trouverez \u00e9galement un local sp\u00e9cifique au PMS o\u00f9 les \u00e9l\u00e8ves et leur famille peuvent se rendre. Il se situe \u00e0 l\u2019entr\u00e9e du pr\u00e9au. L&rsquo;\u00e9quipe y est pr\u00e9sente le mardi matin.<\/p>\n\n\n\n<p>Vous d\u00e9couvrirez une petite pr\u00e9sentation du PMS sur ce lien:<br><a href=\"https:\/\/view.genial.ly\/5ec3d7a32ce9760cedb54d83\/interactive-content-langage\">https:\/\/view.genial.ly\/5ec3d7a32ce9760cedb54d83\/interactive-content-langage<\/a><\/p>\n\n\n<p><a href=\"https:\/\/youtu.be\/Fa0yzLh6XtU\">https:\/\/youtu.be\/Fa0yzLh6XtU<\/a><\/p>","protected":false},"excerpt":{"rendered":"<p>L&rsquo;\u00e9quipe du Centre PMS Une \u00e9quipe form\u00e9e de 4 personnes passe r\u00e9guli\u00e8rement dans l\u2019\u00e9cole et chacun de ses membres propose des permanences. Cette \u00e9quipe est compos\u00e9e de : Toutes ces personnes interviennent \u00e0 la demande des enfants ou\/et de leurs familles, proposent leurs services gratuitement tout en \u00e9tant soumis au secret professionnel. Pour les contacter,&hellip;<\/p>\n","protected":false},"author":1,"featured_media":0,"parent":0,"menu_order":0,"comment_status":"closed","ping_status":"closed","template":"","meta":{"footnotes":""},"_links":{"self":[{"href":"https:\/\/ipoweb.bruxelles.be\/baronsteens\/wp-json\/wp\/v2\/pages\/78"}],"collection":[{"href":"https:\/\/ipoweb.bruxelles.be\/baronsteens\/wp-json\/wp\/v2\/pages"}],"about":[{"href":"https:\/\/ipoweb.bruxelles.be\/baronsteens\/wp-json\/wp\/v2\/types\/page"}],"author":[{"embeddable":true,"href":"https:\/\/ipoweb.bruxelles.be\/baronsteens\/wp-json\/wp\/v2\/users\/1"}],"replies":[{"embeddable":true,"href":"https:\/\/ipoweb.bruxelles.be\/baronsteens\/wp-json\/wp\/v2\/comments?post=78"}],"version-history":[{"count":14,"href":"https:\/\/ipoweb.bruxelles.be\/baronsteens\/wp-json\/wp\/v2\/pages\/78\/revisions"}],"predecessor-version":[{"id":2544,"href":"https:\/\/ipoweb.bruxelles.be\/baronsteens\/wp-json\/wp\/v2\/pages\/78\/revisions\/2544"}],"wp:attachment":[{"href":"https:\/\/ipoweb.bruxelles.be\/baronsteens\/wp-json\/wp\/v2\/media?parent=78"}],"curies":[{"name":"wp","href":"https:\/\/api.w.org\/{rel}","templated":true}]}}