{"id":85,"date":"2021-01-14T23:38:09","date_gmt":"2021-01-14T22:38:09","guid":{"rendered":"http:\/\/ipoweb.bruxelles.be\/baronsteens\/?page_id=85"},"modified":"2026-03-15T10:25:12","modified_gmt":"2026-03-15T09:25:12","slug":"partenaires","status":"publish","type":"page","link":"https:\/\/ipoweb.bruxelles.be\/baronsteens\/partenaires\/","title":{"rendered":"Partenaires"},"content":{"rendered":"\n<h2 class=\"wp-block-heading\">Une logop\u00e8de dans notre \u00e9cole <\/h2>\n\n\n\n<div class=\"wp-block-media-text alignwide is-stacked-on-mobile is-vertically-aligned-top\" style=\"grid-template-columns:45% auto\"><figure class=\"wp-block-media-text__media\"><img decoding=\"async\" loading=\"lazy\" width=\"661\" height=\"436\" src=\"http:\/\/ipoweb.bruxelles.be\/baronsteens\/wp-content\/uploads\/2022\/02\/logo.jpg\" alt=\"\" class=\"wp-image-675 size-full\" srcset=\"https:\/\/ipoweb.bruxelles.be\/baronsteens\/wp-content\/uploads\/2022\/02\/logo.jpg 661w, https:\/\/ipoweb.bruxelles.be\/baronsteens\/wp-content\/uploads\/2022\/02\/logo-300x198.jpg 300w\" sizes=\"(max-width: 661px) 100vw, 661px\" \/><\/figure><div class=\"wp-block-media-text__content\">\n<p>Tous les jours de la semaine sauf le mercredi, une logop\u00e8de intervient dans les classes afin d&rsquo;organiser des ateliers logop\u00e9diques en lien avec les apprentissages.<\/p>\n\n\n\n<p>Durant ces s\u00e9ances, les enfants travaillent par groupes sur le vocabulaire, la logique, l&rsquo;expression \u00e9crite, la lecture et les tables d&rsquo;addition et de multiplication.<\/p>\n\n\n\n<p>De plus, elle travaille individuellement avec des enfants, en collaboration avec le P.M.S., pour les aider dans leurs apprentissages. <\/p>\n\n\n\n<p><\/p>\n<\/div><\/div>\n\n\n\n<h2 class=\"wp-block-heading\">La Biblioth\u00e8que Bruegel<\/h2>\n\n\n\n<div class=\"wp-block-media-text alignwide is-stacked-on-mobile is-vertically-aligned-top\"><figure class=\"wp-block-media-text__media\"><img decoding=\"async\" loading=\"lazy\" width=\"500\" height=\"375\" src=\"http:\/\/ipoweb.bruxelles.be\/baronsteens\/wp-content\/uploads\/2021\/01\/3-bibliotheque.jpg\" alt=\"\" class=\"wp-image-219 size-full\" srcset=\"https:\/\/ipoweb.bruxelles.be\/baronsteens\/wp-content\/uploads\/2021\/01\/3-bibliotheque.jpg 500w, https:\/\/ipoweb.bruxelles.be\/baronsteens\/wp-content\/uploads\/2021\/01\/3-bibliotheque-300x225.jpg 300w\" sizes=\"(max-width: 500px) 100vw, 500px\" \/><\/figure><div class=\"wp-block-media-text__content\">\n<p>Les classes se rendent r\u00e9guli\u00e8rement \u00e0 la biblioth\u00e8que. Aussi bien en primaire qu\u2019en maternelle. C\u2019est l\u2019occasion d\u2019emprunter des livres pour la classe ou la maison.<\/p>\n\n\n\n<p>C\u2019est aussi la possibilit\u00e9 de visiter des expositions, de participer \u00e0 des concours ou \u00e0 des animations autour du livre, etc.<\/p>\n\n\n\n<p>Nous sommes voisins de la <a href=\"https:\/\/biblio.brussels\/iguana\/www.main.cls?surl=bruxelles_bibliotheque_bruegel\">Biblioth\u00e8que Bruegel de la Ville de Bruxelles<\/a>, avec un acc\u00e8s direct par notre cour de r\u00e9cr\u00e9ation.<\/p>\n\n\n\n<p><\/p>\n<\/div><\/div>\n\n\n\n<h2 class=\"wp-block-heading\">Le Centre Culturel Bruegel<\/h2>\n\n\n\n<div class=\"wp-block-media-text alignwide is-stacked-on-mobile is-vertically-aligned-top\"><figure class=\"wp-block-media-text__media\"><img decoding=\"async\" loading=\"lazy\" width=\"500\" height=\"667\" src=\"http:\/\/ipoweb.bruxelles.be\/baronsteens\/wp-content\/uploads\/2021\/01\/centre-culturel.jpg\" alt=\"\" class=\"wp-image-359 size-full\" srcset=\"https:\/\/ipoweb.bruxelles.be\/baronsteens\/wp-content\/uploads\/2021\/01\/centre-culturel.jpg 500w, https:\/\/ipoweb.bruxelles.be\/baronsteens\/wp-content\/uploads\/2021\/01\/centre-culturel-225x300.jpg 225w\" sizes=\"(max-width: 500px) 100vw, 500px\" \/><\/figure><div class=\"wp-block-media-text__content\">\n<p>Depuis sa r\u00e9novation en 2016, nous sommes voisins du <a href=\"https:\/\/www.ccbruegel.be\/\">Centre Culturel Bruegel<\/a>. L\u2019occasion de profiter de leur offre d\u2019expositions, de spectacles, mais aussi d\u2019animations dans l\u2019\u00e9cole (th\u00e9\u00e2tre, musique,&#8230;).<\/p>\n\n\n\n<p>Nous partageons des fen\u00eatres qui offrent davantage d&rsquo;interactivit\u00e9 entre nos 2 institutions.<\/p>\n\n\n\n<p><\/p>\n<\/div><\/div>\n\n\n\n<h2 class=\"wp-block-heading\">Remua ASBL<\/h2>\n\n\n\n<div class=\"wp-block-media-text alignwide is-stacked-on-mobile is-vertically-aligned-top\"><figure class=\"wp-block-media-text__media\"><img decoding=\"async\" loading=\"lazy\" width=\"417\" height=\"208\" src=\"http:\/\/ipoweb.bruxelles.be\/baronsteens\/wp-content\/uploads\/2022\/06\/remua.png\" alt=\"\" class=\"wp-image-1053 size-full\" srcset=\"https:\/\/ipoweb.bruxelles.be\/baronsteens\/wp-content\/uploads\/2022\/06\/remua.png 417w, https:\/\/ipoweb.bruxelles.be\/baronsteens\/wp-content\/uploads\/2022\/06\/remua-300x150.png 300w\" sizes=\"(max-width: 417px) 100vw, 417px\" \/><\/figure><div class=\"wp-block-media-text__content\">\n<p>Remua est une ASBL active dans le domaine de la musique.<\/p>\n\n\n\n<p>Les \u00e9l\u00e8ves de primaire qui le souhaitent ont la possibilit\u00e9 d\u2019apprendre un instrument de musique \u00e0 l\u2019\u00e9cole apr\u00e8s les heures de cours.<\/p>\n\n\n\n<p><a href=\"https:\/\/www.remua.be\/copie-de-nos-principes-fondamentaux-1\">Projet El Sistema: l&rsquo;\u00e9galit\u00e9 des chances par la musique<\/a><\/p>\n\n\n\n<p>Remua est aussi un partenaire pour des animations musicales pour la section maternelle.<\/p>\n\n\n\n<p><a href=\"https:\/\/www.remua.be\/copie-de-new-l-egalite-des-chances-\">Ateliers Remua pour les \u00e9coles<\/a><\/p>\n<\/div><\/div>\n\n\n\n<h2 class=\"wp-block-heading\">Et bien d&rsquo;autres!<\/h2>\n\n\n\n<p>L\u2019ouverture sur le quartier et sur le monde ne s\u2019arr\u00eate pas l\u00e0&nbsp;!<\/p>\n\n\n\n<p>Chaque ann\u00e9e, toutes les classes vont assister \u00e0 plusieurs spectacles au <strong>th\u00e9\u00e2tre de la Montagne Magique<\/strong>. ( lamontagnemagique.be)<\/p>\n\n\n\n<p><\/p>\n\n\n\n<p>Nous collaborons avec le <strong>Centre de Guidance<\/strong> de l\u2019ULB, situ\u00e9 au coin de la rue. Ils assurent une activit\u00e9 sp\u00e9cifique pour quelques \u00e9l\u00e8ves de maternelle (pr\u00e9vention en logop\u00e9die). <\/p>\n\n\n\n<p><a href=\"http:\/\/www.ssmulb.be\/centre\/centre-de-guidance\/\">Site web du Centre de Guidance de l&rsquo;ULB<\/a><\/p>\n\n\n\n<p>L\u2019ASBL&nbsp;<strong>Prov\u00e9lo<\/strong> forme chaque ann\u00e9e nos \u00e9l\u00e8ves de 5\u00e8me et 6\u00e8me \u00e0 la conduite \u00e0 v\u00e9lo en ville.<\/p>\n\n\n\n<p><a href=\"https:\/\/www.provelo.org\/fr\/section\/ecole\">Site web de l&rsquo;ASBL ProV\u00e9lo<\/a><\/p>\n\n\n\n<p><\/p>\n","protected":false},"excerpt":{"rendered":"<p>Une logop\u00e8de dans notre \u00e9cole Tous les jours de la semaine sauf le mercredi, une logop\u00e8de intervient dans les classes afin d&rsquo;organiser des ateliers logop\u00e9diques en lien avec les apprentissages. Durant ces s\u00e9ances, les enfants travaillent par groupes sur le vocabulaire, la logique, l&rsquo;expression \u00e9crite, la lecture et les tables d&rsquo;addition et de multiplication. De&hellip;<\/p>\n","protected":false},"author":1,"featured_media":0,"parent":0,"menu_order":0,"comment_status":"closed","ping_status":"closed","template":"","meta":{"footnotes":""},"_links":{"self":[{"href":"https:\/\/ipoweb.bruxelles.be\/baronsteens\/wp-json\/wp\/v2\/pages\/85"}],"collection":[{"href":"https:\/\/ipoweb.bruxelles.be\/baronsteens\/wp-json\/wp\/v2\/pages"}],"about":[{"href":"https:\/\/ipoweb.bruxelles.be\/baronsteens\/wp-json\/wp\/v2\/types\/page"}],"author":[{"embeddable":true,"href":"https:\/\/ipoweb.bruxelles.be\/baronsteens\/wp-json\/wp\/v2\/users\/1"}],"replies":[{"embeddable":true,"href":"https:\/\/ipoweb.bruxelles.be\/baronsteens\/wp-json\/wp\/v2\/comments?post=85"}],"version-history":[{"count":20,"href":"https:\/\/ipoweb.bruxelles.be\/baronsteens\/wp-json\/wp\/v2\/pages\/85\/revisions"}],"predecessor-version":[{"id":2545,"href":"https:\/\/ipoweb.bruxelles.be\/baronsteens\/wp-json\/wp\/v2\/pages\/85\/revisions\/2545"}],"wp:attachment":[{"href":"https:\/\/ipoweb.bruxelles.be\/baronsteens\/wp-json\/wp\/v2\/media?parent=85"}],"curies":[{"name":"wp","href":"https:\/\/api.w.org\/{rel}","templated":true}]}}