{"id":31,"date":"2023-06-21T10:30:00","date_gmt":"2023-06-21T08:30:00","guid":{"rendered":"http:\/\/ipoweb.bruxelles.be\/cefa\/?page_id=31"},"modified":"2025-06-30T09:07:54","modified_gmt":"2025-06-30T07:07:54","slug":"contact","status":"publish","type":"page","link":"https:\/\/ipoweb.bruxelles.be\/cefa\/contact\/","title":{"rendered":"Contact"},"content":{"rendered":"\n<div class=\"wp-block-columns alignwide is-style-default has-primary-color has-text-color has-background is-layout-flex wp-container-3 wp-block-columns-is-layout-flex\" style=\"background-color:#fff275\">\n<div class=\"wp-block-column has-primary-color has-text-color is-layout-flow wp-block-column-is-layout-flow\" style=\"--col-width:33%;flex-basis:33%\">\n<h3 class=\"wp-block-heading has-primary-color has-text-color\">CEFA de la Ville de Bruxelles<\/h3>\n\n\n\n<p class=\"has-primary-color has-text-color\">Campus des Arts et M\u00e9tiers<br>Boulevard de l&rsquo;Abattoir 50<br>1000 Bruxelles<br><strong>sec.cefa<\/strong>@<strong>brucity.education<\/strong><\/p>\n\n\n\n<p class=\"has-primary-color has-text-color\">02 279 52 50 (Accueil)<br>02 279 51 25 (Surveillant-\u00c9ducateur)<\/p>\n\n\n\n<p class=\"has-primary-color has-text-color\"><a href=\"https:\/\/www.facebook.com\/CEFA.Bruxelles\/\" data-type=\"link\" data-id=\"https:\/\/www.facebook.com\/CEFA.Bruxelles\/\">Facebook<\/a><\/p>\n\n\n\n<p class=\"has-primary-color has-text-color\">Arr\u00eats Stib Arts et M\u00e9tiers (trams 51 et 82) et Comte de Flandre (m\u00e9tro Ligne 1 et 5). Bus De Lijn 127 et 128. Proximit\u00e9 Gare du Midi.<br><\/p>\n<\/div>\n\n\n\n<div class=\"wp-block-column is-layout-flow wp-block-column-is-layout-flow\" style=\"--col-width:67%;flex-basis:67%\">\n<iframe src=\"https:\/\/www.google.com\/maps\/embed?pb=!1m14!1m8!1m3!1d10076.474596424236!2d4.3375361!3d50.8474871!3m2!1i1024!2i768!4f13.1!3m3!1m2!1s0x0%3A0xcdc9592c7ec4c529!2sCefa%20Bruxelles!5e0!3m2!1sfr!2sbe!4v1633420837272!5m2!1sfr!2sbe\" width=\"800\" height=\"600\" style=\"border:0;\" allowfullscreen=\"\" loading=\"lazy\"><\/iframe>\n<\/div>\n<\/div>\n","protected":false},"excerpt":{"rendered":"<p>CEFA de la Ville de Bruxelles Campus des Arts et M\u00e9tiersBoulevard de l&rsquo;Abattoir 501000 Bruxellessec.cefa@brucity.education 02 279 52 50 (Accueil)02 279 51 25 (Surveillant-\u00c9ducateur) Facebook Arr\u00eats Stib Arts et M\u00e9tiers (trams 51 et 82) et Comte de Flandre (m\u00e9tro Ligne 1 et 5). Bus De Lijn 127 et 128. Proximit\u00e9 Gare du Midi.<\/p>\n","protected":false},"author":2,"featured_media":0,"parent":0,"menu_order":0,"comment_status":"closed","ping_status":"closed","template":"tw-no-title.php","meta":{"footnotes":""},"_links":{"self":[{"href":"https:\/\/ipoweb.bruxelles.be\/cefa\/wp-json\/wp\/v2\/pages\/31"}],"collection":[{"href":"https:\/\/ipoweb.bruxelles.be\/cefa\/wp-json\/wp\/v2\/pages"}],"about":[{"href":"https:\/\/ipoweb.bruxelles.be\/cefa\/wp-json\/wp\/v2\/types\/page"}],"author":[{"embeddable":true,"href":"https:\/\/ipoweb.bruxelles.be\/cefa\/wp-json\/wp\/v2\/users\/2"}],"replies":[{"embeddable":true,"href":"https:\/\/ipoweb.bruxelles.be\/cefa\/wp-json\/wp\/v2\/comments?post=31"}],"version-history":[{"count":66,"href":"https:\/\/ipoweb.bruxelles.be\/cefa\/wp-json\/wp\/v2\/pages\/31\/revisions"}],"predecessor-version":[{"id":1495,"href":"https:\/\/ipoweb.bruxelles.be\/cefa\/wp-json\/wp\/v2\/pages\/31\/revisions\/1495"}],"wp:attachment":[{"href":"https:\/\/ipoweb.bruxelles.be\/cefa\/wp-json\/wp\/v2\/media?parent=31"}],"curies":[{"name":"wp","href":"https:\/\/api.w.org\/{rel}","templated":true}]}}