{"id":32,"date":"2022-06-09T15:15:00","date_gmt":"2022-06-09T13:15:00","guid":{"rendered":"http:\/\/ipoweb.bruxelles.be\/cefa\/?page_id=32"},"modified":"2025-06-30T10:00:08","modified_gmt":"2025-06-30T08:00:08","slug":"projet-detablissement","status":"publish","type":"page","link":"https:\/\/ipoweb.bruxelles.be\/cefa\/projet-detablissement\/","title":{"rendered":"Projet d&rsquo;\u00e9tablissement"},"content":{"rendered":"\n<p>&nbsp;<\/p>\n\n\n\n<div class=\"wp-block-group alignwide has-border-color has-primary-border-color has-primary-color has-text-color has-background is-layout-flow wp-block-group-is-layout-flow\" style=\"background-color:#fff275\"><div class=\"wp-block-group__inner-container\">\n<div class=\"wp-block-media-text alignwide has-media-on-the-right is-stacked-on-mobile has-primary-color has-text-color\" style=\"grid-template-columns:auto 64%\"><div class=\"wp-block-media-text__content\">\n<p class=\"has-text-align-center\" style=\"font-size:28px\"><strong>Projet d&rsquo;\u00e9tablissement<\/strong><\/p>\n<\/div><figure class=\"wp-block-media-text__media\"><img decoding=\"async\" src=\"http:\/\/ipoweb.bruxelles.be\/cefa\/wp-content\/uploads\/2022\/06\/53.jpg\" alt=\"\" class=\"wp-image-543 size-full\"\/><\/figure><\/div>\n\n\n\n<p class=\"has-primary-color has-subtle-background-background-color has-text-color has-background\"><strong>L<\/strong>e CEFA, Centre d&rsquo;\u00c9ducation et de Formation en Alternance, est un \u00e9tablissement d&rsquo;enseignement professionnel de qualification de la Ville de Bruxelles. Fond\u00e9 sur des principes de d\u00e9mocratie, de neutralit\u00e9 et de pluralisme, son enseignement appartient au r\u00e9seau officiel subventionn\u00e9 et est accessible \u00e0 tous, sans distinction de sexe, d&rsquo;origine ethnique, de convictions politiques, philosophiques ou religieuses.<\/p>\n\n\n\n<p class=\"has-primary-color has-subtle-background-background-color has-text-color has-background\"><strong><em>L<\/em><\/strong>&lsquo;objectif de l&rsquo;\u00e9tablissement est de fournir un enseignement en alternance. Cette dynamique entre \u00e9cole et monde de l\u2019entreprise permet aux \u00e9l\u00e8ves de valoriser une exp\u00e9rience acquise durant leur scolarit\u00e9, ce qui constitue un atout par rapport \u00e0 un enseignement professionnel traditionnel. \u00c0 l&rsquo;issue de leur scolarit\u00e9, les \u00e9l\u00e8ves re\u00e7oivent un certificat de qualification, leur permettant d&rsquo;entrer directement dans la vie active.<\/p>\n\n\n\n<p class=\"has-primary-color has-subtle-background-background-color has-text-color has-background\"><strong>L<\/strong>&lsquo;\u00e9tablissement pr\u00f4ne un enseignement bas\u00e9 sur la rigueur et le respect des normes de s\u00e9curit\u00e9 dans une ambiance \u00e0 taille humaine.<\/p>\n\n\n\n<p class=\"has-primary-color has-subtle-background-background-color has-text-color has-background\"><strong>L<\/strong>\u2019\u00e9quipe \u00e9ducative pluridisciplinaire est compos\u00e9e de professeurs qui enseignent les mati\u00e8res g\u00e9n\u00e9rales, mais \u00e9galement de professionnels issus du monde de l&rsquo;entreprise. Cette \u00e9quipe travaille constamment en vue de former les jeunes aux r\u00e9alit\u00e9s du monde du travail.<\/p>\n\n\n\n<p class=\"has-primary-color has-subtle-background-background-color has-text-color has-background\"><strong>L<\/strong>\u2019\u00e9cole propose des activit\u00e9s extra-acad\u00e9miques telles que&nbsp;:<\/p>\n\n\n\n<ul class=\"has-primary-color has-very-light-gray-to-cyan-bluish-gray-gradient-background has-text-color has-background\">\n<li>Des rencontres avec des chefs d&rsquo;entreprises durant leurs formations&nbsp;;<\/li>\n\n\n\n<li>Des sorties culturelles et sportives&nbsp;;<\/li>\n\n\n\n<li>Des activit\u00e9s sportives et culturelles propos\u00e9es par L&rsquo;ASBL Sports et Culture&nbsp;;<\/li>\n\n\n\n<li>Des visites d\u2019entreprises.<\/li>\n<\/ul>\n\n\n\n<div class=\"wp-block-group is-layout-flow wp-block-group-is-layout-flow\"><div class=\"wp-block-group__inner-container\">\n<p class=\"has-primary-color has-subtle-background-background-color has-text-color has-background\"><strong>U<\/strong>ne p\u00e9dagogie en alternance est mise en pratique par le corps professoral, permettant \u00e0 l&rsquo;\u00e9l\u00e8ve de disposer d&rsquo;une formation g\u00e9n\u00e9rale et technique ainsi que d&rsquo;une formation en entreprise. Cette derni\u00e8re est appuy\u00e9e par des projets pilotes tels que le projet d&rsquo;accompagnement des \u00e9l\u00e8ves par un conseiller attitr\u00e9 qui se charge de trouver un travail en entreprise et d\u2019assurer le suivi du jeune durant toute sa p\u00e9riode de travail.<\/p>\n<\/div><\/div>\n\n\n\n<div class=\"wp-block-group is-layout-flow wp-block-group-is-layout-flow\"><div class=\"wp-block-group__inner-container\">\n<p class=\"has-primary-color has-subtle-background-background-color has-text-color has-background\"><strong>L<\/strong>\u2019\u00e9cole propose une aide \u00e0 la r\u00e9ussite par le biais de cours de soutien dans les mati\u00e8res g\u00e9n\u00e9rales, dispens\u00e9s par certains professeurs. L&rsquo;\u00e9l\u00e8ve peut par ailleurs consulter \u00e0 tout moment le centre PMS de l&rsquo;\u00e9cole afin de discuter des possibilit\u00e9s d&rsquo;orientation et des d\u00e9bouch\u00e9s professionnels.<\/p>\n<\/div><\/div>\n<\/div><\/div>\n","protected":false},"excerpt":{"rendered":"<p>&nbsp; Projet d&rsquo;\u00e9tablissement Le CEFA, Centre d&rsquo;\u00c9ducation et de Formation en Alternance, est un \u00e9tablissement d&rsquo;enseignement professionnel de qualification de la Ville de Bruxelles. Fond\u00e9 sur des principes de d\u00e9mocratie, de neutralit\u00e9 et de pluralisme, son enseignement appartient au r\u00e9seau officiel subventionn\u00e9 et est accessible \u00e0 tous, sans distinction de sexe, d&rsquo;origine ethnique, de convictions&hellip;<\/p>\n","protected":false},"author":2,"featured_media":0,"parent":0,"menu_order":0,"comment_status":"closed","ping_status":"closed","template":"tw-no-title.php","meta":{"footnotes":""},"_links":{"self":[{"href":"https:\/\/ipoweb.bruxelles.be\/cefa\/wp-json\/wp\/v2\/pages\/32"}],"collection":[{"href":"https:\/\/ipoweb.bruxelles.be\/cefa\/wp-json\/wp\/v2\/pages"}],"about":[{"href":"https:\/\/ipoweb.bruxelles.be\/cefa\/wp-json\/wp\/v2\/types\/page"}],"author":[{"embeddable":true,"href":"https:\/\/ipoweb.bruxelles.be\/cefa\/wp-json\/wp\/v2\/users\/2"}],"replies":[{"embeddable":true,"href":"https:\/\/ipoweb.bruxelles.be\/cefa\/wp-json\/wp\/v2\/comments?post=32"}],"version-history":[{"count":30,"href":"https:\/\/ipoweb.bruxelles.be\/cefa\/wp-json\/wp\/v2\/pages\/32\/revisions"}],"predecessor-version":[{"id":1550,"href":"https:\/\/ipoweb.bruxelles.be\/cefa\/wp-json\/wp\/v2\/pages\/32\/revisions\/1550"}],"wp:attachment":[{"href":"https:\/\/ipoweb.bruxelles.be\/cefa\/wp-json\/wp\/v2\/media?parent=32"}],"curies":[{"name":"wp","href":"https:\/\/api.w.org\/{rel}","templated":true}]}}