{"id":50,"date":"2021-01-17T20:02:18","date_gmt":"2021-01-17T19:02:18","guid":{"rendered":"http:\/\/ipoweb.bruxelles.be\/cefa\/?page_id=50"},"modified":"2025-06-30T08:27:43","modified_gmt":"2025-06-30T06:27:43","slug":"sections","status":"publish","type":"page","link":"https:\/\/ipoweb.bruxelles.be\/cefa\/sections\/","title":{"rendered":"Formations"},"content":{"rendered":"\n<h2 class=\"wp-block-heading has-cool-to-warm-spectrum-gradient-background has-background\">Article 45 <\/h2>\n\n\n\n<ul>\n<li>Aide-\u00e9lectricien\u00b7ne ;<\/li>\n\n\n\n<li>Auxiliaire de magasin ;<\/li>\n\n\n\n<li>Aide-m\u00e9canicien\u00b7ne cycles et petits moteurs ;<\/li>\n\n\n\n<li>Premier\u00b7e commis de cuisine ;<\/li>\n\n\n\n<li>Monteur\u00b7se en sanitaire<\/li>\n<\/ul>\n\n\n\n<h2 class=\"wp-block-heading has-cool-to-warm-spectrum-gradient-background has-background\">Article 49  <\/h2>\n\n\n\n<p class=\"has-medium-font-size\"><strong>En 3<sup>\u00e8me<\/sup> professionnelle&nbsp;<\/strong>:<\/p>\n\n\n\n<ul>\n<li>Coiffeur\u00b7euse<\/li>\n<\/ul>\n\n\n\n<h2 class=\"wp-block-heading has-medium-font-size\"><strong>En 4\u00e8me, 5\u00e8me et 6\u00e8me professionnelles<\/strong><\/h2>\n\n\n\n<ul>\n<li>Collaborateur\u00b7rice administratif\u00b7ive ;<\/li>\n\n\n\n<li>Carrossier\u00b7\u00e8re ;<\/li>\n\n\n\n<li>Cuisinier\u00b7\u00e8re de collectivit\u00e9 ;<\/li>\n\n\n\n<li>Vendeur\u00b7euse ;<\/li>\n\n\n\n<li>Monteur\u00b7euse en chauffage et sanitaire<\/li>\n\n\n\n<li>Coiffeur\u00b7euse;<\/li>\n\n\n\n<li>Installateur\u00b7rice \u00e9lectricien\u00b7ne<\/li>\n\n\n\n<li>M\u00e9canicien\u00b7ne d\u2019entretien automobile ;<\/li>\n<\/ul>\n\n\n\n<h2 class=\"wp-block-heading has-medium-font-size\"><strong>En 7\u00e8me professionnelle<\/strong><\/h2>\n\n\n\n<ul>\n<li>Coiffeur\u00b7euse manager ;<\/li>\n\n\n\n<li>Gestionnaire de tr\u00e8s petites entreprises ;<\/li>\n\n\n\n<li>M\u00e9canicien\u00b7ne des moteurs diesels et engins hydrauliques ;<\/li>\n\n\n\n<li>Collaborateur\u00b7rice administratif\u00b7ive;<\/li>\n\n\n\n<li>Chef de cuisine de collectivit\u00e9 ;<\/li>\n\n\n\n<li>Carrossier\u00b7\u00e8re sp\u00e9cialis\u00e9\u00b7e ;<\/li>\n\n\n\n<li>Installateur .trice en chauffage central<\/li>\n\n\n\n<li>Compl\u00e9ment en maintenance d\u2019\u00e9quipements techniques ;<\/li>\n<\/ul>\n\n\n\n<div class=\"wp-block-group alignfull is-layout-flow wp-block-group-is-layout-flow\"><div class=\"wp-block-group__inner-container\">\n<div class=\"wp-block-media-text alignwide has-media-on-the-right is-stacked-on-mobile is-vertically-aligned-top has-primary-color has-text-color has-background tw-stack-md\" style=\"background-color:#fff275;grid-template-columns:auto 30%\"><div class=\"wp-block-media-text__content\">\n<h2 class=\"wp-block-heading has-primary-color has-text-color has-background has-medium-font-size\" style=\"background-color:#2e86ab\"><mark style=\"background-color:rgba(0, 0, 0, 0);color:#0006a3\" class=\"has-inline-color\">Coiffeur \/ Coiffeuse<\/mark>  <\/h2>\n\n\n\n<p><em>Cr\u00e9e, conseille, sublime<\/em><br>Un m\u00e9tier passionnant o\u00f9 tu pourras :<\/p>\n\n\n\n<ul>\n<li>Exprimer ta cr\u00e9ativit\u00e9 avec des coupes tendance<\/li>\n\n\n\n<li>D\u00e9velopper ton relationnel avec une client\u00e8le vari\u00e9e<\/li>\n\n\n\n<li>Apprendre les techniques de coloration et soins capillaires<br><em>Attention : n\u00e9cessite une bonne r\u00e9sistance physique et l&rsquo;absence d&rsquo;allergies aux produits<\/em><\/li>\n<\/ul>\n<\/div><figure class=\"wp-block-media-text__media\"><img decoding=\"async\" loading=\"lazy\" width=\"683\" height=\"1024\" src=\"https:\/\/ipoweb.bruxelles.be\/cefa\/wp-content\/uploads\/2025\/06\/coif2-1-683x1024.webp\" alt=\"une photo qui montre une jeune \u00e9l\u00e8ve en coiffure en formation chez CEFA de Bruxelles avec une cliente \u00e0 l'atelier CEFA\" class=\"wp-image-1294 size-full\" srcset=\"https:\/\/ipoweb.bruxelles.be\/cefa\/wp-content\/uploads\/2025\/06\/coif2-1-683x1024.webp 683w, https:\/\/ipoweb.bruxelles.be\/cefa\/wp-content\/uploads\/2025\/06\/coif2-1-200x300.webp 200w, https:\/\/ipoweb.bruxelles.be\/cefa\/wp-content\/uploads\/2025\/06\/coif2-1-768x1152.webp 768w, https:\/\/ipoweb.bruxelles.be\/cefa\/wp-content\/uploads\/2025\/06\/coif2-1-1024x1536.webp 1024w, https:\/\/ipoweb.bruxelles.be\/cefa\/wp-content\/uploads\/2025\/06\/coif2-1.webp 1200w\" sizes=\"(max-width: 683px) 100vw, 683px\" \/><\/figure><\/div>\n\n\n\n<div class=\"wp-block-media-text alignwide is-stacked-on-mobile has-background tw-stack-md\" style=\"background-color:#fff275;grid-template-columns:30% auto\"><figure class=\"wp-block-media-text__media\"><img decoding=\"async\" loading=\"lazy\" width=\"1200\" height=\"1800\" src=\"https:\/\/ipoweb.bruxelles.be\/cefa\/wp-content\/uploads\/2025\/06\/cuisto1.webp\" alt=\"une photo qui montre une jeune \u00e9l\u00e8ve en cuisine - en formation chez CEFA de Bruxelles- en atelier cuisine\" class=\"wp-image-1287 size-full\" srcset=\"https:\/\/ipoweb.bruxelles.be\/cefa\/wp-content\/uploads\/2025\/06\/cuisto1.webp 1200w, https:\/\/ipoweb.bruxelles.be\/cefa\/wp-content\/uploads\/2025\/06\/cuisto1-200x300.webp 200w, https:\/\/ipoweb.bruxelles.be\/cefa\/wp-content\/uploads\/2025\/06\/cuisto1-683x1024.webp 683w, https:\/\/ipoweb.bruxelles.be\/cefa\/wp-content\/uploads\/2025\/06\/cuisto1-768x1152.webp 768w, https:\/\/ipoweb.bruxelles.be\/cefa\/wp-content\/uploads\/2025\/06\/cuisto1-1024x1536.webp 1024w\" sizes=\"(max-width: 1200px) 100vw, 1200px\" \/><\/figure><div class=\"wp-block-media-text__content\">\n<h2 class=\"wp-block-heading has-primary-color has-text-color has-background has-medium-font-size\" style=\"background-color:#2e86ab\"><mark style=\"background-color:rgba(0, 0, 0, 0);color:#0013a3\" class=\"has-inline-color\">Cuisinier \/ cuisini\u00e8re de   collectivit\u00e9s<\/mark> <\/h2>\n\n\n\n<p><em>L&rsquo;art culinaire \u00e0 grande \u00e9chelle<\/em><br>Tu ma\u00eetriseras :<\/p>\n\n\n\n<ul>\n<li>La pr\u00e9paration de repas \u00e9quilibr\u00e9s en quantit\u00e9<\/li>\n\n\n\n<li>L&rsquo;organisation d&rsquo;une cuisine professionnelle<\/li>\n\n\n\n<li>Les normes strictes d&rsquo;hygi\u00e8ne et s\u00e9curit\u00e9<br><em>Pour les passionn\u00e9s de cuisine qui aiment le travail d&rsquo;\u00e9quipe<\/em><\/li>\n<\/ul>\n<\/div><\/div>\n<\/div><\/div>\n\n\n\n<div class=\"wp-block-group alignfull is-layout-flow wp-block-group-is-layout-flow\"><div class=\"wp-block-group__inner-container\">\n<div class=\"wp-block-media-text alignwide is-stacked-on-mobile has-background tw-stack-md\" style=\"background-color:#fff275;grid-template-columns:45% auto\"><figure class=\"wp-block-media-text__media\"><img decoding=\"async\" loading=\"lazy\" width=\"1024\" height=\"683\" src=\"https:\/\/ipoweb.bruxelles.be\/cefa\/wp-content\/uploads\/2025\/06\/PhotoCEFAMecano-ezgif.com-jpg-to-webp-converter-1024x683.webp\" alt=\"une photo qui montre un jeune \u00e9l\u00e8ve m\u00e9canique - en formation chez CEFA de Bruxelles- en atelier maintenance auto \" class=\"wp-image-1354 size-full\" srcset=\"https:\/\/ipoweb.bruxelles.be\/cefa\/wp-content\/uploads\/2025\/06\/PhotoCEFAMecano-ezgif.com-jpg-to-webp-converter-1024x683.webp 1024w, https:\/\/ipoweb.bruxelles.be\/cefa\/wp-content\/uploads\/2025\/06\/PhotoCEFAMecano-ezgif.com-jpg-to-webp-converter-300x200.webp 300w, https:\/\/ipoweb.bruxelles.be\/cefa\/wp-content\/uploads\/2025\/06\/PhotoCEFAMecano-ezgif.com-jpg-to-webp-converter-768x512.webp 768w, https:\/\/ipoweb.bruxelles.be\/cefa\/wp-content\/uploads\/2025\/06\/PhotoCEFAMecano-ezgif.com-jpg-to-webp-converter.webp 1200w\" sizes=\"(max-width: 1024px) 100vw, 1024px\" \/><\/figure><div class=\"wp-block-media-text__content\">\n<h2 class=\"wp-block-heading has-primary-color has-text-color has-background has-medium-font-size\" style=\"background-color:#2e86ab\"><mark style=\"background-color:rgba(0, 0, 0, 0);color:#000fa3\" class=\"has-inline-color\">M\u00e9<\/mark><mark style=\"background-color:rgba(0, 0, 0, 0);color:#001ca3\" class=\"has-inline-color\">canicien \/ M\u00e9canicienne d&rsquo;entretien automobile<\/mark><\/h2>\n\n\n\n<p><em>La technologie au service de la performance<\/em><br>Tu apprendras \u00e0 :<\/p>\n\n\n\n<ul>\n<li>Diagnostiquer et r\u00e9parer tous types de v\u00e9hicules<\/li>\n\n\n\n<li>Ma\u00eetriser les outils high-tech de diagnostic<\/li>\n\n\n\n<li>T&rsquo;adapter aux nouvelles motorisations (\u00e9lectrique, hybride)<br><em>Qualit\u00e9s requises : minutie, logique et soif d&rsquo;apprendre<\/em><\/li>\n<\/ul>\n<\/div><\/div>\n\n\n\n<div class=\"wp-block-media-text alignwide has-media-on-the-right is-stacked-on-mobile has-background tw-stack-md\" style=\"background-color:#fff275;grid-template-columns:auto 45%\"><div class=\"wp-block-media-text__content\">\n<h2 class=\"wp-block-heading has-background has-medium-font-size\" style=\"background-color:#2e86ab\"><mark style=\"background-color:rgba(0, 0, 0, 0);color:#0013a3\" class=\"has-inline-color\">Carrossier \/ carrossi\u00e8re <\/mark> <\/h2>\n\n\n\n<p><em>L&rsquo;art de redonner vie aux v\u00e9hicules<\/em><br>Au programme :<\/p>\n\n\n\n<ul>\n<li>Techniques de redressage et remise en forme<\/li>\n\n\n\n<li>Ma\u00eetrise des peintures et finitions parfaites<\/li>\n\n\n\n<li>Utilisation des outils modernes de carrosserie<br><em>Pour ceux qui aiment le travail soign\u00e9 et pr\u00e9cis<\/em><\/li>\n<\/ul>\n<\/div><figure class=\"wp-block-media-text__media\"><img decoding=\"async\" loading=\"lazy\" width=\"1024\" height=\"683\" src=\"https:\/\/ipoweb.bruxelles.be\/cefa\/wp-content\/uploads\/2025\/05\/carosserie-1024x683.webp\" alt=\"une photo qui montre un jeune \u00e9l\u00e8ve en carrosserie - en formation chez CEFA de Bruxelles- en atelier carrosserie.\" class=\"wp-image-1078 size-full\" srcset=\"https:\/\/ipoweb.bruxelles.be\/cefa\/wp-content\/uploads\/2025\/05\/carosserie-1024x683.webp 1024w, https:\/\/ipoweb.bruxelles.be\/cefa\/wp-content\/uploads\/2025\/05\/carosserie-300x200.webp 300w, https:\/\/ipoweb.bruxelles.be\/cefa\/wp-content\/uploads\/2025\/05\/carosserie-768x512.webp 768w, https:\/\/ipoweb.bruxelles.be\/cefa\/wp-content\/uploads\/2025\/05\/carosserie.webp 1200w\" sizes=\"(max-width: 1024px) 100vw, 1024px\" \/><\/figure><\/div>\n<\/div><\/div>\n\n\n\n<div class=\"wp-block-media-text has-media-on-the-right is-stacked-on-mobile is-image-fill tw-mt-0 tw-content-narrow has-background tw-stack-md\" style=\"background-color:#fff275;grid-template-columns:auto 45%\"><div class=\"wp-block-media-text__content\">\n<h2 class=\"wp-block-heading has-background has-medium-font-size\" style=\"background-color:#2e86ab\">Monteur \/Monteuse en en chauffage et sanitaire<\/h2>\n\n\n\n<p><em>Un m\u00e9tier indispensable au quotidien<\/em><br>Tu d\u00e9couvriras :<\/p>\n\n\n\n<ul>\n<li>L&rsquo;installation et maintenance des syst\u00e8mes sanitaires<\/li>\n\n\n\n<li>Les nouvelles solutions \u00e9cologiques de chauffage<\/li>\n\n\n\n<li>La gestion de chantiers vari\u00e9s<br><em>Profil recherch\u00e9 : organis\u00e9, polyvalent et rigoureux<\/em><\/li>\n<\/ul>\n<\/div><figure class=\"wp-block-media-text__media\" style=\"background-image:url(https:\/\/ipoweb.bruxelles.be\/cefa\/wp-content\/uploads\/2025\/05\/installation-collecteur-de-chauffage-1024x1024.webp);background-position:50% 50%\"><img decoding=\"async\" loading=\"lazy\" width=\"1024\" height=\"1024\" src=\"https:\/\/ipoweb.bruxelles.be\/cefa\/wp-content\/uploads\/2025\/05\/installation-collecteur-de-chauffage-1024x1024.webp\" alt=\"une photo qui montre un jeune \u00e9l\u00e8ve  - en formation chez CEFA de Bruxelles- en atelier montage chauffage et sanitaire\" class=\"wp-image-1087 size-full\" srcset=\"https:\/\/ipoweb.bruxelles.be\/cefa\/wp-content\/uploads\/2025\/05\/installation-collecteur-de-chauffage-1024x1024.webp 1024w, https:\/\/ipoweb.bruxelles.be\/cefa\/wp-content\/uploads\/2025\/05\/installation-collecteur-de-chauffage-300x300.webp 300w, https:\/\/ipoweb.bruxelles.be\/cefa\/wp-content\/uploads\/2025\/05\/installation-collecteur-de-chauffage-150x150.webp 150w, https:\/\/ipoweb.bruxelles.be\/cefa\/wp-content\/uploads\/2025\/05\/installation-collecteur-de-chauffage-768x768.webp 768w, https:\/\/ipoweb.bruxelles.be\/cefa\/wp-content\/uploads\/2025\/05\/installation-collecteur-de-chauffage.webp 1200w\" sizes=\"(max-width: 1024px) 100vw, 1024px\" \/><\/figure><\/div>\n\n\n\n<div class=\"wp-block-group alignfull is-layout-flow wp-block-group-is-layout-flow\"><div class=\"wp-block-group__inner-container\">\n<div class=\"wp-block-media-text alignwide has-media-on-the-right is-stacked-on-mobile has-background tw-stack-md\" style=\"background-color:#fff275;grid-template-columns:auto 45%\"><div class=\"wp-block-media-text__content\">\n<h2 class=\"wp-block-heading has-background has-medium-font-size\" style=\"background-color:#2e86ab\"> <mark style=\"background-color:rgba(0, 0, 0, 0);color:#0935a6\" class=\"has-inline-color\">Vendeur \/ vendeuse<\/mark> <\/h2>\n\n\n\n<p><em>Au c\u0153ur de l&rsquo;action commerciale<\/em><br>Tes missions :<\/p>\n\n\n\n<ul>\n<li>Conseiller une client\u00e8le vari\u00e9e<\/li>\n\n\n\n<li>G\u00e9rer les stocks et merchandising<\/li>\n\n\n\n<li>Participer \u00e0 l&rsquo;animation du point de vente<br><em>Id\u00e9al si tu es sociable, dynamique et curieux<\/em><\/li>\n<\/ul>\n<\/div><figure class=\"wp-block-media-text__media\"><img decoding=\"async\" loading=\"lazy\" width=\"1024\" height=\"553\" src=\"https:\/\/ipoweb.bruxelles.be\/cefa\/wp-content\/uploads\/2025\/06\/vendeur3-ezgif.com-png-to-webp-converter-1024x553.webp\" alt=\"une photo qui montre une jeune \u00e9l\u00e8ve en vente dans son stage \" class=\"wp-image-1346 size-full\" srcset=\"https:\/\/ipoweb.bruxelles.be\/cefa\/wp-content\/uploads\/2025\/06\/vendeur3-ezgif.com-png-to-webp-converter-1024x553.webp 1024w, https:\/\/ipoweb.bruxelles.be\/cefa\/wp-content\/uploads\/2025\/06\/vendeur3-ezgif.com-png-to-webp-converter-300x162.webp 300w, https:\/\/ipoweb.bruxelles.be\/cefa\/wp-content\/uploads\/2025\/06\/vendeur3-ezgif.com-png-to-webp-converter-768x415.webp 768w, https:\/\/ipoweb.bruxelles.be\/cefa\/wp-content\/uploads\/2025\/06\/vendeur3-ezgif.com-png-to-webp-converter.webp 1200w\" sizes=\"(max-width: 1024px) 100vw, 1024px\" \/><\/figure><\/div>\n\n\n\n<div class=\"wp-block-media-text alignwide is-stacked-on-mobile has-background tw-stack-md\" style=\"background-color:#fff275;grid-template-columns:45% auto\"><figure class=\"wp-block-media-text__media\"><img decoding=\"async\" loading=\"lazy\" width=\"1024\" height=\"683\" src=\"https:\/\/ipoweb.bruxelles.be\/cefa\/wp-content\/uploads\/2025\/05\/Electricien-1024x683.webp\" alt=\"une photo qui montre un jeune \u00e9l\u00e8ve  - en formation chez CEFA de Bruxelles- en atelier installations \u00e9lectrique\" class=\"wp-image-1085 size-full\" srcset=\"https:\/\/ipoweb.bruxelles.be\/cefa\/wp-content\/uploads\/2025\/05\/Electricien-1024x683.webp 1024w, https:\/\/ipoweb.bruxelles.be\/cefa\/wp-content\/uploads\/2025\/05\/Electricien-300x200.webp 300w, https:\/\/ipoweb.bruxelles.be\/cefa\/wp-content\/uploads\/2025\/05\/Electricien-768x512.webp 768w, https:\/\/ipoweb.bruxelles.be\/cefa\/wp-content\/uploads\/2025\/05\/Electricien.webp 1200w\" sizes=\"(max-width: 1024px) 100vw, 1024px\" \/><\/figure><div class=\"wp-block-media-text__content\">\n<h2 class=\"wp-block-heading has-background has-medium-font-size\" style=\"background-color:#2e86ab\"> <mark style=\"background-color:rgba(0, 0, 0, 0);color:#0037a3\" class=\"has-inline-color\">Installateur \u00e9lectricien \/ Installatrice \u00e9lectricienne<\/mark> <\/h2>\n\n\n\n<p><em>Au c\u0153ur des innovations technologiques<\/em><br>Tu apprendras :<\/p>\n\n\n\n<ul>\n<li>L&rsquo;installation et maintenance \u00e9lectrique<\/li>\n\n\n\n<li>Les syst\u00e8mes domotiques intelligents<\/li>\n\n\n\n<li>Les normes de s\u00e9curit\u00e9 essentielles<br><em>Un m\u00e9tier d&rsquo;avenir en constante \u00e9volution<\/em><\/li>\n<\/ul>\n<\/div><\/div>\n<\/div><\/div>\n\n\n\n<div class=\"wp-block-group alignfull is-layout-flow wp-block-group-is-layout-flow\"><div class=\"wp-block-group__inner-container\">\n<div class=\"wp-block-media-text alignwide is-stacked-on-mobile has-background tw-stack-md\" style=\"background-color:#fff275;grid-template-columns:45% auto\"><figure class=\"wp-block-media-text__media\"><img decoding=\"async\" loading=\"lazy\" width=\"1024\" height=\"761\" src=\"https:\/\/ipoweb.bruxelles.be\/cefa\/wp-content\/uploads\/2025\/06\/Collaborateuradminnew-ezgif.com-png-to-webp-converter-1024x761.webp\" alt=\"\" class=\"wp-image-1348 size-full\" srcset=\"https:\/\/ipoweb.bruxelles.be\/cefa\/wp-content\/uploads\/2025\/06\/Collaborateuradminnew-ezgif.com-png-to-webp-converter-1024x761.webp 1024w, https:\/\/ipoweb.bruxelles.be\/cefa\/wp-content\/uploads\/2025\/06\/Collaborateuradminnew-ezgif.com-png-to-webp-converter-300x223.webp 300w, https:\/\/ipoweb.bruxelles.be\/cefa\/wp-content\/uploads\/2025\/06\/Collaborateuradminnew-ezgif.com-png-to-webp-converter-768x571.webp 768w, https:\/\/ipoweb.bruxelles.be\/cefa\/wp-content\/uploads\/2025\/06\/Collaborateuradminnew-ezgif.com-png-to-webp-converter.webp 1200w\" sizes=\"(max-width: 1024px) 100vw, 1024px\" \/><\/figure><div class=\"wp-block-media-text__content\">\n<h2 class=\"wp-block-heading has-text-align-center has-text-color has-background has-medium-font-size\" style=\"color:#450390;background-color:#2e86ab\"> Collaborateur\/trice administratif\/ive <\/h2>\n\n\n\n<p><em>Le pilier invisible des entreprises<\/em><br>Au programme :<\/p>\n\n\n\n<ul>\n<li>Gestion des documents et archives<\/li>\n\n\n\n<li>Accueil et orientation des visiteurs<\/li>\n\n\n\n<li>Aide \u00e0 la gestion quotidienne<br><em>Pour les organis\u00e9s qui aiment la diversit\u00e9<\/em><\/li>\n<\/ul>\n<\/div><\/div>\n<\/div><\/div>\n","protected":false},"excerpt":{"rendered":"<p>Article 45 Article 49 En 3\u00e8me professionnelle&nbsp;: En 4\u00e8me, 5\u00e8me et 6\u00e8me professionnelles En 7\u00e8me professionnelle Coiffeur \/ Coiffeuse Cr\u00e9e, conseille, sublimeUn m\u00e9tier passionnant o\u00f9 tu pourras : Cuisinier \/ cuisini\u00e8re de collectivit\u00e9s L&rsquo;art culinaire \u00e0 grande \u00e9chelleTu ma\u00eetriseras : M\u00e9canicien \/ M\u00e9canicienne d&rsquo;entretien automobile La technologie au service de la performanceTu apprendras \u00e0 :&hellip;<\/p>\n","protected":false},"author":2,"featured_media":0,"parent":0,"menu_order":0,"comment_status":"closed","ping_status":"closed","template":"templates\/template-full-width.php","meta":{"footnotes":""},"_links":{"self":[{"href":"https:\/\/ipoweb.bruxelles.be\/cefa\/wp-json\/wp\/v2\/pages\/50"}],"collection":[{"href":"https:\/\/ipoweb.bruxelles.be\/cefa\/wp-json\/wp\/v2\/pages"}],"about":[{"href":"https:\/\/ipoweb.bruxelles.be\/cefa\/wp-json\/wp\/v2\/types\/page"}],"author":[{"embeddable":true,"href":"https:\/\/ipoweb.bruxelles.be\/cefa\/wp-json\/wp\/v2\/users\/2"}],"replies":[{"embeddable":true,"href":"https:\/\/ipoweb.bruxelles.be\/cefa\/wp-json\/wp\/v2\/comments?post=50"}],"version-history":[{"count":124,"href":"https:\/\/ipoweb.bruxelles.be\/cefa\/wp-json\/wp\/v2\/pages\/50\/revisions"}],"predecessor-version":[{"id":1492,"href":"https:\/\/ipoweb.bruxelles.be\/cefa\/wp-json\/wp\/v2\/pages\/50\/revisions\/1492"}],"wp:attachment":[{"href":"https:\/\/ipoweb.bruxelles.be\/cefa\/wp-json\/wp\/v2\/media?parent=50"}],"curies":[{"name":"wp","href":"https:\/\/api.w.org\/{rel}","templated":true}]}}