{"id":643,"date":"2023-07-06T10:45:00","date_gmt":"2023-07-06T08:45:00","guid":{"rendered":"http:\/\/ipoweb.bruxelles.be\/cefa\/?page_id=643"},"modified":"2025-07-03T10:14:12","modified_gmt":"2025-07-03T08:14:12","slug":"quelques-questions","status":"publish","type":"page","link":"https:\/\/ipoweb.bruxelles.be\/cefa\/quelques-questions\/","title":{"rendered":"Les Cong\u00e9s Scolaires :  2025-2026"},"content":{"rendered":"\n<div class=\"wp-block-group has-primary-color has-text-color has-background is-layout-flow wp-block-group-is-layout-flow\" style=\"background-color:#fff275\"><div class=\"wp-block-group__inner-container\">\n<div class=\"wp-block-group has-electric-grass-gradient-background has-background is-layout-flow wp-block-group-is-layout-flow\"><div class=\"wp-block-group__inner-container\">\n<p><\/p>\n\n\n\n<p class=\"has-primary-color has-luminous-vivid-amber-to-luminous-vivid-orange-gradient-background has-text-color has-background\">Attention : Au CEFA les cong\u00e9s scolaires ne concernent que tes jours de cours.  Les cong\u00e9s scolaires ne suspendent pas le contrat qui te lie \u00e0 l&#8217;employeur qui te permet d&rsquo;apprendre et d&rsquo;\u00e9voluer dans son entreprise. <\/p>\n\n\n\n<p class=\"has-primary-color has-luminous-vivid-amber-to-luminous-vivid-orange-gradient-background has-text-color has-background\">Rentr\u00e9e scolaire : Le Mardi 26 ao\u00fbt 2025 ; <\/p>\n\n\n\n<p class=\"has-primary-color has-text-color\">F\u00eate de la Communaut\u00e9 fran\u00e7aise : Le samedi 27 septembre 2025 ; <\/p>\n\n\n\n<p class=\"has-primary-color has-text-color\">Cong\u00e9 d&rsquo;automne (Toussaint) : Du lundi 20 octobre 2025 au dimanche 2 novembre 2025 ; <\/p>\n\n\n\n<p class=\"has-primary-color has-text-color\">Comm\u00e9moration de l&rsquo;Armistice : Le Mardi 11 novembre 2025<\/p>\n\n\n\n<p class=\"has-primary-color has-text-color\">Vacances d&rsquo;hivers (No\u00ebl) :Du lundi 22 d\u00e9cembre 2025 au dimanche 4 janvier 2026 ; <\/p>\n\n\n\n<p class=\"has-primary-color has-text-color\">Cong\u00e9 de d\u00e9tente (carnaval) : Du lundi 16 f\u00e9vrier 2026 au dimanche 1 mars 2025 ; <\/p>\n\n\n\n<p class=\"has-primary-color has-text-color\">Lundi de P\u00e2ques : Le lundi 6 avril 2026 ; <\/p>\n\n\n\n<p class=\"has-primary-color has-text-color\">Vacances de printemps (P\u00e2ques) : Du lundi 27 avril 2026 au dimanche 10 mai 2026 ; <\/p>\n\n\n\n<p class=\"has-primary-color has-text-color\">Jeudi de l&rsquo;Ascension : Le jeudi 14 mai 2026;<\/p>\n\n\n\n<p class=\"has-primary-color has-text-color\">Lundi de Pentec\u00f4te ; Le lundi 25 mai 2026 ; <\/p>\n\n\n\n<p class=\"has-primary-color has-text-color\">Vacances d&rsquo;\u00e9t\u00e9 : Samedi 4 juillet 2026.<\/p>\n\n\n\n<h1 class=\"wp-block-heading has-text-align-center has-primary-color has-luminous-vivid-amber-to-luminous-vivid-orange-gradient-background has-text-color has-background has-normal-font-size\" style=\"text-transform:uppercase\">Vacances d&rsquo;\u00e9t\u00e9 : <br>Du samedi 4 juillet 2026 <br>au DIMANCHE 23 ao\u00fbt 2025<\/h1>\n<\/div><\/div>\n<\/div><\/div>\n","protected":false},"excerpt":{"rendered":"<p>Attention : Au CEFA les cong\u00e9s scolaires ne concernent que tes jours de cours. Les cong\u00e9s scolaires ne suspendent pas le contrat qui te lie \u00e0 l&#8217;employeur qui te permet d&rsquo;apprendre et d&rsquo;\u00e9voluer dans son entreprise. Rentr\u00e9e scolaire : Le Mardi 26 ao\u00fbt 2025 ; F\u00eate de la Communaut\u00e9 fran\u00e7aise : Le samedi 27 septembre&hellip;<\/p>\n","protected":false},"author":2,"featured_media":0,"parent":0,"menu_order":0,"comment_status":"closed","ping_status":"closed","template":"","meta":{"footnotes":""},"_links":{"self":[{"href":"https:\/\/ipoweb.bruxelles.be\/cefa\/wp-json\/wp\/v2\/pages\/643"}],"collection":[{"href":"https:\/\/ipoweb.bruxelles.be\/cefa\/wp-json\/wp\/v2\/pages"}],"about":[{"href":"https:\/\/ipoweb.bruxelles.be\/cefa\/wp-json\/wp\/v2\/types\/page"}],"author":[{"embeddable":true,"href":"https:\/\/ipoweb.bruxelles.be\/cefa\/wp-json\/wp\/v2\/users\/2"}],"replies":[{"embeddable":true,"href":"https:\/\/ipoweb.bruxelles.be\/cefa\/wp-json\/wp\/v2\/comments?post=643"}],"version-history":[{"count":32,"href":"https:\/\/ipoweb.bruxelles.be\/cefa\/wp-json\/wp\/v2\/pages\/643\/revisions"}],"predecessor-version":[{"id":1549,"href":"https:\/\/ipoweb.bruxelles.be\/cefa\/wp-json\/wp\/v2\/pages\/643\/revisions\/1549"}],"wp:attachment":[{"href":"https:\/\/ipoweb.bruxelles.be\/cefa\/wp-json\/wp\/v2\/media?parent=643"}],"curies":[{"name":"wp","href":"https:\/\/api.w.org\/{rel}","templated":true}]}}