{"id":98,"date":"2021-10-05T09:52:05","date_gmt":"2021-10-05T07:52:05","guid":{"rendered":"http:\/\/ipoweb.bruxelles.be\/cefa\/?page_id=98"},"modified":"2025-06-30T10:12:37","modified_gmt":"2025-06-30T08:12:37","slug":"lequipe","status":"publish","type":"page","link":"https:\/\/ipoweb.bruxelles.be\/cefa\/sections\/lequipe\/","title":{"rendered":"L&rsquo;\u00e9quipe du CEFA"},"content":{"rendered":"\n<div class=\"wp-block-group alignwide has-border-color has-subtle-background-border-color has-primary-color has-luminous-vivid-amber-to-luminous-vivid-orange-gradient-background has-text-color has-background is-vertical is-content-justification-center is-layout-flex wp-container-10 wp-block-group-is-layout-flex\" style=\"border-style:none;border-width:0px\">\n<div class=\"wp-block-group is-layout-flow wp-block-group-is-layout-flow\"><div class=\"wp-block-group__inner-container\">\n<div class=\"wp-block-group alignwide is-layout-flow wp-block-group-is-layout-flow\"><div class=\"wp-block-group__inner-container\">\n<div class=\"wp-block-group alignwide is-layout-flow wp-block-group-is-layout-flow\"><div class=\"wp-block-group__inner-container\">\n<div class=\"wp-block-group is-layout-flow wp-block-group-is-layout-flow\"><div class=\"wp-block-group__inner-container\">\n<p class=\"has-text-color has-medium-font-size\" style=\"color:#056199\"><strong>Mme HENNART Sophie<\/strong><\/p>\n\n\n\n<p class=\"has-primary-color has-text-color has-medium-font-size\"><strong>Directrice &#8211; Pr\u00e9sidente<\/strong><\/p>\n\n\n\n<p><\/p>\n\n\n\n<p class=\"has-text-color has-medium-font-size\" style=\"color:#036794\"><strong>Mme KOUTSEKIDIS Varvara<\/strong><\/p>\n\n\n\n<p class=\"has-medium-font-size\"><strong>Coordonnatrice<\/strong><\/p>\n<\/div><\/div>\n<\/div><\/div>\n<\/div><\/div>\n<\/div><\/div>\n\n\n\n<p class=\"has-text-align-center tw-text-wide has-medium-font-size is-layout-flow wp-block-paragraph-is-layout-flow\"><strong>L&rsquo; Administration :<\/strong><\/p>\n\n\n\n<div class=\"wp-block-group is-layout-flow wp-block-group-is-layout-flow\"><div class=\"wp-block-group__inner-container\">\n<ul class=\"is-style-tw-checkmark has-primary-color has-subtle-background-background-color has-text-color has-background\">\n<li><strong>Mr.BEN BAGHDAD Reda, Surveillant-Educateur, 02\/279.51.25<\/strong><\/li>\n<\/ul>\n<\/div><\/div>\n\n\n\n<h2 class=\"wp-block-heading has-text-align-center has-primary-color has-text-color has-background has-large-font-size\" style=\"background-color:#fff275\"><strong><em><mark style=\"background-color:rgba(0, 0, 0, 0)\" class=\"has-inline-color has-primary-color\">L&rsquo; \u00c9quipe des Accompagnateurs<\/mark> en Insertion Socio-Professionnelle :<\/em><\/strong><\/h2>\n\n\n\n<div class=\"wp-block-group has-background is-layout-flow wp-block-group-is-layout-flow\" style=\"background-color:#fff275\"><div class=\"wp-block-group__inner-container\">\n<div class=\"wp-block-group is-layout-flow wp-block-group-is-layout-flow\"><div class=\"wp-block-group__inner-container\">\n<div class=\"wp-block-group has-primary-color has-subtle-background-background-color has-text-color has-background is-layout-flow wp-block-group-is-layout-flow\"><div class=\"wp-block-group__inner-container\">\n<ul class=\"is-style-tw-border has-text-color\" style=\"color:#0519f4\">\n<li><strong>Mme RUHEZAMIHIGO Diane,<\/strong>                    <strong>GSM : +32 474 456 122<\/strong><\/li>\n\n\n\n<li><strong>Mme SARIKAYA Selvet<\/strong>,                                     <strong>GSM :<\/strong> <strong>+32 496 973 835<\/strong><\/li>\n\n\n\n<li><strong>Mme FRIANT Anandi<\/strong>,                                 <strong>GSM : +32 472 914 799<\/strong><\/li>\n\n\n\n<li><strong>Mme RYAHI Rachida<\/strong>,           <strong>                       GSM : +32 477 752 393<\/strong><\/li>\n\n\n\n<li><strong>M. MOOCK Vincent<\/strong>,                                    <strong>GSM : +32 484 506 712<\/strong><\/li>\n\n\n\n<li><strong>Mme MAWET Patricia,  <\/strong>                                          <strong>GSM : +32 496 973 709<\/strong><\/li>\n\n\n\n<li><strong>Mme Forrest Alice         <\/strong>                 <strong> GSM: +32 477 411 318<\/strong><\/li>\n\n\n\n<li><strong>M. Debroux Christophe  <\/strong>                 <strong>GSM: +32 477 405 741<\/strong><\/li>\n<\/ul>\n\n\n\n<p class=\"has-primary-color has-subtle-background-background-color has-text-color has-background has-large-font-size\"><strong><em>L&rsquo;<mark style=\"background-color:rgba(0, 0, 0, 0)\" class=\"has-inline-color has-primary-color\">\u00c9quipe des Accompagnateurs<\/mark> FSE :<\/em><\/strong><\/p>\n\n\n\n<ul class=\"is-style-tw-border has-subtle-background-background-color has-text-color has-background\" style=\"color:#2a0bff\">\n<li><strong>Mme FALISE Catherine,<\/strong>                                 <strong>GSM : +32 499 111 265<\/strong><\/li>\n\n\n\n<li><strong>Mme GILOT Muriel<\/strong>,                          <strong>GSM : +32 492 692 700<\/strong><\/li>\n<\/ul>\n<\/div><\/div>\n<\/div><\/div>\n<\/div><\/div>\n<\/div>\n","protected":false},"excerpt":{"rendered":"<p>Mme HENNART Sophie Directrice &#8211; Pr\u00e9sidente Mme KOUTSEKIDIS Varvara Coordonnatrice L&rsquo; Administration : L&rsquo; \u00c9quipe des Accompagnateurs en Insertion Socio-Professionnelle : L&rsquo;\u00c9quipe des Accompagnateurs FSE :<\/p>\n","protected":false},"author":1,"featured_media":0,"parent":50,"menu_order":0,"comment_status":"closed","ping_status":"closed","template":"templates\/template-full-width.php","meta":{"footnotes":""},"_links":{"self":[{"href":"https:\/\/ipoweb.bruxelles.be\/cefa\/wp-json\/wp\/v2\/pages\/98"}],"collection":[{"href":"https:\/\/ipoweb.bruxelles.be\/cefa\/wp-json\/wp\/v2\/pages"}],"about":[{"href":"https:\/\/ipoweb.bruxelles.be\/cefa\/wp-json\/wp\/v2\/types\/page"}],"author":[{"embeddable":true,"href":"https:\/\/ipoweb.bruxelles.be\/cefa\/wp-json\/wp\/v2\/users\/1"}],"replies":[{"embeddable":true,"href":"https:\/\/ipoweb.bruxelles.be\/cefa\/wp-json\/wp\/v2\/comments?post=98"}],"version-history":[{"count":82,"href":"https:\/\/ipoweb.bruxelles.be\/cefa\/wp-json\/wp\/v2\/pages\/98\/revisions"}],"predecessor-version":[{"id":1504,"href":"https:\/\/ipoweb.bruxelles.be\/cefa\/wp-json\/wp\/v2\/pages\/98\/revisions\/1504"}],"up":[{"embeddable":true,"href":"https:\/\/ipoweb.bruxelles.be\/cefa\/wp-json\/wp\/v2\/pages\/50"}],"wp:attachment":[{"href":"https:\/\/ipoweb.bruxelles.be\/cefa\/wp-json\/wp\/v2\/media?parent=98"}],"curies":[{"name":"wp","href":"https:\/\/api.w.org\/{rel}","templated":true}]}}