{"id":5,"date":"2021-04-04T11:28:27","date_gmt":"2021-04-04T09:28:27","guid":{"rendered":"http:\/\/ipoweb.bruxelles.be\/changedecap\/?page_id=5"},"modified":"2021-06-06T12:00:31","modified_gmt":"2021-06-06T10:00:31","slug":"change-de-cap","status":"publish","type":"page","link":"https:\/\/ipoweb.bruxelles.be\/changedecap\/","title":{"rendered":"Change de cap"},"content":{"rendered":"\n<div class=\"wp-block-cover alignfull has-background-dim-30 has-background-dim has-parallax\" style=\"background-image:url(http:\/\/ipoweb.bruxelles.be\/changedecap\/wp-content\/uploads\/2021\/04\/cdcbglarge.jpg);background-color:#ff7b5c;min-height:50px\"><div class=\"wp-block-cover__inner-container is-layout-flow wp-block-cover-is-layout-flow\">\n<h1 class=\"alignwide has-text-align-center wp-block-heading\">En septembre prochain,<br>choisis un nouveau m\u00e9tier,<br>d\u00e9couvre une nouvelle passion !<\/h1>\n\n\n\n<div class=\"wp-block-buttons is-content-justification-center is-layout-flex wp-block-buttons-is-layout-flex\">\n<div class=\"wp-block-button\"><a class=\"wp-block-button__link has-accent-background-color has-text-color has-background\" href=\"http:\/\/ipoweb.bruxelles.be\/changedecap#ecoles\" style=\"color:#f45e5e\">nos \u00e9coles \u279c<\/a><\/div>\n\n\n\n<div class=\"wp-block-button\"><a class=\"wp-block-button__link has-accent-background-color has-text-color has-background\" href=\"http:\/\/ipoweb.bruxelles.be\/changedecap#form\" style=\"color:#f45e5e\">Nos formations \u279c<\/a><\/div>\n<\/div>\n<\/div><\/div>\n\n\n\n<p class=\"has-text-align-center tw-mt-6 tw-mb-0 tw-text-wide has-larger-font-size\">Les \u00e9coles de <strong>Promotion sociale de la Ville de Bruxelles<\/strong> offrent une cinquantaine de fa\u00e7ons de se r\u00e9inventer dans des secteurs vari\u00e9s et porteurs :<\/p>\n\n\n\n<div class=\"wp-block-group alignfull tw-mt-6\" id=\"ecoles\"><div class=\"wp-block-group__inner-container is-layout-flow wp-block-group-is-layout-flow\">\n<div class=\"wp-block-columns alignwide tw-justify-center tw-gutter-large tw-cols-stack-md tw-cols-card tw-cols-card-shadow has-text-align-center tw-stretched-link is-layout-flex wp-container-9 wp-block-columns-is-layout-flex\">\n<div class=\"wp-block-column is-layout-flow wp-block-column-is-layout-flow\">\n<div class=\"wp-block-image is-style-rounded\"><figure class=\"aligncenter size-large\"><img decoding=\"async\" loading=\"lazy\" width=\"196\" height=\"196\" src=\"http:\/\/ipoweb.bruxelles.be\/changedecap\/wp-content\/uploads\/2021\/04\/Capture-de\u0301cran-2021-04-12-a\u0300-23.13.58.png\" alt=\"\" class=\"wp-image-318\" srcset=\"https:\/\/ipoweb.bruxelles.be\/changedecap\/wp-content\/uploads\/2021\/04\/Capture-de\u0301cran-2021-04-12-a\u0300-23.13.58.png 196w, https:\/\/ipoweb.bruxelles.be\/changedecap\/wp-content\/uploads\/2021\/04\/Capture-de\u0301cran-2021-04-12-a\u0300-23.13.58-150x150.png 150w\" sizes=\"(max-width: 196px) 100vw, 196px\" \/><\/figure><\/div>\n\n\n\n<h3 class=\"has-h-5-font-size wp-block-heading\">L&rsquo;Institut Paul Hankar<\/h3>\n\n\n\n<p>Institut des Technologies de la Communication, de la Construction et des M\u00e9tiers d&rsquo;Art, l&rsquo;Institut Paul Hankar organise ses formations au c\u0153ur de Bruxelles.<\/p>\n\n\n\n<div class=\"wp-block-buttons is-content-justification-center is-layout-flex wp-block-buttons-is-layout-flex\">\n<div class=\"wp-block-button\"><a class=\"wp-block-button__link has-background\" href=\"https:\/\/www.paulhankar.be\/\" style=\"background-color:#e24936\">Plus d&rsquo;infos<\/a><\/div>\n<\/div>\n<\/div>\n\n\n\n<div class=\"wp-block-column is-layout-flow wp-block-column-is-layout-flow\">\n<div class=\"wp-block-image is-style-rounded\"><figure class=\"aligncenter size-large\"><img decoding=\"async\" loading=\"lazy\" width=\"196\" height=\"196\" src=\"http:\/\/ipoweb.bruxelles.be\/changedecap\/wp-content\/uploads\/2021\/04\/Capture-de\u0301cran-2021-04-12-a\u0300-23.31.51.png\" alt=\"\" class=\"wp-image-324\" srcset=\"https:\/\/ipoweb.bruxelles.be\/changedecap\/wp-content\/uploads\/2021\/04\/Capture-de\u0301cran-2021-04-12-a\u0300-23.31.51.png 196w, https:\/\/ipoweb.bruxelles.be\/changedecap\/wp-content\/uploads\/2021\/04\/Capture-de\u0301cran-2021-04-12-a\u0300-23.31.51-150x150.png 150w\" sizes=\"(max-width: 196px) 100vw, 196px\" \/><\/figure><\/div>\n\n\n\n<h3 class=\"has-h-5-font-size wp-block-heading\">L&rsquo;Institut Marguerite Massart<\/h3>\n\n\n\n<p>R\u00e9f\u00e9rence en mati\u00e8re de m\u00e9canique et d&rsquo;\u00e9lectricit\u00e9, il propose diff\u00e9rentes formations dans les domaines suivants : informatique, \u00e9lectricit\u00e9, m\u00e9canique automobile, usinage et \u00e9lectro-m\u00e9canique.<\/p>\n\n\n\n<div class=\"wp-block-buttons is-content-justification-center is-layout-flex wp-block-buttons-is-layout-flex\">\n<div class=\"wp-block-button\"><a class=\"wp-block-button__link has-background\" href=\"https:\/\/itmemm.weebly.com\/\" style=\"background-color:#e24936\">Plus d&rsquo;infos<\/a><\/div>\n<\/div>\n<\/div>\n\n\n\n<div class=\"wp-block-column is-layout-flow wp-block-column-is-layout-flow\">\n<div class=\"wp-block-image is-style-rounded\"><figure class=\"aligncenter size-large\"><img decoding=\"async\" loading=\"lazy\" width=\"196\" height=\"196\" src=\"http:\/\/ipoweb.bruxelles.be\/changedecap\/wp-content\/uploads\/2021\/04\/Capture-de\u0301cran-2021-04-12-a\u0300-23.42.00.png\" alt=\"\" class=\"wp-image-329\" srcset=\"https:\/\/ipoweb.bruxelles.be\/changedecap\/wp-content\/uploads\/2021\/04\/Capture-de\u0301cran-2021-04-12-a\u0300-23.42.00.png 196w, https:\/\/ipoweb.bruxelles.be\/changedecap\/wp-content\/uploads\/2021\/04\/Capture-de\u0301cran-2021-04-12-a\u0300-23.42.00-150x150.png 150w\" sizes=\"(max-width: 196px) 100vw, 196px\" \/><\/figure><\/div>\n\n\n\n<h3 class=\"has-h-5-font-size wp-block-heading\">L&rsquo;Institut Jeanne Toussaint<\/h3>\n\n\n\n<p>Une \u00e9cole hybride, dont les sections touchent aux m\u00e9tiers d\u2019art, \u00e0 la confection et aux m\u00e9tiers de la beaut\u00e9; avec comme d\u00e9nominateur commun l\u2019art de parer et d\u2019embellir<\/p>\n\n\n\n<div class=\"wp-block-buttons is-content-justification-center is-layout-flex wp-block-buttons-is-layout-flex\">\n<div class=\"wp-block-button\"><a class=\"wp-block-button__link has-background\" href=\"https:\/\/jeannetoussaint.be\/\" style=\"background-color:#e24936\">Plus d&rsquo;infos<\/a><\/div>\n<\/div>\n<\/div>\n<\/div>\n<\/div><\/div>\n\n\n\n<div class=\"wp-block-group alignfull\"><div class=\"wp-block-group__inner-container is-layout-flow wp-block-group-is-layout-flow\">\n<div class=\"wp-block-columns alignwide tw-cols-stack-md tw-cols-card tw-cols-card-shadow has-text-align-center tw-stretched-link is-layout-flex wp-container-19 wp-block-columns-is-layout-flex\">\n<div class=\"wp-block-column is-layout-flow wp-block-column-is-layout-flow\">\n<div class=\"wp-block-image is-style-rounded\"><figure class=\"aligncenter size-large is-resized\"><img decoding=\"async\" loading=\"lazy\" src=\"http:\/\/ipoweb.bruxelles.be\/changedecap\/wp-content\/uploads\/2021\/05\/Capture-de\u0301cran-2021-05-10-a\u0300-16.56.07.png\" alt=\"\" class=\"wp-image-393\" width=\"196\" height=\"196\" srcset=\"https:\/\/ipoweb.bruxelles.be\/changedecap\/wp-content\/uploads\/2021\/05\/Capture-de\u0301cran-2021-05-10-a\u0300-16.56.07.png 802w, https:\/\/ipoweb.bruxelles.be\/changedecap\/wp-content\/uploads\/2021\/05\/Capture-de\u0301cran-2021-05-10-a\u0300-16.56.07-300x300.png 300w, https:\/\/ipoweb.bruxelles.be\/changedecap\/wp-content\/uploads\/2021\/05\/Capture-de\u0301cran-2021-05-10-a\u0300-16.56.07-150x150.png 150w, https:\/\/ipoweb.bruxelles.be\/changedecap\/wp-content\/uploads\/2021\/05\/Capture-de\u0301cran-2021-05-10-a\u0300-16.56.07-768x768.png 768w\" sizes=\"(max-width: 196px) 100vw, 196px\" \/><\/figure><\/div>\n\n\n\n<h3 class=\"has-h-5-font-size wp-block-heading\">L&rsquo;\u00c9cole Agn\u00e8s Varda<\/h3>\n\n\n\n<p>Cette \u00e9cole a pour volont\u00e9 d\u2019allier l\u2019art \u00e0 la technique. Les sections organis\u00e9es sont la photographie, la vid\u00e9ographie, l\u2019\u00e9talonnage, la gestion et le compl\u00e9ment CESS.<\/p>\n\n\n\n<div class=\"wp-block-buttons is-content-justification-center is-layout-flex wp-block-buttons-is-layout-flex\">\n<div class=\"wp-block-button\"><a class=\"wp-block-button__link has-background\" href=\"https:\/\/www.ecoledephoto.be\" style=\"background-color:#e24936\">Plus d&rsquo;infos<\/a><\/div>\n<\/div>\n<\/div>\n\n\n\n<div class=\"wp-block-column is-layout-flow wp-block-column-is-layout-flow\">\n<div class=\"wp-block-image is-style-rounded\"><figure class=\"aligncenter size-large\"><img decoding=\"async\" loading=\"lazy\" width=\"196\" height=\"196\" src=\"http:\/\/ipoweb.bruxelles.be\/changedecap\/wp-content\/uploads\/2021\/04\/Capture-de\u0301cran-2021-04-12-a\u0300-23.14.34.png\" alt=\"\" class=\"wp-image-319\" srcset=\"https:\/\/ipoweb.bruxelles.be\/changedecap\/wp-content\/uploads\/2021\/04\/Capture-de\u0301cran-2021-04-12-a\u0300-23.14.34.png 196w, https:\/\/ipoweb.bruxelles.be\/changedecap\/wp-content\/uploads\/2021\/04\/Capture-de\u0301cran-2021-04-12-a\u0300-23.14.34-150x150.png 150w\" sizes=\"(max-width: 196px) 100vw, 196px\" \/><\/figure><\/div>\n\n\n\n<h3 class=\"has-h-5-font-size wp-block-heading\">L&rsquo;Institut des Carri\u00e8res Commerciales<\/h3>\n\n\n\n<p>Situ\u00e9 en plein c\u0153ur de la ville, l&rsquo;ICC vous propose des Bacheliers en comptabilit\u00e9, informatique, droit et assistant de direction, en cours du soir ou en cours du jour.<\/p>\n\n\n\n<div class=\"wp-block-buttons is-content-justification-center is-layout-flex wp-block-buttons-is-layout-flex\">\n<div class=\"wp-block-button\"><a class=\"wp-block-button__link has-background\" href=\"https:\/\/www.iccbxl.be\/\" style=\"background-color:#e24936\">Plus d&rsquo;infos<\/a><\/div>\n<\/div>\n<\/div>\n\n\n\n<div class=\"wp-block-column is-layout-flow wp-block-column-is-layout-flow\">\n<div class=\"wp-block-image is-style-rounded\"><figure class=\"aligncenter size-large\"><img decoding=\"async\" loading=\"lazy\" width=\"196\" height=\"196\" src=\"http:\/\/ipoweb.bruxelles.be\/changedecap\/wp-content\/uploads\/2021\/04\/Capture-de\u0301cran-2021-04-12-a\u0300-23.44.42.png\" alt=\"\" class=\"wp-image-331\" srcset=\"https:\/\/ipoweb.bruxelles.be\/changedecap\/wp-content\/uploads\/2021\/04\/Capture-de\u0301cran-2021-04-12-a\u0300-23.44.42.png 196w, https:\/\/ipoweb.bruxelles.be\/changedecap\/wp-content\/uploads\/2021\/04\/Capture-de\u0301cran-2021-04-12-a\u0300-23.44.42-150x150.png 150w\" sizes=\"(max-width: 196px) 100vw, 196px\" \/><\/figure><\/div>\n\n\n\n<h3 class=\"has-h-5-font-size wp-block-heading\">Les Cours Industriels<\/h3>\n\n\n\n<p>Les Cours Industriels organisent six sections class\u00e9es dans le secondaire qualifiant et une section d&rsquo;enseignement sup\u00e9rieur dans les secteurs du chauffage, du froid, de la soudure sur t\u00f4le, de l&rsquo;\u00e9lectro-m\u00e9canique, ou encore du m\u00e9tier de couvreur. <\/p>\n\n\n\n<div class=\"wp-block-buttons is-content-justification-center is-layout-flex wp-block-buttons-is-layout-flex\">\n<div class=\"wp-block-button\"><a class=\"wp-block-button__link has-background\" href=\"https:\/\/www.coursindustriels.com\/\" style=\"background-color:#e24936\">Plus d&rsquo;infos<\/a><\/div>\n<\/div>\n<\/div>\n\n\n\n<div class=\"wp-block-column is-layout-flow wp-block-column-is-layout-flow\">\n<div class=\"wp-block-image is-style-rounded\"><figure class=\"aligncenter size-large\"><img decoding=\"async\" loading=\"lazy\" width=\"196\" height=\"196\" src=\"http:\/\/ipoweb.bruxelles.be\/changedecap\/wp-content\/uploads\/2021\/04\/Capture-de\u0301cran-2021-04-12-a\u0300-23.38.11.png\" alt=\"\" class=\"wp-image-328\" srcset=\"https:\/\/ipoweb.bruxelles.be\/changedecap\/wp-content\/uploads\/2021\/04\/Capture-de\u0301cran-2021-04-12-a\u0300-23.38.11.png 196w, https:\/\/ipoweb.bruxelles.be\/changedecap\/wp-content\/uploads\/2021\/04\/Capture-de\u0301cran-2021-04-12-a\u0300-23.38.11-150x150.png 150w\" sizes=\"(max-width: 196px) 100vw, 196px\" \/><\/figure><\/div>\n\n\n\n<h3 class=\"has-h-5-font-size wp-block-heading\">Les Cours du Soir de Langues<\/h3>\n\n\n\n<p>L&rsquo;\u00e9cole propose diff\u00e9rentes formations g\u00e9n\u00e9ralistes en fran\u00e7ais, n\u00e9erlandais et anglais, du niveau d\u00e9butant au niveau interm\u00e9diaire (A1 \u00e0 B1+), ainsi que des formations pr\u00e9paratoires \u00e0 l&rsquo;examen linguistique de n\u00e9erlandais organis\u00e9 par le SELOR.<\/p>\n\n\n\n<div class=\"wp-block-buttons is-content-justification-center is-layout-flex wp-block-buttons-is-layout-flex\">\n<div class=\"wp-block-button\"><a class=\"wp-block-button__link has-background\" href=\"http:\/\/www.cslangues.be\/\" style=\"background-color:#e24936\">Plus d&rsquo;infos<\/a><\/div>\n<\/div>\n<\/div>\n<\/div>\n<\/div><\/div>\n\n\n\n<div class=\"wp-block-cover alignfull has-background-dim-30 has-background-dim has-parallax\" style=\"background-image:url(http:\/\/ipoweb.bruxelles.be\/changedecap\/wp-content\/uploads\/2021\/04\/cdcbglarge.jpg);background-color:#ff7b5c;min-height:50px\" id=\"form\"><div class=\"wp-block-cover__inner-container is-layout-flow wp-block-cover-is-layout-flow\">\n<h1 class=\"alignwide has-text-align-center wp-block-heading\">Dans quel domaine cherchez-vous une formation ?<\/h1>\n\n\n\n<div class=\"wp-block-buttons is-content-justification-center is-layout-flex wp-block-buttons-is-layout-flex\">\n<div class=\"wp-block-button\"><a class=\"wp-block-button__link has-accent-background-color has-text-color has-background\" href=\"http:\/\/ipoweb.bruxelles.be\/changedecap\/bien-etre\/\" style=\"color:#f45e5e\">Bien-\u00eatre \u279c<\/a><\/div>\n\n\n\n<div class=\"wp-block-button\"><a class=\"wp-block-button__link has-accent-background-color has-text-color has-background\" href=\"http:\/\/ipoweb.bruxelles.be\/changedecap\/creation\/\" style=\"color:#f45e5e\">cr\u00e9ation \u279c<\/a><\/div>\n\n\n\n<div class=\"wp-block-button\"><a class=\"wp-block-button__link has-accent-background-color has-text-color has-background\" href=\"http:\/\/ipoweb.bruxelles.be\/changedecap\/batiment\/\" style=\"color:#f45e5e\">B\u00e2timent \u279c<\/a><\/div>\n\n\n\n<div class=\"wp-block-button\"><a class=\"wp-block-button__link has-accent-background-color has-text-color has-background\" href=\"http:\/\/ipoweb.bruxelles.be\/changedecap\/langues-bureautique\/\" style=\"color:#f45e5e\">Langues \u279c<\/a><\/div>\n\n\n\n<div class=\"wp-block-button\"><a class=\"wp-block-button__link has-accent-background-color has-text-color has-background\" href=\"http:\/\/ipoweb.bruxelles.be\/changedecap\/langues-bureautique\/\" style=\"color:#f45e5e\">Droit \u279c<\/a><\/div>\n\n\n\n<div class=\"wp-block-button\"><a class=\"wp-block-button__link has-accent-background-color has-text-color has-background\" href=\"http:\/\/ipoweb.bruxelles.be\/changedecap\/langues-bureautique\/\" style=\"color:#f45e5e\">comptabilit\u00e9 \u279c<\/a><\/div>\n\n\n\n<div class=\"wp-block-button\"><a class=\"wp-block-button__link has-accent-background-color has-text-color has-background\" href=\"http:\/\/ipoweb.bruxelles.be\/changedecap\/mecanique-automobile\/\" style=\"color:#f45e5e\">M\u00e9canique \u279c<\/a><\/div>\n\n\n\n<div class=\"wp-block-button\"><a class=\"wp-block-button__link has-accent-background-color has-text-color has-background\" href=\"http:\/\/ipoweb.bruxelles.be\/changedecap\/mecanique-automobile\/\" style=\"color:#f45e5e\">Automobile \u279c<\/a><\/div>\n<\/div>\n<\/div><\/div>\n\n\n\n<div class=\"wp-block-columns is-layout-flex wp-container-25 wp-block-columns-is-layout-flex\">\n<div class=\"wp-block-column is-layout-flow wp-block-column-is-layout-flow\">\n<figure class=\"wp-block-image size-large\"><img decoding=\"async\" loading=\"lazy\" width=\"1024\" height=\"516\" src=\"http:\/\/ipoweb.bruxelles.be\/changedecap\/wp-content\/uploads\/2021\/04\/BXL_logo_horiz_FILET_FR_NL-1024x516.png\" alt=\"\" class=\"wp-image-379\" srcset=\"https:\/\/ipoweb.bruxelles.be\/changedecap\/wp-content\/uploads\/2021\/04\/BXL_logo_horiz_FILET_FR_NL-1024x516.png 1024w, https:\/\/ipoweb.bruxelles.be\/changedecap\/wp-content\/uploads\/2021\/04\/BXL_logo_horiz_FILET_FR_NL-300x151.png 300w, https:\/\/ipoweb.bruxelles.be\/changedecap\/wp-content\/uploads\/2021\/04\/BXL_logo_horiz_FILET_FR_NL-768x387.png 768w, https:\/\/ipoweb.bruxelles.be\/changedecap\/wp-content\/uploads\/2021\/04\/BXL_logo_horiz_FILET_FR_NL-1536x773.png 1536w, https:\/\/ipoweb.bruxelles.be\/changedecap\/wp-content\/uploads\/2021\/04\/BXL_logo_horiz_FILET_FR_NL-1200x604.png 1200w, https:\/\/ipoweb.bruxelles.be\/changedecap\/wp-content\/uploads\/2021\/04\/BXL_logo_horiz_FILET_FR_NL.png 1700w\" sizes=\"(max-width: 1024px) 100vw, 1024px\" \/><\/figure>\n<\/div>\n\n\n\n<div class=\"wp-block-column is-layout-flow wp-block-column-is-layout-flow\">\n<p class=\"has-primary-color has-text-color\" style=\"font-size:15px\">Changedecap.be est une initiative de l&rsquo;Instruction publique de la Ville de Bruxelles. Plus d&rsquo;informations \u00e0 propos de nos \u00e9tablissements et offres p\u00e9dagogiques sur <a href=\"http:\/\/ip.bruxelles.be\">ip.bruxelles.be<\/a>.<\/p>\n<\/div>\n<\/div>\n","protected":false},"excerpt":{"rendered":"<p>Les \u00e9coles de Promotion sociale de la Ville de Bruxelles offrent une cinquantaine de fa\u00e7ons de se r\u00e9inventer dans des secteurs vari\u00e9s et porteurs : L&rsquo;Institut Paul Hankar Institut des Technologies de la Communication, de la Construction et des M\u00e9tiers d&rsquo;Art, l&rsquo;Institut Paul Hankar organise ses formations au c\u0153ur de Bruxelles. L&rsquo;Institut Marguerite Massart R\u00e9f\u00e9rence&hellip;<\/p>\n","protected":false},"author":1,"featured_media":0,"parent":0,"menu_order":0,"comment_status":"closed","ping_status":"closed","template":"tw-header-transparent.php","meta":{"footnotes":""},"_links":{"self":[{"href":"https:\/\/ipoweb.bruxelles.be\/changedecap\/wp-json\/wp\/v2\/pages\/5"}],"collection":[{"href":"https:\/\/ipoweb.bruxelles.be\/changedecap\/wp-json\/wp\/v2\/pages"}],"about":[{"href":"https:\/\/ipoweb.bruxelles.be\/changedecap\/wp-json\/wp\/v2\/types\/page"}],"author":[{"embeddable":true,"href":"https:\/\/ipoweb.bruxelles.be\/changedecap\/wp-json\/wp\/v2\/users\/1"}],"replies":[{"embeddable":true,"href":"https:\/\/ipoweb.bruxelles.be\/changedecap\/wp-json\/wp\/v2\/comments?post=5"}],"version-history":[{"count":73,"href":"https:\/\/ipoweb.bruxelles.be\/changedecap\/wp-json\/wp\/v2\/pages\/5\/revisions"}],"predecessor-version":[{"id":417,"href":"https:\/\/ipoweb.bruxelles.be\/changedecap\/wp-json\/wp\/v2\/pages\/5\/revisions\/417"}],"wp:attachment":[{"href":"https:\/\/ipoweb.bruxelles.be\/changedecap\/wp-json\/wp\/v2\/media?parent=5"}],"curies":[{"name":"wp","href":"https:\/\/api.w.org\/{rel}","templated":true}]}}