{"id":71,"date":"2021-04-04T12:58:36","date_gmt":"2021-04-04T10:58:36","guid":{"rendered":"http:\/\/ipoweb.bruxelles.be\/changedecap\/?page_id=71"},"modified":"2021-06-02T18:42:52","modified_gmt":"2021-06-02T16:42:52","slug":"langues-bureautique","status":"publish","type":"page","link":"https:\/\/ipoweb.bruxelles.be\/changedecap\/langues-bureautique\/","title":{"rendered":"Langues, Droit &#038; Compta"},"content":{"rendered":"\n<div class=\"wp-block-group alignfull has-background\" style=\"background:linear-gradient(0deg,rgb(110,207,168) 0%,rgb(70,209,158) 100%)\"><div class=\"wp-block-group__inner-container is-layout-flow wp-block-group-is-layout-flow\">\n<div class=\"wp-block-columns alignwide tw-justify-center tw-gutter-large has-text-align-center is-layout-flex wp-container-7 wp-block-columns-is-layout-flex\">\n<div class=\"wp-block-column is-layout-flow wp-block-column-is-layout-flow\">\n<h3 class=\"has-accent-color has-text-color has-h-3-font-size wp-block-heading\">Bachelier en Droit<\/h3>\n\n\n\n<hr class=\"wp-block-separator has-text-color has-background has-accent-background-color has-accent-color tw-mb-0 tw-mt-0 is-style-tw-short\"\/>\n\n\n\n<p class=\"tw-mt-3 has-accent-color has-text-color has-h-5-font-size\"><strong>\u00c0 l&rsquo;Institut des Carri\u00e8res Commerciales <\/strong><\/p>\n\n\n\n<div class=\"wp-block-buttons is-content-justification-center is-layout-flex wp-block-buttons-is-layout-flex\">\n<div class=\"wp-block-button\"><a class=\"wp-block-button__link has-text-color\" href=\"https:\/\/www.iccbxl.be\" style=\"color:#4bdd81\">Plus d&rsquo;informations<\/a><\/div>\n<\/div>\n<\/div>\n\n\n\n<div class=\"wp-block-column is-layout-flow wp-block-column-is-layout-flow\">\n<h3 class=\"has-accent-color has-text-color has-h-3-font-size wp-block-heading\">Bachelier Assistant\u2022e de direction<\/h3>\n\n\n\n<hr class=\"wp-block-separator has-text-color has-background has-accent-background-color has-accent-color tw-mb-0 tw-mt-0 is-style-tw-short\"\/>\n\n\n\n<p class=\"tw-mt-3 has-accent-color has-text-color has-h-5-font-size\"><strong>\u00c0 l&rsquo;Institut des Carri\u00e8res Commerciales <\/strong><\/p>\n\n\n\n<div class=\"wp-block-buttons is-content-justification-center is-layout-flex wp-block-buttons-is-layout-flex\">\n<div class=\"wp-block-button\"><a class=\"wp-block-button__link has-text-color\" href=\"https:\/\/www.iccbxl.be\" style=\"color:#4bdd81\">Plus d&rsquo;informations<\/a><\/div>\n<\/div>\n<\/div>\n\n\n\n<div class=\"wp-block-column is-layout-flow wp-block-column-is-layout-flow\">\n<h3 class=\"has-accent-color has-text-color has-h-3-font-size wp-block-heading\">Bachelier en Comptabilit\u00e9<\/h3>\n\n\n\n<hr class=\"wp-block-separator has-text-color has-background has-accent-background-color has-accent-color tw-mb-0 tw-mt-0 is-style-tw-short\"\/>\n\n\n\n<p class=\"tw-mt-3 has-accent-color has-text-color has-h-5-font-size\"><strong>\u00c0 l&rsquo;Institut des Carri\u00e8res Commerciales <\/strong><\/p>\n\n\n\n<div class=\"wp-block-buttons is-content-justification-center is-layout-flex wp-block-buttons-is-layout-flex\">\n<div class=\"wp-block-button\"><a class=\"wp-block-button__link has-text-color\" href=\"https:\/\/www.iccbxl.be\" style=\"color:#4bdd81\">Plus d&rsquo;informations<\/a><\/div>\n<\/div>\n<\/div>\n<\/div>\n\n\n\n<div class=\"wp-block-columns alignwide tw-justify-center tw-gutter-large has-text-align-center is-layout-flex wp-container-14 wp-block-columns-is-layout-flex\">\n<div class=\"wp-block-column is-layout-flow wp-block-column-is-layout-flow\">\n<h3 class=\"has-accent-color has-text-color has-h-3-font-size wp-block-heading\">Fran\u00e7ais pour les non francophones<\/h3>\n\n\n\n<hr class=\"wp-block-separator has-text-color has-background has-accent-background-color has-accent-color tw-mb-0 tw-mt-0 is-style-tw-short\"\/>\n\n\n\n<p class=\"tw-mt-3 has-accent-color has-text-color has-h-5-font-size\"><strong>Aux Cours du Soir de Langues<\/strong><\/p>\n\n\n\n<div class=\"wp-block-buttons is-content-justification-center is-layout-flex wp-block-buttons-is-layout-flex\">\n<div class=\"wp-block-button\"><a class=\"wp-block-button__link has-text-color\" href=\"http:\/\/www.cslangues.be\/cours\/\" style=\"color:#4bdd81\">Plus d&rsquo;informations<\/a><\/div>\n<\/div>\n<\/div>\n\n\n\n<div class=\"wp-block-column is-layout-flow wp-block-column-is-layout-flow\">\n<h3 class=\"has-accent-color has-text-color has-h-3-font-size wp-block-heading\">Anglais et n\u00e9erlandais<\/h3>\n\n\n\n<hr class=\"wp-block-separator has-text-color has-background has-accent-background-color has-accent-color tw-mb-0 tw-mt-0 is-style-tw-short\"\/>\n\n\n\n<p class=\"tw-mt-3 has-accent-color has-text-color has-h-5-font-size\"><strong><strong>Aux Cours du Soir de Langues<\/strong><\/strong><\/p>\n\n\n\n<div class=\"wp-block-buttons is-content-justification-center is-layout-flex wp-block-buttons-is-layout-flex\">\n<div class=\"wp-block-button\"><a class=\"wp-block-button__link has-text-color\" href=\"http:\/\/www.cslangues.be\/cours\/\" style=\"color:#4bdd81\">Plus d&rsquo;informations<\/a><\/div>\n<\/div>\n<\/div>\n\n\n\n<div class=\"wp-block-column is-layout-flow wp-block-column-is-layout-flow\">\n<h3 class=\"has-accent-color has-text-color has-h-3-font-size wp-block-heading\"><strong>Cours pr\u00e9paratoires \u00e0 l&rsquo;examen du SELOR<\/strong><\/h3>\n\n\n\n<hr class=\"wp-block-separator has-text-color has-background has-accent-background-color has-accent-color tw-mb-0 tw-mt-0 is-style-tw-short\"\/>\n\n\n\n<p class=\"tw-mt-3 has-accent-color has-text-color has-h-5-font-size\"><strong><strong>Aux Cours du Soir de Langues<\/strong><\/strong><\/p>\n\n\n\n<div class=\"wp-block-buttons is-content-justification-center is-layout-flex wp-block-buttons-is-layout-flex\">\n<div class=\"wp-block-button\"><a class=\"wp-block-button__link has-text-color\" href=\"http:\/\/www.cslangues.be\/cours\/\" style=\"color:#4bdd81\">Plus d&rsquo;informations<\/a><\/div>\n<\/div>\n<\/div>\n<\/div>\n\n\n\n<div class=\"wp-block-columns alignwide tw-justify-center tw-gutter-large has-text-align-center is-layout-flex wp-container-18 wp-block-columns-is-layout-flex\">\n<div class=\"wp-block-column is-layout-flow wp-block-column-is-layout-flow\">\n<h3 class=\"has-accent-color has-text-color has-h-3-font-size wp-block-heading\">Compl\u00e9ment CESS<\/h3>\n\n\n\n<p class=\"has-accent-color has-text-color\">Compl\u00e9ment de formation g\u00e9n\u00e9rale en vue de l\u2019obtention du Certificat d\u2019Enseignement Secondaire Sup\u00e9rieur(CESS) par capitalisation. La formation est accessible \u00e0 toute personne titulaire d\u2019un certificat de qualification de l\u2019enseignement secondaire sup\u00e9rieur obtenu en plein exercice ou de promotion sociale et demandeur d\u2019emploi.<\/p>\n\n\n\n<hr class=\"wp-block-separator has-text-color has-background has-accent-background-color has-accent-color tw-mb-0 tw-mt-0 is-style-tw-short\"\/>\n\n\n\n<p class=\"tw-mt-3 has-accent-color has-text-color has-h-5-font-size\"><strong>\u00c0 l&rsquo;\u00c9cole de Photographie et de<\/strong><br><strong>Techniques Visuelles Agn\u00e8s Varda<\/strong><\/p>\n\n\n\n<div class=\"wp-block-buttons is-content-justification-center is-layout-flex wp-block-buttons-is-layout-flex\">\n<div class=\"wp-block-button\"><a class=\"wp-block-button__link has-text-color\" href=\"https:\/\/www.ecoledephoto.be\" style=\"color:#4bdd81\">Plus d&rsquo;informations<\/a><\/div>\n<\/div>\n\n\n\n<p class=\"tw-mt-3 has-accent-color has-text-color has-h-5-font-size\"><strong>\u00c0 l&rsquo;Institut Paul Hankar<\/strong><\/p>\n\n\n\n<div class=\"wp-block-buttons is-content-justification-center is-layout-flex wp-block-buttons-is-layout-flex\">\n<div class=\"wp-block-button\"><a class=\"wp-block-button__link has-text-color\" href=\"http:\/\/www.cslangues.be\/cours\/\" style=\"color:#4bdd81\">Plus d&rsquo;informations<\/a><\/div>\n<\/div>\n<\/div>\n<\/div>\n<\/div><\/div>\n\n\n\n<p><\/p>\n","protected":false},"excerpt":{"rendered":"<p>Bachelier en Droit \u00c0 l&rsquo;Institut des Carri\u00e8res Commerciales Bachelier Assistant\u2022e de direction \u00c0 l&rsquo;Institut des Carri\u00e8res Commerciales Bachelier en Comptabilit\u00e9 \u00c0 l&rsquo;Institut des Carri\u00e8res Commerciales Fran\u00e7ais pour les non francophones Aux Cours du Soir de Langues Anglais et n\u00e9erlandais Aux Cours du Soir de Langues Cours pr\u00e9paratoires \u00e0 l&rsquo;examen du SELOR Aux Cours du Soir&hellip;<\/p>\n","protected":false},"author":1,"featured_media":0,"parent":0,"menu_order":0,"comment_status":"closed","ping_status":"closed","template":"tw-header-transparent.php","meta":{"footnotes":""},"_links":{"self":[{"href":"https:\/\/ipoweb.bruxelles.be\/changedecap\/wp-json\/wp\/v2\/pages\/71"}],"collection":[{"href":"https:\/\/ipoweb.bruxelles.be\/changedecap\/wp-json\/wp\/v2\/pages"}],"about":[{"href":"https:\/\/ipoweb.bruxelles.be\/changedecap\/wp-json\/wp\/v2\/types\/page"}],"author":[{"embeddable":true,"href":"https:\/\/ipoweb.bruxelles.be\/changedecap\/wp-json\/wp\/v2\/users\/1"}],"replies":[{"embeddable":true,"href":"https:\/\/ipoweb.bruxelles.be\/changedecap\/wp-json\/wp\/v2\/comments?post=71"}],"version-history":[{"count":18,"href":"https:\/\/ipoweb.bruxelles.be\/changedecap\/wp-json\/wp\/v2\/pages\/71\/revisions"}],"predecessor-version":[{"id":411,"href":"https:\/\/ipoweb.bruxelles.be\/changedecap\/wp-json\/wp\/v2\/pages\/71\/revisions\/411"}],"wp:attachment":[{"href":"https:\/\/ipoweb.bruxelles.be\/changedecap\/wp-json\/wp\/v2\/media?parent=71"}],"curies":[{"name":"wp","href":"https:\/\/api.w.org\/{rel}","templated":true}]}}