{"id":117,"date":"2019-04-23T20:35:01","date_gmt":"2019-04-23T18:35:01","guid":{"rendered":"http:\/\/ipoweb.bruxelles.be\/emileandre\/?page_id=117"},"modified":"2023-08-27T12:08:36","modified_gmt":"2023-08-27T10:08:36","slug":"reglement-dordre-interieur","status":"publish","type":"page","link":"https:\/\/ipoweb.bruxelles.be\/emileandre\/?page_id=117","title":{"rendered":"R\u00e8glement d&rsquo;Ordre Int\u00e9rieur"},"content":{"rendered":"\n<p>Les r\u00e8gles de vie sont\nassez simples, elles visent avant tout \u00e0 permettre \u00e0 chacun de vivre dans le\nrespect des autres, de leurs diff\u00e9rences tout en veillant \u00e0 garder notre\nenvironnement agr\u00e9able pour tous et toutes. <\/p>\n\n\n\n<p>Une r\u00e8gle absolue pr\u00e9vaut\nsur toutes les autres&nbsp;:<\/p>\n\n\n\n<p><strong>Je ne fais de mal ni \u00e0 moi, ni aux autres, ni au c\u0153ur, ni au corps.<\/strong><\/p>\n\n\n\n<p>Il n\u2019est donc jamais question de r\u00e9gler un conflit par la violence physique ou verbale, le dialogue, la m\u00e9diation, sont toujours privil\u00e9gi\u00e9s et appris aux \u00e9l\u00e8ves gr\u00e2ce \u00e0 des animations r\u00e9guli\u00e8res en classe.<\/p>\n\n\n\n<p>Le R\u00e8glement d&rsquo;Ordre Int\u00e9rieur vous permettra de prendre connaissance de toutes les r\u00e8gles et obligations qui permettent le bien vivre ensemble.<\/p>\n\n\n\n<div class=\"wp-block-file\"><a href=\"http:\/\/ipoweb.bruxelles.be\/emileandre\/wp-content\/uploads\/2023\/08\/ROI-2023-2024-maternelles.pdf\">ROI 2023 2024 maternelles<\/a><a href=\"http:\/\/ipoweb.bruxelles.be\/emileandre\/wp-content\/uploads\/2023\/08\/ROI-2023-2024-maternelles.pdf\" class=\"wp-block-file__button\" download>T\u00e9l\u00e9charger<\/a><\/div>\n\n\n\n<div class=\"wp-block-file\"><a href=\"http:\/\/ipoweb.bruxelles.be\/emileandre\/wp-content\/uploads\/2023\/08\/ROI-2023-2024-primaires.pdf\">ROI 2023 2024 primaires<\/a><a href=\"http:\/\/ipoweb.bruxelles.be\/emileandre\/wp-content\/uploads\/2023\/08\/ROI-2023-2024-primaires.pdf\" class=\"wp-block-file__button\" download>T\u00e9l\u00e9charger<\/a><\/div>\n\n\n\n<p><\/p>\n","protected":false},"excerpt":{"rendered":"<p>Les r\u00e8gles de vie sont assez simples, elles visent avant tout \u00e0 permettre \u00e0 chacun de vivre dans le respect des autres, de leurs diff\u00e9rences tout en veillant \u00e0 garder notre environnement agr\u00e9able pour tous et toutes. Une r\u00e8gle absolue pr\u00e9vaut sur toutes les autres&nbsp;: Je ne fais de mal ni \u00e0 moi, ni aux [&hellip;]<\/p>\n","protected":false},"author":2,"featured_media":0,"parent":0,"menu_order":0,"comment_status":"closed","ping_status":"closed","template":"","meta":{"footnotes":""},"_links":{"self":[{"href":"https:\/\/ipoweb.bruxelles.be\/emileandre\/index.php?rest_route=\/wp\/v2\/pages\/117"}],"collection":[{"href":"https:\/\/ipoweb.bruxelles.be\/emileandre\/index.php?rest_route=\/wp\/v2\/pages"}],"about":[{"href":"https:\/\/ipoweb.bruxelles.be\/emileandre\/index.php?rest_route=\/wp\/v2\/types\/page"}],"author":[{"embeddable":true,"href":"https:\/\/ipoweb.bruxelles.be\/emileandre\/index.php?rest_route=\/wp\/v2\/users\/2"}],"replies":[{"embeddable":true,"href":"https:\/\/ipoweb.bruxelles.be\/emileandre\/index.php?rest_route=%2Fwp%2Fv2%2Fcomments&post=117"}],"version-history":[{"count":12,"href":"https:\/\/ipoweb.bruxelles.be\/emileandre\/index.php?rest_route=\/wp\/v2\/pages\/117\/revisions"}],"predecessor-version":[{"id":5905,"href":"https:\/\/ipoweb.bruxelles.be\/emileandre\/index.php?rest_route=\/wp\/v2\/pages\/117\/revisions\/5905"}],"wp:attachment":[{"href":"https:\/\/ipoweb.bruxelles.be\/emileandre\/index.php?rest_route=%2Fwp%2Fv2%2Fmedia&parent=117"}],"curies":[{"name":"wp","href":"https:\/\/api.w.org\/{rel}","templated":true}]}}