{"id":124,"date":"2019-04-23T21:23:08","date_gmt":"2019-04-23T19:23:08","guid":{"rendered":"http:\/\/ipoweb.bruxelles.be\/emileandre\/?page_id=124"},"modified":"2019-04-26T02:16:01","modified_gmt":"2019-04-26T00:16:01","slug":"histoire-de-lecole","status":"publish","type":"page","link":"https:\/\/ipoweb.bruxelles.be\/emileandre\/?page_id=124","title":{"rendered":"Histoire de l&rsquo;\u00e9cole"},"content":{"rendered":"\n<p>On trouve les premi\u00e8res traces d&rsquo;un b\u00e2timent \u00e0 l&rsquo;arri\u00e8re du 107 en 1686.<br>Ce n&rsquo;est pas encore une \u00e9cole, pour cela il faudra attendre 1851.<br>En 1880, s&rsquo;y installera une \u00e9cole communale pour jeunes filles.<br>Il faudra attendre 1975 pour que l&rsquo;\u00e9cole porte enfin le nom d&rsquo;Emile Andr\u00e9.<br>Une histoire tr\u00e8s complexe qui suit l&rsquo;\u00e9volution d&rsquo;un quartier tr\u00e8s vivant.<\/p>\n\n\n\n<p>Suivez-l\u00e0 en cliquant ici :<\/p>\n\n\n\n<div class=\"wp-block-file aligncenter\"><a href=\"http:\/\/ipoweb.bruxelles.be\/emileandre\/wp-content\/uploads\/2019\/04\/Historique-ecole.pdf\">Historique ecole<\/a><a href=\"http:\/\/ipoweb.bruxelles.be\/emileandre\/wp-content\/uploads\/2019\/04\/Historique-ecole.pdf\" class=\"wp-block-file__button\" download>T\u00e9l\u00e9charger<\/a><\/div>\n\n\n\n<figure class=\"wp-block-image\"><img decoding=\"async\" loading=\"lazy\" width=\"815\" height=\"507\" src=\"http:\/\/ipoweb.bruxelles.be\/emileandre\/wp-content\/uploads\/2019\/04\/0029.jpg\" alt=\"\" class=\"wp-image-126\" srcset=\"https:\/\/ipoweb.bruxelles.be\/emileandre\/wp-content\/uploads\/2019\/04\/0029.jpg 815w, https:\/\/ipoweb.bruxelles.be\/emileandre\/wp-content\/uploads\/2019\/04\/0029-300x187.jpg 300w, https:\/\/ipoweb.bruxelles.be\/emileandre\/wp-content\/uploads\/2019\/04\/0029-768x478.jpg 768w\" sizes=\"(max-width: 815px) 100vw, 815px\" \/><\/figure>\n","protected":false},"excerpt":{"rendered":"<p>On trouve les premi\u00e8res traces d&rsquo;un b\u00e2timent \u00e0 l&rsquo;arri\u00e8re du 107 en 1686.Ce n&rsquo;est pas encore une \u00e9cole, pour cela il faudra attendre 1851.En 1880, s&rsquo;y installera une \u00e9cole communale pour jeunes filles.Il faudra attendre 1975 pour que l&rsquo;\u00e9cole porte enfin le nom d&rsquo;Emile Andr\u00e9.Une histoire tr\u00e8s complexe qui suit l&rsquo;\u00e9volution d&rsquo;un quartier tr\u00e8s vivant. [&hellip;]<\/p>\n","protected":false},"author":2,"featured_media":0,"parent":0,"menu_order":0,"comment_status":"closed","ping_status":"closed","template":"","meta":{"footnotes":""},"_links":{"self":[{"href":"https:\/\/ipoweb.bruxelles.be\/emileandre\/index.php?rest_route=\/wp\/v2\/pages\/124"}],"collection":[{"href":"https:\/\/ipoweb.bruxelles.be\/emileandre\/index.php?rest_route=\/wp\/v2\/pages"}],"about":[{"href":"https:\/\/ipoweb.bruxelles.be\/emileandre\/index.php?rest_route=\/wp\/v2\/types\/page"}],"author":[{"embeddable":true,"href":"https:\/\/ipoweb.bruxelles.be\/emileandre\/index.php?rest_route=\/wp\/v2\/users\/2"}],"replies":[{"embeddable":true,"href":"https:\/\/ipoweb.bruxelles.be\/emileandre\/index.php?rest_route=%2Fwp%2Fv2%2Fcomments&post=124"}],"version-history":[{"count":5,"href":"https:\/\/ipoweb.bruxelles.be\/emileandre\/index.php?rest_route=\/wp\/v2\/pages\/124\/revisions"}],"predecessor-version":[{"id":198,"href":"https:\/\/ipoweb.bruxelles.be\/emileandre\/index.php?rest_route=\/wp\/v2\/pages\/124\/revisions\/198"}],"wp:attachment":[{"href":"https:\/\/ipoweb.bruxelles.be\/emileandre\/index.php?rest_route=%2Fwp%2Fv2%2Fmedia&parent=124"}],"curies":[{"name":"wp","href":"https:\/\/api.w.org\/{rel}","templated":true}]}}