{"id":131,"date":"2019-04-23T21:43:08","date_gmt":"2019-04-23T19:43:08","guid":{"rendered":"http:\/\/ipoweb.bruxelles.be\/emileandre\/?page_id=131"},"modified":"2019-05-12T22:07:44","modified_gmt":"2019-05-12T20:07:44","slug":"pierre-breughel","status":"publish","type":"page","link":"https:\/\/ipoweb.bruxelles.be\/emileandre\/?page_id=131","title":{"rendered":"Pierre Brueghel"},"content":{"rendered":"\n<div class=\"wp-block-columns has-2-columns is-layout-flex wp-container-3 wp-block-columns-is-layout-flex\">\n<div class=\"wp-block-column is-layout-flow wp-block-column-is-layout-flow\">\n<p>Tous les jours lorsque\nnous sortons de l\u2019\u00e9cole, nous nous retrouvons face \u00e0 la\nmaison o\u00f9 Breughel aurait v\u00e9cu vers1650. Une maison \u00e0 pignon\n\u00e0 gradin typique de l\u2019\u00e9poque.<\/p>\n<\/div>\n\n\n\n<div class=\"wp-block-column is-layout-flow wp-block-column-is-layout-flow\">\n<div class=\"wp-block-image\"><figure class=\"aligncenter\"><img decoding=\"async\" loading=\"lazy\" width=\"120\" height=\"200\" src=\"http:\/\/ipoweb.bruxelles.be\/emileandre\/wp-content\/uploads\/2019\/04\/0010.jpg\" alt=\"\" class=\"wp-image-25\"\/><\/figure><\/div>\n<\/div>\n<\/div>\n\n\n\n<div class=\"wp-block-columns has-2-columns is-layout-flex wp-container-6 wp-block-columns-is-layout-flex\">\n<div class=\"wp-block-column is-layout-flow wp-block-column-is-layout-flow\">\n<div class=\"wp-block-image\"><figure class=\"aligncenter\"><img decoding=\"async\" loading=\"lazy\" width=\"124\" height=\"200\" src=\"http:\/\/ipoweb.bruxelles.be\/emileandre\/wp-content\/uploads\/2019\/04\/0011.jpg\" alt=\"\" class=\"wp-image-26\"\/><\/figure><\/div>\n\n\n\n<p><\/p>\n<\/div>\n\n\n\n<div class=\"wp-block-column is-layout-flow wp-block-column-is-layout-flow\">\n<p>La statue de Pierre Brueghel et de son apprenti tr\u00f4ne dans le pr\u00e9au de l\u2019\u00e9cole depuis une quinzaine d\u2019ann\u00e9es.<\/p>\n<\/div>\n<\/div>\n\n\n\n<div class=\"wp-block-columns has-2-columns is-layout-flex wp-container-9 wp-block-columns-is-layout-flex\">\n<div class=\"wp-block-column is-layout-flow wp-block-column-is-layout-flow\">\n<p>Enfin, le quartier est aussi appel\u00e9 le quartier Brueghel. Des f\u00eates ont lieu chaque ann\u00e9e vers le 20 septembre. Les g\u00e9ants du folklore bruxellois sont de sortie et les enfants de l\u2019\u00e9cole se pressent sur le parcours. Nous y avons particip\u00e9 avec notre propre g\u00e9ant\u00a0!<\/p>\n<\/div>\n\n\n\n<div class=\"wp-block-column is-layout-flow wp-block-column-is-layout-flow\">\n<div class=\"wp-block-image\"><figure class=\"aligncenter\"><img decoding=\"async\" src=\"http:\/\/ipoweb.bruxelles.be\/emileandre\/wp-content\/uploads\/2019\/04\/0012.jpg\" alt=\"\" class=\"wp-image-27\"\/><\/figure><\/div>\n<\/div>\n<\/div>\n\n\n\n<p>Cette proximit\u00e9 vaut bien la peine que l\u2019on s\u2019arr\u00eate un instant sur l\u2019\u0153uvre de ce peintre mondialement connu. Un peu de lecture sur ce grand homme, engag\u00e9 aupr\u00e8s des plus pauvres et sur deux de ces tableaux dont nous poss\u00e9dons des reproductions \u00e0 l\u2019\u00e9cole.<\/p>\n\n\n\n<div class=\"wp-block-file aligncenter\"><a href=\"http:\/\/ipoweb.bruxelles.be\/emileandre\/wp-content\/uploads\/2019\/04\/Pierre-Brueghel.pdf\">Pierre Brueghel<\/a><a href=\"http:\/\/ipoweb.bruxelles.be\/emileandre\/wp-content\/uploads\/2019\/04\/Pierre-Brueghel.pdf\" class=\"wp-block-file__button\" download>T\u00e9l\u00e9charger<\/a><\/div>\n","protected":false},"excerpt":{"rendered":"<p>Tous les jours lorsque nous sortons de l\u2019\u00e9cole, nous nous retrouvons face \u00e0 la maison o\u00f9 Breughel aurait v\u00e9cu vers1650. Une maison \u00e0 pignon \u00e0 gradin typique de l\u2019\u00e9poque. La statue de Pierre Brueghel et de son apprenti tr\u00f4ne dans le pr\u00e9au de l\u2019\u00e9cole depuis une quinzaine d\u2019ann\u00e9es. Enfin, le quartier est aussi appel\u00e9 le [&hellip;]<\/p>\n","protected":false},"author":2,"featured_media":0,"parent":0,"menu_order":0,"comment_status":"closed","ping_status":"closed","template":"","meta":{"footnotes":""},"_links":{"self":[{"href":"https:\/\/ipoweb.bruxelles.be\/emileandre\/index.php?rest_route=\/wp\/v2\/pages\/131"}],"collection":[{"href":"https:\/\/ipoweb.bruxelles.be\/emileandre\/index.php?rest_route=\/wp\/v2\/pages"}],"about":[{"href":"https:\/\/ipoweb.bruxelles.be\/emileandre\/index.php?rest_route=\/wp\/v2\/types\/page"}],"author":[{"embeddable":true,"href":"https:\/\/ipoweb.bruxelles.be\/emileandre\/index.php?rest_route=\/wp\/v2\/users\/2"}],"replies":[{"embeddable":true,"href":"https:\/\/ipoweb.bruxelles.be\/emileandre\/index.php?rest_route=%2Fwp%2Fv2%2Fcomments&post=131"}],"version-history":[{"count":4,"href":"https:\/\/ipoweb.bruxelles.be\/emileandre\/index.php?rest_route=\/wp\/v2\/pages\/131\/revisions"}],"predecessor-version":[{"id":457,"href":"https:\/\/ipoweb.bruxelles.be\/emileandre\/index.php?rest_route=\/wp\/v2\/pages\/131\/revisions\/457"}],"wp:attachment":[{"href":"https:\/\/ipoweb.bruxelles.be\/emileandre\/index.php?rest_route=%2Fwp%2Fv2%2Fmedia&parent=131"}],"curies":[{"name":"wp","href":"https:\/\/api.w.org\/{rel}","templated":true}]}}