{"id":135,"date":"2019-04-23T21:47:53","date_gmt":"2019-04-23T19:47:53","guid":{"rendered":"http:\/\/ipoweb.bruxelles.be\/emileandre\/?page_id=135"},"modified":"2019-04-26T01:55:58","modified_gmt":"2019-04-25T23:55:58","slug":"ancien-site","status":"publish","type":"page","link":"https:\/\/ipoweb.bruxelles.be\/emileandre\/?page_id=135","title":{"rendered":"Ancien site"},"content":{"rendered":"\n<figure class=\"wp-block-image\"><img decoding=\"async\" loading=\"lazy\" width=\"640\" height=\"480\" src=\"http:\/\/ipoweb.bruxelles.be\/emileandre\/wp-content\/uploads\/2019\/04\/0009-1.jpg\" alt=\"\" class=\"wp-image-24\" srcset=\"https:\/\/ipoweb.bruxelles.be\/emileandre\/wp-content\/uploads\/2019\/04\/0009-1.jpg 640w, https:\/\/ipoweb.bruxelles.be\/emileandre\/wp-content\/uploads\/2019\/04\/0009-1-300x225.jpg 300w\" sizes=\"(max-width: 640px) 100vw, 640px\" \/><\/figure>\n\n\n\n<p>Les \u00e9l\u00e8ves de sixi\u00e8me ann\u00e9e qui fabriquent ici des montgolfi\u00e8res avec une \u00e9tudiante en r\u00e9gendat physique auront\u00a0bient\u00f4t 30 ans. Ils furent les premiers \u00e0 avoir la chance de graver leurs souvenirs sur le site internet de l\u2019\u00e9cole.<br>Si vous voulez vous replonger dans les 20 derni\u00e8res ann\u00e9es de projets r\u00e9alis\u00e9s \u00e0 l\u2019\u00e9cole Emile Andr\u00e9, suivez-nous dans notre ancien site\u00a0! Belles d\u00e9couvertes\u00a0!!\u00a0\u00a0\u00a0\u00a0   <a href=\"http:\/\/www.brunette.brucity.be\/fond\/eandre\/\">http:\/\/www.brunette.brucity.be\/fond\/eandre\/ <\/a><br><br><\/p>\n","protected":false},"excerpt":{"rendered":"<p>Les \u00e9l\u00e8ves de sixi\u00e8me ann\u00e9e qui fabriquent ici des montgolfi\u00e8res avec une \u00e9tudiante en r\u00e9gendat physique auront\u00a0bient\u00f4t 30 ans. Ils furent les premiers \u00e0 avoir la chance de graver leurs souvenirs sur le site internet de l\u2019\u00e9cole.Si vous voulez vous replonger dans les 20 derni\u00e8res ann\u00e9es de projets r\u00e9alis\u00e9s \u00e0 l\u2019\u00e9cole Emile Andr\u00e9, suivez-nous dans [&hellip;]<\/p>\n","protected":false},"author":2,"featured_media":0,"parent":0,"menu_order":0,"comment_status":"closed","ping_status":"closed","template":"","meta":{"footnotes":""},"_links":{"self":[{"href":"https:\/\/ipoweb.bruxelles.be\/emileandre\/index.php?rest_route=\/wp\/v2\/pages\/135"}],"collection":[{"href":"https:\/\/ipoweb.bruxelles.be\/emileandre\/index.php?rest_route=\/wp\/v2\/pages"}],"about":[{"href":"https:\/\/ipoweb.bruxelles.be\/emileandre\/index.php?rest_route=\/wp\/v2\/types\/page"}],"author":[{"embeddable":true,"href":"https:\/\/ipoweb.bruxelles.be\/emileandre\/index.php?rest_route=\/wp\/v2\/users\/2"}],"replies":[{"embeddable":true,"href":"https:\/\/ipoweb.bruxelles.be\/emileandre\/index.php?rest_route=%2Fwp%2Fv2%2Fcomments&post=135"}],"version-history":[{"count":2,"href":"https:\/\/ipoweb.bruxelles.be\/emileandre\/index.php?rest_route=\/wp\/v2\/pages\/135\/revisions"}],"predecessor-version":[{"id":190,"href":"https:\/\/ipoweb.bruxelles.be\/emileandre\/index.php?rest_route=\/wp\/v2\/pages\/135\/revisions\/190"}],"wp:attachment":[{"href":"https:\/\/ipoweb.bruxelles.be\/emileandre\/index.php?rest_route=%2Fwp%2Fv2%2Fmedia&parent=135"}],"curies":[{"name":"wp","href":"https:\/\/api.w.org\/{rel}","templated":true}]}}