{"id":222,"date":"2019-04-30T13:29:52","date_gmt":"2019-04-30T11:29:52","guid":{"rendered":"http:\/\/ipoweb.bruxelles.be\/emileandre\/?page_id=222"},"modified":"2025-12-17T11:10:19","modified_gmt":"2025-12-17T10:10:19","slug":"contact","status":"publish","type":"page","link":"https:\/\/ipoweb.bruxelles.be\/emileandre\/?page_id=222","title":{"rendered":"Contact"},"content":{"rendered":"\n<div class=\"wp-block-columns has-2-columns is-layout-flex wp-container-3 wp-block-columns-is-layout-flex\">\n<div class=\"wp-block-column is-layout-flow wp-block-column-is-layout-flow\">\n<p>Adresse :<br>\u00c9cole fondamentale \u00c9mile Andr\u00e9<br>Rue Haute, 107<br>1000 Bruxelles<br><br>T\u00e9l : 02 505 41 30<br>Fax : 02 505 41 38<br><br>Direction:<br>Madame Val\u00e9rie Diependael<br><br>Mail :<br><a href=\"mailto: emile.andre@brucity.education\">emile.andre@brucity.education<\/a><br><br>Site :<br><a href=\"http:\/\/ipoweb.bruxelles.be\/emileandre\/\">emileandre.be<\/a><br><br>Transports en commun :<br>Chapelle : 27, 48<br>Louise : 2, 6, 92, 93, 94<br><br><\/p>\n<\/div>\n\n\n\n<div class=\"wp-block-column is-layout-flow wp-block-column-is-layout-flow\">\n<figure class=\"wp-block-image\"><img decoding=\"async\" loading=\"lazy\" width=\"1024\" height=\"768\" src=\"http:\/\/ipoweb.bruxelles.be\/emileandre\/wp-content\/uploads\/2019\/12\/entreeecole-1024x768.png\" alt=\"\" class=\"wp-image-1058\" srcset=\"https:\/\/ipoweb.bruxelles.be\/emileandre\/wp-content\/uploads\/2019\/12\/entreeecole-1024x768.png 1024w, https:\/\/ipoweb.bruxelles.be\/emileandre\/wp-content\/uploads\/2019\/12\/entreeecole-300x225.png 300w, https:\/\/ipoweb.bruxelles.be\/emileandre\/wp-content\/uploads\/2019\/12\/entreeecole-768x576.png 768w, https:\/\/ipoweb.bruxelles.be\/emileandre\/wp-content\/uploads\/2019\/12\/entreeecole.png 1280w\" sizes=\"(max-width: 1024px) 100vw, 1024px\" \/><\/figure>\n<\/div>\n<\/div>\n\n\n\n<iframe loading=\"lazy\" width=\"600\" height=\"450\" src=\"https:\/\/www.google.com\/maps\/embed?pb=!1m18!1m12!1m3!1d2519.5601190804487!2d4.3483135158687745!3d50.83931126714964!2m3!1f0!2f0!3f0!3m2!1i1024!2i768!4f13.1!3m3!1m2!1s0x47c3c47b646a55df%3A0xc4ddc79a0c58cc6f!2sGFS+Ecole+Fondamentale+Emile+Andr%C3%A9+ASBL!5e0!3m2!1sfr!2sbe!4v1556623759798!5m2!1sfr!2sbe\" frameborder=\"0\" allowfullscreen=\"\" style=\"border:0\"><\/iframe>\n","protected":false},"excerpt":{"rendered":"<p>Adresse :\u00c9cole fondamentale \u00c9mile Andr\u00e9Rue Haute, 1071000 Bruxelles T\u00e9l : 02 505 41 30Fax : 02 505 41 38 Direction:Madame Val\u00e9rie Diependael Mail :emile.andre@brucity.education Site :emileandre.be Transports en commun :Chapelle : 27, 48Louise : 2, 6, 92, 93, 94<\/p>\n","protected":false},"author":2,"featured_media":0,"parent":0,"menu_order":0,"comment_status":"closed","ping_status":"closed","template":"","meta":{"footnotes":""},"_links":{"self":[{"href":"https:\/\/ipoweb.bruxelles.be\/emileandre\/index.php?rest_route=\/wp\/v2\/pages\/222"}],"collection":[{"href":"https:\/\/ipoweb.bruxelles.be\/emileandre\/index.php?rest_route=\/wp\/v2\/pages"}],"about":[{"href":"https:\/\/ipoweb.bruxelles.be\/emileandre\/index.php?rest_route=\/wp\/v2\/types\/page"}],"author":[{"embeddable":true,"href":"https:\/\/ipoweb.bruxelles.be\/emileandre\/index.php?rest_route=\/wp\/v2\/users\/2"}],"replies":[{"embeddable":true,"href":"https:\/\/ipoweb.bruxelles.be\/emileandre\/index.php?rest_route=%2Fwp%2Fv2%2Fcomments&post=222"}],"version-history":[{"count":16,"href":"https:\/\/ipoweb.bruxelles.be\/emileandre\/index.php?rest_route=\/wp\/v2\/pages\/222\/revisions"}],"predecessor-version":[{"id":7013,"href":"https:\/\/ipoweb.bruxelles.be\/emileandre\/index.php?rest_route=\/wp\/v2\/pages\/222\/revisions\/7013"}],"wp:attachment":[{"href":"https:\/\/ipoweb.bruxelles.be\/emileandre\/index.php?rest_route=%2Fwp%2Fv2%2Fmedia&parent=222"}],"curies":[{"name":"wp","href":"https:\/\/api.w.org\/{rel}","templated":true}]}}