{"id":2450,"date":"2020-08-31T20:35:42","date_gmt":"2020-08-31T18:35:42","guid":{"rendered":"http:\/\/ipoweb.bruxelles.be\/emileandre\/?page_id=2450"},"modified":"2023-09-04T20:39:51","modified_gmt":"2023-09-04T18:39:51","slug":"repas-chauds","status":"publish","type":"page","link":"https:\/\/ipoweb.bruxelles.be\/emileandre\/?page_id=2450","title":{"rendered":"Repas chauds"},"content":{"rendered":"\n<p>Pour cette ann\u00e9e scolaire 2023 2024, les inscriptions ne se feront qu&rsquo;en ligne !<br>Quelques probl\u00e8mes ont eu lieu lors du lancement de cette inscription, en ce d\u00e9but d&rsquo;ann\u00e9e. Il serait prudent de pr\u00e9voir des tartines tant que vous n&rsquo;avez pas la certitude que votre enfant aura droit au repas chaud. Merci.<\/p>\n\n\n\n<p>Voici la proc\u00e9dure pour l&rsquo;inscription en ligne. L&rsquo;\u00e9cole Emile Andr\u00e9 ne fait plus partie des \u00e9coles qui b\u00e9n\u00e9ficient de la gratuit\u00e9.<\/p>\n\n\n\n<div class=\"wp-block-file\"><a href=\"http:\/\/ipoweb.bruxelles.be\/emileandre\/wp-content\/uploads\/2023\/09\/MARCHE-A-SUIVRE-REPAS-CHAUDS.pdf\">MARCHE A SUIVRE REPAS CHAUDS<\/a><a href=\"http:\/\/ipoweb.bruxelles.be\/emileandre\/wp-content\/uploads\/2023\/09\/MARCHE-A-SUIVRE-REPAS-CHAUDS.pdf\" class=\"wp-block-file__button\" download>T\u00e9l\u00e9charger<\/a><\/div>\n","protected":false},"excerpt":{"rendered":"<p>Pour cette ann\u00e9e scolaire 2023 2024, les inscriptions ne se feront qu&rsquo;en ligne !Quelques probl\u00e8mes ont eu lieu lors du lancement de cette inscription, en ce d\u00e9but d&rsquo;ann\u00e9e. Il serait prudent de pr\u00e9voir des tartines tant que vous n&rsquo;avez pas la certitude que votre enfant aura droit au repas chaud. Merci. Voici la proc\u00e9dure pour [&hellip;]<\/p>\n","protected":false},"author":2,"featured_media":0,"parent":0,"menu_order":0,"comment_status":"closed","ping_status":"closed","template":"","meta":{"footnotes":""},"_links":{"self":[{"href":"https:\/\/ipoweb.bruxelles.be\/emileandre\/index.php?rest_route=\/wp\/v2\/pages\/2450"}],"collection":[{"href":"https:\/\/ipoweb.bruxelles.be\/emileandre\/index.php?rest_route=\/wp\/v2\/pages"}],"about":[{"href":"https:\/\/ipoweb.bruxelles.be\/emileandre\/index.php?rest_route=\/wp\/v2\/types\/page"}],"author":[{"embeddable":true,"href":"https:\/\/ipoweb.bruxelles.be\/emileandre\/index.php?rest_route=\/wp\/v2\/users\/2"}],"replies":[{"embeddable":true,"href":"https:\/\/ipoweb.bruxelles.be\/emileandre\/index.php?rest_route=%2Fwp%2Fv2%2Fcomments&post=2450"}],"version-history":[{"count":14,"href":"https:\/\/ipoweb.bruxelles.be\/emileandre\/index.php?rest_route=\/wp\/v2\/pages\/2450\/revisions"}],"predecessor-version":[{"id":5941,"href":"https:\/\/ipoweb.bruxelles.be\/emileandre\/index.php?rest_route=\/wp\/v2\/pages\/2450\/revisions\/5941"}],"wp:attachment":[{"href":"https:\/\/ipoweb.bruxelles.be\/emileandre\/index.php?rest_route=%2Fwp%2Fv2%2Fmedia&parent=2450"}],"curies":[{"name":"wp","href":"https:\/\/api.w.org\/{rel}","templated":true}]}}