{"id":2476,"date":"2020-09-09T20:49:14","date_gmt":"2020-09-09T18:49:14","guid":{"rendered":"http:\/\/ipoweb.bruxelles.be\/emileandre\/?page_id=2476"},"modified":"2020-09-23T21:23:49","modified_gmt":"2020-09-23T19:23:49","slug":"communication-in-action","status":"publish","type":"page","link":"https:\/\/ipoweb.bruxelles.be\/emileandre\/?page_id=2476","title":{"rendered":"Projet Erasmus +"},"content":{"rendered":"\n<p class=\"has-large-font-size\">\u00ab Communication in Action \u00bb<\/p>\n\n\n\n<figure class=\"wp-block-image\"><img decoding=\"async\" src=\"http:\/\/ipoweb.bruxelles.be\/emileandre\/wp-content\/uploads\/2020\/09\/erasmus.png\" alt=\"\" class=\"wp-image-2474\"\/><\/figure>\n\n\n\n<p>Cette ann\u00e9e scolaire 2020-2021 et durant deux ann\u00e9es, notre \u00e9cole participera \u00e0 nouveau projet europ\u00e9en \u00ab Erasmus+ \u00bb dont le th\u00e8me g\u00e9n\u00e9ral sera la communication sous toutes ses formes.<\/p>\n\n\n\n<p>Cinq autres partenaires seront associ\u00e9s au projet :<br>&#8211; L\u2019Autriche (ville de Lavam\u00fcnd)<br>&#8211; L\u2019Allemagne (ville de Berlin)<br>&#8211; La Bulgarie (ville de Sofia)<br>&#8211; L\u2019Espagne (ville de Huelva)<br>&#8211; La Belgique (ville de Turnhout)<\/p>\n\n\n\n<p>Nous avons pour objectifs de pouvoir \u00e9changer de bonnes pratiques, comparer les syst\u00e8mes \u00e9ducatifs, les coutumes, le mode de vie et bien \u00e9videmment rencontrer les partenaires lors des mobilit\u00e9s.<\/p>\n\n\n\n<p>Nos \u00e9l\u00e8ves auront donc le privil\u00e8ge de pouvoir \u00e9changer avec nos visiteurs lors de la rencontre en Belgique et ainsi de pouvoir montrer tout ce qui est mis en \u0153uvre dans notre \u00e9tablissement en la mati\u00e8re. <br>De plus, il s\u2019agira pour eux d\u2019un beau projet au niveau de l\u2019accueil, de l\u2019organisation et pourquoi pas, de la d\u00e9couverte d\u2019une nouvelle langue.<\/p>\n\n\n\n<p>Grande nouveaut\u00e9 concernant ce projet : quelques enfants de l\u2019\u00e9cole auront l\u2019occasion de se d\u00e9placer avec nous lors des mobilit\u00e9s en Autriche et en Espagne.<\/p>\n\n\n\n<p>Mais de tout cela, nous en reparlerons en temps utiles \u2026<br>En attendant,\u2026..en route vers de nouvelles aventures et vive l\u2019Europe !!!<\/p>\n\n\n\n<figure class=\"wp-block-image is-resized\"><img decoding=\"async\" loading=\"lazy\" src=\"http:\/\/ipoweb.bruxelles.be\/emileandre\/wp-content\/uploads\/2020\/09\/action.jpg\" alt=\"\" class=\"wp-image-2475\" width=\"411\" height=\"582\" srcset=\"https:\/\/ipoweb.bruxelles.be\/emileandre\/wp-content\/uploads\/2020\/09\/action.jpg 250w, https:\/\/ipoweb.bruxelles.be\/emileandre\/wp-content\/uploads\/2020\/09\/action-212x300.jpg 212w\" sizes=\"(max-width: 411px) 100vw, 411px\" \/><\/figure>\n\n\n\n<figure class=\"wp-block-embed-youtube wp-block-embed is-type-video is-provider-youtube wp-embed-aspect-4-3 wp-has-aspect-ratio\"><div class=\"wp-block-embed__wrapper\">\n<iframe loading=\"lazy\" width=\"648\" height=\"486\" src=\"https:\/\/www.youtube.com\/embed\/fLuPzERugQw?feature=oembed\" frameborder=\"0\" allow=\"accelerometer; autoplay; clipboard-write; encrypted-media; gyroscope; picture-in-picture\" allowfullscreen><\/iframe>\n<\/div><\/figure>\n","protected":false},"excerpt":{"rendered":"<p>\u00ab Communication in Action \u00bb Cette ann\u00e9e scolaire 2020-2021 et durant deux ann\u00e9es, notre \u00e9cole participera \u00e0 nouveau projet europ\u00e9en \u00ab Erasmus+ \u00bb dont le th\u00e8me g\u00e9n\u00e9ral sera la communication sous toutes ses formes. Cinq autres partenaires seront associ\u00e9s au projet :&#8211; L\u2019Autriche (ville de Lavam\u00fcnd)&#8211; L\u2019Allemagne (ville de Berlin)&#8211; La Bulgarie (ville de Sofia)&#8211; [&hellip;]<\/p>\n","protected":false},"author":2,"featured_media":0,"parent":0,"menu_order":0,"comment_status":"closed","ping_status":"closed","template":"","meta":{"footnotes":""},"_links":{"self":[{"href":"https:\/\/ipoweb.bruxelles.be\/emileandre\/index.php?rest_route=\/wp\/v2\/pages\/2476"}],"collection":[{"href":"https:\/\/ipoweb.bruxelles.be\/emileandre\/index.php?rest_route=\/wp\/v2\/pages"}],"about":[{"href":"https:\/\/ipoweb.bruxelles.be\/emileandre\/index.php?rest_route=\/wp\/v2\/types\/page"}],"author":[{"embeddable":true,"href":"https:\/\/ipoweb.bruxelles.be\/emileandre\/index.php?rest_route=\/wp\/v2\/users\/2"}],"replies":[{"embeddable":true,"href":"https:\/\/ipoweb.bruxelles.be\/emileandre\/index.php?rest_route=%2Fwp%2Fv2%2Fcomments&post=2476"}],"version-history":[{"count":4,"href":"https:\/\/ipoweb.bruxelles.be\/emileandre\/index.php?rest_route=\/wp\/v2\/pages\/2476\/revisions"}],"predecessor-version":[{"id":2568,"href":"https:\/\/ipoweb.bruxelles.be\/emileandre\/index.php?rest_route=\/wp\/v2\/pages\/2476\/revisions\/2568"}],"wp:attachment":[{"href":"https:\/\/ipoweb.bruxelles.be\/emileandre\/index.php?rest_route=%2Fwp%2Fv2%2Fmedia&parent=2476"}],"curies":[{"name":"wp","href":"https:\/\/api.w.org\/{rel}","templated":true}]}}