{"id":2486,"date":"2020-09-17T20:29:11","date_gmt":"2020-09-17T18:29:11","guid":{"rendered":"http:\/\/ipoweb.bruxelles.be\/emileandre\/?page_id=2486"},"modified":"2024-10-03T21:17:45","modified_gmt":"2024-10-03T19:17:45","slug":"classes-de-depaysement","status":"publish","type":"page","link":"https:\/\/ipoweb.bruxelles.be\/emileandre\/?page_id=2486","title":{"rendered":"Classes de d\u00e9paysement"},"content":{"rendered":"\n<p>Toutes les classes, de la deuxi\u00e8me \u00e0 la sixi\u00e8me ann\u00e9e primaire partiront en classe de d\u00e9paysement, cette ann\u00e9e 2024 2025.<\/p>\n\n\n\n<figure class=\"wp-block-image\"><img decoding=\"async\" loading=\"lazy\" width=\"500\" height=\"500\" src=\"http:\/\/ipoweb.bruxelles.be\/emileandre\/wp-content\/uploads\/2023\/06\/IMG_20230612_110909.jpg\" alt=\"\" class=\"wp-image-5554\" srcset=\"https:\/\/ipoweb.bruxelles.be\/emileandre\/wp-content\/uploads\/2023\/06\/IMG_20230612_110909.jpg 500w, https:\/\/ipoweb.bruxelles.be\/emileandre\/wp-content\/uploads\/2023\/06\/IMG_20230612_110909-150x150.jpg 150w, https:\/\/ipoweb.bruxelles.be\/emileandre\/wp-content\/uploads\/2023\/06\/IMG_20230612_110909-300x300.jpg 300w, https:\/\/ipoweb.bruxelles.be\/emileandre\/wp-content\/uploads\/2023\/06\/IMG_20230612_110909-60x60.jpg 60w\" sizes=\"(max-width: 500px) 100vw, 500px\" \/><\/figure>\n\n\n\n<p>Voici les dates et les destinations.<br><\/p>\n\n\n\n<p>Les P6 partiront \u00e0 Engreux du 9 au 13 d\u00e9cembre 2024 <br>Les P5 partiront \u00e0 Gouvy du 27 au 31 janvier 2025<br>Les P3 P4 partiront \u00e0 Han-sur-Lesse du 2 au 6 juin 2025<br>Les P2 partiront au moulin de Hosdent du 30 septembre au 4 octobre 2024<br><br><br><\/p>\n","protected":false},"excerpt":{"rendered":"<p>Toutes les classes, de la deuxi\u00e8me \u00e0 la sixi\u00e8me ann\u00e9e primaire partiront en classe de d\u00e9paysement, cette ann\u00e9e 2024 2025. Voici les dates et les destinations. Les P6 partiront \u00e0 Engreux du 9 au 13 d\u00e9cembre 2024 Les P5 partiront \u00e0 Gouvy du 27 au 31 janvier 2025Les P3 P4 partiront \u00e0 Han-sur-Lesse du 2 [&hellip;]<\/p>\n","protected":false},"author":2,"featured_media":0,"parent":0,"menu_order":0,"comment_status":"closed","ping_status":"closed","template":"","meta":{"footnotes":""},"_links":{"self":[{"href":"https:\/\/ipoweb.bruxelles.be\/emileandre\/index.php?rest_route=\/wp\/v2\/pages\/2486"}],"collection":[{"href":"https:\/\/ipoweb.bruxelles.be\/emileandre\/index.php?rest_route=\/wp\/v2\/pages"}],"about":[{"href":"https:\/\/ipoweb.bruxelles.be\/emileandre\/index.php?rest_route=\/wp\/v2\/types\/page"}],"author":[{"embeddable":true,"href":"https:\/\/ipoweb.bruxelles.be\/emileandre\/index.php?rest_route=\/wp\/v2\/users\/2"}],"replies":[{"embeddable":true,"href":"https:\/\/ipoweb.bruxelles.be\/emileandre\/index.php?rest_route=%2Fwp%2Fv2%2Fcomments&post=2486"}],"version-history":[{"count":22,"href":"https:\/\/ipoweb.bruxelles.be\/emileandre\/index.php?rest_route=\/wp\/v2\/pages\/2486\/revisions"}],"predecessor-version":[{"id":6798,"href":"https:\/\/ipoweb.bruxelles.be\/emileandre\/index.php?rest_route=\/wp\/v2\/pages\/2486\/revisions\/6798"}],"wp:attachment":[{"href":"https:\/\/ipoweb.bruxelles.be\/emileandre\/index.php?rest_route=%2Fwp%2Fv2%2Fmedia&parent=2486"}],"curies":[{"name":"wp","href":"https:\/\/api.w.org\/{rel}","templated":true}]}}