{"id":2594,"date":"2020-10-15T19:07:41","date_gmt":"2020-10-15T17:07:41","guid":{"rendered":"http:\/\/ipoweb.bruxelles.be\/emileandre\/?page_id=2594"},"modified":"2020-10-15T19:08:21","modified_gmt":"2020-10-15T17:08:21","slug":"un-tour-panoramique-de-lecole","status":"publish","type":"page","link":"https:\/\/ipoweb.bruxelles.be\/emileandre\/?page_id=2594","title":{"rendered":"Un tour panoramique de l&rsquo;\u00e9cole."},"content":{"rendered":"\n<figure class=\"wp-block-embed-youtube wp-block-embed is-type-video is-provider-youtube wp-embed-aspect-16-9 wp-has-aspect-ratio\"><div class=\"wp-block-embed__wrapper\">\n<iframe loading=\"lazy\" width=\"648\" height=\"365\" src=\"https:\/\/www.youtube.com\/embed\/GTxyi3Mn1LQ?feature=oembed\" frameborder=\"0\" allow=\"accelerometer; autoplay; clipboard-write; encrypted-media; gyroscope; picture-in-picture\" allowfullscreen><\/iframe>\n<\/div><\/figure>\n\n\n\n<p>Cette pr\u00e9sentation a \u00e9t\u00e9 r\u00e9alis\u00e9e pour pr\u00e9senter notre \u00e9cole \u00e0 nos partenaires europ\u00e9ens pour notre projet Erasmus+ 2020 2021<\/p>\n","protected":false},"excerpt":{"rendered":"<p>Cette pr\u00e9sentation a \u00e9t\u00e9 r\u00e9alis\u00e9e pour pr\u00e9senter notre \u00e9cole \u00e0 nos partenaires europ\u00e9ens pour notre projet Erasmus+ 2020 2021<\/p>\n","protected":false},"author":2,"featured_media":0,"parent":0,"menu_order":0,"comment_status":"closed","ping_status":"closed","template":"","meta":{"footnotes":""},"_links":{"self":[{"href":"https:\/\/ipoweb.bruxelles.be\/emileandre\/index.php?rest_route=\/wp\/v2\/pages\/2594"}],"collection":[{"href":"https:\/\/ipoweb.bruxelles.be\/emileandre\/index.php?rest_route=\/wp\/v2\/pages"}],"about":[{"href":"https:\/\/ipoweb.bruxelles.be\/emileandre\/index.php?rest_route=\/wp\/v2\/types\/page"}],"author":[{"embeddable":true,"href":"https:\/\/ipoweb.bruxelles.be\/emileandre\/index.php?rest_route=\/wp\/v2\/users\/2"}],"replies":[{"embeddable":true,"href":"https:\/\/ipoweb.bruxelles.be\/emileandre\/index.php?rest_route=%2Fwp%2Fv2%2Fcomments&post=2594"}],"version-history":[{"count":2,"href":"https:\/\/ipoweb.bruxelles.be\/emileandre\/index.php?rest_route=\/wp\/v2\/pages\/2594\/revisions"}],"predecessor-version":[{"id":2596,"href":"https:\/\/ipoweb.bruxelles.be\/emileandre\/index.php?rest_route=\/wp\/v2\/pages\/2594\/revisions\/2596"}],"wp:attachment":[{"href":"https:\/\/ipoweb.bruxelles.be\/emileandre\/index.php?rest_route=%2Fwp%2Fv2%2Fmedia&parent=2594"}],"curies":[{"name":"wp","href":"https:\/\/api.w.org\/{rel}","templated":true}]}}