{"id":2668,"date":"2020-11-23T05:45:58","date_gmt":"2020-11-23T04:45:58","guid":{"rendered":"http:\/\/ipoweb.bruxelles.be\/emileandre\/?page_id=2668"},"modified":"2020-11-23T12:16:34","modified_gmt":"2020-11-23T11:16:34","slug":"visite-virtuelle","status":"publish","type":"page","link":"https:\/\/ipoweb.bruxelles.be\/emileandre\/?page_id=2668","title":{"rendered":"Visite virtuelle"},"content":{"rendered":"\n<p>Chers parents,<br>Le moment approche o\u00f9 vous allez faire le choix d&rsquo;une \u00e9cole pour votre enfant qui entre en premi\u00e8re primaire.<br>Vous \u00eates nombreux \u00e0 nous demander \u00e0 pouvoir visiter l&rsquo;\u00e9cole et nous nous r\u00e9jouissons, chaque ann\u00e9e, de pouvoir partager notre mani\u00e8re de travailler avec de nouveaux parents.<br>Cette ann\u00e9e, malheureusement, les conditions sanitaires nous emp\u00eachent de vous accueillir dans nos murs. C&rsquo;est pourquoi nous vous proposons une visite virtuelle d&rsquo;une demi-heure \u00e0 la d\u00e9couverte de l&rsquo;\u00e9cole.<\/p>\n\n\n\n<figure class=\"wp-block-embed-youtube wp-block-embed is-type-video is-provider-youtube wp-embed-aspect-16-9 wp-has-aspect-ratio\"><div class=\"wp-block-embed__wrapper\">\n<iframe loading=\"lazy\" width=\"648\" height=\"365\" src=\"https:\/\/www.youtube.com\/embed\/UmptebQBaWc?feature=oembed\" frameborder=\"0\" allow=\"accelerometer; autoplay; clipboard-write; encrypted-media; gyroscope; picture-in-picture\" allowfullscreen><\/iframe>\n<\/div><\/figure>\n\n\n\n<p><br>S\u00fbr que vous aurez encore des tas de questions ! <br>N&rsquo;h\u00e9sitez pas ! Un appel t\u00e9l\u00e9phonique 02 505 41 30 ou un mail <a href=\"emile.andre@brucity.education\">emile.andre@brucity.education<\/a><br>et nous nous ferons une joie de vous r\u00e9pondre.<br>Bonne visite !<br> <\/p>\n","protected":false},"excerpt":{"rendered":"<p>Chers parents,Le moment approche o\u00f9 vous allez faire le choix d&rsquo;une \u00e9cole pour votre enfant qui entre en premi\u00e8re primaire.Vous \u00eates nombreux \u00e0 nous demander \u00e0 pouvoir visiter l&rsquo;\u00e9cole et nous nous r\u00e9jouissons, chaque ann\u00e9e, de pouvoir partager notre mani\u00e8re de travailler avec de nouveaux parents.Cette ann\u00e9e, malheureusement, les conditions sanitaires nous emp\u00eachent de vous [&hellip;]<\/p>\n","protected":false},"author":2,"featured_media":0,"parent":0,"menu_order":0,"comment_status":"closed","ping_status":"closed","template":"","meta":{"footnotes":""},"_links":{"self":[{"href":"https:\/\/ipoweb.bruxelles.be\/emileandre\/index.php?rest_route=\/wp\/v2\/pages\/2668"}],"collection":[{"href":"https:\/\/ipoweb.bruxelles.be\/emileandre\/index.php?rest_route=\/wp\/v2\/pages"}],"about":[{"href":"https:\/\/ipoweb.bruxelles.be\/emileandre\/index.php?rest_route=\/wp\/v2\/types\/page"}],"author":[{"embeddable":true,"href":"https:\/\/ipoweb.bruxelles.be\/emileandre\/index.php?rest_route=\/wp\/v2\/users\/2"}],"replies":[{"embeddable":true,"href":"https:\/\/ipoweb.bruxelles.be\/emileandre\/index.php?rest_route=%2Fwp%2Fv2%2Fcomments&post=2668"}],"version-history":[{"count":4,"href":"https:\/\/ipoweb.bruxelles.be\/emileandre\/index.php?rest_route=\/wp\/v2\/pages\/2668\/revisions"}],"predecessor-version":[{"id":2674,"href":"https:\/\/ipoweb.bruxelles.be\/emileandre\/index.php?rest_route=\/wp\/v2\/pages\/2668\/revisions\/2674"}],"wp:attachment":[{"href":"https:\/\/ipoweb.bruxelles.be\/emileandre\/index.php?rest_route=%2Fwp%2Fv2%2Fmedia&parent=2668"}],"curies":[{"name":"wp","href":"https:\/\/api.w.org\/{rel}","templated":true}]}}