{"id":3149,"date":"2021-09-21T15:00:30","date_gmt":"2021-09-21T13:00:30","guid":{"rendered":"http:\/\/ipoweb.bruxelles.be\/emileandre\/?page_id=3149"},"modified":"2023-08-27T11:22:02","modified_gmt":"2023-08-27T09:22:02","slug":"journees-pedagogiques-2","status":"publish","type":"page","link":"https:\/\/ipoweb.bruxelles.be\/emileandre\/?page_id=3149","title":{"rendered":"Journ\u00e9es p\u00e9dagogiques"},"content":{"rendered":"\n<p>Comme chaque ann\u00e9e, l&rsquo;\u00e9quipe p\u00e9dagogique se retrouvera  3 journ\u00e9es au cours de l&rsquo;ann\u00e9e pour d\u00e9battre de sujet qui concerne l&rsquo;\u00e9cole, son fonctionnement, ses choix, sa p\u00e9dagogie, &#8230;..<br>Nous vous communiquerons les dates de ces trois journ\u00e9es d\u00e8s qu&rsquo;elles auront \u00e9t\u00e9 fix\u00e9es.<br>Il va de soi qu&rsquo;un accueil des enfants sera organis\u00e9 mais comme les ann\u00e9es pr\u00e9c\u00e9dentes, au moins d&rsquo;enfants sont pr\u00e9sents, au plus d&rsquo;auxiliaires peuvent nous rejoindre pour notre travail de r\u00e9flexion et de cr\u00e9ation.<br>Merci d&rsquo;avance donc \u00e0 celles et ceux qui pourront trouver une alternative de garde pour ces trois jours.<br><\/p>\n\n\n\n<p><br><br><\/p>\n","protected":false},"excerpt":{"rendered":"<p>Comme chaque ann\u00e9e, l&rsquo;\u00e9quipe p\u00e9dagogique se retrouvera 3 journ\u00e9es au cours de l&rsquo;ann\u00e9e pour d\u00e9battre de sujet qui concerne l&rsquo;\u00e9cole, son fonctionnement, ses choix, sa p\u00e9dagogie, &#8230;..Nous vous communiquerons les dates de ces trois journ\u00e9es d\u00e8s qu&rsquo;elles auront \u00e9t\u00e9 fix\u00e9es.Il va de soi qu&rsquo;un accueil des enfants sera organis\u00e9 mais comme les ann\u00e9es pr\u00e9c\u00e9dentes, au [&hellip;]<\/p>\n","protected":false},"author":11,"featured_media":0,"parent":0,"menu_order":0,"comment_status":"closed","ping_status":"closed","template":"","meta":{"footnotes":""},"_links":{"self":[{"href":"https:\/\/ipoweb.bruxelles.be\/emileandre\/index.php?rest_route=\/wp\/v2\/pages\/3149"}],"collection":[{"href":"https:\/\/ipoweb.bruxelles.be\/emileandre\/index.php?rest_route=\/wp\/v2\/pages"}],"about":[{"href":"https:\/\/ipoweb.bruxelles.be\/emileandre\/index.php?rest_route=\/wp\/v2\/types\/page"}],"author":[{"embeddable":true,"href":"https:\/\/ipoweb.bruxelles.be\/emileandre\/index.php?rest_route=\/wp\/v2\/users\/11"}],"replies":[{"embeddable":true,"href":"https:\/\/ipoweb.bruxelles.be\/emileandre\/index.php?rest_route=%2Fwp%2Fv2%2Fcomments&post=3149"}],"version-history":[{"count":7,"href":"https:\/\/ipoweb.bruxelles.be\/emileandre\/index.php?rest_route=\/wp\/v2\/pages\/3149\/revisions"}],"predecessor-version":[{"id":5896,"href":"https:\/\/ipoweb.bruxelles.be\/emileandre\/index.php?rest_route=\/wp\/v2\/pages\/3149\/revisions\/5896"}],"wp:attachment":[{"href":"https:\/\/ipoweb.bruxelles.be\/emileandre\/index.php?rest_route=%2Fwp%2Fv2%2Fmedia&parent=3149"}],"curies":[{"name":"wp","href":"https:\/\/api.w.org\/{rel}","templated":true}]}}