{"id":3337,"date":"2021-10-26T09:44:52","date_gmt":"2021-10-26T07:44:52","guid":{"rendered":"http:\/\/ipoweb.bruxelles.be\/emileandre\/?page_id=3337"},"modified":"2024-08-20T21:26:04","modified_gmt":"2024-08-20T19:26:04","slug":"classes-ouvertes","status":"publish","type":"page","link":"https:\/\/ipoweb.bruxelles.be\/emileandre\/?page_id=3337","title":{"rendered":"Classes ouvertes en P1 P2"},"content":{"rendered":"\n<p>Alors qu&rsquo;en maternelle, vous rencontriez l&rsquo;institutrice ou l&rsquo;instituteur, tous les matins en d\u00e9posant votre enfant en classe, vous \u00eates maintenant oblig\u00e9.e de lui dire au revoir dans le pr\u00e9au et de la laisser seule, de le laisser seul pour rejoindre sa classe.<br>Et vous vous posez mille questions sur ce que fait votre grand \u00e0 l&rsquo;\u00e9cole.<br>Vous pouvez toujours, par le biais du cahier de communications, fixer une rencontre avec l&rsquo;instituteur, l&rsquo;institutrice de votre enfant mais vous pouvez aussi venir aux classes ouvertes.<\/p>\n\n\n\n<p>Une fois par mois, en P1 et P2, nous invitons les parents \u00e0 venir partager un moment dans la classe de leur enfant ceci de 8h25 \u00e0 9h.<\/p>\n\n\n\n<p>Vous serez tr\u00e8s bient\u00f4t inform\u00e9s de la date de la premi\u00e8re classe ouverte, nous esp\u00e9rons vous y voir tr\u00e8s nombreux, tr\u00e8s nombreuses.<\/p>\n\n\n\n\n\n<p><br><\/p>\n","protected":false},"excerpt":{"rendered":"<p>Alors qu&rsquo;en maternelle, vous rencontriez l&rsquo;institutrice ou l&rsquo;instituteur, tous les matins en d\u00e9posant votre enfant en classe, vous \u00eates maintenant oblig\u00e9.e de lui dire au revoir dans le pr\u00e9au et de la laisser seule, de le laisser seul pour rejoindre sa classe.Et vous vous posez mille questions sur ce que fait votre grand \u00e0 l&rsquo;\u00e9cole.Vous [&hellip;]<\/p>\n","protected":false},"author":11,"featured_media":0,"parent":0,"menu_order":0,"comment_status":"closed","ping_status":"closed","template":"","meta":{"footnotes":""},"_links":{"self":[{"href":"https:\/\/ipoweb.bruxelles.be\/emileandre\/index.php?rest_route=\/wp\/v2\/pages\/3337"}],"collection":[{"href":"https:\/\/ipoweb.bruxelles.be\/emileandre\/index.php?rest_route=\/wp\/v2\/pages"}],"about":[{"href":"https:\/\/ipoweb.bruxelles.be\/emileandre\/index.php?rest_route=\/wp\/v2\/types\/page"}],"author":[{"embeddable":true,"href":"https:\/\/ipoweb.bruxelles.be\/emileandre\/index.php?rest_route=\/wp\/v2\/users\/11"}],"replies":[{"embeddable":true,"href":"https:\/\/ipoweb.bruxelles.be\/emileandre\/index.php?rest_route=%2Fwp%2Fv2%2Fcomments&post=3337"}],"version-history":[{"count":8,"href":"https:\/\/ipoweb.bruxelles.be\/emileandre\/index.php?rest_route=\/wp\/v2\/pages\/3337\/revisions"}],"predecessor-version":[{"id":6756,"href":"https:\/\/ipoweb.bruxelles.be\/emileandre\/index.php?rest_route=\/wp\/v2\/pages\/3337\/revisions\/6756"}],"wp:attachment":[{"href":"https:\/\/ipoweb.bruxelles.be\/emileandre\/index.php?rest_route=%2Fwp%2Fv2%2Fmedia&parent=3337"}],"curies":[{"name":"wp","href":"https:\/\/api.w.org\/{rel}","templated":true}]}}