{"id":3708,"date":"2022-03-08T18:06:20","date_gmt":"2022-03-08T17:06:20","guid":{"rendered":"http:\/\/ipoweb.bruxelles.be\/emileandre\/?page_id=3708"},"modified":"2023-08-27T10:55:17","modified_gmt":"2023-08-27T08:55:17","slug":"cafe-des-parents","status":"publish","type":"page","link":"https:\/\/ipoweb.bruxelles.be\/emileandre\/?page_id=3708","title":{"rendered":"Caf\u00e9 des parents"},"content":{"rendered":"\n<p>Nous poursuivrons le d\u00e9sormais  traditionnel \u00ab\u00a0caf\u00e9 des parents\u00a0\u00bb le dernier vendredi de chaque mois.<br>Lorsque vous aurez d\u00e9pos\u00e9 votre enfant venez prendre un caf\u00e9 ou un th\u00e9 et \u00e9changer avec les parents, la directions et les enseignants pr\u00e9sents. <br>C&rsquo;est un moment simplement convivial !<br>Ce sera, pour vous, l&rsquo;occasion de rencontrer les repr\u00e9sentants de l&rsquo;association des parents et peut-\u00eatre de participer \u00e0 l&rsquo;une ou l&rsquo;autre rencontre organis\u00e9e par celle-ci.<\/p>\n","protected":false},"excerpt":{"rendered":"<p>Nous poursuivrons le d\u00e9sormais traditionnel \u00ab\u00a0caf\u00e9 des parents\u00a0\u00bb le dernier vendredi de chaque mois.Lorsque vous aurez d\u00e9pos\u00e9 votre enfant venez prendre un caf\u00e9 ou un th\u00e9 et \u00e9changer avec les parents, la directions et les enseignants pr\u00e9sents. C&rsquo;est un moment simplement convivial !Ce sera, pour vous, l&rsquo;occasion de rencontrer les repr\u00e9sentants de l&rsquo;association des parents [&hellip;]<\/p>\n","protected":false},"author":11,"featured_media":0,"parent":0,"menu_order":0,"comment_status":"closed","ping_status":"closed","template":"","meta":{"footnotes":""},"_links":{"self":[{"href":"https:\/\/ipoweb.bruxelles.be\/emileandre\/index.php?rest_route=\/wp\/v2\/pages\/3708"}],"collection":[{"href":"https:\/\/ipoweb.bruxelles.be\/emileandre\/index.php?rest_route=\/wp\/v2\/pages"}],"about":[{"href":"https:\/\/ipoweb.bruxelles.be\/emileandre\/index.php?rest_route=\/wp\/v2\/types\/page"}],"author":[{"embeddable":true,"href":"https:\/\/ipoweb.bruxelles.be\/emileandre\/index.php?rest_route=\/wp\/v2\/users\/11"}],"replies":[{"embeddable":true,"href":"https:\/\/ipoweb.bruxelles.be\/emileandre\/index.php?rest_route=%2Fwp%2Fv2%2Fcomments&post=3708"}],"version-history":[{"count":6,"href":"https:\/\/ipoweb.bruxelles.be\/emileandre\/index.php?rest_route=\/wp\/v2\/pages\/3708\/revisions"}],"predecessor-version":[{"id":5892,"href":"https:\/\/ipoweb.bruxelles.be\/emileandre\/index.php?rest_route=\/wp\/v2\/pages\/3708\/revisions\/5892"}],"wp:attachment":[{"href":"https:\/\/ipoweb.bruxelles.be\/emileandre\/index.php?rest_route=%2Fwp%2Fv2%2Fmedia&parent=3708"}],"curies":[{"name":"wp","href":"https:\/\/api.w.org\/{rel}","templated":true}]}}