{"id":3949,"date":"2022-05-16T16:11:08","date_gmt":"2022-05-16T14:11:08","guid":{"rendered":"http:\/\/ipoweb.bruxelles.be\/emileandre\/?page_id=3949"},"modified":"2022-05-23T20:19:58","modified_gmt":"2022-05-23T18:19:58","slug":"berlin","status":"publish","type":"page","link":"https:\/\/ipoweb.bruxelles.be\/emileandre\/?page_id=3949","title":{"rendered":"Berlin"},"content":{"rendered":"\n<ul class=\"wp-block-gallery columns-1 is-cropped wp-block-gallery-1 is-layout-flex wp-block-gallery-is-layout-flex\"><li class=\"blocks-gallery-item\"><figure><img decoding=\"async\" loading=\"lazy\" width=\"600\" height=\"270\" src=\"http:\/\/ipoweb.bruxelles.be\/emileandre\/wp-content\/uploads\/2022\/05\/20220221_173419-600-x-270.jpg\" alt=\"\" data-id=\"3904\" data-link=\"http:\/\/ipoweb.bruxelles.be\/emileandre\/?attachment_id=3904\" class=\"wp-image-3904\" srcset=\"https:\/\/ipoweb.bruxelles.be\/emileandre\/wp-content\/uploads\/2022\/05\/20220221_173419-600-x-270.jpg 600w, https:\/\/ipoweb.bruxelles.be\/emileandre\/wp-content\/uploads\/2022\/05\/20220221_173419-600-x-270-300x135.jpg 300w\" sizes=\"(max-width: 600px) 100vw, 600px\" \/><\/figure><\/li><\/ul>\n\n\n\n<div class=\"wp-block-uagb-advanced-heading\" id=\"uagb-adv-heading-05554705-bd91-4091-8491-3428ec53bb39\"><h3 class=\"uagb-heading-text\">Une mobilit\u00e9 dans la capitale allemande ax\u00e9e sur le travail collectif  \u00ab\u00a0Teambuilding\u00a0\u00bb<\/h3><div class=\"uagb-separator-wrap\"><div class=\"uagb-separator\"><\/div><\/div><p class=\"uagb-desc-text\"><\/p><\/div>\n\n\n\n<ul class=\"wp-block-gallery columns-3 is-cropped wp-block-gallery-3 is-layout-flex wp-block-gallery-is-layout-flex\"><li class=\"blocks-gallery-item\"><figure><img decoding=\"async\" loading=\"lazy\" width=\"270\" height=\"600\" src=\"http:\/\/ipoweb.bruxelles.be\/emileandre\/wp-content\/uploads\/2022\/05\/20220223_124331-600-x-270-e1653242965769.jpg\" alt=\"\" data-id=\"3908\" data-link=\"http:\/\/ipoweb.bruxelles.be\/emileandre\/?attachment_id=3908\" class=\"wp-image-3908\" srcset=\"https:\/\/ipoweb.bruxelles.be\/emileandre\/wp-content\/uploads\/2022\/05\/20220223_124331-600-x-270-e1653242965769.jpg 270w, https:\/\/ipoweb.bruxelles.be\/emileandre\/wp-content\/uploads\/2022\/05\/20220223_124331-600-x-270-e1653242965769-135x300.jpg 135w\" sizes=\"(max-width: 270px) 100vw, 270px\" \/><\/figure><\/li><li class=\"blocks-gallery-item\"><figure><img decoding=\"async\" src=\"http:\/\/ipoweb.bruxelles.be\/emileandre\/wp-content\/uploads\/2022\/05\/20220223_144335-600-x-330.jpg\" alt=\"\" data-id=\"3909\" data-link=\"http:\/\/ipoweb.bruxelles.be\/emileandre\/?attachment_id=3909\" class=\"wp-image-3909\"\/><\/figure><\/li><li class=\"blocks-gallery-item\"><figure><img decoding=\"async\" loading=\"lazy\" width=\"600\" height=\"270\" src=\"http:\/\/ipoweb.bruxelles.be\/emileandre\/wp-content\/uploads\/2022\/05\/20220223_122421-600-x-270.jpg\" alt=\"\" data-id=\"3907\" data-link=\"http:\/\/ipoweb.bruxelles.be\/emileandre\/?attachment_id=3907\" class=\"wp-image-3907\" srcset=\"https:\/\/ipoweb.bruxelles.be\/emileandre\/wp-content\/uploads\/2022\/05\/20220223_122421-600-x-270.jpg 600w, https:\/\/ipoweb.bruxelles.be\/emileandre\/wp-content\/uploads\/2022\/05\/20220223_122421-600-x-270-300x135.jpg 300w\" sizes=\"(max-width: 600px) 100vw, 600px\" \/><\/figure><\/li><\/ul>\n\n\n\n<p class=\"has-medium-font-size\">Une ville au riche pass\u00e9 dont les t\u00e9moins sont nombreux&#8230;<\/p>\n\n\n\n<ul class=\"wp-block-gallery columns-1 is-cropped wp-block-gallery-5 is-layout-flex wp-block-gallery-is-layout-flex\"><li class=\"blocks-gallery-item\"><figure><img decoding=\"async\" loading=\"lazy\" width=\"1008\" height=\"454\" src=\"http:\/\/ipoweb.bruxelles.be\/emileandre\/wp-content\/uploads\/2022\/05\/20220223_115258_resized.jpg\" alt=\"\" data-id=\"4079\" data-link=\"http:\/\/ipoweb.bruxelles.be\/emileandre\/?attachment_id=4079\" class=\"wp-image-4079\" srcset=\"https:\/\/ipoweb.bruxelles.be\/emileandre\/wp-content\/uploads\/2022\/05\/20220223_115258_resized.jpg 1008w, https:\/\/ipoweb.bruxelles.be\/emileandre\/wp-content\/uploads\/2022\/05\/20220223_115258_resized-300x135.jpg 300w, https:\/\/ipoweb.bruxelles.be\/emileandre\/wp-content\/uploads\/2022\/05\/20220223_115258_resized-768x346.jpg 768w\" sizes=\"(max-width: 1008px) 100vw, 1008px\" \/><\/figure><\/li><\/ul>\n\n\n\n<p class=\"has-medium-font-size\">Et voici la Schliemann &#8211; Grundschule  qui nous accueillera durant la semaine.<\/p>\n\n\n\n<ul class=\"wp-block-gallery columns-1 is-cropped wp-block-gallery-7 is-layout-flex wp-block-gallery-is-layout-flex\"><li class=\"blocks-gallery-item\"><figure><img decoding=\"async\" loading=\"lazy\" width=\"600\" height=\"270\" src=\"http:\/\/ipoweb.bruxelles.be\/emileandre\/wp-content\/uploads\/2022\/05\/20220222_085450-600-x-270.jpg\" alt=\"\" data-id=\"3905\" data-link=\"http:\/\/ipoweb.bruxelles.be\/emileandre\/?attachment_id=3905\" class=\"wp-image-3905\" srcset=\"https:\/\/ipoweb.bruxelles.be\/emileandre\/wp-content\/uploads\/2022\/05\/20220222_085450-600-x-270.jpg 600w, https:\/\/ipoweb.bruxelles.be\/emileandre\/wp-content\/uploads\/2022\/05\/20220222_085450-600-x-270-300x135.jpg 300w\" sizes=\"(max-width: 600px) 100vw, 600px\" \/><\/figure><\/li><\/ul>\n\n\n\n<ul class=\"wp-block-gallery columns-2 is-cropped wp-block-gallery-9 is-layout-flex wp-block-gallery-is-layout-flex\"><li class=\"blocks-gallery-item\"><figure><img decoding=\"async\" loading=\"lazy\" width=\"1008\" height=\"454\" src=\"http:\/\/ipoweb.bruxelles.be\/emileandre\/wp-content\/uploads\/2022\/05\/20220222_090248_resized.jpg\" alt=\"\" data-id=\"4076\" data-link=\"http:\/\/ipoweb.bruxelles.be\/emileandre\/?attachment_id=4076\" class=\"wp-image-4076\" srcset=\"https:\/\/ipoweb.bruxelles.be\/emileandre\/wp-content\/uploads\/2022\/05\/20220222_090248_resized.jpg 1008w, https:\/\/ipoweb.bruxelles.be\/emileandre\/wp-content\/uploads\/2022\/05\/20220222_090248_resized-300x135.jpg 300w, https:\/\/ipoweb.bruxelles.be\/emileandre\/wp-content\/uploads\/2022\/05\/20220222_090248_resized-768x346.jpg 768w\" sizes=\"(max-width: 1008px) 100vw, 1008px\" \/><\/figure><\/li><li class=\"blocks-gallery-item\"><figure><img decoding=\"async\" loading=\"lazy\" width=\"1008\" height=\"454\" src=\"http:\/\/ipoweb.bruxelles.be\/emileandre\/wp-content\/uploads\/2022\/05\/20220222_090613_resized.jpg\" alt=\"\" data-id=\"4077\" data-link=\"http:\/\/ipoweb.bruxelles.be\/emileandre\/?attachment_id=4077\" class=\"wp-image-4077\" srcset=\"https:\/\/ipoweb.bruxelles.be\/emileandre\/wp-content\/uploads\/2022\/05\/20220222_090613_resized.jpg 1008w, https:\/\/ipoweb.bruxelles.be\/emileandre\/wp-content\/uploads\/2022\/05\/20220222_090613_resized-300x135.jpg 300w, https:\/\/ipoweb.bruxelles.be\/emileandre\/wp-content\/uploads\/2022\/05\/20220222_090613_resized-768x346.jpg 768w\" sizes=\"(max-width: 1008px) 100vw, 1008px\" \/><\/figure><\/li><\/ul>\n\n\n\n<p class=\"has-medium-font-size\">Une \u00e9cole qui poss\u00e8de un grand espace ext\u00e9rieur et qui est fort ax\u00e9e sur le sport.<\/p>\n\n\n\n<p class=\"has-medium-font-size\">Mais apr\u00e8s la visite des infrastructures, en route pour les activit\u00e9s avec tout d&rsquo;abord une collaboration au niveau du saut \u00e0 la corde et de la gymnastique. Impressionnant&#8230;&#8230;.<\/p>\n\n\n\n<ul class=\"wp-block-gallery columns-2 is-cropped wp-block-gallery-11 is-layout-flex wp-block-gallery-is-layout-flex\"><li class=\"blocks-gallery-item\"><figure><img decoding=\"async\" loading=\"lazy\" width=\"1008\" height=\"454\" src=\"http:\/\/ipoweb.bruxelles.be\/emileandre\/wp-content\/uploads\/2022\/05\/20220223_090112_resized7051.jpg\" alt=\"\" data-id=\"4082\" data-link=\"http:\/\/ipoweb.bruxelles.be\/emileandre\/?attachment_id=4082\" class=\"wp-image-4082\" srcset=\"https:\/\/ipoweb.bruxelles.be\/emileandre\/wp-content\/uploads\/2022\/05\/20220223_090112_resized7051.jpg 1008w, https:\/\/ipoweb.bruxelles.be\/emileandre\/wp-content\/uploads\/2022\/05\/20220223_090112_resized7051-300x135.jpg 300w, https:\/\/ipoweb.bruxelles.be\/emileandre\/wp-content\/uploads\/2022\/05\/20220223_090112_resized7051-768x346.jpg 768w\" sizes=\"(max-width: 1008px) 100vw, 1008px\" \/><\/figure><\/li><li class=\"blocks-gallery-item\"><figure><img decoding=\"async\" loading=\"lazy\" width=\"600\" height=\"270\" src=\"http:\/\/ipoweb.bruxelles.be\/emileandre\/wp-content\/uploads\/2022\/05\/20220223_100917-600-x-270-1.jpg\" alt=\"\" data-id=\"4078\" data-link=\"http:\/\/ipoweb.bruxelles.be\/emileandre\/?attachment_id=4078\" class=\"wp-image-4078\" srcset=\"https:\/\/ipoweb.bruxelles.be\/emileandre\/wp-content\/uploads\/2022\/05\/20220223_100917-600-x-270-1.jpg 600w, https:\/\/ipoweb.bruxelles.be\/emileandre\/wp-content\/uploads\/2022\/05\/20220223_100917-600-x-270-1-300x135.jpg 300w\" sizes=\"(max-width: 600px) 100vw, 600px\" \/><\/figure><\/li><\/ul>\n\n\n\n<p class=\"has-medium-font-size\">Notre \u00e9cole propose \u00e0 pr\u00e9sent un jeu pour lequel les enfants doivent reconstituer un puzzle mais avec une pi\u00e8ce qui se trouve dans un jeu voisin. Pas facile car ce travail demande une grande attention&#8230;<\/p>\n\n\n\n<ul class=\"wp-block-gallery columns-3 is-cropped wp-block-gallery-13 is-layout-flex wp-block-gallery-is-layout-flex\"><li class=\"blocks-gallery-item\"><figure><img decoding=\"async\" loading=\"lazy\" width=\"1008\" height=\"454\" src=\"http:\/\/ipoweb.bruxelles.be\/emileandre\/wp-content\/uploads\/2022\/05\/20220224_101320_resized.jpg\" alt=\"\" data-id=\"4080\" data-link=\"http:\/\/ipoweb.bruxelles.be\/emileandre\/?attachment_id=4080\" class=\"wp-image-4080\" srcset=\"https:\/\/ipoweb.bruxelles.be\/emileandre\/wp-content\/uploads\/2022\/05\/20220224_101320_resized.jpg 1008w, https:\/\/ipoweb.bruxelles.be\/emileandre\/wp-content\/uploads\/2022\/05\/20220224_101320_resized-300x135.jpg 300w, https:\/\/ipoweb.bruxelles.be\/emileandre\/wp-content\/uploads\/2022\/05\/20220224_101320_resized-768x346.jpg 768w\" sizes=\"(max-width: 1008px) 100vw, 1008px\" \/><\/figure><\/li><li class=\"blocks-gallery-item\"><figure><img decoding=\"async\" loading=\"lazy\" width=\"600\" height=\"270\" src=\"http:\/\/ipoweb.bruxelles.be\/emileandre\/wp-content\/uploads\/2022\/05\/20220224_101313-600-x-270.jpg\" alt=\"\" data-id=\"3910\" data-link=\"http:\/\/ipoweb.bruxelles.be\/emileandre\/?attachment_id=3910\" class=\"wp-image-3910\" srcset=\"https:\/\/ipoweb.bruxelles.be\/emileandre\/wp-content\/uploads\/2022\/05\/20220224_101313-600-x-270.jpg 600w, https:\/\/ipoweb.bruxelles.be\/emileandre\/wp-content\/uploads\/2022\/05\/20220224_101313-600-x-270-300x135.jpg 300w\" sizes=\"(max-width: 600px) 100vw, 600px\" \/><\/figure><\/li><li class=\"blocks-gallery-item\"><figure><img decoding=\"async\" loading=\"lazy\" width=\"600\" height=\"270\" src=\"http:\/\/ipoweb.bruxelles.be\/emileandre\/wp-content\/uploads\/2022\/05\/20220224_102238-600-x-270.jpg\" alt=\"\" data-id=\"3911\" data-link=\"http:\/\/ipoweb.bruxelles.be\/emileandre\/?attachment_id=3911\" class=\"wp-image-3911\" srcset=\"https:\/\/ipoweb.bruxelles.be\/emileandre\/wp-content\/uploads\/2022\/05\/20220224_102238-600-x-270.jpg 600w, https:\/\/ipoweb.bruxelles.be\/emileandre\/wp-content\/uploads\/2022\/05\/20220224_102238-600-x-270-300x135.jpg 300w\" sizes=\"(max-width: 600px) 100vw, 600px\" \/><\/figure><\/li><\/ul>\n\n\n\n<ul class=\"wp-block-gallery columns-0 is-cropped wp-block-gallery-15 is-layout-flex wp-block-gallery-is-layout-flex\"><\/ul>\n\n\n\n<p style=\"font-size:1px\"><\/p>\n","protected":false},"excerpt":{"rendered":"<p>Une ville au riche pass\u00e9 dont les t\u00e9moins sont nombreux&#8230; Et voici la Schliemann &#8211; Grundschule qui nous accueillera durant la semaine. Une \u00e9cole qui poss\u00e8de un grand espace ext\u00e9rieur et qui est fort ax\u00e9e sur le sport. Mais apr\u00e8s la visite des infrastructures, en route pour les activit\u00e9s avec tout d&rsquo;abord une collaboration au [&hellip;]<\/p>\n","protected":false},"author":11,"featured_media":0,"parent":0,"menu_order":0,"comment_status":"closed","ping_status":"closed","template":"","meta":{"footnotes":""},"_links":{"self":[{"href":"https:\/\/ipoweb.bruxelles.be\/emileandre\/index.php?rest_route=\/wp\/v2\/pages\/3949"}],"collection":[{"href":"https:\/\/ipoweb.bruxelles.be\/emileandre\/index.php?rest_route=\/wp\/v2\/pages"}],"about":[{"href":"https:\/\/ipoweb.bruxelles.be\/emileandre\/index.php?rest_route=\/wp\/v2\/types\/page"}],"author":[{"embeddable":true,"href":"https:\/\/ipoweb.bruxelles.be\/emileandre\/index.php?rest_route=\/wp\/v2\/users\/11"}],"replies":[{"embeddable":true,"href":"https:\/\/ipoweb.bruxelles.be\/emileandre\/index.php?rest_route=%2Fwp%2Fv2%2Fcomments&post=3949"}],"version-history":[{"count":8,"href":"https:\/\/ipoweb.bruxelles.be\/emileandre\/index.php?rest_route=\/wp\/v2\/pages\/3949\/revisions"}],"predecessor-version":[{"id":4083,"href":"https:\/\/ipoweb.bruxelles.be\/emileandre\/index.php?rest_route=\/wp\/v2\/pages\/3949\/revisions\/4083"}],"wp:attachment":[{"href":"https:\/\/ipoweb.bruxelles.be\/emileandre\/index.php?rest_route=%2Fwp%2Fv2%2Fmedia&parent=3949"}],"curies":[{"name":"wp","href":"https:\/\/api.w.org\/{rel}","templated":true}]}}