{"id":3952,"date":"2022-05-17T11:28:42","date_gmt":"2022-05-17T09:28:42","guid":{"rendered":"http:\/\/ipoweb.bruxelles.be\/emileandre\/?page_id=3952"},"modified":"2022-05-18T18:57:33","modified_gmt":"2022-05-18T16:57:33","slug":"autriche-jour-2","status":"publish","type":"page","link":"https:\/\/ipoweb.bruxelles.be\/emileandre\/?page_id=3952","title":{"rendered":"Autriche  jour 2"},"content":{"rendered":"\n<p>Nous sommes accueillis officiellement et en grande pompe dans la Mittelschule, l&rsquo;\u00e9cole qui regroupe des \u00e9l\u00e8ves de P5, P6, 1\u00b0 et 2\u00b0 secondaire !<br><br>En arrivant \u00e0 l&rsquo;\u00e9cole, les \u00e9l\u00e8ves enl\u00e8vent leurs chaussures d&rsquo;ext\u00e9rieur !!<\/p>\n\n\n\n<figure class=\"wp-block-image\"><img decoding=\"async\" loading=\"lazy\" width=\"1024\" height=\"461\" src=\"http:\/\/ipoweb.bruxelles.be\/emileandre\/wp-content\/uploads\/2022\/05\/20220517_103322_resized-1024x461.jpg\" alt=\"\" class=\"wp-image-3965\" srcset=\"https:\/\/ipoweb.bruxelles.be\/emileandre\/wp-content\/uploads\/2022\/05\/20220517_103322_resized-1024x461.jpg 1024w, https:\/\/ipoweb.bruxelles.be\/emileandre\/wp-content\/uploads\/2022\/05\/20220517_103322_resized-300x135.jpg 300w, https:\/\/ipoweb.bruxelles.be\/emileandre\/wp-content\/uploads\/2022\/05\/20220517_103322_resized-768x346.jpg 768w, https:\/\/ipoweb.bruxelles.be\/emileandre\/wp-content\/uploads\/2022\/05\/20220517_103322_resized.jpg 2016w\" sizes=\"(max-width: 1024px) 100vw, 1024px\" \/><\/figure>\n\n\n\n<figure class=\"wp-block-image\"><img decoding=\"async\" loading=\"lazy\" width=\"1024\" height=\"461\" src=\"http:\/\/ipoweb.bruxelles.be\/emileandre\/wp-content\/uploads\/2022\/05\/20220517_075741_resized-1024x461.jpg\" alt=\"\" class=\"wp-image-3955\" srcset=\"https:\/\/ipoweb.bruxelles.be\/emileandre\/wp-content\/uploads\/2022\/05\/20220517_075741_resized-1024x461.jpg 1024w, https:\/\/ipoweb.bruxelles.be\/emileandre\/wp-content\/uploads\/2022\/05\/20220517_075741_resized-300x135.jpg 300w, https:\/\/ipoweb.bruxelles.be\/emileandre\/wp-content\/uploads\/2022\/05\/20220517_075741_resized-768x346.jpg 768w, https:\/\/ipoweb.bruxelles.be\/emileandre\/wp-content\/uploads\/2022\/05\/20220517_075741_resized.jpg 2016w\" sizes=\"(max-width: 1024px) 100vw, 1024px\" \/><\/figure>\n\n\n\n<p>Que la f\u00eate commence: Chansons et danses !!<\/p>\n\n\n\n<ul class=\"wp-block-gallery columns-3 is-cropped wp-block-gallery-1 is-layout-flex wp-block-gallery-is-layout-flex\"><li class=\"blocks-gallery-item\"><figure><img decoding=\"async\" loading=\"lazy\" width=\"1024\" height=\"462\" src=\"http:\/\/ipoweb.bruxelles.be\/emileandre\/wp-content\/uploads\/2022\/05\/20220517_080126-1024x462.jpg\" alt=\"\" data-id=\"3957\" data-link=\"http:\/\/ipoweb.bruxelles.be\/emileandre\/?attachment_id=3957\" class=\"wp-image-3957\" srcset=\"https:\/\/ipoweb.bruxelles.be\/emileandre\/wp-content\/uploads\/2022\/05\/20220517_080126-1024x462.jpg 1024w, https:\/\/ipoweb.bruxelles.be\/emileandre\/wp-content\/uploads\/2022\/05\/20220517_080126-300x135.jpg 300w, https:\/\/ipoweb.bruxelles.be\/emileandre\/wp-content\/uploads\/2022\/05\/20220517_080126-768x346.jpg 768w\" sizes=\"(max-width: 1024px) 100vw, 1024px\" \/><\/figure><\/li><li class=\"blocks-gallery-item\"><figure><img decoding=\"async\" loading=\"lazy\" width=\"1024\" height=\"461\" src=\"http:\/\/ipoweb.bruxelles.be\/emileandre\/wp-content\/uploads\/2022\/05\/20220517_080111_resized-1024x461.jpg\" alt=\"\" data-id=\"3956\" data-link=\"http:\/\/ipoweb.bruxelles.be\/emileandre\/?attachment_id=3956\" class=\"wp-image-3956\" srcset=\"https:\/\/ipoweb.bruxelles.be\/emileandre\/wp-content\/uploads\/2022\/05\/20220517_080111_resized-1024x461.jpg 1024w, https:\/\/ipoweb.bruxelles.be\/emileandre\/wp-content\/uploads\/2022\/05\/20220517_080111_resized-300x135.jpg 300w, https:\/\/ipoweb.bruxelles.be\/emileandre\/wp-content\/uploads\/2022\/05\/20220517_080111_resized-768x346.jpg 768w, https:\/\/ipoweb.bruxelles.be\/emileandre\/wp-content\/uploads\/2022\/05\/20220517_080111_resized.jpg 2016w\" sizes=\"(max-width: 1024px) 100vw, 1024px\" \/><\/figure><\/li><li class=\"blocks-gallery-item\"><figure><img decoding=\"async\" loading=\"lazy\" width=\"1024\" height=\"462\" src=\"http:\/\/ipoweb.bruxelles.be\/emileandre\/wp-content\/uploads\/2022\/05\/20220517_081002-1024x462.jpg\" alt=\"\" data-id=\"3958\" data-link=\"http:\/\/ipoweb.bruxelles.be\/emileandre\/?attachment_id=3958\" class=\"wp-image-3958\" srcset=\"https:\/\/ipoweb.bruxelles.be\/emileandre\/wp-content\/uploads\/2022\/05\/20220517_081002-1024x462.jpg 1024w, https:\/\/ipoweb.bruxelles.be\/emileandre\/wp-content\/uploads\/2022\/05\/20220517_081002-300x135.jpg 300w, https:\/\/ipoweb.bruxelles.be\/emileandre\/wp-content\/uploads\/2022\/05\/20220517_081002-768x346.jpg 768w\" sizes=\"(max-width: 1024px) 100vw, 1024px\" \/><\/figure><\/li><li class=\"blocks-gallery-item\"><figure><img decoding=\"async\" loading=\"lazy\" width=\"1024\" height=\"462\" src=\"http:\/\/ipoweb.bruxelles.be\/emileandre\/wp-content\/uploads\/2022\/05\/20220517_081116-1024x462.jpg\" alt=\"\" data-id=\"3959\" data-link=\"http:\/\/ipoweb.bruxelles.be\/emileandre\/?attachment_id=3959\" class=\"wp-image-3959\" srcset=\"https:\/\/ipoweb.bruxelles.be\/emileandre\/wp-content\/uploads\/2022\/05\/20220517_081116-1024x462.jpg 1024w, https:\/\/ipoweb.bruxelles.be\/emileandre\/wp-content\/uploads\/2022\/05\/20220517_081116-300x135.jpg 300w, https:\/\/ipoweb.bruxelles.be\/emileandre\/wp-content\/uploads\/2022\/05\/20220517_081116-768x346.jpg 768w\" sizes=\"(max-width: 1024px) 100vw, 1024px\" \/><\/figure><\/li><\/ul>\n\n\n\n<p>Nous sommes guid\u00e9s dans les classes de l&rsquo;\u00e9cole<\/p>\n\n\n\n<ul class=\"wp-block-gallery columns-3 is-cropped wp-block-gallery-3 is-layout-flex wp-block-gallery-is-layout-flex\"><li class=\"blocks-gallery-item\"><figure><img decoding=\"async\" loading=\"lazy\" width=\"461\" height=\"1024\" src=\"http:\/\/ipoweb.bruxelles.be\/emileandre\/wp-content\/uploads\/2022\/05\/20220517_084507_resized-461x1024.jpg\" alt=\"\" data-id=\"3961\" data-link=\"http:\/\/ipoweb.bruxelles.be\/emileandre\/?attachment_id=3961\" class=\"wp-image-3961\" srcset=\"https:\/\/ipoweb.bruxelles.be\/emileandre\/wp-content\/uploads\/2022\/05\/20220517_084507_resized-461x1024.jpg 461w, https:\/\/ipoweb.bruxelles.be\/emileandre\/wp-content\/uploads\/2022\/05\/20220517_084507_resized-135x300.jpg 135w, https:\/\/ipoweb.bruxelles.be\/emileandre\/wp-content\/uploads\/2022\/05\/20220517_084507_resized-768x1705.jpg 768w, https:\/\/ipoweb.bruxelles.be\/emileandre\/wp-content\/uploads\/2022\/05\/20220517_084507_resized.jpg 908w\" sizes=\"(max-width: 461px) 100vw, 461px\" \/><\/figure><\/li><li class=\"blocks-gallery-item\"><figure><img decoding=\"async\" loading=\"lazy\" width=\"462\" height=\"1024\" src=\"http:\/\/ipoweb.bruxelles.be\/emileandre\/wp-content\/uploads\/2022\/05\/20220517_085533-e1652780230659-462x1024.jpg\" alt=\"\" data-id=\"3963\" data-link=\"http:\/\/ipoweb.bruxelles.be\/emileandre\/?attachment_id=3963\" class=\"wp-image-3963\" srcset=\"https:\/\/ipoweb.bruxelles.be\/emileandre\/wp-content\/uploads\/2022\/05\/20220517_085533-e1652780230659-462x1024.jpg 462w, https:\/\/ipoweb.bruxelles.be\/emileandre\/wp-content\/uploads\/2022\/05\/20220517_085533-e1652780230659-135x300.jpg 135w, https:\/\/ipoweb.bruxelles.be\/emileandre\/wp-content\/uploads\/2022\/05\/20220517_085533-e1652780230659-768x1704.jpg 768w, https:\/\/ipoweb.bruxelles.be\/emileandre\/wp-content\/uploads\/2022\/05\/20220517_085533-e1652780230659.jpg 1042w\" sizes=\"(max-width: 462px) 100vw, 462px\" \/><\/figure><\/li><li class=\"blocks-gallery-item\"><figure><img decoding=\"async\" loading=\"lazy\" width=\"1024\" height=\"461\" src=\"http:\/\/ipoweb.bruxelles.be\/emileandre\/wp-content\/uploads\/2022\/05\/20220517_085527_resized-1024x461.jpg\" alt=\"\" data-id=\"3962\" data-link=\"http:\/\/ipoweb.bruxelles.be\/emileandre\/?attachment_id=3962\" class=\"wp-image-3962\" srcset=\"https:\/\/ipoweb.bruxelles.be\/emileandre\/wp-content\/uploads\/2022\/05\/20220517_085527_resized-1024x461.jpg 1024w, https:\/\/ipoweb.bruxelles.be\/emileandre\/wp-content\/uploads\/2022\/05\/20220517_085527_resized-300x135.jpg 300w, https:\/\/ipoweb.bruxelles.be\/emileandre\/wp-content\/uploads\/2022\/05\/20220517_085527_resized-768x346.jpg 768w, https:\/\/ipoweb.bruxelles.be\/emileandre\/wp-content\/uploads\/2022\/05\/20220517_085527_resized.jpg 2016w\" sizes=\"(max-width: 1024px) 100vw, 1024px\" \/><\/figure><\/li><\/ul>\n\n\n\n<p>Que de chouettes jeux pour la cour pr\u00e9sent\u00e9s par les \u00e9l\u00e8ves de Berlin <\/p>\n\n\n\n<ul class=\"wp-block-gallery columns-2 is-cropped wp-block-gallery-5 is-layout-flex wp-block-gallery-is-layout-flex\"><li class=\"blocks-gallery-item\"><figure><img decoding=\"async\" loading=\"lazy\" width=\"1024\" height=\"768\" src=\"http:\/\/ipoweb.bruxelles.be\/emileandre\/wp-content\/uploads\/2022\/05\/20220517_111307-1024x768.jpg\" alt=\"\" data-id=\"3968\" data-link=\"http:\/\/ipoweb.bruxelles.be\/emileandre\/?attachment_id=3968\" class=\"wp-image-3968\" srcset=\"https:\/\/ipoweb.bruxelles.be\/emileandre\/wp-content\/uploads\/2022\/05\/20220517_111307-1024x768.jpg 1024w, https:\/\/ipoweb.bruxelles.be\/emileandre\/wp-content\/uploads\/2022\/05\/20220517_111307-300x225.jpg 300w, https:\/\/ipoweb.bruxelles.be\/emileandre\/wp-content\/uploads\/2022\/05\/20220517_111307-768x576.jpg 768w\" sizes=\"(max-width: 1024px) 100vw, 1024px\" \/><\/figure><\/li><li class=\"blocks-gallery-item\"><figure><img decoding=\"async\" loading=\"lazy\" width=\"1024\" height=\"461\" src=\"http:\/\/ipoweb.bruxelles.be\/emileandre\/wp-content\/uploads\/2022\/05\/20220517_105937_resized-1024x461.jpg\" alt=\"\" data-id=\"3966\" data-link=\"http:\/\/ipoweb.bruxelles.be\/emileandre\/?attachment_id=3966\" class=\"wp-image-3966\" srcset=\"https:\/\/ipoweb.bruxelles.be\/emileandre\/wp-content\/uploads\/2022\/05\/20220517_105937_resized-1024x461.jpg 1024w, https:\/\/ipoweb.bruxelles.be\/emileandre\/wp-content\/uploads\/2022\/05\/20220517_105937_resized-300x135.jpg 300w, https:\/\/ipoweb.bruxelles.be\/emileandre\/wp-content\/uploads\/2022\/05\/20220517_105937_resized-768x346.jpg 768w, https:\/\/ipoweb.bruxelles.be\/emileandre\/wp-content\/uploads\/2022\/05\/20220517_105937_resized.jpg 2016w\" sizes=\"(max-width: 1024px) 100vw, 1024px\" \/><\/figure><\/li><\/ul>\n\n\n\n<p>Nous peignons le poisson r\u00e9alis\u00e9 hier !<\/p>\n\n\n\n<figure class=\"wp-block-image\"><img decoding=\"async\" loading=\"lazy\" width=\"1024\" height=\"768\" src=\"http:\/\/ipoweb.bruxelles.be\/emileandre\/wp-content\/uploads\/2022\/05\/20220517_123051-1024x768.jpg\" alt=\"\" class=\"wp-image-3980\" srcset=\"https:\/\/ipoweb.bruxelles.be\/emileandre\/wp-content\/uploads\/2022\/05\/20220517_123051-1024x768.jpg 1024w, https:\/\/ipoweb.bruxelles.be\/emileandre\/wp-content\/uploads\/2022\/05\/20220517_123051-300x225.jpg 300w, https:\/\/ipoweb.bruxelles.be\/emileandre\/wp-content\/uploads\/2022\/05\/20220517_123051-768x576.jpg 768w\" sizes=\"(max-width: 1024px) 100vw, 1024px\" \/><\/figure>\n\n\n\n<ul class=\"wp-block-gallery columns-3 is-cropped wp-block-gallery-7 is-layout-flex wp-block-gallery-is-layout-flex\"><li class=\"blocks-gallery-item\"><figure><img decoding=\"async\" loading=\"lazy\" width=\"1024\" height=\"768\" src=\"http:\/\/ipoweb.bruxelles.be\/emileandre\/wp-content\/uploads\/2022\/05\/20220517_122933-1024x768.jpg\" alt=\"\" data-id=\"3979\" data-link=\"http:\/\/ipoweb.bruxelles.be\/emileandre\/?attachment_id=3979\" class=\"wp-image-3979\" srcset=\"https:\/\/ipoweb.bruxelles.be\/emileandre\/wp-content\/uploads\/2022\/05\/20220517_122933-1024x768.jpg 1024w, https:\/\/ipoweb.bruxelles.be\/emileandre\/wp-content\/uploads\/2022\/05\/20220517_122933-300x225.jpg 300w, https:\/\/ipoweb.bruxelles.be\/emileandre\/wp-content\/uploads\/2022\/05\/20220517_122933-768x576.jpg 768w\" sizes=\"(max-width: 1024px) 100vw, 1024px\" \/><\/figure><\/li><li class=\"blocks-gallery-item\"><figure><img decoding=\"async\" loading=\"lazy\" width=\"1024\" height=\"768\" src=\"http:\/\/ipoweb.bruxelles.be\/emileandre\/wp-content\/uploads\/2022\/05\/20220517_122914-1024x768.jpg\" alt=\"\" data-id=\"3978\" data-link=\"http:\/\/ipoweb.bruxelles.be\/emileandre\/?attachment_id=3978\" class=\"wp-image-3978\" srcset=\"https:\/\/ipoweb.bruxelles.be\/emileandre\/wp-content\/uploads\/2022\/05\/20220517_122914-1024x768.jpg 1024w, https:\/\/ipoweb.bruxelles.be\/emileandre\/wp-content\/uploads\/2022\/05\/20220517_122914-300x225.jpg 300w, https:\/\/ipoweb.bruxelles.be\/emileandre\/wp-content\/uploads\/2022\/05\/20220517_122914-768x576.jpg 768w\" sizes=\"(max-width: 1024px) 100vw, 1024px\" \/><\/figure><\/li><li class=\"blocks-gallery-item\"><figure><img decoding=\"async\" loading=\"lazy\" width=\"1024\" height=\"768\" src=\"http:\/\/ipoweb.bruxelles.be\/emileandre\/wp-content\/uploads\/2022\/05\/20220517_122906-1024x768.jpg\" alt=\"\" data-id=\"3977\" data-link=\"http:\/\/ipoweb.bruxelles.be\/emileandre\/?attachment_id=3977\" class=\"wp-image-3977\" srcset=\"https:\/\/ipoweb.bruxelles.be\/emileandre\/wp-content\/uploads\/2022\/05\/20220517_122906-1024x768.jpg 1024w, https:\/\/ipoweb.bruxelles.be\/emileandre\/wp-content\/uploads\/2022\/05\/20220517_122906-300x225.jpg 300w, https:\/\/ipoweb.bruxelles.be\/emileandre\/wp-content\/uploads\/2022\/05\/20220517_122906-768x576.jpg 768w\" sizes=\"(max-width: 1024px) 100vw, 1024px\" \/><\/figure><\/li><li class=\"blocks-gallery-item\"><figure><img decoding=\"async\" loading=\"lazy\" width=\"1024\" height=\"768\" src=\"http:\/\/ipoweb.bruxelles.be\/emileandre\/wp-content\/uploads\/2022\/05\/20220517_125227-1024x768.jpg\" alt=\"\" data-id=\"3981\" data-link=\"http:\/\/ipoweb.bruxelles.be\/emileandre\/?attachment_id=3981\" class=\"wp-image-3981\" srcset=\"https:\/\/ipoweb.bruxelles.be\/emileandre\/wp-content\/uploads\/2022\/05\/20220517_125227-1024x768.jpg 1024w, https:\/\/ipoweb.bruxelles.be\/emileandre\/wp-content\/uploads\/2022\/05\/20220517_125227-300x225.jpg 300w, https:\/\/ipoweb.bruxelles.be\/emileandre\/wp-content\/uploads\/2022\/05\/20220517_125227-768x576.jpg 768w\" sizes=\"(max-width: 1024px) 100vw, 1024px\" \/><\/figure><\/li><\/ul>\n\n\n\n<p>L&rsquo;inauguration de la toute nouvelle spirale de sensations &#8230;.. \u00e0 faire &#8230; pieds nus. Un excellent moyen pour apprendre \u00e0 faire confiance \u00e0 son guide.<\/p>\n\n\n\n<figure class=\"wp-block-image\"><img decoding=\"async\" loading=\"lazy\" width=\"1008\" height=\"454\" src=\"http:\/\/ipoweb.bruxelles.be\/emileandre\/wp-content\/uploads\/2022\/05\/20220517_141104_resized.jpg\" alt=\"\" class=\"wp-image-3984\" srcset=\"https:\/\/ipoweb.bruxelles.be\/emileandre\/wp-content\/uploads\/2022\/05\/20220517_141104_resized.jpg 1008w, https:\/\/ipoweb.bruxelles.be\/emileandre\/wp-content\/uploads\/2022\/05\/20220517_141104_resized-300x135.jpg 300w, https:\/\/ipoweb.bruxelles.be\/emileandre\/wp-content\/uploads\/2022\/05\/20220517_141104_resized-768x346.jpg 768w\" sizes=\"(max-width: 1008px) 100vw, 1008px\" \/><\/figure>\n\n\n\n<ul class=\"wp-block-gallery columns-3 is-cropped wp-block-gallery-9 is-layout-flex wp-block-gallery-is-layout-flex\"><li class=\"blocks-gallery-item\"><figure><img decoding=\"async\" loading=\"lazy\" width=\"454\" height=\"1008\" src=\"http:\/\/ipoweb.bruxelles.be\/emileandre\/wp-content\/uploads\/2022\/05\/20220517_142656_resized.jpg\" alt=\"\" data-id=\"3988\" data-link=\"http:\/\/ipoweb.bruxelles.be\/emileandre\/?attachment_id=3988\" class=\"wp-image-3988\" srcset=\"https:\/\/ipoweb.bruxelles.be\/emileandre\/wp-content\/uploads\/2022\/05\/20220517_142656_resized.jpg 454w, https:\/\/ipoweb.bruxelles.be\/emileandre\/wp-content\/uploads\/2022\/05\/20220517_142656_resized-135x300.jpg 135w\" sizes=\"(max-width: 454px) 100vw, 454px\" \/><\/figure><\/li><li class=\"blocks-gallery-item\"><figure><img decoding=\"async\" loading=\"lazy\" width=\"454\" height=\"1008\" src=\"http:\/\/ipoweb.bruxelles.be\/emileandre\/wp-content\/uploads\/2022\/05\/20220517_142545_resized.jpg\" alt=\"\" data-id=\"3987\" data-link=\"http:\/\/ipoweb.bruxelles.be\/emileandre\/?attachment_id=3987\" class=\"wp-image-3987\" srcset=\"https:\/\/ipoweb.bruxelles.be\/emileandre\/wp-content\/uploads\/2022\/05\/20220517_142545_resized.jpg 454w, https:\/\/ipoweb.bruxelles.be\/emileandre\/wp-content\/uploads\/2022\/05\/20220517_142545_resized-135x300.jpg 135w\" sizes=\"(max-width: 454px) 100vw, 454px\" \/><\/figure><\/li><li class=\"blocks-gallery-item\"><figure><img decoding=\"async\" loading=\"lazy\" width=\"454\" height=\"1008\" src=\"http:\/\/ipoweb.bruxelles.be\/emileandre\/wp-content\/uploads\/2022\/05\/20220517_142447_resized.jpg\" alt=\"\" data-id=\"3986\" data-link=\"http:\/\/ipoweb.bruxelles.be\/emileandre\/?attachment_id=3986\" class=\"wp-image-3986\" srcset=\"https:\/\/ipoweb.bruxelles.be\/emileandre\/wp-content\/uploads\/2022\/05\/20220517_142447_resized.jpg 454w, https:\/\/ipoweb.bruxelles.be\/emileandre\/wp-content\/uploads\/2022\/05\/20220517_142447_resized-135x300.jpg 135w\" sizes=\"(max-width: 454px) 100vw, 454px\" \/><\/figure><\/li><li class=\"blocks-gallery-item\"><figure><img decoding=\"async\" loading=\"lazy\" width=\"454\" height=\"1008\" src=\"http:\/\/ipoweb.bruxelles.be\/emileandre\/wp-content\/uploads\/2022\/05\/20220517_141929_resized.jpg\" alt=\"\" data-id=\"3985\" data-link=\"http:\/\/ipoweb.bruxelles.be\/emileandre\/?attachment_id=3985\" class=\"wp-image-3985\" srcset=\"https:\/\/ipoweb.bruxelles.be\/emileandre\/wp-content\/uploads\/2022\/05\/20220517_141929_resized.jpg 454w, https:\/\/ipoweb.bruxelles.be\/emileandre\/wp-content\/uploads\/2022\/05\/20220517_141929_resized-135x300.jpg 135w\" sizes=\"(max-width: 454px) 100vw, 454px\" \/><\/figure><\/li><\/ul>\n\n\n\n<p>Et la traditionnelle photo de groupe avec tous les \u00e9l\u00e8ves<\/p>\n\n\n\n<figure class=\"wp-block-image\"><img decoding=\"async\" loading=\"lazy\" width=\"1008\" height=\"454\" src=\"http:\/\/ipoweb.bruxelles.be\/emileandre\/wp-content\/uploads\/2022\/05\/20220517_144525_resized.jpg\" alt=\"\" class=\"wp-image-3989\" srcset=\"https:\/\/ipoweb.bruxelles.be\/emileandre\/wp-content\/uploads\/2022\/05\/20220517_144525_resized.jpg 1008w, https:\/\/ipoweb.bruxelles.be\/emileandre\/wp-content\/uploads\/2022\/05\/20220517_144525_resized-300x135.jpg 300w, https:\/\/ipoweb.bruxelles.be\/emileandre\/wp-content\/uploads\/2022\/05\/20220517_144525_resized-768x346.jpg 768w\" sizes=\"(max-width: 1008px) 100vw, 1008px\" \/><\/figure>\n\n\n\n<p>C&rsquo;est aux Espagnols \u00e0 nous pr\u00e9senter leurs jeux. Celui-ci remplacera peut-\u00eatre bient\u00f4t le football dans notre cour de r\u00e9cr\u00e9ation. Il n&rsquo;y a que le gardien qui peut toucher la balle du pied !!!!<\/p>\n\n\n\n<figure class=\"wp-block-image\"><img decoding=\"async\" loading=\"lazy\" width=\"1024\" height=\"768\" src=\"http:\/\/ipoweb.bruxelles.be\/emileandre\/wp-content\/uploads\/2022\/05\/20220517_152028-1024x768.jpg\" alt=\"\" class=\"wp-image-4001\" srcset=\"https:\/\/ipoweb.bruxelles.be\/emileandre\/wp-content\/uploads\/2022\/05\/20220517_152028-1024x768.jpg 1024w, https:\/\/ipoweb.bruxelles.be\/emileandre\/wp-content\/uploads\/2022\/05\/20220517_152028-300x225.jpg 300w, https:\/\/ipoweb.bruxelles.be\/emileandre\/wp-content\/uploads\/2022\/05\/20220517_152028-768x576.jpg 768w\" sizes=\"(max-width: 1024px) 100vw, 1024px\" \/><\/figure>\n\n\n\n<p>Depuis le premier jour, une petite \u00e9glise nous faisait de l&rsquo;oeil sur les hauteurs de l&rsquo;\u00e9cole. Ce soir, nous y allons.<\/p>\n\n\n\n<figure class=\"wp-block-image\"><img decoding=\"async\" loading=\"lazy\" width=\"1024\" height=\"768\" src=\"http:\/\/ipoweb.bruxelles.be\/emileandre\/wp-content\/uploads\/2022\/05\/20220517_160212-1024x768.jpg\" alt=\"\" class=\"wp-image-4002\" srcset=\"https:\/\/ipoweb.bruxelles.be\/emileandre\/wp-content\/uploads\/2022\/05\/20220517_160212-1024x768.jpg 1024w, https:\/\/ipoweb.bruxelles.be\/emileandre\/wp-content\/uploads\/2022\/05\/20220517_160212-300x225.jpg 300w, https:\/\/ipoweb.bruxelles.be\/emileandre\/wp-content\/uploads\/2022\/05\/20220517_160212-768x576.jpg 768w\" sizes=\"(max-width: 1024px) 100vw, 1024px\" \/><\/figure>\n\n\n\n<ul class=\"wp-block-gallery columns-2 is-cropped wp-block-gallery-11 is-layout-flex wp-block-gallery-is-layout-flex\"><li class=\"blocks-gallery-item\"><figure><img decoding=\"async\" loading=\"lazy\" width=\"1024\" height=\"768\" src=\"http:\/\/ipoweb.bruxelles.be\/emileandre\/wp-content\/uploads\/2022\/05\/20220517_161211-1024x768.jpg\" alt=\"\" data-id=\"3996\" data-link=\"http:\/\/ipoweb.bruxelles.be\/emileandre\/?attachment_id=3996\" class=\"wp-image-3996\" srcset=\"https:\/\/ipoweb.bruxelles.be\/emileandre\/wp-content\/uploads\/2022\/05\/20220517_161211-1024x768.jpg 1024w, https:\/\/ipoweb.bruxelles.be\/emileandre\/wp-content\/uploads\/2022\/05\/20220517_161211-300x225.jpg 300w, https:\/\/ipoweb.bruxelles.be\/emileandre\/wp-content\/uploads\/2022\/05\/20220517_161211-768x576.jpg 768w\" sizes=\"(max-width: 1024px) 100vw, 1024px\" \/><\/figure><\/li><li class=\"blocks-gallery-item\"><figure><img decoding=\"async\" loading=\"lazy\" width=\"768\" height=\"1024\" src=\"http:\/\/ipoweb.bruxelles.be\/emileandre\/wp-content\/uploads\/2022\/05\/20220517_162051-e1652892869204-768x1024.jpg\" alt=\"\" data-id=\"3997\" data-link=\"http:\/\/ipoweb.bruxelles.be\/emileandre\/?attachment_id=3997\" class=\"wp-image-3997\" srcset=\"https:\/\/ipoweb.bruxelles.be\/emileandre\/wp-content\/uploads\/2022\/05\/20220517_162051-e1652892869204-768x1024.jpg 768w, https:\/\/ipoweb.bruxelles.be\/emileandre\/wp-content\/uploads\/2022\/05\/20220517_162051-e1652892869204-225x300.jpg 225w, https:\/\/ipoweb.bruxelles.be\/emileandre\/wp-content\/uploads\/2022\/05\/20220517_162051-e1652892869204.jpg 1734w\" sizes=\"(max-width: 768px) 100vw, 768px\" \/><\/figure><\/li><\/ul>\n\n\n\n<p>Quelle vue superbe !<\/p>\n\n\n\n<figure class=\"wp-block-image\"><img decoding=\"async\" loading=\"lazy\" width=\"1024\" height=\"768\" src=\"http:\/\/ipoweb.bruxelles.be\/emileandre\/wp-content\/uploads\/2022\/05\/20220517_162124-1-1024x768.jpg\" alt=\"\" class=\"wp-image-3998\" srcset=\"https:\/\/ipoweb.bruxelles.be\/emileandre\/wp-content\/uploads\/2022\/05\/20220517_162124-1-1024x768.jpg 1024w, https:\/\/ipoweb.bruxelles.be\/emileandre\/wp-content\/uploads\/2022\/05\/20220517_162124-1-300x225.jpg 300w, https:\/\/ipoweb.bruxelles.be\/emileandre\/wp-content\/uploads\/2022\/05\/20220517_162124-1-768x576.jpg 768w\" sizes=\"(max-width: 1024px) 100vw, 1024px\" \/><\/figure>\n\n\n\n<p>Ce soir nous mangeons pr\u00e8s de la rivi\u00e8re<\/p>\n\n\n\n<figure class=\"wp-block-image\"><img decoding=\"async\" loading=\"lazy\" width=\"1024\" height=\"462\" src=\"http:\/\/ipoweb.bruxelles.be\/emileandre\/wp-content\/uploads\/2022\/05\/20220517_201528-1024x462.jpg\" alt=\"\" class=\"wp-image-3999\" srcset=\"https:\/\/ipoweb.bruxelles.be\/emileandre\/wp-content\/uploads\/2022\/05\/20220517_201528-1024x462.jpg 1024w, https:\/\/ipoweb.bruxelles.be\/emileandre\/wp-content\/uploads\/2022\/05\/20220517_201528-300x135.jpg 300w, https:\/\/ipoweb.bruxelles.be\/emileandre\/wp-content\/uploads\/2022\/05\/20220517_201528-768x346.jpg 768w\" sizes=\"(max-width: 1024px) 100vw, 1024px\" \/><\/figure>\n\n\n\n<p>Bonne nuit !<\/p>\n\n\n\n<figure class=\"wp-block-image\"><img decoding=\"async\" loading=\"lazy\" width=\"1008\" height=\"454\" src=\"http:\/\/ipoweb.bruxelles.be\/emileandre\/wp-content\/uploads\/2022\/05\/20220517_203914_resized.jpg\" alt=\"\" class=\"wp-image-4004\" srcset=\"https:\/\/ipoweb.bruxelles.be\/emileandre\/wp-content\/uploads\/2022\/05\/20220517_203914_resized.jpg 1008w, https:\/\/ipoweb.bruxelles.be\/emileandre\/wp-content\/uploads\/2022\/05\/20220517_203914_resized-300x135.jpg 300w, https:\/\/ipoweb.bruxelles.be\/emileandre\/wp-content\/uploads\/2022\/05\/20220517_203914_resized-768x346.jpg 768w\" sizes=\"(max-width: 1008px) 100vw, 1008px\" \/><\/figure>\n","protected":false},"excerpt":{"rendered":"<p>Nous sommes accueillis officiellement et en grande pompe dans la Mittelschule, l&rsquo;\u00e9cole qui regroupe des \u00e9l\u00e8ves de P5, P6, 1\u00b0 et 2\u00b0 secondaire ! En arrivant \u00e0 l&rsquo;\u00e9cole, les \u00e9l\u00e8ves enl\u00e8vent leurs chaussures d&rsquo;ext\u00e9rieur !! Que la f\u00eate commence: Chansons et danses !! Nous sommes guid\u00e9s dans les classes de l&rsquo;\u00e9cole Que de chouettes jeux [&hellip;]<\/p>\n","protected":false},"author":11,"featured_media":0,"parent":0,"menu_order":0,"comment_status":"closed","ping_status":"closed","template":"","meta":{"footnotes":""},"_links":{"self":[{"href":"https:\/\/ipoweb.bruxelles.be\/emileandre\/index.php?rest_route=\/wp\/v2\/pages\/3952"}],"collection":[{"href":"https:\/\/ipoweb.bruxelles.be\/emileandre\/index.php?rest_route=\/wp\/v2\/pages"}],"about":[{"href":"https:\/\/ipoweb.bruxelles.be\/emileandre\/index.php?rest_route=\/wp\/v2\/types\/page"}],"author":[{"embeddable":true,"href":"https:\/\/ipoweb.bruxelles.be\/emileandre\/index.php?rest_route=\/wp\/v2\/users\/11"}],"replies":[{"embeddable":true,"href":"https:\/\/ipoweb.bruxelles.be\/emileandre\/index.php?rest_route=%2Fwp%2Fv2%2Fcomments&post=3952"}],"version-history":[{"count":7,"href":"https:\/\/ipoweb.bruxelles.be\/emileandre\/index.php?rest_route=\/wp\/v2\/pages\/3952\/revisions"}],"predecessor-version":[{"id":4007,"href":"https:\/\/ipoweb.bruxelles.be\/emileandre\/index.php?rest_route=\/wp\/v2\/pages\/3952\/revisions\/4007"}],"wp:attachment":[{"href":"https:\/\/ipoweb.bruxelles.be\/emileandre\/index.php?rest_route=%2Fwp%2Fv2%2Fmedia&parent=3952"}],"curies":[{"name":"wp","href":"https:\/\/api.w.org\/{rel}","templated":true}]}}