{"id":4055,"date":"2022-05-19T17:30:15","date_gmt":"2022-05-19T15:30:15","guid":{"rendered":"http:\/\/ipoweb.bruxelles.be\/emileandre\/?page_id=4055"},"modified":"2022-05-19T17:33:19","modified_gmt":"2022-05-19T15:33:19","slug":"autriche-2","status":"publish","type":"page","link":"https:\/\/ipoweb.bruxelles.be\/emileandre\/?page_id=4055","title":{"rendered":"Autriche"},"content":{"rendered":"\n<p>Du 16 au 20 mai, Adama, Ana, Isra, Imran et Noam repr\u00e9sentent l&rsquo;\u00e9cole \u00e0 Lavam\u00fcnd en Autriche, une petite ville \u00e0 quelques kilom\u00e8tres de la fronti\u00e8re slov\u00e8ne.<\/p>\n\n\n\n<figure class=\"wp-block-image\"><img decoding=\"async\" loading=\"lazy\" width=\"1024\" height=\"768\" src=\"http:\/\/ipoweb.bruxelles.be\/emileandre\/wp-content\/uploads\/2022\/05\/20220517_163106-1024x768.jpg\" alt=\"\" class=\"wp-image-3992\" srcset=\"https:\/\/ipoweb.bruxelles.be\/emileandre\/wp-content\/uploads\/2022\/05\/20220517_163106-1024x768.jpg 1024w, https:\/\/ipoweb.bruxelles.be\/emileandre\/wp-content\/uploads\/2022\/05\/20220517_163106-300x225.jpg 300w, https:\/\/ipoweb.bruxelles.be\/emileandre\/wp-content\/uploads\/2022\/05\/20220517_163106-768x576.jpg 768w\" sizes=\"(max-width: 1024px) 100vw, 1024px\" \/><\/figure>\n\n\n\n<p>Ils y retrouveront des repr\u00e9sentants des autres pays partenaires.<br>Le th\u00e8me de la recontre est \u00ab\u00a0la cour de r\u00e9cr\u00e9ation\u00a0\u00bb<\/p>\n\n\n\n<figure class=\"wp-block-image\"><img decoding=\"async\" loading=\"lazy\" width=\"1008\" height=\"454\" src=\"http:\/\/ipoweb.bruxelles.be\/emileandre\/wp-content\/uploads\/2022\/05\/20220517_144525_resized.jpg\" alt=\"\" class=\"wp-image-3989\" srcset=\"https:\/\/ipoweb.bruxelles.be\/emileandre\/wp-content\/uploads\/2022\/05\/20220517_144525_resized.jpg 1008w, https:\/\/ipoweb.bruxelles.be\/emileandre\/wp-content\/uploads\/2022\/05\/20220517_144525_resized-300x135.jpg 300w, https:\/\/ipoweb.bruxelles.be\/emileandre\/wp-content\/uploads\/2022\/05\/20220517_144525_resized-768x346.jpg 768w\" sizes=\"(max-width: 1008px) 100vw, 1008px\" \/><\/figure>\n","protected":false},"excerpt":{"rendered":"<p>Du 16 au 20 mai, Adama, Ana, Isra, Imran et Noam repr\u00e9sentent l&rsquo;\u00e9cole \u00e0 Lavam\u00fcnd en Autriche, une petite ville \u00e0 quelques kilom\u00e8tres de la fronti\u00e8re slov\u00e8ne. Ils y retrouveront des repr\u00e9sentants des autres pays partenaires.Le th\u00e8me de la recontre est \u00ab\u00a0la cour de r\u00e9cr\u00e9ation\u00a0\u00bb<\/p>\n","protected":false},"author":11,"featured_media":0,"parent":0,"menu_order":0,"comment_status":"closed","ping_status":"closed","template":"","meta":{"footnotes":""},"_links":{"self":[{"href":"https:\/\/ipoweb.bruxelles.be\/emileandre\/index.php?rest_route=\/wp\/v2\/pages\/4055"}],"collection":[{"href":"https:\/\/ipoweb.bruxelles.be\/emileandre\/index.php?rest_route=\/wp\/v2\/pages"}],"about":[{"href":"https:\/\/ipoweb.bruxelles.be\/emileandre\/index.php?rest_route=\/wp\/v2\/types\/page"}],"author":[{"embeddable":true,"href":"https:\/\/ipoweb.bruxelles.be\/emileandre\/index.php?rest_route=\/wp\/v2\/users\/11"}],"replies":[{"embeddable":true,"href":"https:\/\/ipoweb.bruxelles.be\/emileandre\/index.php?rest_route=%2Fwp%2Fv2%2Fcomments&post=4055"}],"version-history":[{"count":2,"href":"https:\/\/ipoweb.bruxelles.be\/emileandre\/index.php?rest_route=\/wp\/v2\/pages\/4055\/revisions"}],"predecessor-version":[{"id":4059,"href":"https:\/\/ipoweb.bruxelles.be\/emileandre\/index.php?rest_route=\/wp\/v2\/pages\/4055\/revisions\/4059"}],"wp:attachment":[{"href":"https:\/\/ipoweb.bruxelles.be\/emileandre\/index.php?rest_route=%2Fwp%2Fv2%2Fmedia&parent=4055"}],"curies":[{"name":"wp","href":"https:\/\/api.w.org\/{rel}","templated":true}]}}