{"id":5906,"date":"2023-08-27T17:06:31","date_gmt":"2023-08-27T15:06:31","guid":{"rendered":"http:\/\/ipoweb.bruxelles.be\/emileandre\/?page_id=5906"},"modified":"2023-08-27T17:12:48","modified_gmt":"2023-08-27T15:12:48","slug":"mot-de-lancien-directeur","status":"publish","type":"page","link":"https:\/\/ipoweb.bruxelles.be\/emileandre\/?page_id=5906","title":{"rendered":"Mot de l&rsquo;ancien directeur"},"content":{"rendered":"\n<p>Aux \u00e9l\u00e8ves, aux coll\u00e8gues\net aux parents,<\/p>\n\n\n\n<p>Pour la premi\u00e8re fois,\napr\u00e8s 38 ans, je ne franchirai pas la porte du 107 rue Haute en ce matin de\nrentr\u00e9e. S\u00fbr que ce ne sera pas facile, pas seulement \u00e0 cause de l\u2019habitude\nmais surtout parce que chaque nouvelle rentr\u00e9e \u00e9tait un nouveau moment de\nbonheur qui annon\u00e7ait de nouvelles aventures pendant un an.<\/p>\n\n\n\n<p>Je tenais ici \u00e0 remercier\ntous les \u00e9l\u00e8ves que j\u2019ai rencontr\u00e9 \u00e0 Emile Andr\u00e9, d\u2019abord dans ma classe\nensuite en tant que directeur. Tous et toutes vous m\u2019avez apport\u00e9 \u00e9norm\u00e9ment.\nD\u2019abord et avant tout le bonheur de vous voir d\u00e9couvrir, apprendre, progresser,\nvous tromper mais repartir, grandir, vous ouvrir aux autres, \u2026\u2026 Vous m\u2019avez\naussi pouss\u00e9 sans cesse \u00e0 r\u00e9fl\u00e9chir, \u00e0 me remettre en question, \u00e0 changer ma\nmani\u00e8re de voir et d\u2019agir. A tous celles et ceux qui sont repass\u00e9s par l\u2019\u00e9cole\nquelques ann\u00e9es plus tard, merci pour les adultes que vous \u00eates devenus, un peu\ngr\u00e2ce \u00e0 Emile Andr\u00e9.<\/p>\n\n\n\n<p>A vous les coll\u00e8gues, les adultes de l\u2019\u00e9cole, je voudrais aussi vous dire combien c\u2019est gr\u00e2ce \u00e0 vous, \u00e0 vos convictions citoyennes, \u00e0 vos id\u00e9aux de vie, \u00e0 vos r\u00e9flexions, \u00e0 nos \u00e9changes, \u00e0 votre travail incessant que nous avons r\u00e9ussi \u00e0 faire d\u2019Emile Andr\u00e9 ce qu\u2019elle est aujourd\u2019hui. <br>Vous pouvez vraiment \u00eatre fiers.fi\u00e8res de ce que nous avons construit ensemble et chacune, chacun de la classe d\u2019accueil \u00e0 la sixi\u00e8me ann\u00e9e, avec l\u2019aide des auxiliaires, des technicien.nes de surface, de la secr\u00e9taire a apport\u00e9 sa contribution \u00e0 cette fameuse construction.<br> Si Emile Andr\u00e9 est, aujourd\u2019hui, reconnue comme une \u00e9cole \u00e0 p\u00e9dagogie active, respectueuse des droits de l\u2019enfant, avec de hautes valeurs citoyennes et respectueuses de l\u2019avenir de la plan\u00e8te, o\u00f9 chaque enfant trouve sa place et est auteur de ses apprentissages, o\u00f9 chacun progresse au mieux de ses capacit\u00e9s en harmonie avec tous les autres, c\u2019est parce que vous ne cessez, au quotidien, de mettre tout en \u0153uvre pour que toutes ces valeurs essentielles soient celles de notre \u00e9cole.<\/p>\n\n\n\n<p>Aux parents \u00e0 qui nous avons tard\u00e9 \u00e0 laisser une place plus importante dans l\u2019\u00e9cole, merci pour votre grande confiance, pour vos encouragements, pour votre implication et pour l\u2019aide logistique vis-\u00e0-vis de l\u2019ATL. <br>Merci aussi pour votre \u00e9motion lors de la derni\u00e8re f\u00eate d\u2019\u00e9cole et tous vos messages.<br> <br> Je vous souhaite, \u00e0 tous et toutes, une sublime ann\u00e9e scolaire 2023 2024 pleine de d\u00e9couvertes inattendues, de projets fous, de progr\u00e8s immenses mais surtout de nombreuses journ\u00e9es simplement heureuses de vie \u00e0 Emile Andr\u00e9.<br> <br> Je repasserai vous voir. C\u2019est promis\u00a0!<\/p>\n\n\n\n<p>Philippe Ector<\/p>\n","protected":false},"excerpt":{"rendered":"<p>Aux \u00e9l\u00e8ves, aux coll\u00e8gues et aux parents, Pour la premi\u00e8re fois, apr\u00e8s 38 ans, je ne franchirai pas la porte du 107 rue Haute en ce matin de rentr\u00e9e. S\u00fbr que ce ne sera pas facile, pas seulement \u00e0 cause de l\u2019habitude mais surtout parce que chaque nouvelle rentr\u00e9e \u00e9tait un nouveau moment de bonheur [&hellip;]<\/p>\n","protected":false},"author":11,"featured_media":0,"parent":0,"menu_order":0,"comment_status":"closed","ping_status":"closed","template":"","meta":{"footnotes":""},"_links":{"self":[{"href":"https:\/\/ipoweb.bruxelles.be\/emileandre\/index.php?rest_route=\/wp\/v2\/pages\/5906"}],"collection":[{"href":"https:\/\/ipoweb.bruxelles.be\/emileandre\/index.php?rest_route=\/wp\/v2\/pages"}],"about":[{"href":"https:\/\/ipoweb.bruxelles.be\/emileandre\/index.php?rest_route=\/wp\/v2\/types\/page"}],"author":[{"embeddable":true,"href":"https:\/\/ipoweb.bruxelles.be\/emileandre\/index.php?rest_route=\/wp\/v2\/users\/11"}],"replies":[{"embeddable":true,"href":"https:\/\/ipoweb.bruxelles.be\/emileandre\/index.php?rest_route=%2Fwp%2Fv2%2Fcomments&post=5906"}],"version-history":[{"count":1,"href":"https:\/\/ipoweb.bruxelles.be\/emileandre\/index.php?rest_route=\/wp\/v2\/pages\/5906\/revisions"}],"predecessor-version":[{"id":5907,"href":"https:\/\/ipoweb.bruxelles.be\/emileandre\/index.php?rest_route=\/wp\/v2\/pages\/5906\/revisions\/5907"}],"wp:attachment":[{"href":"https:\/\/ipoweb.bruxelles.be\/emileandre\/index.php?rest_route=%2Fwp%2Fv2%2Fmedia&parent=5906"}],"curies":[{"name":"wp","href":"https:\/\/api.w.org\/{rel}","templated":true}]}}