{"id":853,"date":"2019-08-29T07:34:01","date_gmt":"2019-08-29T05:34:01","guid":{"rendered":"http:\/\/ipoweb.bruxelles.be\/emileandre\/?page_id=853"},"modified":"2024-08-20T21:15:45","modified_gmt":"2024-08-20T19:15:45","slug":"conges-scolaires-2019-2020","status":"publish","type":"page","link":"https:\/\/ipoweb.bruxelles.be\/emileandre\/?page_id=853","title":{"rendered":"Cong\u00e9s scolaires 2024 2025"},"content":{"rendered":"\n<figure class=\"wp-block-table\"><table  class=\" table table-hover\" ><tbody><tr><td>Lundi 26 ao\u00fbt 2024<\/td><td>Rentr\u00e9e scolaire<\/td><\/tr><tr><td>Vendredi 27 septembre 2024<\/td><td>F\u00eate de la Communaut\u00e9 fran\u00e7aise<\/td><\/tr><tr><td>Du lundi 21&nbsp;octobre 2024 au vendredi 1 novembre 2024<\/td><td>Cong\u00e9 d&rsquo;automne<\/td><\/tr><tr><td>Lundi 11 novembre 2024<\/td><td>Jour de l\u2019Armistice<\/td><\/tr><tr><td>Du lundi 23 d\u00e9cembre 2024 au vendredi 3 janvier 2025<\/td><td>Vacances d&rsquo;hiver<\/td><\/tr><tr><td>Du lundi 24 f\u00e9vrier 2025 au vendredi 7 mars 2025<\/td><td>Cong\u00e9 de d\u00e9tente<\/td><\/tr><tr><td>Lundi 21 avril 2025<\/td><td>Lundi de P\u00e2ques<\/td><\/tr><tr><td>Du lundi 28 avril 2025 au vendredi 9 mai 2025<\/td><td>Vacances de printemps<\/td><\/tr><tr><td>Jeudi 29 mai 2025<\/td><td>Jeudi de l\u2019Ascension<\/td><\/tr><tr><td>Lundi 9 juin 2025<\/td><td>Lundi de Pentec\u00f4te<\/td><\/tr><tr><td>Samedi 5 juillet 2025<\/td><td>D\u00e9but des vacances d\u2019\u00e9t\u00e9<\/td><\/tr><\/tbody><\/table><\/figure>\n","protected":false},"excerpt":{"rendered":"<p>Lundi 26 ao\u00fbt 2024 Rentr\u00e9e scolaire Vendredi 27 septembre 2024 F\u00eate de la Communaut\u00e9 fran\u00e7aise Du lundi 21&nbsp;octobre 2024 au vendredi 1 novembre 2024 Cong\u00e9 d&rsquo;automne Lundi 11 novembre 2024 Jour de l\u2019Armistice Du lundi 23 d\u00e9cembre 2024 au vendredi 3 janvier 2025 Vacances d&rsquo;hiver Du lundi 24 f\u00e9vrier 2025 au vendredi 7 mars 2025 [&hellip;]<\/p>\n","protected":false},"author":2,"featured_media":0,"parent":0,"menu_order":0,"comment_status":"closed","ping_status":"closed","template":"","meta":{"footnotes":""},"_links":{"self":[{"href":"https:\/\/ipoweb.bruxelles.be\/emileandre\/index.php?rest_route=\/wp\/v2\/pages\/853"}],"collection":[{"href":"https:\/\/ipoweb.bruxelles.be\/emileandre\/index.php?rest_route=\/wp\/v2\/pages"}],"about":[{"href":"https:\/\/ipoweb.bruxelles.be\/emileandre\/index.php?rest_route=\/wp\/v2\/types\/page"}],"author":[{"embeddable":true,"href":"https:\/\/ipoweb.bruxelles.be\/emileandre\/index.php?rest_route=\/wp\/v2\/users\/2"}],"replies":[{"embeddable":true,"href":"https:\/\/ipoweb.bruxelles.be\/emileandre\/index.php?rest_route=%2Fwp%2Fv2%2Fcomments&post=853"}],"version-history":[{"count":11,"href":"https:\/\/ipoweb.bruxelles.be\/emileandre\/index.php?rest_route=\/wp\/v2\/pages\/853\/revisions"}],"predecessor-version":[{"id":6753,"href":"https:\/\/ipoweb.bruxelles.be\/emileandre\/index.php?rest_route=\/wp\/v2\/pages\/853\/revisions\/6753"}],"wp:attachment":[{"href":"https:\/\/ipoweb.bruxelles.be\/emileandre\/index.php?rest_route=%2Fwp%2Fv2%2Fmedia&parent=853"}],"curies":[{"name":"wp","href":"https:\/\/api.w.org\/{rel}","templated":true}]}}