{"id":934,"date":"2019-09-07T07:36:43","date_gmt":"2019-09-07T05:36:43","guid":{"rendered":"http:\/\/ipoweb.bruxelles.be\/emileandre\/?page_id=934"},"modified":"2024-10-03T21:19:53","modified_gmt":"2024-10-03T19:19:53","slug":"conseil-de-participation","status":"publish","type":"page","link":"https:\/\/ipoweb.bruxelles.be\/emileandre\/?page_id=934","title":{"rendered":"Conseil de participation"},"content":{"rendered":"\n<p class=\"has-medium-font-size\"> <br>Les repr\u00e9sentants des parents au conseil de participation pour cette ann\u00e9e scolaire 2024 2025 sont :<br> Annabelle Czyz<br>Katrin Wagner<br>Gregoire Bestaux<br><br>Karol Kojo est suppl\u00e9ante.<br><\/p>\n\n\n\n<p class=\"has-medium-font-size\"><strong>Voici la circulaire qui d\u00e9taille le r\u00f4le du conseil de participation<\/strong><\/p>\n\n\n\n<div class=\"wp-block-file\"><a id=\"wp-block-file--media-e6305bf0-5b0d-4bb8-ac5b-2712420d2ad4\" href=\"http:\/\/ipoweb.bruxelles.be\/emileandre\/wp-content\/uploads\/2019\/09\/Circulaire-7014.pdf\">Circulaire 7014<\/a><a href=\"http:\/\/ipoweb.bruxelles.be\/emileandre\/wp-content\/uploads\/2019\/09\/Circulaire-7014.pdf\" class=\"wp-block-file__button wp-element-button\" download aria-describedby=\"wp-block-file--media-e6305bf0-5b0d-4bb8-ac5b-2712420d2ad4\">T\u00e9l\u00e9charger<\/a><\/div>\n","protected":false},"excerpt":{"rendered":"<p>Les repr\u00e9sentants des parents au conseil de participation pour cette ann\u00e9e scolaire 2024 2025 sont : Annabelle CzyzKatrin WagnerGregoire Bestaux Karol Kojo est suppl\u00e9ante. Voici la circulaire qui d\u00e9taille le r\u00f4le du conseil de participation<\/p>\n","protected":false},"author":2,"featured_media":0,"parent":0,"menu_order":0,"comment_status":"closed","ping_status":"closed","template":"","meta":{"footnotes":""},"_links":{"self":[{"href":"https:\/\/ipoweb.bruxelles.be\/emileandre\/index.php?rest_route=\/wp\/v2\/pages\/934"}],"collection":[{"href":"https:\/\/ipoweb.bruxelles.be\/emileandre\/index.php?rest_route=\/wp\/v2\/pages"}],"about":[{"href":"https:\/\/ipoweb.bruxelles.be\/emileandre\/index.php?rest_route=\/wp\/v2\/types\/page"}],"author":[{"embeddable":true,"href":"https:\/\/ipoweb.bruxelles.be\/emileandre\/index.php?rest_route=\/wp\/v2\/users\/2"}],"replies":[{"embeddable":true,"href":"https:\/\/ipoweb.bruxelles.be\/emileandre\/index.php?rest_route=%2Fwp%2Fv2%2Fcomments&post=934"}],"version-history":[{"count":8,"href":"https:\/\/ipoweb.bruxelles.be\/emileandre\/index.php?rest_route=\/wp\/v2\/pages\/934\/revisions"}],"predecessor-version":[{"id":6799,"href":"https:\/\/ipoweb.bruxelles.be\/emileandre\/index.php?rest_route=\/wp\/v2\/pages\/934\/revisions\/6799"}],"wp:attachment":[{"href":"https:\/\/ipoweb.bruxelles.be\/emileandre\/index.php?rest_route=%2Fwp%2Fv2%2Fmedia&parent=934"}],"curies":[{"name":"wp","href":"https:\/\/api.w.org\/{rel}","templated":true}]}}