{"id":94,"date":"2019-04-23T19:06:11","date_gmt":"2019-04-23T17:06:11","guid":{"rendered":"http:\/\/ipoweb.bruxelles.be\/emileandre\/?page_id=94"},"modified":"2022-08-26T22:07:40","modified_gmt":"2022-08-26T20:07:40","slug":"notre-projet-detablissement","status":"publish","type":"page","link":"https:\/\/ipoweb.bruxelles.be\/emileandre\/?page_id=94","title":{"rendered":"Projet d\u2019\u00e9tablissement"},"content":{"rendered":"\n<p>Notre \u00e9cole fondamentale\ndonc maternelle et primaire accueille des enfants du quartier et d\u2019autres dont\nles parents ont choisi la p\u00e9dagogie active. Nous sommes persuad\u00e9s que cette\nmixit\u00e9 pluriculturelle est une richesse incroyable pour nos \u00e9l\u00e8ves.<\/p>\n\n\n\n<p>Nous avons \u00e9t\u00e9 reconnus, par l&rsquo;Unicef, comme \u00e9cole des droits de l&rsquo;enfants. Nous veillons donc \u00e0 informer \u00e9l\u00e8ves et parents de ces droits et surtout de les faire vivre au sein de notre \u00e9cole.<\/p>\n\n\n\n<div class=\"wp-block-columns has-2-columns is-layout-flex wp-container-3 wp-block-columns-is-layout-flex\">\n<div class=\"wp-block-column is-layout-flow wp-block-column-is-layout-flow\">\n<p>Une citoyennet\u00e9\nresponsable de l\u2019environnement, des autres, un respect de\nla diff\u00e9rence sont, pour nous, des\nincontournables.<\/p>\n<\/div>\n\n\n\n<div class=\"wp-block-column is-layout-flow wp-block-column-is-layout-flow\">\n<figure class=\"wp-block-image is-resized\"><img decoding=\"async\" loading=\"lazy\" src=\"http:\/\/ipoweb.bruxelles.be\/emileandre\/wp-content\/uploads\/2019\/04\/0006.jpg\" alt=\"\" class=\"wp-image-21\" width=\"198\" height=\"148\" srcset=\"https:\/\/ipoweb.bruxelles.be\/emileandre\/wp-content\/uploads\/2019\/04\/0006.jpg 394w, https:\/\/ipoweb.bruxelles.be\/emileandre\/wp-content\/uploads\/2019\/04\/0006-300x225.jpg 300w\" sizes=\"(max-width: 198px) 100vw, 198px\" \/><\/figure>\n<\/div>\n<\/div>\n\n\n\n<p>\n\nNous pratiquons au maximum une\np\u00e9dagogie active, respectueuse des potentialit\u00e9s de chacun.e o\u00f9 chaque enfant\nest acteur.trice et co-acteur.trice avec ses condisciples de ses apprentissages\n&nbsp;\n\n\n\n\n\n<\/p>\n\n\n\n<div class=\"wp-block-columns has-2-columns is-layout-flex wp-container-6 wp-block-columns-is-layout-flex\">\n<div class=\"wp-block-column is-layout-flow wp-block-column-is-layout-flow\">\n<p>Nous privil\u00e9gions l\u2019estime\nde soi, l\u2019entraide, le respect des rythmes\npour permettre \u00e0 chacun.e d\u2019aller au maximum de ses\npotentialit\u00e9s. \n\nToute comparaison entre les enfants est donc\nbannie\n\n\n\n<\/p>\n<\/div>\n\n\n\n<div class=\"wp-block-column is-layout-flow wp-block-column-is-layout-flow\">\n<figure class=\"wp-block-image\"><img decoding=\"async\" loading=\"lazy\" width=\"472\" height=\"354\" src=\"http:\/\/ipoweb.bruxelles.be\/emileandre\/wp-content\/uploads\/2019\/04\/0004.jpg\" alt=\"\" class=\"wp-image-19\" srcset=\"https:\/\/ipoweb.bruxelles.be\/emileandre\/wp-content\/uploads\/2019\/04\/0004.jpg 472w, https:\/\/ipoweb.bruxelles.be\/emileandre\/wp-content\/uploads\/2019\/04\/0004-300x225.jpg 300w\" sizes=\"(max-width: 472px) 100vw, 472px\" \/><\/figure>\n<\/div>\n<\/div>\n\n\n\n<p>Nous sommes persuad\u00e9s que les enfants ne peuvent progresser que si les apprentissages ont du sens. Les projets ont donc une place privil\u00e9gi\u00e9e et constituent la base de notre travail.<\/p>\n\n\n\n<p>Un accent particulier est mis sur la communication et la plus grande ma\u00eetrise possible de la langue fran\u00e7aise. Une compr\u00e9hension fluide, un vocabulaire pr\u00e9cis et vari\u00e9, une communication ais\u00e9e sont les outils indispensables \u00e0 la r\u00e9ussite que nous voudrions que chaque enfant puisse acqu\u00e9rir<br><\/p>\n\n\n\n<figure class=\"wp-block-image\"><img decoding=\"async\" loading=\"lazy\" width=\"1024\" height=\"768\" src=\"http:\/\/ipoweb.bruxelles.be\/emileandre\/wp-content\/uploads\/2019\/04\/0005-1024x768.jpg\" alt=\"\" class=\"wp-image-20\" srcset=\"https:\/\/ipoweb.bruxelles.be\/emileandre\/wp-content\/uploads\/2019\/04\/0005-1024x768.jpg 1024w, https:\/\/ipoweb.bruxelles.be\/emileandre\/wp-content\/uploads\/2019\/04\/0005-300x225.jpg 300w, https:\/\/ipoweb.bruxelles.be\/emileandre\/wp-content\/uploads\/2019\/04\/0005-768x576.jpg 768w, https:\/\/ipoweb.bruxelles.be\/emileandre\/wp-content\/uploads\/2019\/04\/0005.jpg 1181w\" sizes=\"(max-width: 1024px) 100vw, 1024px\" \/><\/figure>\n\n\n\n<p>Notre mani\u00e8re d\u2019entrevoir\nl\u2019\u00e9cole passe bien entendu par une ouverture sur le monde qui nous entoure\ngr\u00e2ce \u00e0 de nombreuses sorties, une semaine de classe de d\u00e9paysement \u00e0 partir de\nla troisi\u00e8me ann\u00e9e et un apprentissage responsable \u00e0 l\u2019utilisation de\nl\u2019internet. <\/p>\n\n\n\n<p>Nous tenons \u00e0 int\u00e9grer les\nparents dans cette ouverture parce que le lien \u00e9cole famille nous semble\nimportant pour le d\u00e9veloppement harmonieux de chaque enfant. Les partages des\nportfolios, les rencontres en classes, les f\u00eates d\u2019\u00e9coles sont, pour nous, des\nmoments privil\u00e9gi\u00e9s. &nbsp;<\/p>\n\n\n\n<figure class=\"wp-block-image\"><img decoding=\"async\" loading=\"lazy\" width=\"1024\" height=\"621\" src=\"http:\/\/ipoweb.bruxelles.be\/emileandre\/wp-content\/uploads\/2019\/04\/0007-1024x621.jpg\" alt=\"\" class=\"wp-image-22\" srcset=\"https:\/\/ipoweb.bruxelles.be\/emileandre\/wp-content\/uploads\/2019\/04\/0007-1024x621.jpg 1024w, https:\/\/ipoweb.bruxelles.be\/emileandre\/wp-content\/uploads\/2019\/04\/0007-300x182.jpg 300w, https:\/\/ipoweb.bruxelles.be\/emileandre\/wp-content\/uploads\/2019\/04\/0007-768x466.jpg 768w, https:\/\/ipoweb.bruxelles.be\/emileandre\/wp-content\/uploads\/2019\/04\/0007.jpg 1772w\" sizes=\"(max-width: 1024px) 100vw, 1024px\" \/><\/figure>\n\n\n\n<p>Si les valeurs d\u00e9velopp\u00e9es ici vous parlent, n\u2019h\u00e9sitez pas \u00e0 lire notre projet d\u2019\u00e9tablissement&nbsp;qui d\u00e9taille tout ceci.<\/p>\n\n\n\n<div class=\"wp-block-file\"><a href=\"http:\/\/ipoweb.bruxelles.be\/emileandre\/wp-content\/uploads\/2022\/08\/Projet-p\u00e9dagogique-22-23.pdf\">Projet p\u00e9dagogique 22 23<\/a><a href=\"http:\/\/ipoweb.bruxelles.be\/emileandre\/wp-content\/uploads\/2022\/08\/Projet-p\u00e9dagogique-22-23.pdf\" class=\"wp-block-file__button\" download>T\u00e9l\u00e9charger<\/a><\/div>\n","protected":false},"excerpt":{"rendered":"<p>Notre \u00e9cole fondamentale donc maternelle et primaire accueille des enfants du quartier et d\u2019autres dont les parents ont choisi la p\u00e9dagogie active. Nous sommes persuad\u00e9s que cette mixit\u00e9 pluriculturelle est une richesse incroyable pour nos \u00e9l\u00e8ves. Nous avons \u00e9t\u00e9 reconnus, par l&rsquo;Unicef, comme \u00e9cole des droits de l&rsquo;enfants. Nous veillons donc \u00e0 informer \u00e9l\u00e8ves et [&hellip;]<\/p>\n","protected":false},"author":2,"featured_media":0,"parent":0,"menu_order":0,"comment_status":"closed","ping_status":"closed","template":"","meta":{"footnotes":""},"_links":{"self":[{"href":"https:\/\/ipoweb.bruxelles.be\/emileandre\/index.php?rest_route=\/wp\/v2\/pages\/94"}],"collection":[{"href":"https:\/\/ipoweb.bruxelles.be\/emileandre\/index.php?rest_route=\/wp\/v2\/pages"}],"about":[{"href":"https:\/\/ipoweb.bruxelles.be\/emileandre\/index.php?rest_route=\/wp\/v2\/types\/page"}],"author":[{"embeddable":true,"href":"https:\/\/ipoweb.bruxelles.be\/emileandre\/index.php?rest_route=\/wp\/v2\/users\/2"}],"replies":[{"embeddable":true,"href":"https:\/\/ipoweb.bruxelles.be\/emileandre\/index.php?rest_route=%2Fwp%2Fv2%2Fcomments&post=94"}],"version-history":[{"count":10,"href":"https:\/\/ipoweb.bruxelles.be\/emileandre\/index.php?rest_route=\/wp\/v2\/pages\/94\/revisions"}],"predecessor-version":[{"id":4449,"href":"https:\/\/ipoweb.bruxelles.be\/emileandre\/index.php?rest_route=\/wp\/v2\/pages\/94\/revisions\/4449"}],"wp:attachment":[{"href":"https:\/\/ipoweb.bruxelles.be\/emileandre\/index.php?rest_route=%2Fwp%2Fv2%2Fmedia&parent=94"}],"curies":[{"name":"wp","href":"https:\/\/api.w.org\/{rel}","templated":true}]}}