{"id":26,"date":"2022-06-10T15:24:00","date_gmt":"2022-06-10T13:24:00","guid":{"rendered":"http:\/\/ipoweb.bruxelles.be\/iam\/?page_id=26"},"modified":"2025-09-03T15:10:56","modified_gmt":"2025-09-03T13:10:56","slug":"accueil","status":"publish","type":"page","link":"https:\/\/ipoweb.bruxelles.be\/iam\/","title":{"rendered":"Accueil"},"content":{"rendered":"\n<div class=\"wp-block-cover alignfull is-light has-parallax\" style=\"min-height:480px\"><span aria-hidden=\"true\" class=\"wp-block-cover__background has-background-dim\"><\/span><div role=\"img\" class=\"wp-block-cover__image-background wp-image-33 has-parallax\" style=\"background-position:50% 50%;background-image:url(http:\/\/ipoweb.bruxelles.be\/iam\/wp-content\/uploads\/2021\/10\/iambg.jpg)\"><\/div><div class=\"wp-block-cover__inner-container is-layout-flow wp-block-cover-is-layout-flow\">\n<h1 class=\"wp-block-heading alignwide has-text-align-center\">Bienvenue \u00e0 l&rsquo;Institut des Arts et M\u00e9tiers<\/h1>\n\n\n\n<div class=\"wp-block-buttons is-horizontal is-content-justification-center is-layout-flex wp-container-1 wp-block-buttons-is-layout-flex\">\n<div class=\"wp-block-button\"><a class=\"wp-block-button__link has-white-background-color has-background wp-element-button\" href=\"http:\/\/ipoweb.bruxelles.be\/iam\/sections\/\" style=\"border-radius:50px\">Sections<\/a><\/div>\n\n\n\n<div class=\"wp-block-button\"><a class=\"wp-block-button__link has-white-background-color has-background wp-element-button\" href=\"http:\/\/ipoweb.bruxelles.be\/iam\/inscriptions\/\" style=\"border-radius:50px\">Inscriptions<\/a><\/div>\n<\/div>\n<\/div><\/div>\n\n\n\n<div class=\"wp-block-group is-layout-flow wp-block-group-is-layout-flow\"><div class=\"wp-block-group__inner-container\">\n<div class=\"wp-block-columns is-layout-flex wp-container-6 wp-block-columns-is-layout-flex\">\n<div class=\"wp-block-column is-layout-flow wp-block-column-is-layout-flow\">\n<figure class=\"wp-block-image size-full is-resized is-style-tw-frame\"><img decoding=\"async\" loading=\"lazy\" width=\"116\" height=\"59\" src=\"http:\/\/ipoweb.bruxelles.be\/iam\/wp-content\/uploads\/2023\/06\/logoville.jpg\" alt=\"\" class=\"wp-image-291\" style=\"width:218px;height:111px\"\/><\/figure>\n\n\n\n<p><\/p>\n<\/div>\n\n\n\n<div class=\"wp-block-column is-layout-flow wp-block-column-is-layout-flow\">\n<figure class=\"wp-block-image size-full is-resized is-style-tw-frame\"><img decoding=\"async\" loading=\"lazy\" width=\"206\" height=\"206\" src=\"http:\/\/ipoweb.bruxelles.be\/iam\/wp-content\/uploads\/2023\/06\/logo.png\" alt=\"\" class=\"wp-image-309\" style=\"width:224px;height:224px\" srcset=\"https:\/\/ipoweb.bruxelles.be\/iam\/wp-content\/uploads\/2023\/06\/logo.png 206w, https:\/\/ipoweb.bruxelles.be\/iam\/wp-content\/uploads\/2023\/06\/logo-150x150.png 150w\" sizes=\"(max-width: 206px) 100vw, 206px\" \/><\/figure>\n\n\n\n<p><\/p>\n<\/div>\n\n\n\n<div class=\"wp-block-column is-layout-flow wp-block-column-is-layout-flow\">\n<figure class=\"wp-block-image size-full is-resized is-style-tw-frame\"><img decoding=\"async\" loading=\"lazy\" width=\"432\" height=\"255\" src=\"http:\/\/ipoweb.bruxelles.be\/iam\/wp-content\/uploads\/2023\/06\/logocafa.png\" alt=\"\" class=\"wp-image-293\" style=\"width:192px;height:113px\" srcset=\"https:\/\/ipoweb.bruxelles.be\/iam\/wp-content\/uploads\/2023\/06\/logocafa.png 432w, https:\/\/ipoweb.bruxelles.be\/iam\/wp-content\/uploads\/2023\/06\/logocafa-300x177.png 300w\" sizes=\"(max-width: 432px) 100vw, 432px\" \/><\/figure>\n\n\n\n<p><\/p>\n<\/div>\n<\/div>\n<\/div><\/div>\n\n\n\n<div class=\"wp-block-group alignfull is-layout-flow wp-block-group-is-layout-flow\"><div class=\"wp-block-group__inner-container\">\n<h2 class=\"wp-block-heading alignfull has-text-align-center\"> &#8211; Nouvelles formations &#8211;<\/h2>\n\n\n\n<p class=\"has-text-align-center tw-text-wide has-subtle-background-background-color has-background\"> A la rentr\u00e9e de septembre, l\u2019Institut des Arts et M\u00e9tiers ouvre les sections<\/p>\n\n\n\n<p class=\"has-text-align-center tw-text-wide has-subtle-background-background-color has-background\">4\u00e8me P<br>  <strong>M\u00e9canicien en  cycle<\/strong> \/ <strong>Carrossier<\/strong><\/p>\n\n\n\n<p class=\"has-text-align-center tw-text-wide has-subtle-background-background-color has-background\">4\u00e8me TQ<br> <strong>T\u00e9chnicien du froid<\/strong> \/    <strong> <strong><strong>\u00c9<\/strong>lectricien automaticien<\/strong>  \/  <strong><strong>M\u00e9canicien<\/strong> automaticien<\/strong>  <\/strong><\/p>\n\n\n\n<p class=\"has-text-align-center tw-text-wide has-subtle-background-background-color has-background\">7 TQ<strong>   <\/strong><br>       <strong>Technicien moto <\/strong><\/p>\n\n\n\n<p class=\"has-text-align-center tw-text-wide has-subtle-background-background-color has-background\">Les inscriptions s\u2019ouvrent du 3 juillet au 12 juillet 2023<br>\u00e0 partir du 21 ao\u00fbt <br> Contactez-nous : <strong>02\/279.52.21<\/strong> &#8211; <strong>02\/279.48.77<\/strong><\/p>\n\n\n\n<div class=\"wp-block-columns alignwide tw-cols-card tw-cols-card-shadow tw-stretched-media is-layout-flex wp-container-13 wp-block-columns-is-layout-flex\">\n<div class=\"wp-block-column has-background-background-color has-background is-layout-flow wp-block-column-is-layout-flow\">\n<figure class=\"wp-block-image size-large\"><img decoding=\"async\" loading=\"lazy\" width=\"1024\" height=\"678\" src=\"http:\/\/ipoweb.bruxelles.be\/iam\/wp-content\/uploads\/2022\/06\/Meca_CEFA-1024x678.jpg\" alt=\"\" class=\"wp-image-168\" srcset=\"https:\/\/ipoweb.bruxelles.be\/iam\/wp-content\/uploads\/2022\/06\/Meca_CEFA-1024x678.jpg 1024w, https:\/\/ipoweb.bruxelles.be\/iam\/wp-content\/uploads\/2022\/06\/Meca_CEFA-300x199.jpg 300w, https:\/\/ipoweb.bruxelles.be\/iam\/wp-content\/uploads\/2022\/06\/Meca_CEFA-768x509.jpg 768w, https:\/\/ipoweb.bruxelles.be\/iam\/wp-content\/uploads\/2022\/06\/Meca_CEFA-1536x1017.jpg 1536w, https:\/\/ipoweb.bruxelles.be\/iam\/wp-content\/uploads\/2022\/06\/Meca_CEFA-1200x795.jpg 1200w, https:\/\/ipoweb.bruxelles.be\/iam\/wp-content\/uploads\/2022\/06\/Meca_CEFA-1980x1311.jpg 1980w, https:\/\/ipoweb.bruxelles.be\/iam\/wp-content\/uploads\/2022\/06\/Meca_CEFA.jpg 2048w\" sizes=\"(max-width: 1024px) 100vw, 1024px\" \/><\/figure>\n\n\n\n<p class=\"has-subtle-background-background-color has-background\">7eTechnicien\/Technicienne<br>Moto<\/p>\n<\/div>\n\n\n\n<div class=\"wp-block-column is-layout-flow wp-block-column-is-layout-flow\">\n<div class=\"wp-block-cover has-custom-content-position is-position-bottom-left\" style=\"min-height:240px\"><span aria-hidden=\"true\" class=\"wp-block-cover__background has-background-dim-100 has-background-dim wp-block-cover__gradient-background has-background-gradient\" style=\"background:linear-gradient(0deg,rgba(0,0,0,0.68) 0%,rgba(0,0,0,0.12) 35%,rgba(0,0,0,0) 50%)\"><\/span><img decoding=\"async\" loading=\"lazy\" width=\"1600\" height=\"1067\" class=\"wp-block-cover__image-background wp-image-202\" alt=\"\" src=\"http:\/\/ipoweb.bruxelles.be\/iam\/wp-content\/uploads\/2022\/06\/20211129142207.jpg\" data-object-fit=\"cover\" srcset=\"https:\/\/ipoweb.bruxelles.be\/iam\/wp-content\/uploads\/2022\/06\/20211129142207.jpg 1600w, https:\/\/ipoweb.bruxelles.be\/iam\/wp-content\/uploads\/2022\/06\/20211129142207-300x200.jpg 300w, https:\/\/ipoweb.bruxelles.be\/iam\/wp-content\/uploads\/2022\/06\/20211129142207-1024x683.jpg 1024w, https:\/\/ipoweb.bruxelles.be\/iam\/wp-content\/uploads\/2022\/06\/20211129142207-768x512.jpg 768w, https:\/\/ipoweb.bruxelles.be\/iam\/wp-content\/uploads\/2022\/06\/20211129142207-1536x1024.jpg 1536w, https:\/\/ipoweb.bruxelles.be\/iam\/wp-content\/uploads\/2022\/06\/20211129142207-1200x800.jpg 1200w\" sizes=\"(max-width: 1600px) 100vw, 1600px\" \/><div class=\"wp-block-cover__inner-container is-layout-flow wp-block-cover-is-layout-flow\">\n<p class=\"has-text-align-center has-large-font-size\"><\/p>\n<\/div><\/div>\n\n\n\n<p class=\"has-subtle-background-background-color has-background\">4es  TQ<br>*\u00c9lectricien automaticien\/<br>\u00c9lectricienne automaticienne <br>*M\u00e9canicien automatitcien\/ M\u00e9canicienne automatitcienne <br>*Technicien du froid \/  Technicienne du froid <\/p>\n<\/div>\n\n\n\n<div class=\"wp-block-column has-background-background-color has-background is-layout-flow wp-block-column-is-layout-flow\">\n<div class=\"wp-block-cover has-custom-content-position is-position-bottom-left\" style=\"min-height:240px\"><span aria-hidden=\"true\" class=\"wp-block-cover__background has-background-dim-100 has-background-dim wp-block-cover__gradient-background has-background-gradient\" style=\"background:linear-gradient(0deg,rgba(0,0,0,0.68) 0%,rgba(0,0,0,0.12) 35%,rgba(0,0,0,0) 50%)\"><\/span><img decoding=\"async\" loading=\"lazy\" width=\"500\" height=\"225\" class=\"wp-block-cover__image-background wp-image-189\" alt=\"\" src=\"http:\/\/ipoweb.bruxelles.be\/iam\/wp-content\/uploads\/2022\/06\/reparation-transmission-velo-esprit-cycles-500x225-1.jpg\" data-object-fit=\"cover\" srcset=\"https:\/\/ipoweb.bruxelles.be\/iam\/wp-content\/uploads\/2022\/06\/reparation-transmission-velo-esprit-cycles-500x225-1.jpg 500w, https:\/\/ipoweb.bruxelles.be\/iam\/wp-content\/uploads\/2022\/06\/reparation-transmission-velo-esprit-cycles-500x225-1-300x135.jpg 300w\" sizes=\"(max-width: 500px) 100vw, 500px\" \/><div class=\"wp-block-cover__inner-container is-layout-flow wp-block-cover-is-layout-flow\">\n<p class=\"has-text-align-center has-large-font-size\"><\/p>\n<\/div><\/div>\n\n\n\n<p class=\"has-subtle-background-background-color has-background\">4es P<br>M\u00e9canicien\/M\u00e9canicienne cycles<br>Carrossier \/ Carrosssi\u00e8re<\/p>\n<\/div>\n<\/div>\n<\/div><\/div>\n\n\n\n<div class=\"wp-block-group alignfull is-layout-flow wp-block-group-is-layout-flow\"><div class=\"wp-block-group__inner-container\">\n<h2 class=\"wp-block-heading has-text-align-center\"><strong>Se former aux m\u00e9tiers du futur dans un esprit humaniste<\/strong><\/h2>\n\n\n\n<p class=\"has-text-align-center\" style=\"font-size:18px\">Le projet d\u2019\u00e9tablissement de <strong>l\u2019Institut des Arts et M\u00e9tiers<\/strong> et du <strong><a href=\"http:\/\/www.cefabxl.be\" data-type=\"URL\" data-id=\"www.cefabxl.be\">Centre d\u2019Education et de Formation en Alternance<\/a><\/strong> de la Ville de Bruxelles est d\u2019offrir \u00e0 l\u2019adolescente et \u00e0 l\u2019adolescent, quelles que soient ses origines sociales, ethniques et culturelles, l&rsquo;acc\u00e8s, non seulement aux connaissances, aux savoir-faire, savoir-\u00eatre et aux attitudes qui le guideront dans l\u2019enseignement sup\u00e9rieur, mais aussi l&rsquo;apprentissage au quotidien de la tol\u00e9rance, de l&rsquo;\u00e9galit\u00e9, et des valeurs morales qui lui permettront d\u2019\u00eatre un citoyen responsable dans un Etat d\u00e9mocratique, neutre et cosmopolite.  <\/p>\n<\/div><\/div>\n\n\n\n<div class=\"wp-block-group alignfull is-layout-flow wp-block-group-is-layout-flow\"><div class=\"wp-block-group__inner-container\">\n<div class=\"wp-block-columns alignwide is-layout-flex wp-container-17 wp-block-columns-is-layout-flex\">\n<div class=\"wp-block-column is-layout-flow wp-block-column-is-layout-flow\"><div class=\"wp-block-image is-style-tw-frame\">\n<figure class=\"aligncenter size-large\"><img decoding=\"async\" loading=\"lazy\" width=\"1024\" height=\"431\" src=\"http:\/\/ipoweb.bruxelles.be\/iam\/wp-content\/uploads\/2021\/10\/Capture-de\u0301cran-2021-10-05-a\u0300-20.54.37-1024x431.jpg\" alt=\"\" class=\"wp-image-83\" srcset=\"https:\/\/ipoweb.bruxelles.be\/iam\/wp-content\/uploads\/2021\/10\/Capture-de\u0301cran-2021-10-05-a\u0300-20.54.37-1024x431.jpg 1024w, https:\/\/ipoweb.bruxelles.be\/iam\/wp-content\/uploads\/2021\/10\/Capture-de\u0301cran-2021-10-05-a\u0300-20.54.37-300x126.jpg 300w, https:\/\/ipoweb.bruxelles.be\/iam\/wp-content\/uploads\/2021\/10\/Capture-de\u0301cran-2021-10-05-a\u0300-20.54.37-768x323.jpg 768w, https:\/\/ipoweb.bruxelles.be\/iam\/wp-content\/uploads\/2021\/10\/Capture-de\u0301cran-2021-10-05-a\u0300-20.54.37-1536x646.jpg 1536w, https:\/\/ipoweb.bruxelles.be\/iam\/wp-content\/uploads\/2021\/10\/Capture-de\u0301cran-2021-10-05-a\u0300-20.54.37-2048x861.jpg 2048w, https:\/\/ipoweb.bruxelles.be\/iam\/wp-content\/uploads\/2021\/10\/Capture-de\u0301cran-2021-10-05-a\u0300-20.54.37-1200x505.jpg 1200w, https:\/\/ipoweb.bruxelles.be\/iam\/wp-content\/uploads\/2021\/10\/Capture-de\u0301cran-2021-10-05-a\u0300-20.54.37-1980x833.jpg 1980w\" sizes=\"(max-width: 1024px) 100vw, 1024px\" \/><figcaption class=\"wp-element-caption\">INSTITUT DES ARTS ET M\u00c9TIERS<br>Enseignement secondaire technique et professionnel<br>50 Boulevard de l&rsquo;Abattoir \u00e0 1000 Bruxelles<br>T\u00e9l\u00e9phone : 02 279 52 21<br><a href=\"mailto:sec.iam@brucity.education\">sec.iam@brucity.education<\/a><\/figcaption><\/figure><\/div><\/div>\n<\/div>\n\n\n\n<div class=\"wp-block-columns alignwide is-layout-flex wp-container-20 wp-block-columns-is-layout-flex\">\n<div class=\"wp-block-column is-layout-flow wp-block-column-is-layout-flow\">\n<figure class=\"wp-block-image size-full\"><img decoding=\"async\" loading=\"lazy\" width=\"835\" height=\"557\" src=\"http:\/\/ipoweb.bruxelles.be\/iam\/wp-content\/uploads\/2022\/06\/53.jpg\" alt=\"\" class=\"wp-image-209\" srcset=\"https:\/\/ipoweb.bruxelles.be\/iam\/wp-content\/uploads\/2022\/06\/53.jpg 835w, https:\/\/ipoweb.bruxelles.be\/iam\/wp-content\/uploads\/2022\/06\/53-300x200.jpg 300w, https:\/\/ipoweb.bruxelles.be\/iam\/wp-content\/uploads\/2022\/06\/53-768x512.jpg 768w\" sizes=\"(max-width: 835px) 100vw, 835px\" \/><figcaption class=\"wp-element-caption\">Fresque \u00ab\u00a0le Tour de France\u00a0\u00bb sur la fa\u00e7ade de l&rsquo;IAM<\/figcaption><\/figure>\n\n\n\n<h2 class=\"wp-block-heading has-h-5-font-size\">L&rsquo;Institut des Arts et M\u00e9tiers (IAM)<\/h2>\n\n\n\n<p>L\u2019Institut des Arts et M\u00e9tiers (IAM) est un \u00e9tablissement d&rsquo;enseignement technique et professionnel de qualification de la Ville de Bruxelles.<\/p>\n\n\n\n<p>Fond\u00e9 sur des principes de d\u00e9mocratie, de neutralit\u00e9 et de pluralisme, son enseignement appartient au r\u00e9seau officiel subventionn\u00e9 et est accessible \u00e0 tous, sans distinction de sexe, d&rsquo;origine ethnique, de convictions politiques, philosophiques ou religieuses.<\/p>\n<\/div>\n\n\n\n<div class=\"wp-block-column is-layout-flow wp-block-column-is-layout-flow\">\n<figure class=\"wp-block-image size-large\"><img decoding=\"async\" loading=\"lazy\" width=\"1024\" height=\"685\" src=\"http:\/\/ipoweb.bruxelles.be\/iam\/wp-content\/uploads\/2022\/06\/wsbn-1024x685.jpg\" alt=\"\" class=\"wp-image-220\" srcset=\"https:\/\/ipoweb.bruxelles.be\/iam\/wp-content\/uploads\/2022\/06\/wsbn-1024x685.jpg 1024w, https:\/\/ipoweb.bruxelles.be\/iam\/wp-content\/uploads\/2022\/06\/wsbn-300x201.jpg 300w, https:\/\/ipoweb.bruxelles.be\/iam\/wp-content\/uploads\/2022\/06\/wsbn-768x514.jpg 768w, https:\/\/ipoweb.bruxelles.be\/iam\/wp-content\/uploads\/2022\/06\/wsbn-1536x1028.jpg 1536w, https:\/\/ipoweb.bruxelles.be\/iam\/wp-content\/uploads\/2022\/06\/wsbn-1200x803.jpg 1200w, https:\/\/ipoweb.bruxelles.be\/iam\/wp-content\/uploads\/2022\/06\/wsbn.jpg 1596w\" sizes=\"(max-width: 1024px) 100vw, 1024px\" \/><figcaption class=\"wp-element-caption\">&#8211; ParticipationWorld Skills Belgium 2023 &#8211; <\/figcaption><\/figure>\n\n\n\n<h2 class=\"wp-block-heading has-h-5-font-size\">Les activit\u00e9s de l&rsquo;IAM<\/h2>\n\n\n\n<p>L\u2019\u00e9cole propose des activit\u00e9s extra-acad\u00e9miques sportives et culturelles propos\u00e9es tout au long de l\u2019ann\u00e9e par l\u2019ASBL Sports et Culture, la participation \u00e0 des concours tels que \u00ab&nbsp;&nbsp;<a rel=\"noreferrer noopener\" target=\"_blank\" href=\"http:\/\/www.skillsbelgium.be\/\">Skills Belgium<\/a>&nbsp;\u00bb, un voyage scolaire de fin d\u2019ann\u00e9e, des excursions d\u2019une journ\u00e9e et des ateliers th\u00e9\u00e2traux et philosophiques. <\/p>\n\n\n\n<p>Sa p\u00e9dagogie de l\u2019effort et du projet se veut ouverte sur le monde ext\u00e9rieur. Dans cette perspective, celle-ci est appuy\u00e9e par des projets pilotes et un ensemble de stages en entreprises que les \u00e9l\u00e8ves effectuent au 3e degr\u00e9 dans le but de se mettre en contact avec le monde du travail.<\/p>\n<\/div>\n<\/div>\n<\/div><\/div>\n\n\n\n<div class=\"wp-block-group alignfull has-subtle-background-background-color has-background is-layout-flow wp-block-group-is-layout-flow\"><div class=\"wp-block-group__inner-container\">\n<h2 class=\"wp-block-heading has-text-align-center\">Int\u00e9ress\u00e9-e par<br>une de nos formations ?<br>Prenez contact avec nous !<\/h2>\n\n\n\n<div class=\"wp-block-buttons is-horizontal is-content-justification-center is-layout-flex wp-container-22 wp-block-buttons-is-layout-flex\">\n<div class=\"wp-block-button\"><a class=\"wp-block-button__link wp-element-button\" style=\"border-radius:50px\">INSCRIPTIONS<\/a><\/div>\n<\/div>\n<\/div><\/div>\n\n\n\n<div class=\"wp-block-group is-layout-flow wp-block-group-is-layout-flow\"><div class=\"wp-block-group__inner-container\">\n<div class=\"wp-block-columns is-layout-flex wp-container-29 wp-block-columns-is-layout-flex\">\n<div class=\"wp-block-column is-layout-flow wp-block-column-is-layout-flow\">\n<figure class=\"wp-block-image size-full is-resized\"><img decoding=\"async\" loading=\"lazy\" width=\"190\" height=\"161\" src=\"http:\/\/ipoweb.bruxelles.be\/iam\/wp-content\/uploads\/2022\/06\/logo-cpeons.jpg\" alt=\"\" class=\"wp-image-176\" style=\"aspect-ratio:1.1801242236024845;width:124px;height:auto\"\/><\/figure>\n<\/div>\n\n\n\n<div class=\"wp-block-column is-layout-flow wp-block-column-is-layout-flow\">\n<figure class=\"wp-block-image size-full is-resized\"><img decoding=\"async\" loading=\"lazy\" width=\"600\" height=\"312\" src=\"http:\/\/ipoweb.bruxelles.be\/iam\/wp-content\/uploads\/2022\/03\/logo_vbx.png\" alt=\"\" class=\"wp-image-133\" style=\"aspect-ratio:1.9306930693069306;width:154px;height:auto\" srcset=\"https:\/\/ipoweb.bruxelles.be\/iam\/wp-content\/uploads\/2022\/03\/logo_vbx.png 600w, https:\/\/ipoweb.bruxelles.be\/iam\/wp-content\/uploads\/2022\/03\/logo_vbx-300x156.png 300w\" sizes=\"(max-width: 600px) 100vw, 600px\" \/><\/figure>\n<\/div>\n\n\n\n<div class=\"wp-block-column is-layout-flow wp-block-column-is-layout-flow\">\n<figure class=\"wp-block-image size-large is-resized\"><img decoding=\"async\" loading=\"lazy\" width=\"1024\" height=\"975\" src=\"http:\/\/ipoweb.bruxelles.be\/iam\/wp-content\/uploads\/2022\/06\/FWB-1024x975.png\" alt=\"\" class=\"wp-image-175\" style=\"aspect-ratio:1.0514285714285714;width:112px;height:auto\" srcset=\"https:\/\/ipoweb.bruxelles.be\/iam\/wp-content\/uploads\/2022\/06\/FWB-1024x975.png 1024w, https:\/\/ipoweb.bruxelles.be\/iam\/wp-content\/uploads\/2022\/06\/FWB-300x286.png 300w, https:\/\/ipoweb.bruxelles.be\/iam\/wp-content\/uploads\/2022\/06\/FWB-768x731.png 768w, https:\/\/ipoweb.bruxelles.be\/iam\/wp-content\/uploads\/2022\/06\/FWB.png 1200w\" sizes=\"(max-width: 1024px) 100vw, 1024px\" \/><\/figure>\n<\/div>\n\n\n\n<div class=\"wp-block-column is-layout-flow wp-block-column-is-layout-flow\"><div class=\"wp-block-image\">\n<figure class=\"aligncenter size-full is-resized\"><img decoding=\"async\" loading=\"lazy\" width=\"199\" height=\"140\" src=\"https:\/\/ipoweb.bruxelles.be\/iam\/wp-content\/uploads\/2024\/06\/LOGO-NEW.png\" alt=\"\" class=\"wp-image-318\" style=\"aspect-ratio:1.4214285714285715;width:146px;height:auto\"\/><\/figure><\/div><\/div>\n\n\n\n<div class=\"wp-block-column is-layout-flow wp-block-column-is-layout-flow\">\n<figure class=\"wp-block-image size-full is-resized\"><img decoding=\"async\" loading=\"lazy\" width=\"497\" height=\"242\" src=\"http:\/\/ipoweb.bruxelles.be\/iam\/wp-content\/uploads\/2022\/06\/CEFA-Copie.png\" alt=\"\" class=\"wp-image-174\" style=\"aspect-ratio:2.0625;width:154px;height:auto\" srcset=\"https:\/\/ipoweb.bruxelles.be\/iam\/wp-content\/uploads\/2022\/06\/CEFA-Copie.png 497w, https:\/\/ipoweb.bruxelles.be\/iam\/wp-content\/uploads\/2022\/06\/CEFA-Copie-300x146.png 300w\" sizes=\"(max-width: 497px) 100vw, 497px\" \/><\/figure>\n<\/div>\n<\/div>\n<\/div><\/div>\n","protected":false},"excerpt":{"rendered":"<p>&#8211; Nouvelles formations &#8211; A la rentr\u00e9e de septembre, l\u2019Institut des Arts et M\u00e9tiers ouvre les sections 4\u00e8me P M\u00e9canicien en cycle \/ Carrossier 4\u00e8me TQ T\u00e9chnicien du froid \/ \u00c9lectricien automaticien \/ M\u00e9canicien automaticien 7 TQ Technicien moto Les inscriptions s\u2019ouvrent du 3 juillet au 12 juillet 2023\u00e0 partir du 21 ao\u00fbt Contactez-nous :&hellip;<\/p>\n","protected":false},"author":1,"featured_media":0,"parent":0,"menu_order":0,"comment_status":"closed","ping_status":"closed","template":"tw-header-transparent-light.php","meta":{"footnotes":""},"_links":{"self":[{"href":"https:\/\/ipoweb.bruxelles.be\/iam\/wp-json\/wp\/v2\/pages\/26"}],"collection":[{"href":"https:\/\/ipoweb.bruxelles.be\/iam\/wp-json\/wp\/v2\/pages"}],"about":[{"href":"https:\/\/ipoweb.bruxelles.be\/iam\/wp-json\/wp\/v2\/types\/page"}],"author":[{"embeddable":true,"href":"https:\/\/ipoweb.bruxelles.be\/iam\/wp-json\/wp\/v2\/users\/1"}],"replies":[{"embeddable":true,"href":"https:\/\/ipoweb.bruxelles.be\/iam\/wp-json\/wp\/v2\/comments?post=26"}],"version-history":[{"count":60,"href":"https:\/\/ipoweb.bruxelles.be\/iam\/wp-json\/wp\/v2\/pages\/26\/revisions"}],"predecessor-version":[{"id":362,"href":"https:\/\/ipoweb.bruxelles.be\/iam\/wp-json\/wp\/v2\/pages\/26\/revisions\/362"}],"wp:attachment":[{"href":"https:\/\/ipoweb.bruxelles.be\/iam\/wp-json\/wp\/v2\/media?parent=26"}],"curies":[{"name":"wp","href":"https:\/\/api.w.org\/{rel}","templated":true}]}}