{"id":35,"date":"2021-10-05T10:36:02","date_gmt":"2021-10-05T08:36:02","guid":{"rendered":"http:\/\/ipoweb.bruxelles.be\/iam\/?page_id=35"},"modified":"2025-09-30T10:58:50","modified_gmt":"2025-09-30T08:58:50","slug":"sections","status":"publish","type":"page","link":"https:\/\/ipoweb.bruxelles.be\/iam\/sections\/","title":{"rendered":"Sections"},"content":{"rendered":"\n<div class=\"wp-block-group alignfull is-layout-flow wp-block-group-is-layout-flow\"><div class=\"wp-block-group__inner-container\">\n<div class=\"wp-block-media-text alignwide is-stacked-on-mobile is-style-default has-subtle-background-background-color has-background\" style=\"grid-template-columns:54% auto\"><figure class=\"wp-block-media-text__media\"><img decoding=\"async\" loading=\"lazy\" width=\"960\" height=\"640\" src=\"http:\/\/ipoweb.bruxelles.be\/iam\/wp-content\/uploads\/2022\/06\/IMGP2788.jpg\" alt=\"\" class=\"wp-image-198 size-full\" srcset=\"https:\/\/ipoweb.bruxelles.be\/iam\/wp-content\/uploads\/2022\/06\/IMGP2788.jpg 960w, https:\/\/ipoweb.bruxelles.be\/iam\/wp-content\/uploads\/2022\/06\/IMGP2788-300x200.jpg 300w, https:\/\/ipoweb.bruxelles.be\/iam\/wp-content\/uploads\/2022\/06\/IMGP2788-768x512.jpg 768w\" sizes=\"(max-width: 960px) 100vw, 960px\" \/><\/figure><div class=\"wp-block-media-text__content\">\n<h2 class=\"wp-block-heading\">Carrosserie<\/h2>\n\n\n\n<p>Le&nbsp;<strong>carrossier<\/strong>&nbsp;reste soucieux du moindre d\u00e9tail, il aime les beaux objets et attache une importance primordiale \u00e0 la finition. Le carrossier doit pouvoir fa\u00e7onner une t\u00f4le, souder, la poncer, la pr\u00e9parer pour la peinture et&nbsp;enfin la peindre pour qu\u2019elle soit \u00e9clatante une fois remont\u00e9es par ses soins.<\/p>\n\n\n\n<p>.<\/p>\n<\/div><\/div>\n\n\n\n<div class=\"wp-block-media-text alignwide has-media-on-the-right is-stacked-on-mobile is-style-default has-subtle-background-background-color has-background\"><div class=\"wp-block-media-text__content\">\n<h2 class=\"wp-block-heading\">Sanitaire&nbsp;et&nbsp;Chauffage<\/h2>\n\n\n\n<div class=\"wp-block-group is-layout-constrained wp-block-group-is-layout-constrained\"><div class=\"wp-block-group__inner-container\">\n<p>De la plomberie g\u00e9n\u00e9rale \u00e0 l\u2019installation de syst\u00e8mes de chauffage.\u00a0<strong>Le plombier-chauffagiste<\/strong>\u00a0doit rester inform\u00e9 des nouvelles solutions techniques propos\u00e9es par l\u2019industrie aux clients afin de leur \u00a0fournir un travail de qualit\u00e9 qui leur donnera enti\u00e8re satisfaction. Il sera organis\u00e9 et minutieux, tout-en-un, ne craignant pas des t\u00e2ches plus lourdes.<\/p>\n<\/div><\/div>\n<\/div><figure class=\"wp-block-media-text__media\"><img decoding=\"async\" loading=\"lazy\" width=\"1024\" height=\"683\" src=\"https:\/\/ipoweb.bruxelles.be\/iam\/wp-content\/uploads\/2024\/09\/IMGP2865-1024x683.jpg\" alt=\"\" class=\"wp-image-351 size-full\" srcset=\"https:\/\/ipoweb.bruxelles.be\/iam\/wp-content\/uploads\/2024\/09\/IMGP2865-1024x683.jpg 1024w, https:\/\/ipoweb.bruxelles.be\/iam\/wp-content\/uploads\/2024\/09\/IMGP2865-300x200.jpg 300w, https:\/\/ipoweb.bruxelles.be\/iam\/wp-content\/uploads\/2024\/09\/IMGP2865-768x512.jpg 768w, https:\/\/ipoweb.bruxelles.be\/iam\/wp-content\/uploads\/2024\/09\/IMGP2865-1536x1024.jpg 1536w, https:\/\/ipoweb.bruxelles.be\/iam\/wp-content\/uploads\/2024\/09\/IMGP2865-2048x1365.jpg 2048w, https:\/\/ipoweb.bruxelles.be\/iam\/wp-content\/uploads\/2024\/09\/IMGP2865-1200x800.jpg 1200w, https:\/\/ipoweb.bruxelles.be\/iam\/wp-content\/uploads\/2024\/09\/IMGP2865-1980x1320.jpg 1980w\" sizes=\"(max-width: 1024px) 100vw, 1024px\" \/><\/figure><\/div>\n\n\n\n<div class=\"wp-block-media-text alignwide is-stacked-on-mobile is-style-default has-subtle-background-background-color has-background\" style=\"grid-template-columns:44% auto\"><figure class=\"wp-block-media-text__media\"><img decoding=\"async\" loading=\"lazy\" width=\"1024\" height=\"683\" src=\"http:\/\/ipoweb.bruxelles.be\/iam\/wp-content\/uploads\/2022\/06\/20211129142549-1024x683.jpg\" alt=\"\" class=\"wp-image-208 size-full\" srcset=\"https:\/\/ipoweb.bruxelles.be\/iam\/wp-content\/uploads\/2022\/06\/20211129142549-1024x683.jpg 1024w, https:\/\/ipoweb.bruxelles.be\/iam\/wp-content\/uploads\/2022\/06\/20211129142549-300x200.jpg 300w, https:\/\/ipoweb.bruxelles.be\/iam\/wp-content\/uploads\/2022\/06\/20211129142549-768x512.jpg 768w, https:\/\/ipoweb.bruxelles.be\/iam\/wp-content\/uploads\/2022\/06\/20211129142549-1536x1024.jpg 1536w, https:\/\/ipoweb.bruxelles.be\/iam\/wp-content\/uploads\/2022\/06\/20211129142549-1200x800.jpg 1200w, https:\/\/ipoweb.bruxelles.be\/iam\/wp-content\/uploads\/2022\/06\/20211129142549.jpg 1600w\" sizes=\"(max-width: 1024px) 100vw, 1024px\" \/><\/figure><div class=\"wp-block-media-text__content\">\n<h2 class=\"wp-block-heading\"><strong>\u00c9<\/strong>lectricit\u00e9<\/h2>\n\n\n\n<p>L\u2019\u00e9lectricit\u00e9, c\u2019est un grand nombre de m\u00e9tiers.&nbsp;<strong>L\u2019\u00e9lectricien<\/strong>, qu\u2019il travaille au niveau r\u00e9sidentiel, industriel, \u00e0 la maintenance d\u2019\u00e9quipement technique,\u2026 devra constamment se former aux nouvelles technologies. La domotique coupl\u00e9e \u00e0&nbsp; l\u2019informatique partout et pour tout dessinent le pr\u00e9sent et le futur de toutes nos activit\u00e9s, toutes devenues inconcevables sans \u00e9lectricit\u00e9.<\/p>\n<\/div><\/div>\n\n\n\n<div class=\"wp-block-media-text alignwide has-media-on-the-right is-stacked-on-mobile is-style-default has-subtle-background-background-color has-background\" style=\"grid-template-columns:auto 53%\"><div class=\"wp-block-media-text__content\">\n<h2 class=\"wp-block-heading\">M\u00e9canique<\/h2>\n\n\n\n<p>\u00catre&nbsp;m\u00e9canicien,&nbsp;c\u2019est aimer les v\u00e9hicules d\u2019aujourd\u2019hui      et de demain. C\u2019est rester curieux des technologies en constantes \u00e9volutions. Toujours en formation pour s\u2019adapter, le m\u00e9cano doit \u00eatre tant\u00f4t le roi du syst\u00e8me   \u00ab&nbsp;D&nbsp;\u00bb et tant\u00f4t \u00eatre d\u2019une rigueur et d\u2019une pr\u00e9cision irr\u00e9prochable.<\/p>\n<\/div><figure class=\"wp-block-media-text__media\"><img decoding=\"async\" loading=\"lazy\" width=\"400\" height=\"225\" src=\"http:\/\/ipoweb.bruxelles.be\/iam\/wp-content\/uploads\/2022\/06\/meca_moto3.jpg\" alt=\"\" class=\"wp-image-233 size-full\" srcset=\"https:\/\/ipoweb.bruxelles.be\/iam\/wp-content\/uploads\/2022\/06\/meca_moto3.jpg 400w, https:\/\/ipoweb.bruxelles.be\/iam\/wp-content\/uploads\/2022\/06\/meca_moto3-300x169.jpg 300w\" sizes=\"(max-width: 400px) 100vw, 400px\" \/><\/figure><\/div>\n\n\n\n<div class=\"wp-block-media-text alignwide is-stacked-on-mobile is-style-default has-subtle-background-background-color has-background\" style=\"grid-template-columns:56% auto\"><figure class=\"wp-block-media-text__media\"><img decoding=\"async\" loading=\"lazy\" width=\"960\" height=\"720\" src=\"http:\/\/ipoweb.bruxelles.be\/iam\/wp-content\/uploads\/2023\/06\/electroautomaticien.jpg\" alt=\"\" class=\"wp-image-300 size-full\" srcset=\"https:\/\/ipoweb.bruxelles.be\/iam\/wp-content\/uploads\/2023\/06\/electroautomaticien.jpg 960w, https:\/\/ipoweb.bruxelles.be\/iam\/wp-content\/uploads\/2023\/06\/electroautomaticien-300x225.jpg 300w, https:\/\/ipoweb.bruxelles.be\/iam\/wp-content\/uploads\/2023\/06\/electroautomaticien-768x576.jpg 768w\" sizes=\"(max-width: 960px) 100vw, 960px\" \/><\/figure><div class=\"wp-block-media-text__content\">\n<h2 class=\"wp-block-heading\">\u00c9lectro -Automaticien<\/h2>\n\n\n\n<p>L&rsquo;<strong>\u00e9lectricien automaticien<\/strong>&nbsp;est la personne qui s&rsquo;occupe de programmer, de modifier, de mettre en service et de r\u00e9parer des syst\u00e8mes de commande de puissance, de r\u00e9gulation, de programmation industrielle faisant appel \u00e0 l&rsquo;\u00e9lectronique ou \u00e0 l&rsquo;\u00e9lectrotechnique.<\/p>\n<\/div><\/div>\n\n\n\n<div class=\"wp-block-media-text alignwide has-media-on-the-right is-stacked-on-mobile is-style-default has-subtle-background-background-color has-background\" style=\"grid-template-columns:auto 49%\"><div class=\"wp-block-media-text__content\">\n<h2 class=\"wp-block-heading\"><strong>M\u00e9canicien automaticien<\/strong><\/h2>\n\n\n\n<p>Vous \u00eates passionn\u00e9(e) par la m\u00e9canique et l&rsquo;automatisme ? Vous aimez travailler sur des machines de pointe et r\u00e9soudre des probl\u00e8mes techniques ? Alors le m\u00e9tier de m\u00e9canicien(ne) automaticien(ne) est fait pour vous !<\/p>\n<\/div><figure class=\"wp-block-media-text__media\"><img decoding=\"async\" loading=\"lazy\" width=\"1024\" height=\"683\" src=\"http:\/\/ipoweb.bruxelles.be\/iam\/wp-content\/uploads\/2023\/06\/mecanicien-automat-1024x683.jpg\" alt=\"\" class=\"wp-image-301 size-full\" srcset=\"https:\/\/ipoweb.bruxelles.be\/iam\/wp-content\/uploads\/2023\/06\/mecanicien-automat-1024x683.jpg 1024w, https:\/\/ipoweb.bruxelles.be\/iam\/wp-content\/uploads\/2023\/06\/mecanicien-automat-300x200.jpg 300w, https:\/\/ipoweb.bruxelles.be\/iam\/wp-content\/uploads\/2023\/06\/mecanicien-automat-768x512.jpg 768w, https:\/\/ipoweb.bruxelles.be\/iam\/wp-content\/uploads\/2023\/06\/mecanicien-automat-1200x800.jpg 1200w, https:\/\/ipoweb.bruxelles.be\/iam\/wp-content\/uploads\/2023\/06\/mecanicien-automat.jpg 1476w\" sizes=\"(max-width: 1024px) 100vw, 1024px\" \/><\/figure><\/div>\n\n\n\n<div class=\"wp-block-media-text alignwide is-stacked-on-mobile is-style-default has-subtle-background-background-color has-background\" style=\"grid-template-columns:55% auto\"><figure class=\"wp-block-media-text__media\"><img decoding=\"async\" loading=\"lazy\" width=\"1024\" height=\"678\" src=\"http:\/\/ipoweb.bruxelles.be\/iam\/wp-content\/uploads\/2023\/06\/mecanocycle-1024x678.jpg\" alt=\"\" class=\"wp-image-304 size-full\" srcset=\"https:\/\/ipoweb.bruxelles.be\/iam\/wp-content\/uploads\/2023\/06\/mecanocycle-1024x678.jpg 1024w, https:\/\/ipoweb.bruxelles.be\/iam\/wp-content\/uploads\/2023\/06\/mecanocycle-300x199.jpg 300w, https:\/\/ipoweb.bruxelles.be\/iam\/wp-content\/uploads\/2023\/06\/mecanocycle-768x509.jpg 768w, https:\/\/ipoweb.bruxelles.be\/iam\/wp-content\/uploads\/2023\/06\/mecanocycle-1536x1017.jpg 1536w, https:\/\/ipoweb.bruxelles.be\/iam\/wp-content\/uploads\/2023\/06\/mecanocycle-1200x795.jpg 1200w, https:\/\/ipoweb.bruxelles.be\/iam\/wp-content\/uploads\/2023\/06\/mecanocycle-1980x1311.jpg 1980w, https:\/\/ipoweb.bruxelles.be\/iam\/wp-content\/uploads\/2023\/06\/mecanocycle.jpg 2048w\" sizes=\"(max-width: 1024px) 100vw, 1024px\" \/><\/figure><div class=\"wp-block-media-text__content\">\n<h2 class=\"wp-block-heading\">M\u00e9canicien de cycle<\/h2>\n\n\n\n<p>Le m\u00e9canicien cycle est un m\u00e9tier d&rsquo;avenir, car la demande de v\u00e9los ne cesse d&rsquo;augmenter, notamment pour des raisons \u00e9cologiques et \u00e9conomiques. C&rsquo;est aussi un m\u00e9tier qui offre des possibilit\u00e9s d&rsquo;\u00e9volution, vers des postes de responsable d&rsquo;atelier, de vendeur ou de formateur.<\/p>\n<\/div><\/div>\n<\/div><\/div>\n\n\n\n<div class=\"wp-block-media-text alignwide has-media-on-the-right is-stacked-on-mobile is-style-default has-subtle-background-background-color has-background\" style=\"grid-template-columns:auto 56%\"><div class=\"wp-block-media-text__content\">\n<h2 class=\"wp-block-heading\">Technicien du froid<\/h2>\n\n\n\n<p><span style=\"font-size: revert;\">Opter pour la formation dans les techniques du <\/span>               <strong style=\"font-size: revert;\">froid<\/strong><span style=\"font-size: revert;\">, permet aux jeunes dipl\u00f4m\u00e9s de trouver tr\u00e8s rapidement un emploi dans un secteur en grande demande de main-d\u2019\u0153uvre qualifi\u00e9e.<\/span> <\/p>\n<\/div><figure class=\"wp-block-media-text__media\"><img decoding=\"async\" loading=\"lazy\" width=\"960\" height=\"640\" src=\"http:\/\/ipoweb.bruxelles.be\/iam\/wp-content\/uploads\/2022\/06\/IMGP2839.jpg\" alt=\"\" class=\"wp-image-238 size-full\" srcset=\"https:\/\/ipoweb.bruxelles.be\/iam\/wp-content\/uploads\/2022\/06\/IMGP2839.jpg 960w, https:\/\/ipoweb.bruxelles.be\/iam\/wp-content\/uploads\/2022\/06\/IMGP2839-300x200.jpg 300w, https:\/\/ipoweb.bruxelles.be\/iam\/wp-content\/uploads\/2022\/06\/IMGP2839-768x512.jpg 768w\" sizes=\"(max-width: 960px) 100vw, 960px\" \/><\/figure><\/div>\n\n\n\n<div class=\"wp-block-media-text alignwide is-stacked-on-mobile is-style-default has-subtle-background-background-color has-background\" style=\"grid-template-columns:55% auto\"><figure class=\"wp-block-media-text__media\"><img decoding=\"async\" loading=\"lazy\" width=\"1024\" height=\"678\" src=\"http:\/\/ipoweb.bruxelles.be\/iam\/wp-content\/uploads\/2023\/06\/mecamoto_o-1024x678.jpg\" alt=\"\" class=\"wp-image-305 size-full\" srcset=\"https:\/\/ipoweb.bruxelles.be\/iam\/wp-content\/uploads\/2023\/06\/mecamoto_o-1024x678.jpg 1024w, https:\/\/ipoweb.bruxelles.be\/iam\/wp-content\/uploads\/2023\/06\/mecamoto_o-300x199.jpg 300w, https:\/\/ipoweb.bruxelles.be\/iam\/wp-content\/uploads\/2023\/06\/mecamoto_o-768x509.jpg 768w, https:\/\/ipoweb.bruxelles.be\/iam\/wp-content\/uploads\/2023\/06\/mecamoto_o-1536x1017.jpg 1536w, https:\/\/ipoweb.bruxelles.be\/iam\/wp-content\/uploads\/2023\/06\/mecamoto_o-1200x795.jpg 1200w, https:\/\/ipoweb.bruxelles.be\/iam\/wp-content\/uploads\/2023\/06\/mecamoto_o-1980x1311.jpg 1980w, https:\/\/ipoweb.bruxelles.be\/iam\/wp-content\/uploads\/2023\/06\/mecamoto_o.jpg 2048w\" sizes=\"(max-width: 1024px) 100vw, 1024px\" \/><\/figure><div class=\"wp-block-media-text__content\">\n<h2 class=\"wp-block-heading\">M\u00e9canicien MOTO<\/h2>\n\n\n\n<p>Le m\u00e9canicien cycle est un m\u00e9tier d&rsquo;avenir, car la demande de v\u00e9los ne cesse d&rsquo;augmenter, notamment pour des raisons \u00e9cologiques et \u00e9conomiques. C&rsquo;est aussi un m\u00e9tier qui offre des possibilit\u00e9s d&rsquo;\u00e9volution, vers des postes de responsable d&rsquo;atelier, de vendeur ou de formateur.<\/p>\n<\/div><\/div>\n","protected":false},"excerpt":{"rendered":"<p>Carrosserie Le&nbsp;carrossier&nbsp;reste soucieux du moindre d\u00e9tail, il aime les beaux objets et attache une importance primordiale \u00e0 la finition. Le carrossier doit pouvoir fa\u00e7onner une t\u00f4le, souder, la poncer, la pr\u00e9parer pour la peinture et&nbsp;enfin la peindre pour qu\u2019elle soit \u00e9clatante une fois remont\u00e9es par ses soins. . Sanitaire&nbsp;et&nbsp;Chauffage De la plomberie g\u00e9n\u00e9rale \u00e0 l\u2019installation&hellip;<\/p>\n","protected":false},"author":1,"featured_media":0,"parent":0,"menu_order":0,"comment_status":"closed","ping_status":"closed","template":"","meta":{"footnotes":""},"_links":{"self":[{"href":"https:\/\/ipoweb.bruxelles.be\/iam\/wp-json\/wp\/v2\/pages\/35"}],"collection":[{"href":"https:\/\/ipoweb.bruxelles.be\/iam\/wp-json\/wp\/v2\/pages"}],"about":[{"href":"https:\/\/ipoweb.bruxelles.be\/iam\/wp-json\/wp\/v2\/types\/page"}],"author":[{"embeddable":true,"href":"https:\/\/ipoweb.bruxelles.be\/iam\/wp-json\/wp\/v2\/users\/1"}],"replies":[{"embeddable":true,"href":"https:\/\/ipoweb.bruxelles.be\/iam\/wp-json\/wp\/v2\/comments?post=35"}],"version-history":[{"count":14,"href":"https:\/\/ipoweb.bruxelles.be\/iam\/wp-json\/wp\/v2\/pages\/35\/revisions"}],"predecessor-version":[{"id":375,"href":"https:\/\/ipoweb.bruxelles.be\/iam\/wp-json\/wp\/v2\/pages\/35\/revisions\/375"}],"wp:attachment":[{"href":"https:\/\/ipoweb.bruxelles.be\/iam\/wp-json\/wp\/v2\/media?parent=35"}],"curies":[{"name":"wp","href":"https:\/\/api.w.org\/{rel}","templated":true}]}}