{"id":36,"date":"2021-10-05T10:36:02","date_gmt":"2021-10-05T08:36:02","guid":{"rendered":"http:\/\/ipoweb.bruxelles.be\/iam\/?page_id=36"},"modified":"2024-07-03T14:50:21","modified_gmt":"2024-07-03T12:50:21","slug":"lecole","status":"publish","type":"page","link":"https:\/\/ipoweb.bruxelles.be\/iam\/lecole\/","title":{"rendered":"L&rsquo;\u00e9cole"},"content":{"rendered":"\n<figure class=\"wp-block-image size-full\"><img decoding=\"async\" loading=\"lazy\" width=\"835\" height=\"557\" src=\"http:\/\/ipoweb.bruxelles.be\/iam\/wp-content\/uploads\/2022\/06\/53.jpg\" alt=\"\" class=\"wp-image-209\" srcset=\"https:\/\/ipoweb.bruxelles.be\/iam\/wp-content\/uploads\/2022\/06\/53.jpg 835w, https:\/\/ipoweb.bruxelles.be\/iam\/wp-content\/uploads\/2022\/06\/53-300x200.jpg 300w, https:\/\/ipoweb.bruxelles.be\/iam\/wp-content\/uploads\/2022\/06\/53-768x512.jpg 768w\" sizes=\"(max-width: 835px) 100vw, 835px\" \/><\/figure>\n\n\n\n<p><\/p>\n\n\n\n<div class=\"wp-block-group alignfull is-layout-flow wp-block-group-is-layout-flow\"><div class=\"wp-block-group__inner-container\">\n<h2 class=\"wp-block-heading has-text-align-center\">Les parcours au sein de l&rsquo;IAM<\/h2>\n\n\n\n<div class=\"wp-block-columns alignwide tw-cols-card tw-cols-card-shadow is-layout-flex wp-container-3 wp-block-columns-is-layout-flex\">\n<div class=\"wp-block-column is-layout-flow wp-block-column-is-layout-flow\">\n<figure class=\"wp-block-image size-full is-resized\"><img decoding=\"async\" loading=\"lazy\" width=\"64\" height=\"64\" src=\"https:\/\/ipoweb.bruxelles.be\/iam\/wp-content\/uploads\/2024\/07\/67-64.webp\" alt=\"\" class=\"wp-image-342\"\/><\/figure>\n\n\n\n<h3 class=\"wp-block-heading has-h-5-font-size\">Enseignement technique de qualification<\/h3>\n\n\n\n<p>D2 <\/p>\n\n\n\n<ul>\n<li>3TQ Electrom\u00e9canique <\/li>\n\n\n\n<li>4TQ et 4TQ C Electricien\/ne de maintenance industrielle<\/li>\n\n\n\n<li>4TQ et 4TQ C Technicien frigoriste <\/li>\n\n\n\n<li>4TQ et 4TQ C M\u00e9canicien\/ne de maintenance industrielle<\/li>\n<\/ul>\n\n\n\n<p>D3<\/p>\n\n\n\n<ul>\n<li>5TQ, 6TQ et 6TQ C Electricien\/ne automaticien<\/li>\n\n\n\n<li>5TQ, 6TQ et 6TQ C Technicien\/ne frigoriste<\/li>\n\n\n\n<li>5TQ, 6TQ et 6TQ C M\u00e9canicien\/ne automaticien\/ne<\/li>\n<\/ul>\n<\/div>\n\n\n\n<div class=\"wp-block-column is-layout-flow wp-block-column-is-layout-flow\">\n<figure class=\"wp-block-image size-full is-resized\"><img decoding=\"async\" loading=\"lazy\" width=\"64\" height=\"64\" src=\"https:\/\/ipoweb.bruxelles.be\/iam\/wp-content\/uploads\/2024\/07\/profession_avatar_woman_people_user_professional_white_work_job-07-64.webp\" alt=\"\" class=\"wp-image-343\"\/><\/figure>\n\n\n\n<h3 class=\"wp-block-heading has-h-5-font-size\">Enseignement professionnel<\/h3>\n\n\n\n<p>D2 <\/p>\n\n\n\n<ul>\n<li>3P Equipement du b\u00e2timent<\/li>\n\n\n\n<li>3P Electricit\u00e9<\/li>\n\n\n\n<li>3P M\u00e9canique garage<\/li>\n\n\n\n<li>3P Polyvalente<\/li>\n\n\n\n<li>4P et 4P C Carrossier\/\u00e8re <\/li>\n\n\n\n<li>4P et 4P C Installateur\/trice \u00e9lectricien\/ne<\/li>\n\n\n\n<li>4P et 4P C M\u00e9canicien\/ne d&rsquo;entretien automobile<\/li>\n\n\n\n<li>4P et 4P C Monteur\/se en chauffage et sanitaire<\/li>\n<\/ul>\n\n\n\n<p>D3<\/p>\n\n\n\n<ul>\n<li>5P, 6P et 6P C Carrossier\/\u00e8re <\/li>\n\n\n\n<li>5P, 6P et 6P C Installateur\/trice \u00e9lectricien\/ne<\/li>\n\n\n\n<li>5P, 6P et 6P C M\u00e9canicien\/ne d&rsquo;entretien automobile<\/li>\n\n\n\n<li>5P, 6P et 6P C Monteur\/se en chauffage et sanitaire<\/li>\n\n\n\n<li>7P et 7P C Carrossier\/\u00e8re sp\u00e9cialis\u00e9\/e<\/li>\n\n\n\n<li>7P et 7P C Installateur\/trice en chauffage central<\/li>\n\n\n\n<li>7P et 7P C M\u00e9canicien\/ne des moteurs diesels et engins hydrauliques <\/li>\n\n\n\n<li>7P et 7P C Compl\u00e9ment en maintenance d&rsquo;\u00e9quipement technique<\/li>\n<\/ul>\n<\/div>\n<\/div>\n<\/div><\/div>\n","protected":false},"excerpt":{"rendered":"<p>Les parcours au sein de l&rsquo;IAM Enseignement technique de qualification D2 D3 Enseignement professionnel D2 D3<\/p>\n","protected":false},"author":1,"featured_media":0,"parent":0,"menu_order":0,"comment_status":"closed","ping_status":"closed","template":"","meta":{"footnotes":"[]"},"_links":{"self":[{"href":"https:\/\/ipoweb.bruxelles.be\/iam\/wp-json\/wp\/v2\/pages\/36"}],"collection":[{"href":"https:\/\/ipoweb.bruxelles.be\/iam\/wp-json\/wp\/v2\/pages"}],"about":[{"href":"https:\/\/ipoweb.bruxelles.be\/iam\/wp-json\/wp\/v2\/types\/page"}],"author":[{"embeddable":true,"href":"https:\/\/ipoweb.bruxelles.be\/iam\/wp-json\/wp\/v2\/users\/1"}],"replies":[{"embeddable":true,"href":"https:\/\/ipoweb.bruxelles.be\/iam\/wp-json\/wp\/v2\/comments?post=36"}],"version-history":[{"count":6,"href":"https:\/\/ipoweb.bruxelles.be\/iam\/wp-json\/wp\/v2\/pages\/36\/revisions"}],"predecessor-version":[{"id":348,"href":"https:\/\/ipoweb.bruxelles.be\/iam\/wp-json\/wp\/v2\/pages\/36\/revisions\/348"}],"wp:attachment":[{"href":"https:\/\/ipoweb.bruxelles.be\/iam\/wp-json\/wp\/v2\/media?parent=36"}],"curies":[{"name":"wp","href":"https:\/\/api.w.org\/{rel}","templated":true}]}}