{"id":38,"date":"2021-10-05T10:36:02","date_gmt":"2021-10-05T08:36:02","guid":{"rendered":"http:\/\/ipoweb.bruxelles.be\/iam\/?page_id=38"},"modified":"2026-04-13T07:54:24","modified_gmt":"2026-04-13T05:54:24","slug":"inscriptions","status":"publish","type":"page","link":"https:\/\/ipoweb.bruxelles.be\/iam\/inscriptions\/","title":{"rendered":"Inscriptions"},"content":{"rendered":"\n<div class=\"wp-block-group alignfull is-layout-flow wp-block-group-is-layout-flow\"><div class=\"wp-block-group__inner-container\">\n<h2 class=\"wp-block-heading has-text-align-center\">Ann\u00e9e acad\u00e9mique 2025 &#8211; 2026<\/h2>\n\n\n\n<div class=\"wp-block-columns alignwide tw-cols-card tw-cols-card-shadow is-layout-flex wp-container-4 wp-block-columns-is-layout-flex\">\n<div class=\"wp-block-column is-layout-flow wp-block-column-is-layout-flow\">\n<figure class=\"wp-block-image size-full is-resized\"><img decoding=\"async\" loading=\"lazy\" width=\"64\" height=\"64\" src=\"https:\/\/ipoweb.bruxelles.be\/iam\/wp-content\/uploads\/2024\/07\/ui_09_of_10_-05-64.webp\" alt=\"\" class=\"wp-image-338\" style=\"width:40px;height:40px\"\/><\/figure>\n\n\n\n<h3 class=\"wp-block-heading has-h-5-font-size\">Quand ?<\/h3>\n\n\n\n<p>Sans rendez-vous<\/p>\n\n\n\n<p>Le 1er et le 03\/07\/2026 de 8h30 \u00e0 12h30 <\/p>\n\n\n\n<p>Les 02, 06 et 07\/07\/2026  de 8h30 \u00e0 15h00<\/p>\n\n\n\n<p>A partir du 20\/08\/2026 de 8h30 \u00e0 15h00<\/p>\n\n\n\n<p>Pause du midi : 12h30 \u00e0 13h30<\/p>\n<\/div>\n\n\n\n<div class=\"wp-block-column is-layout-flow wp-block-column-is-layout-flow\">\n<figure class=\"wp-block-image size-full is-resized\"><img decoding=\"async\" loading=\"lazy\" width=\"64\" height=\"64\" src=\"https:\/\/ipoweb.bruxelles.be\/iam\/wp-content\/uploads\/2024\/07\/3338079.png\" alt=\"\" class=\"wp-image-336\" style=\"width:40px;height:40px\"\/><\/figure>\n\n\n\n<h3 class=\"wp-block-heading has-h-5-font-size\">Quels documents ?<\/h3>\n\n\n\n<ul>\n<li>La carte d&rsquo;identit\u00e9 du jeune et celle de son responsable l\u00e9gal<\/li>\n\n\n\n<li>Deux photos d&rsquo;identit\u00e9<\/li>\n\n\n\n<li>Le bulletin 2025-2026<\/li>\n\n\n\n<li>Les attestations de fin d&rsquo;ann\u00e9e 2025-2026 <\/li>\n\n\n\n<li>La pr\u00e9sence du responsable l\u00e9gal pour l&rsquo;\u00e9l\u00e8ve mineur<\/li>\n<\/ul>\n<\/div>\n\n\n\n<div class=\"wp-block-column is-layout-flow wp-block-column-is-layout-flow\">\n<figure class=\"wp-block-image size-full is-resized\"><img decoding=\"async\" loading=\"lazy\" width=\"64\" height=\"64\" src=\"https:\/\/ipoweb.bruxelles.be\/iam\/wp-content\/uploads\/2024\/07\/time-education-clock-calendar-learning-school-date-64.webp\" alt=\"\" class=\"wp-image-335\" style=\"width:40px;height:40px\"\/><\/figure>\n\n\n\n<h3 class=\"wp-block-heading has-h-5-font-size\">La rentr\u00e9e scolaire ? <\/h3>\n\n\n\n<ul>\n<li>Le mardi 25\/08\/2026<\/li>\n\n\n\n<li>A 9h00<\/li>\n\n\n\n<li>Dans la Salle de conf\u00e9rence <\/li>\n\n\n\n<li>Les \u00e9l\u00e8ves int\u00e8grent les cours imm\u00e9diatement apr\u00e8s la constitution des classes \u00e0 l&rsquo;horaire normal qui leur sera remis ce jour l\u00e0. Merci de venir avec un sac, un bloc notes et de quoi \u00e9crire.<\/li>\n<\/ul>\n<\/div>\n<\/div>\n<\/div><\/div>\n","protected":false},"excerpt":{"rendered":"<p>Ann\u00e9e acad\u00e9mique 2025 &#8211; 2026 Quand ? Sans rendez-vous Le 1er et le 03\/07\/2026 de 8h30 \u00e0 12h30 Les 02, 06 et 07\/07\/2026 de 8h30 \u00e0 15h00 A partir du 20\/08\/2026 de 8h30 \u00e0 15h00 Pause du midi : 12h30 \u00e0 13h30 Quels documents ? La rentr\u00e9e scolaire ?<\/p>\n","protected":false},"author":1,"featured_media":0,"parent":0,"menu_order":0,"comment_status":"closed","ping_status":"closed","template":"","meta":{"footnotes":""},"_links":{"self":[{"href":"https:\/\/ipoweb.bruxelles.be\/iam\/wp-json\/wp\/v2\/pages\/38"}],"collection":[{"href":"https:\/\/ipoweb.bruxelles.be\/iam\/wp-json\/wp\/v2\/pages"}],"about":[{"href":"https:\/\/ipoweb.bruxelles.be\/iam\/wp-json\/wp\/v2\/types\/page"}],"author":[{"embeddable":true,"href":"https:\/\/ipoweb.bruxelles.be\/iam\/wp-json\/wp\/v2\/users\/1"}],"replies":[{"embeddable":true,"href":"https:\/\/ipoweb.bruxelles.be\/iam\/wp-json\/wp\/v2\/comments?post=38"}],"version-history":[{"count":17,"href":"https:\/\/ipoweb.bruxelles.be\/iam\/wp-json\/wp\/v2\/pages\/38\/revisions"}],"predecessor-version":[{"id":384,"href":"https:\/\/ipoweb.bruxelles.be\/iam\/wp-json\/wp\/v2\/pages\/38\/revisions\/384"}],"wp:attachment":[{"href":"https:\/\/ipoweb.bruxelles.be\/iam\/wp-json\/wp\/v2\/media?parent=38"}],"curies":[{"name":"wp","href":"https:\/\/api.w.org\/{rel}","templated":true}]}}