{"id":1279,"date":"2025-03-13T09:48:54","date_gmt":"2025-03-13T08:48:54","guid":{"rendered":"https:\/\/ipoweb.bruxelles.be\/lepage\/?page_id=1279"},"modified":"2025-09-23T11:28:15","modified_gmt":"2025-09-23T09:28:15","slug":"amarage","status":"publish","type":"page","link":"https:\/\/ipoweb.bruxelles.be\/lepage\/?page_id=1279","title":{"rendered":"Amarrages"},"content":{"rendered":"\n<p class=\"has-text-align-left has-vivid-red-color has-text-color has-medium-font-size\"><strong>Projet Amarrages+ : Un soutien pour tous nos \u00e9l\u00e8ves<\/strong><\/p>\n\n\n\n<p>Notre \u00e9cole participe au&nbsp;<strong><em>projet Amarrages+<\/em><\/strong>, un programme&nbsp;cofinanc\u00e9 par l\u2019Union europ\u00e9enne via le <strong><em>Fonds social europ\u00e9en (FSE+)<\/em><\/strong>, qui vise \u00e0&nbsp;accompagner tous les \u00e9l\u00e8ves&nbsp;et \u00e0 pr\u00e9venir le d\u00e9crochage scolaire.<\/p>\n\n\n\n<p>Amarrages+ n\u2019est pas r\u00e9serv\u00e9 uniquement aux \u00e9l\u00e8ves en difficult\u00e9 : il s\u2019adresse \u00e0&nbsp;<strong>l\u2019ensemble des jeunes<\/strong>&nbsp;pour favoriser leur bien-\u00eatre, renforcer leur motivation et les aider \u00e0 progresser dans leur parcours scolaire.<\/p>\n\n\n\n<p><strong>Ce que nous faisons gr\u00e2ce \u00e0 Amarrages+<\/strong><\/p>\n\n\n\n<ul>\n<li><strong>Suivi individualis\u00e9 et \u00e9coute<\/strong>&nbsp;pour chaque \u00e9l\u00e8ve qui en ressent le besoin.<\/li>\n\n\n\n<li><strong>Ateliers de soutien scolaire et rem\u00e9diation<\/strong>, pour consolider les apprentissages.<\/li>\n\n\n\n<li><strong>Actions de motivation et d\u2019orientation<\/strong>&nbsp;: projets collectifs, d\u00e9couvertes de m\u00e9tiers, stages, accompagnement au choix d\u2019\u00e9tudes.<\/li>\n\n\n\n<li><strong>Activit\u00e9s favorisant le bien-\u00eatre et la confiance en soi<\/strong>, pour am\u00e9liorer le climat scolaire et l\u2019estime personnelle.<\/li>\n\n\n\n<li><strong>Travail en partenariat<\/strong>&nbsp;avec les familles, le CPMS et les acteurs ext\u00e9rieurs afin d\u2019offrir un accompagnement global.<\/li>\n<\/ul>\n\n\n\n<p><strong>Un projet au service de tous<\/strong><\/p>\n\n\n\n<p>En proposant ces actions \u00e0&nbsp;<strong>tous les \u00e9l\u00e8ves<\/strong>, Amarrages+ permet de&nbsp;<strong>pr\u00e9venir les difficult\u00e9s avant qu\u2019elles ne deviennent des obstacles<\/strong>, de soutenir la r\u00e9ussite scolaire et de pr\u00e9parer chaque jeune \u00e0 son avenir.<\/p>\n\n\n\n<p>Gr\u00e2ce \u00e0 ce projet, notre \u00e9cole devient encore plus un lieu d\u2019<strong>\u00e9coute, de collaboration et de r\u00e9ussite pour chacun<\/strong>.<\/p>\n","protected":false},"excerpt":{"rendered":"<p>Projet Amarrages+ : Un soutien pour tous nos \u00e9l\u00e8ves Notre \u00e9cole participe au&nbsp;projet Amarrages+, un programme&nbsp;cofinanc\u00e9 par l\u2019Union europ\u00e9enne via le Fonds social europ\u00e9en (FSE+), qui vise \u00e0&nbsp;accompagner tous les \u00e9l\u00e8ves&nbsp;et \u00e0 pr\u00e9venir le d\u00e9crochage scolaire. Amarrages+ n\u2019est pas r\u00e9serv\u00e9 uniquement aux \u00e9l\u00e8ves en difficult\u00e9 : il s\u2019adresse \u00e0&nbsp;l\u2019ensemble des jeunes&nbsp;pour favoriser leur bien-\u00eatre, renforcer [&hellip;]<\/p>\n","protected":false},"author":2,"featured_media":0,"parent":0,"menu_order":0,"comment_status":"closed","ping_status":"closed","template":"","meta":{"footnotes":""},"_links":{"self":[{"href":"https:\/\/ipoweb.bruxelles.be\/lepage\/index.php?rest_route=\/wp\/v2\/pages\/1279"}],"collection":[{"href":"https:\/\/ipoweb.bruxelles.be\/lepage\/index.php?rest_route=\/wp\/v2\/pages"}],"about":[{"href":"https:\/\/ipoweb.bruxelles.be\/lepage\/index.php?rest_route=\/wp\/v2\/types\/page"}],"author":[{"embeddable":true,"href":"https:\/\/ipoweb.bruxelles.be\/lepage\/index.php?rest_route=\/wp\/v2\/users\/2"}],"replies":[{"embeddable":true,"href":"https:\/\/ipoweb.bruxelles.be\/lepage\/index.php?rest_route=%2Fwp%2Fv2%2Fcomments&post=1279"}],"version-history":[{"count":4,"href":"https:\/\/ipoweb.bruxelles.be\/lepage\/index.php?rest_route=\/wp\/v2\/pages\/1279\/revisions"}],"predecessor-version":[{"id":1384,"href":"https:\/\/ipoweb.bruxelles.be\/lepage\/index.php?rest_route=\/wp\/v2\/pages\/1279\/revisions\/1384"}],"wp:attachment":[{"href":"https:\/\/ipoweb.bruxelles.be\/lepage\/index.php?rest_route=%2Fwp%2Fv2%2Fmedia&parent=1279"}],"curies":[{"name":"wp","href":"https:\/\/api.w.org\/{rel}","templated":true}]}}