{"id":1391,"date":"2025-10-03T14:52:08","date_gmt":"2025-10-03T12:52:08","guid":{"rendered":"https:\/\/ipoweb.bruxelles.be\/lepage\/?page_id=1391"},"modified":"2025-10-03T15:16:30","modified_gmt":"2025-10-03T13:16:30","slug":"erasmus-2","status":"publish","type":"page","link":"https:\/\/ipoweb.bruxelles.be\/lepage\/?page_id=1391","title":{"rendered":"Erasmus+"},"content":{"rendered":"\n<p><strong><em><a href=\"https:\/\/ipoweb.bruxelles.be\/lepage\/wp-content\/uploads\/2025\/10\/Article-Erasmus-.docx\">L\u2019Ath\u00e9n\u00e9e L\u00e9on Lepage participe au projet Erasmus+<\/a><\/em><\/strong><\/p>\n\n\n\n<p><strong><em>L\u2019Ath\u00e9n\u00e9e L\u00e9on Lepage est fier d\u2019annoncer sa participation au programme Erasmus+, une initiative europ\u00e9enne qui favorise les \u00e9changes scolaires, la d\u00e9couverte culturelle et l\u2019apprentissage collaboratif.<\/em><\/strong><\/p>\n\n\n\n<p><strong><em>Ce projet offre \u00e0 nos \u00e9l\u00e8ves et \u00e0 nos enseignants l\u2019opportunit\u00e9 de s\u2019ouvrir \u00e0 d\u2019autres horizons, de renforcer leurs comp\u00e9tences linguistiques et de partager des exp\u00e9riences enrichissantes avec des partenaires europ\u00e9ens.<\/em><\/strong><\/p>\n\n\n\n<p><strong><em>\u00c0 travers Erasmus+, notre \u00e9cole s\u2019inscrit pleinement dans une dynamique d\u2019ouverture et d\u2019innovation p\u00e9dagogique, au service de la r\u00e9ussite et de l\u2019\u00e9panouissement de tous nos \u00e9l\u00e8ves.<\/em><\/strong><\/p>\n","protected":false},"excerpt":{"rendered":"<p>L\u2019Ath\u00e9n\u00e9e L\u00e9on Lepage participe au projet Erasmus+ L\u2019Ath\u00e9n\u00e9e L\u00e9on Lepage est fier d\u2019annoncer sa participation au programme Erasmus+, une initiative europ\u00e9enne qui favorise les \u00e9changes scolaires, la d\u00e9couverte culturelle et l\u2019apprentissage collaboratif. Ce projet offre \u00e0 nos \u00e9l\u00e8ves et \u00e0 nos enseignants l\u2019opportunit\u00e9 de s\u2019ouvrir \u00e0 d\u2019autres horizons, de renforcer leurs comp\u00e9tences linguistiques et de [&hellip;]<\/p>\n","protected":false},"author":3,"featured_media":0,"parent":0,"menu_order":0,"comment_status":"closed","ping_status":"closed","template":"","meta":{"footnotes":""},"_links":{"self":[{"href":"https:\/\/ipoweb.bruxelles.be\/lepage\/index.php?rest_route=\/wp\/v2\/pages\/1391"}],"collection":[{"href":"https:\/\/ipoweb.bruxelles.be\/lepage\/index.php?rest_route=\/wp\/v2\/pages"}],"about":[{"href":"https:\/\/ipoweb.bruxelles.be\/lepage\/index.php?rest_route=\/wp\/v2\/types\/page"}],"author":[{"embeddable":true,"href":"https:\/\/ipoweb.bruxelles.be\/lepage\/index.php?rest_route=\/wp\/v2\/users\/3"}],"replies":[{"embeddable":true,"href":"https:\/\/ipoweb.bruxelles.be\/lepage\/index.php?rest_route=%2Fwp%2Fv2%2Fcomments&post=1391"}],"version-history":[{"count":3,"href":"https:\/\/ipoweb.bruxelles.be\/lepage\/index.php?rest_route=\/wp\/v2\/pages\/1391\/revisions"}],"predecessor-version":[{"id":1401,"href":"https:\/\/ipoweb.bruxelles.be\/lepage\/index.php?rest_route=\/wp\/v2\/pages\/1391\/revisions\/1401"}],"wp:attachment":[{"href":"https:\/\/ipoweb.bruxelles.be\/lepage\/index.php?rest_route=%2Fwp%2Fv2%2Fmedia&parent=1391"}],"curies":[{"name":"wp","href":"https:\/\/api.w.org\/{rel}","templated":true}]}}