{"id":19,"date":"2020-04-21T15:50:56","date_gmt":"2020-04-21T13:50:56","guid":{"rendered":"http:\/\/ipoweb.bruxelles.be\/lepage\/?page_id=19"},"modified":"2020-06-09T15:34:12","modified_gmt":"2020-06-09T13:34:12","slug":"stages-civiques","status":"publish","type":"page","link":"https:\/\/ipoweb.bruxelles.be\/lepage\/?page_id=19","title":{"rendered":"Stages civiques"},"content":{"rendered":"\n<figure class=\"wp-block-image size-large\"><img decoding=\"async\" loading=\"lazy\" width=\"1024\" height=\"379\" src=\"http:\/\/ipoweb.bruxelles.be\/lepage\/wp-content\/uploads\/2020\/06\/stages-civiques-diplomes-1024x379.jpg\" alt=\"\" class=\"wp-image-250\" srcset=\"https:\/\/ipoweb.bruxelles.be\/lepage\/wp-content\/uploads\/2020\/06\/stages-civiques-diplomes-1024x379.jpg 1024w, https:\/\/ipoweb.bruxelles.be\/lepage\/wp-content\/uploads\/2020\/06\/stages-civiques-diplomes-300x111.jpg 300w, https:\/\/ipoweb.bruxelles.be\/lepage\/wp-content\/uploads\/2020\/06\/stages-civiques-diplomes-768x284.jpg 768w, https:\/\/ipoweb.bruxelles.be\/lepage\/wp-content\/uploads\/2020\/06\/stages-civiques-diplomes.jpg 1350w\" sizes=\"(max-width: 1024px) 100vw, 1024px\" \/><\/figure>\n\n\n\n<p>Durant leur parcours scolaire les \u00e9l\u00e8ves de 5 \u00e8mes sont invit\u00e9s \u00e0 r\u00e9aliser un stage civique aupr\u00e8s de partenaires qui d\u00e9fendent des valeurs humanistes ch\u00e8res \u00e0 notre ath\u00e9n\u00e9e et qui leur permettra de devenir des acteurs solidaires sur le terrain.<\/p>\n\n\n\n<p>Le but de ce stage, outre celui de promouvoir de mani\u00e8re active, des valeurs telles que l\u2019\u00e9galit\u00e9, le respect, la justice, la neutralit\u00e9, le respect\u2026est de permettre \u00e0 nos \u00e9l\u00e8ves de s\u2019investir dans des projets citoyens et de s\u2019engager personnellement dans la construction d\u2019une soci\u00e9t\u00e9 d\u00e9mocratique et tol\u00e9rante.<\/p>\n\n\n\n<p>C\u2019est en s\u2019impliquant dans des \u00e9quipes, en d\u00e9couvrant des m\u00e9tiers du secteur public, en se mobilisant pour des causes nobles au sein d\u2019associations citoyennes, au c\u0153ur d\u2019\u00e9changes r\u00e9els avec des adultes et d\u2019autres jeunes, en dehors de l\u2019\u00e9cole, que chaque \u00e9l\u00e8ve pourra se ressentir comme un maillon fort de notre soci\u00e9t\u00e9, capable de changer les choses pour un monde plus juste.<\/p>\n\n\n\n<p>Toutes les informations concernant les partenaires, les modalit\u00e9s du stage \u00e0 effectuer, le nombre d\u2019heures \u00e0 prester \u00e0 propos des stages civiques organis\u00e9s par l\u2019Instruction Publique de la Ville de Bruxelles se trouvent sur le site : www.monstagecivique.be<\/p>\n","protected":false},"excerpt":{"rendered":"<p>Durant leur parcours scolaire les \u00e9l\u00e8ves de 5 \u00e8mes sont invit\u00e9s \u00e0 r\u00e9aliser un stage civique aupr\u00e8s de partenaires qui d\u00e9fendent des valeurs humanistes ch\u00e8res \u00e0 notre ath\u00e9n\u00e9e et qui leur permettra de devenir des acteurs solidaires sur le terrain. Le but de ce stage, outre celui de promouvoir de mani\u00e8re active, des valeurs telles [&hellip;]<\/p>\n","protected":false},"author":1,"featured_media":0,"parent":0,"menu_order":0,"comment_status":"closed","ping_status":"closed","template":"","meta":{"footnotes":""},"_links":{"self":[{"href":"https:\/\/ipoweb.bruxelles.be\/lepage\/index.php?rest_route=\/wp\/v2\/pages\/19"}],"collection":[{"href":"https:\/\/ipoweb.bruxelles.be\/lepage\/index.php?rest_route=\/wp\/v2\/pages"}],"about":[{"href":"https:\/\/ipoweb.bruxelles.be\/lepage\/index.php?rest_route=\/wp\/v2\/types\/page"}],"author":[{"embeddable":true,"href":"https:\/\/ipoweb.bruxelles.be\/lepage\/index.php?rest_route=\/wp\/v2\/users\/1"}],"replies":[{"embeddable":true,"href":"https:\/\/ipoweb.bruxelles.be\/lepage\/index.php?rest_route=%2Fwp%2Fv2%2Fcomments&post=19"}],"version-history":[{"count":4,"href":"https:\/\/ipoweb.bruxelles.be\/lepage\/index.php?rest_route=\/wp\/v2\/pages\/19\/revisions"}],"predecessor-version":[{"id":252,"href":"https:\/\/ipoweb.bruxelles.be\/lepage\/index.php?rest_route=\/wp\/v2\/pages\/19\/revisions\/252"}],"wp:attachment":[{"href":"https:\/\/ipoweb.bruxelles.be\/lepage\/index.php?rest_route=%2Fwp%2Fv2%2Fmedia&parent=19"}],"curies":[{"name":"wp","href":"https:\/\/api.w.org\/{rel}","templated":true}]}}