{"id":23,"date":"2020-04-21T15:51:27","date_gmt":"2020-04-21T13:51:27","guid":{"rendered":"http:\/\/ipoweb.bruxelles.be\/lepage\/?page_id=23"},"modified":"2020-04-25T12:57:11","modified_gmt":"2020-04-25T10:57:11","slug":"presentation","status":"publish","type":"page","link":"https:\/\/ipoweb.bruxelles.be\/lepage\/?page_id=23","title":{"rendered":"Pr\u00e9sentation"},"content":{"rendered":"\n<p class=\"has-text-color has-text-align-center has-medium-font-size has-very-dark-gray-color\"><img decoding=\"async\" loading=\"lazy\" width=\"1417\" height=\"1063\" class=\"wp-image-109\" style=\"width: 300px;\" src=\"http:\/\/ipoweb.bruxelles.be\/lepage\/wp-content\/uploads\/2020\/04\/agora-tribord.jpg\" alt=\"\" srcset=\"https:\/\/ipoweb.bruxelles.be\/lepage\/wp-content\/uploads\/2020\/04\/agora-tribord.jpg 1417w, https:\/\/ipoweb.bruxelles.be\/lepage\/wp-content\/uploads\/2020\/04\/agora-tribord-300x225.jpg 300w, https:\/\/ipoweb.bruxelles.be\/lepage\/wp-content\/uploads\/2020\/04\/agora-tribord-1024x768.jpg 1024w, https:\/\/ipoweb.bruxelles.be\/lepage\/wp-content\/uploads\/2020\/04\/agora-tribord-768x576.jpg 768w\" sizes=\"(max-width: 1417px) 100vw, 1417px\" \/><\/p>\n\n\n\n<p class=\"has-text-color has-medium-font-size has-very-dark-gray-color\"><strong>L\u2019Ath\u00e9n\u00e9e L\u00e9on Lepage est un \u00e9tablissement d&rsquo;enseignement secondaire de type g\u00e9n\u00e9ral de la Ville de Bruxelles. Fond\u00e9 sur des principes de d\u00e9mocratie, de neutralit\u00e9 et de pluralisme, son enseignement appartient au r\u00e9seau officiel subventionn\u00e9 et est accessible \u00e0 tous, sans distinction de sexe, d&rsquo;origine ethnique, de convictions politiques, philosophiques ou religieuses.<\/strong><\/p>\n\n\n\n<p>L&rsquo;objectif de l\u2019\u00e9tablissement est de permettre \u00e0 tous les \u00e9l\u00e8ves d\u2019acc\u00e9der aux \u00e9tudes sup\u00e9rieures en offrant \u00e0 l\u2019\u00e9l\u00e8ve les chances de r\u00e9ussite et d\u2019\u00e9panouissement par l\u2019acquisition de connaissances, de savoir-faire et d\u2019attitudes qui le guideront vers la suite de son parcours acad\u00e9mique.<\/p>\n\n\n\n<p>Le d\u00e9veloppement de l\u2019autonomie et de l\u2019engagement personnel de l\u2019adolescent est plac\u00e9 au centre des apprentissages, en particulier au travers d\u2019activit\u00e9s phares comme \u00ab&nbsp;Les Agoras des Libert\u00e9s&nbsp;\u00bb. Espace o\u00f9 l\u2019humanisme se vit au quotidien, l&rsquo;\u00e9tablissement d\u00e9veloppe un enseignement bas\u00e9 sur la rigueur, l\u2019entraide et les technologies, dans une ambiance sereine et solidaire.<\/p>\n\n\n\n<p>L\u2019\u00e9quipe \u00e9ducative des professeurs et \u00e9ducateurs, attentive au bien-\u00eatre des \u00e9l\u00e8ves, est \u00e9paul\u00e9e dans sa t\u00e2che par une M\u00e9diatrice qui assure l\u2019\u00e9coute, le soutien et le suivi des jeunes en difficult\u00e9 scolaire, favorisant la communication entre les diff\u00e9rents acteurs de l\u2019\u00e9cole.<\/p>\n\n\n\n<p>L\u2019\u00e9cole propose de nombreuses activit\u00e9s parascolaires sportives et artistiques, des sorties et visites culturelles, des voyages scolaires, des comp\u00e9titions inter-\u00e9coles, des conf\u00e9rences, des visites d\u2019expositions, etc.<\/p>\n\n\n\n<p>Une p\u00e9dagogie d\u00e9veloppant l\u2019engagement personnel et le go\u00fbt \u00e0 l\u2019effort est assur\u00e9e au travers de moyens technologiques innovants tels que tableaux blancs interactifs (TBI) et tablettes.<\/p>\n\n\n\n<p>L\u2019\u00e9cole propose une aide \u00e0 la r\u00e9ussite et \u00e0 l\u2019orientation par la mise en place de contrats p\u00e9dagogiques, projet pilote qui tend \u00e0 r\u00e9duire l\u2019\u00e9chec scolaire.&nbsp; Une \u00e9cole des devoirs, des rem\u00e9diations, un tutorat interne organis\u00e9 par des rh\u00e9toriciens, et un tutorat externe organis\u00e9 par l\u2019ULB, sont autant de moyens mis en \u0153uvre pour octroyer des chances maximales de r\u00e9ussite \u00e0 chacun.<\/p>\n\n\n\n<p>Afin de guider les \u00e9l\u00e8ves dans leurs choix d\u2019avenir, des activit\u00e9s telles qu\u2019une journ\u00e9e \u00ab&nbsp;info-carri\u00e8res&nbsp;\u00bb, des visites et rencontres avec l\u2019ULB ou la HEFF sont organis\u00e9es en collaboration avec le SPOS et le PMS.<\/p>\n","protected":false},"excerpt":{"rendered":"<p>L\u2019Ath\u00e9n\u00e9e L\u00e9on Lepage est un \u00e9tablissement d&rsquo;enseignement secondaire de type g\u00e9n\u00e9ral de la Ville de Bruxelles. Fond\u00e9 sur des principes de d\u00e9mocratie, de neutralit\u00e9 et de pluralisme, son enseignement appartient au r\u00e9seau officiel subventionn\u00e9 et est accessible \u00e0 tous, sans distinction de sexe, d&rsquo;origine ethnique, de convictions politiques, philosophiques ou religieuses. L&rsquo;objectif de l\u2019\u00e9tablissement est [&hellip;]<\/p>\n","protected":false},"author":1,"featured_media":0,"parent":0,"menu_order":0,"comment_status":"closed","ping_status":"closed","template":"","meta":{"footnotes":""},"_links":{"self":[{"href":"https:\/\/ipoweb.bruxelles.be\/lepage\/index.php?rest_route=\/wp\/v2\/pages\/23"}],"collection":[{"href":"https:\/\/ipoweb.bruxelles.be\/lepage\/index.php?rest_route=\/wp\/v2\/pages"}],"about":[{"href":"https:\/\/ipoweb.bruxelles.be\/lepage\/index.php?rest_route=\/wp\/v2\/types\/page"}],"author":[{"embeddable":true,"href":"https:\/\/ipoweb.bruxelles.be\/lepage\/index.php?rest_route=\/wp\/v2\/users\/1"}],"replies":[{"embeddable":true,"href":"https:\/\/ipoweb.bruxelles.be\/lepage\/index.php?rest_route=%2Fwp%2Fv2%2Fcomments&post=23"}],"version-history":[{"count":7,"href":"https:\/\/ipoweb.bruxelles.be\/lepage\/index.php?rest_route=\/wp\/v2\/pages\/23\/revisions"}],"predecessor-version":[{"id":154,"href":"https:\/\/ipoweb.bruxelles.be\/lepage\/index.php?rest_route=\/wp\/v2\/pages\/23\/revisions\/154"}],"wp:attachment":[{"href":"https:\/\/ipoweb.bruxelles.be\/lepage\/index.php?rest_route=%2Fwp%2Fv2%2Fmedia&parent=23"}],"curies":[{"name":"wp","href":"https:\/\/api.w.org\/{rel}","templated":true}]}}