{"id":27,"date":"2020-04-21T15:51:53","date_gmt":"2020-04-21T13:51:53","guid":{"rendered":"http:\/\/ipoweb.bruxelles.be\/lepage\/?page_id=27"},"modified":"2025-10-19T10:16:34","modified_gmt":"2025-10-19T08:16:34","slug":"notre-equipe","status":"publish","type":"page","link":"https:\/\/ipoweb.bruxelles.be\/lepage\/?page_id=27","title":{"rendered":"Notre \u00e9quipe"},"content":{"rendered":"\n<figure class=\"wp-block-table\"><table  class=\" table table-hover\" ><tbody><tr><td><strong><mark style=\"background-color:rgba(0, 0, 0, 0)\" class=\"has-inline-color has-vivid-cyan-blue-color\">La direction :<\/mark><\/strong><\/td><td>Directeur : <strong>Monsieur<\/strong> <strong>KIOUAH<\/strong><\/td><\/tr><tr><td><\/td><td>Directrice adjointe : <strong>Madame DAYEZ<\/strong><\/td><\/tr><tr><td><span class=\"has-inline-color has-luminous-vivid-orange-color\">Le secr\u00e9taire de direction :<\/span><\/td><td>Monsieur PEIJMANS<\/td><\/tr><tr><td><span class=\"has-inline-color has-luminous-vivid-orange-color\">L&rsquo;\u00e9conome :<\/span><\/td><td>Monsieur EL YAGHMOURI<\/td><\/tr><tr><td><mark style=\"background-color:rgba(0, 0, 0, 0)\" class=\"has-inline-color has-vivid-cyan-blue-color\"><em><strong>L&rsquo;\u00e9quipe \u00e9ducative<\/strong> <\/em><\/mark><\/td><td><\/td><\/tr><tr><td><span style=\"background-color:rgba(0, 0, 0, 0)\" class=\"has-inline-color has-luminous-vivid-orange-color\">L&rsquo;\u00e9ducatrice des classes de 1\u00e8res<\/span><\/td><td>Madame PICCINI<\/td><\/tr><tr><td><span style=\"background-color:rgba(0, 0, 0, 0)\" class=\"has-inline-color has-luminous-vivid-orange-color\">L&rsquo;<span style=\"background-color:rgba(0, 0, 0, 0)\" class=\"has-inline-color has-luminous-vivid-orange-color\">\u00e9ducatrice<\/span> des classes de 2\u00e8mes<\/span><\/td><td>Madame AMRANI<\/td><\/tr><tr><td><span style=\"background-color:rgba(0, 0, 0, 0)\" class=\"has-inline-color has-luminous-vivid-orange-color\">L&rsquo;\u00e9ducateur des classes de 3\u00e8mes <\/span><\/td><td>Monsieur SAHIN<\/td><\/tr><tr><td><mark style=\"background-color:rgba(0, 0, 0, 0)\" class=\"has-inline-color has-luminous-vivid-orange-color\">L&rsquo;\u00e9ducatrice des classes de 4\u00e8mes<\/mark><\/td><td>Madame NGADI<\/td><\/tr><tr><td><span style=\"background-color:rgba(0, 0, 0, 0)\" class=\"has-inline-color has-luminous-vivid-orange-color\">L&rsquo;\u00e9ducateur des classes de 5\u00e8mes <\/span><\/td><td>Monsieur KOUHMANE<\/td><\/tr><tr><td><mark style=\"background-color:rgba(0, 0, 0, 0)\" class=\"has-inline-color has-luminous-vivid-orange-color\">L&rsquo;\u00e9ducateur des classes de 6\u00e8mes<\/mark><\/td><td>Monsieur  LOTFI<\/td><\/tr><tr><td><span class=\"has-inline-color has-luminous-vivid-orange-color\">Accrochage scolaire<\/span><\/td><td>Madame GALAI<\/td><\/tr><tr><td><span class=\"has-inline-color has-luminous-vivid-orange-color\">L&rsquo;\u00e9ducateur num\u00e9rique<\/span><\/td><td><\/td><\/tr><\/tbody><\/table><\/figure>\n\n\n\n<p><\/p>\n\n\n\n<p><span style=\"background-color:rgba(0, 0, 0, 0)\" class=\"has-inline-color has-luminous-vivid-orange-color\">Les professeurs :<\/span><\/p>\n\n\n\n<p>La liste sera mise \u00e0 jour \u00e0 la rentr\u00e9e.<\/p>\n\n\n\n<p><\/p>\n\n\n\n<p><\/p>\n","protected":false},"excerpt":{"rendered":"<p>La direction : Directeur : Monsieur KIOUAH Directrice adjointe : Madame DAYEZ Le secr\u00e9taire de direction : Monsieur PEIJMANS L&rsquo;\u00e9conome : Monsieur EL YAGHMOURI L&rsquo;\u00e9quipe \u00e9ducative L&rsquo;\u00e9ducatrice des classes de 1\u00e8res Madame PICCINI L&rsquo;\u00e9ducatrice des classes de 2\u00e8mes Madame AMRANI L&rsquo;\u00e9ducateur des classes de 3\u00e8mes Monsieur SAHIN L&rsquo;\u00e9ducatrice des classes de 4\u00e8mes Madame NGADI L&rsquo;\u00e9ducateur [&hellip;]<\/p>\n","protected":false},"author":1,"featured_media":0,"parent":0,"menu_order":0,"comment_status":"closed","ping_status":"closed","template":"","meta":{"footnotes":""},"_links":{"self":[{"href":"https:\/\/ipoweb.bruxelles.be\/lepage\/index.php?rest_route=\/wp\/v2\/pages\/27"}],"collection":[{"href":"https:\/\/ipoweb.bruxelles.be\/lepage\/index.php?rest_route=\/wp\/v2\/pages"}],"about":[{"href":"https:\/\/ipoweb.bruxelles.be\/lepage\/index.php?rest_route=\/wp\/v2\/types\/page"}],"author":[{"embeddable":true,"href":"https:\/\/ipoweb.bruxelles.be\/lepage\/index.php?rest_route=\/wp\/v2\/users\/1"}],"replies":[{"embeddable":true,"href":"https:\/\/ipoweb.bruxelles.be\/lepage\/index.php?rest_route=%2Fwp%2Fv2%2Fcomments&post=27"}],"version-history":[{"count":16,"href":"https:\/\/ipoweb.bruxelles.be\/lepage\/index.php?rest_route=\/wp\/v2\/pages\/27\/revisions"}],"predecessor-version":[{"id":1470,"href":"https:\/\/ipoweb.bruxelles.be\/lepage\/index.php?rest_route=\/wp\/v2\/pages\/27\/revisions\/1470"}],"wp:attachment":[{"href":"https:\/\/ipoweb.bruxelles.be\/lepage\/index.php?rest_route=%2Fwp%2Fv2%2Fmedia&parent=27"}],"curies":[{"name":"wp","href":"https:\/\/api.w.org\/{rel}","templated":true}]}}