{"id":33,"date":"2020-04-21T15:52:01","date_gmt":"2020-04-21T13:52:01","guid":{"rendered":"http:\/\/ipoweb.bruxelles.be\/lepage\/?page_id=33"},"modified":"2020-06-09T11:40:26","modified_gmt":"2020-06-09T09:40:26","slug":"historique","status":"publish","type":"page","link":"https:\/\/ipoweb.bruxelles.be\/lepage\/?page_id=33","title":{"rendered":"Historique"},"content":{"rendered":"\n<div class=\"wp-block-image\"><figure class=\"aligncenter size-large is-resized\"><img decoding=\"async\" loading=\"lazy\" src=\"http:\/\/ipoweb.bruxelles.be\/lepage\/wp-content\/uploads\/2020\/04\/photo-facade3.jpg\" alt=\"\" class=\"wp-image-169\" width=\"379\" height=\"284\" srcset=\"https:\/\/ipoweb.bruxelles.be\/lepage\/wp-content\/uploads\/2020\/04\/photo-facade3.jpg 512w, https:\/\/ipoweb.bruxelles.be\/lepage\/wp-content\/uploads\/2020\/04\/photo-facade3-300x225.jpg 300w\" sizes=\"(max-width: 379px) 100vw, 379px\" \/><\/figure><\/div>\n\n\n\n<p><strong>Histoire<\/strong><\/p>\n\n\n\n<p>Les origines de l\u2019Ath\u00e9n\u00e9e L\u00e9on Lepage remonte \u00e0 la cr\u00e9ation de l\u2019enseignement moyen officiel en Belgique et \u00e0 son impl\u00e9mentation par la Ville de Bruxelles \u00e0 partir de 1851. Une \u00c9cole primaire sup\u00e9rieure de l\u2019\u00c9tat, pr\u00e9existante, est reprise cette ann\u00e9e-l\u00e0 par la Ville qui en fera deux \u00e9coles moyennes&nbsp;(niveau secondaire inf\u00e9rieur) pour gar\u00e7ons : l\u2019\u00c9cole A dite [de l\u2019impasse] \u00ab&nbsp;des Finances&nbsp;\u00bb, futur Ath\u00e9n\u00e9e Robert Catteau et l\u2019\u00c9cole B dite [de la rue] du \u00ab&nbsp;Grand Hospice&nbsp;\u00bb, futur Ath\u00e9n\u00e9e L\u00e9on Lepage. On y adjoint une \u00e9cole primaire et une section commerciale au tournant des 19e et 20e si\u00e8cles, r\u00e9pondant au d\u00e9sir des parents, dont beaucoup sont n\u00e9gociants ou industriels dans le centre-ville. Une section fr\u0153b\u00e9lienne, destin\u00e9e aux enfants \u00e2g\u00e9s de moins de six ans, est ouverte en 1913. Et en 1930, l\u2019institution accueille ses premi\u00e8res \u00e9l\u00e8ves filles.<\/p>\n\n\n\n<p>L\u2019\u00e9tablissement conna\u00eet plusieurs sites d\u2019emplacement avant de se poser d\u00e9finitivement \u00e0 la rue des Riches-Claires o\u00f9 un nouveau b\u00e2timent est inaugur\u00e9 en 1912, sur les plans des architectes Ernest Van Humbeeck, Constant Bosmans et Henri Vandeveld. C\u2019est en hommage \u00e0 l\u2019\u00e9chevin de l\u2019Instruction publique L\u00e9on Lepage, que l\u2019\u00e9cole re\u00e7oit son nom\u00a0: personnellement fort investi dans la construction de l\u2019\u00e9difice, il n\u2019en voit cependant pas l\u2019ach\u00e8vement, \u00e9tant d\u00e9c\u00e9d\u00e9 entre temps. Dans un registre \u00e9clectique, le plan de l\u2019\u00e9difice, de type n\u00e9oclassique en fa\u00e7ade, \u00e9pouse adroitement une parcelle de terrain tr\u00e8s complexe, favorisant les d\u00e9gagements, l\u2019\u00e9clairage naturel et l\u2019a\u00e9ration sur un pr\u00e9au couvert et une cour ext\u00e9rieure ferm\u00e9e. Plusieurs extensions, r\u00e9alis\u00e9es \u00e0 partir de 1950, compl\u00e8tent l\u2019\u00e9difice scolaire pour r\u00e9pondre \u00e0 l\u2019accroissement de classes et aux nouveaux besoins d\u2019infrastructure.<\/p>\n\n\n\n<p>L\u2019\u00e9cole L\u00e9on Lepage paye un lourd tribut aux deux guerres mondiales. 32 de ses anciens \u00e9l\u00e8ves tombent au champ d\u2019honneur en 14-18. 19 autres et 1 professeur sont port\u00e9s disparus en 40-45.<\/p>\n\n\n\n<p>En 1948, la Ville \u00e9rige l\u2019\u00e9cole en Ath\u00e9n\u00e9e, en ouvrant progressivement les trois derni\u00e8res classes d\u2019humanit\u00e9s modernes, scientifiques et latines math\u00e9matiques jusqu\u2019\u00e0 la rh\u00e9torique, de m\u00eame un cycle complet pour l\u2019\u00e9cole de commerce. Elle ajoute plus tard une section gr\u00e9co-latine. Des m\u00e9thodes nouvelles sont introduites et une attention particuli\u00e8re est port\u00e9e au bien-\u00eatre physique et psychologique de chaque \u00e9l\u00e8ve. Dans l\u2019apr\u00e8s-guerre, un cours de \u00ab&nbsp;gymnastique m\u00e9dicale&nbsp;\u00bb est introduit pour pr\u00e9venir les carences des enfants et adolescents et pour y rem\u00e9dier.&nbsp;<\/p>\n\n\n\n<p>Face \u00e0 la mixit\u00e9 sociale et culturelle des ann\u00e9es 80 et 90, l&rsquo;Ath\u00e9n\u00e9e L\u00e9on Lepage prend l&rsquo;initiative, en 1998, de cr\u00e9er un \u00ab\u00a0Agora des Libert\u00e9s\u00a0\u00bb\u00a0pour \u00ab\u00a0d\u00e9velopper l&rsquo;esprit critique et le libre arbitre des \u00e9l\u00e8ves par une \u00e9ducation \u00e0 la citoyennet\u00e9 lucide et responsable\u00a0\u00bb : une immense fresque est r\u00e9alis\u00e9e par les professeurs et les \u00e9l\u00e8ves dans le pr\u00e9au questionnant les valeurs d\u00e9mocratiques fondamentales et les droits de l\u2019homme. Depuis, chaque ann\u00e9e, une manifestation est organis\u00e9e sur un th\u00e8me d\u00e9fini, par exemple en 2016\u00a0: \u00ab\u00a014-18. Guerres et vivre-ensemble\u00a0\u00bb. Dans ce contexte de sensibilisation citoyenne, toute l\u2019\u00e9cole se mobilise publiquement en 2009 pour des \u00e9l\u00e8ves menac\u00e9s d\u2019expulsion par l\u2019Office des \u00c9trangers, une mobilisation relay\u00e9e par la presse nationale. L\u2019Ath\u00e9n\u00e9e L\u00e9on Lepage soutient \u00e9galement l\u2019action sociale de l\u2019ASBL \u00ab\u00a0L\u2019Adoption\u00a0\u00bb, une \u0153uvre la\u00efque d\u2019aide \u00e0 l\u2019enfance en difficult\u00e9, en particulier pour les frais scolaires. En 2017, l\u2019\u00e9cole fait partie des quatre institutions pilotes de la Ville dans l\u2019instauration du \u00ab\u00a0stage civique\u00a0\u00bb pour les \u00e9l\u00e8ves de cinqui\u00e8me secondaire : il s\u2019agit pour ces \u00e9l\u00e8ves de passer une trentaine d\u2019heures au sein d\u2019un organisme \u00e0 valeur sociale afin de les sensibiliser aux principes de citoyennet\u00e9 solidaire.<\/p>\n\n\n\n<p><\/p>\n","protected":false},"excerpt":{"rendered":"<p>Histoire Les origines de l\u2019Ath\u00e9n\u00e9e L\u00e9on Lepage remonte \u00e0 la cr\u00e9ation de l\u2019enseignement moyen officiel en Belgique et \u00e0 son impl\u00e9mentation par la Ville de Bruxelles \u00e0 partir de 1851. Une \u00c9cole primaire sup\u00e9rieure de l\u2019\u00c9tat, pr\u00e9existante, est reprise cette ann\u00e9e-l\u00e0 par la Ville qui en fera deux \u00e9coles moyennes&nbsp;(niveau secondaire inf\u00e9rieur) pour gar\u00e7ons : [&hellip;]<\/p>\n","protected":false},"author":1,"featured_media":0,"parent":0,"menu_order":0,"comment_status":"closed","ping_status":"closed","template":"","meta":{"footnotes":""},"_links":{"self":[{"href":"https:\/\/ipoweb.bruxelles.be\/lepage\/index.php?rest_route=\/wp\/v2\/pages\/33"}],"collection":[{"href":"https:\/\/ipoweb.bruxelles.be\/lepage\/index.php?rest_route=\/wp\/v2\/pages"}],"about":[{"href":"https:\/\/ipoweb.bruxelles.be\/lepage\/index.php?rest_route=\/wp\/v2\/types\/page"}],"author":[{"embeddable":true,"href":"https:\/\/ipoweb.bruxelles.be\/lepage\/index.php?rest_route=\/wp\/v2\/users\/1"}],"replies":[{"embeddable":true,"href":"https:\/\/ipoweb.bruxelles.be\/lepage\/index.php?rest_route=%2Fwp%2Fv2%2Fcomments&post=33"}],"version-history":[{"count":5,"href":"https:\/\/ipoweb.bruxelles.be\/lepage\/index.php?rest_route=\/wp\/v2\/pages\/33\/revisions"}],"predecessor-version":[{"id":244,"href":"https:\/\/ipoweb.bruxelles.be\/lepage\/index.php?rest_route=\/wp\/v2\/pages\/33\/revisions\/244"}],"wp:attachment":[{"href":"https:\/\/ipoweb.bruxelles.be\/lepage\/index.php?rest_route=%2Fwp%2Fv2%2Fmedia&parent=33"}],"curies":[{"name":"wp","href":"https:\/\/api.w.org\/{rel}","templated":true}]}}