{"id":35,"date":"2020-04-21T15:52:25","date_gmt":"2020-04-21T13:52:25","guid":{"rendered":"http:\/\/ipoweb.bruxelles.be\/lepage\/?page_id=35"},"modified":"2026-02-09T09:32:19","modified_gmt":"2026-02-09T08:32:19","slug":"avis","status":"publish","type":"page","link":"https:\/\/ipoweb.bruxelles.be\/lepage\/?page_id=35","title":{"rendered":"Avis 2025-2026"},"content":{"rendered":"\n<p>En cliquant sur ces lien, vous d\u00e9couvrirez les avis destin\u00e9s aux parents de cette ann\u00e9e scolaire:<\/p>\n\n\n\n<p><\/p>\n\n\n\n<ul>\n<li><a href=\"https:\/\/ipoweb.bruxelles.be\/lepage\/wp-content\/uploads\/2025\/10\/AVIS-1-Accueil-et-prise-de-connaissance.docx\">Avis n\u00b01 : Accueil et prise de connaissance<\/a><\/li>\n<\/ul>\n\n\n\n<ul>\n<li><a href=\"https:\/\/ipoweb.bruxelles.be\/lepage\/wp-content\/uploads\/2025\/10\/AVIS-2-Rappel-regles-de-vie-a-lALL.docx\">Avis n\u00b02 : Rappel r\u00e8gles de vie \u00e0 l&rsquo;ALL<\/a><\/li>\n<\/ul>\n\n\n\n<ul>\n<li><a href=\"https:\/\/ipoweb.bruxelles.be\/lepage\/wp-content\/uploads\/2025\/10\/AVIS-3-Interdiction-du-smartphone.docx\">Avis n\u00b03 : Interdiction du smartphone <\/a><\/li>\n<\/ul>\n\n\n\n<ul>\n<li><a href=\"https:\/\/ipoweb.bruxelles.be\/lepage\/wp-content\/uploads\/2025\/10\/AVIS-4-Mise-a-jour-des-donnees-personelles.docx\">Avis n\u00b04 : Mise \u00e0 jour des donn\u00e9es personnelles<\/a><\/li>\n<\/ul>\n\n\n\n<ul>\n<li><a href=\"https:\/\/ipoweb.bruxelles.be\/lepage\/wp-content\/uploads\/2025\/10\/AVIS-5-Tenue-vestimentaire.docx\">Avis n\u00b05 : Tenue vestimentaire<\/a><\/li>\n<\/ul>\n\n\n\n<ul>\n<li><a href=\"https:\/\/ipoweb.bruxelles.be\/lepage\/wp-content\/uploads\/2025\/10\/AVIS-6-previsions-frais-scolaires-2025-2026.docx\">Avis n\u00b06 : Pr\u00e9visions frais scolaires 2025 2026<\/a><\/li>\n<\/ul>\n\n\n\n<ul>\n<li><a href=\"https:\/\/ipoweb.bruxelles.be\/lepage\/wp-content\/uploads\/2025\/09\/AVIS-7-autorisation-droit-a-limage.docx\">Avis n\u00b07 : Autorisation droit \u00e0 l&rsquo;image <\/a><\/li>\n<\/ul>\n\n\n\n<ul>\n<li><a href=\"https:\/\/ipoweb.bruxelles.be\/lepage\/wp-content\/uploads\/2025\/09\/AVIS-8-Calendrier-premier-semestre.docx\">Avis n\u00b08 : Calendrier premier semestre<\/a><\/li>\n<\/ul>\n\n\n\n<ul>\n<li><a href=\"https:\/\/ipoweb.bruxelles.be\/lepage\/wp-content\/uploads\/2025\/10\/AVIS-9-Annulation-journee-pedagogique-10-octobre.docx\">Avis n\u00b09 : Annulation journ\u00e9e p\u00e9dagogique 10 octobre<\/a><\/li>\n<\/ul>\n\n\n\n<ul>\n<li><a href=\"https:\/\/ipoweb.bruxelles.be\/lepage\/wp-content\/uploads\/2025\/10\/AVIS-10-reunion-des-parents-OCTOBRE.docx\">Avis n\u00b010 : R\u00e9union des parents OCTOBRE<\/a><\/li>\n<\/ul>\n\n\n\n<ul>\n<li><a href=\"https:\/\/ipoweb.bruxelles.be\/lepage\/wp-content\/uploads\/2025\/11\/AVIS-11-manifestation-greve-du-7-octobre-2025.docx\" data-type=\"attachment\" data-id=\"1486\">Avis n\u00b011 : Manifestation &#8211; gr\u00e8ve du 7 octobre 2025<\/a><\/li>\n<\/ul>\n\n\n\n<ul>\n<li><a href=\"https:\/\/ipoweb.bruxelles.be\/lepage\/wp-content\/uploads\/2025\/11\/AVIS-12-Organisation-de-fin-dannee-civile.docx\">Avis n\u00b012 : Organisation de fin d&rsquo;ann\u00e9e civile<\/a><\/li>\n<\/ul>\n\n\n\n<ul>\n<li>Avis n\u00b013<\/li>\n<\/ul>\n\n\n\n<ul>\n<li>Avis n\u00b014<\/li>\n<\/ul>\n\n\n\n<ul>\n<li>Avis n\u00b015<\/li>\n<\/ul>\n\n\n\n<ul>\n<li><a href=\"https:\/\/ipoweb.bruxelles.be\/lepage\/wp-content\/uploads\/2026\/01\/AVIS-16-calendrier-du-deuxieme-semestre.docx\">Avis n\u00b0 16 : calendrier du deuxi\u00e8me semestre<\/a><\/li>\n<\/ul>\n\n\n\n<ul>\n<li><a href=\"https:\/\/ipoweb.bruxelles.be\/lepage\/wp-content\/uploads\/2026\/02\/AVIS-17-greves.docx\">Avis n\u00b017 : Gr\u00e8ves<\/a><\/li>\n<\/ul>\n\n\n\n<ul>\n<li><\/li>\n<\/ul>\n\n\n\n\n","protected":false},"excerpt":{"rendered":"<p>En cliquant sur ces lien, vous d\u00e9couvrirez les avis destin\u00e9s aux parents de cette ann\u00e9e scolaire:<\/p>\n","protected":false},"author":3,"featured_media":0,"parent":0,"menu_order":0,"comment_status":"closed","ping_status":"closed","template":"","meta":{"footnotes":""},"_links":{"self":[{"href":"https:\/\/ipoweb.bruxelles.be\/lepage\/index.php?rest_route=\/wp\/v2\/pages\/35"}],"collection":[{"href":"https:\/\/ipoweb.bruxelles.be\/lepage\/index.php?rest_route=\/wp\/v2\/pages"}],"about":[{"href":"https:\/\/ipoweb.bruxelles.be\/lepage\/index.php?rest_route=\/wp\/v2\/types\/page"}],"author":[{"embeddable":true,"href":"https:\/\/ipoweb.bruxelles.be\/lepage\/index.php?rest_route=\/wp\/v2\/users\/3"}],"replies":[{"embeddable":true,"href":"https:\/\/ipoweb.bruxelles.be\/lepage\/index.php?rest_route=%2Fwp%2Fv2%2Fcomments&post=35"}],"version-history":[{"count":125,"href":"https:\/\/ipoweb.bruxelles.be\/lepage\/index.php?rest_route=\/wp\/v2\/pages\/35\/revisions"}],"predecessor-version":[{"id":1619,"href":"https:\/\/ipoweb.bruxelles.be\/lepage\/index.php?rest_route=\/wp\/v2\/pages\/35\/revisions\/1619"}],"wp:attachment":[{"href":"https:\/\/ipoweb.bruxelles.be\/lepage\/index.php?rest_route=%2Fwp%2Fv2%2Fmedia&parent=35"}],"curies":[{"name":"wp","href":"https:\/\/api.w.org\/{rel}","templated":true}]}}