{"id":388,"date":"2021-02-07T15:54:12","date_gmt":"2021-02-07T14:54:12","guid":{"rendered":"http:\/\/ipoweb.bruxelles.be\/lepage\/?page_id=388"},"modified":"2021-02-07T15:54:13","modified_gmt":"2021-02-07T14:54:13","slug":"loption-latin-a-lall","status":"publish","type":"page","link":"https:\/\/ipoweb.bruxelles.be\/lepage\/?page_id=388","title":{"rendered":"L&rsquo;option Latin \u00e0 l&rsquo;ALL"},"content":{"rendered":"\n<div class=\"wp-block-image\"><figure class=\"aligncenter size-large is-resized\"><img decoding=\"async\" loading=\"lazy\" src=\"http:\/\/ipoweb.bruxelles.be\/lepage\/wp-content\/uploads\/2021\/02\/le-latin-est-partout-768x1024.jpg\" alt=\"\" class=\"wp-image-390\" width=\"462\" height=\"616\" srcset=\"https:\/\/ipoweb.bruxelles.be\/lepage\/wp-content\/uploads\/2021\/02\/le-latin-est-partout-768x1024.jpg 768w, https:\/\/ipoweb.bruxelles.be\/lepage\/wp-content\/uploads\/2021\/02\/le-latin-est-partout-225x300.jpg 225w, https:\/\/ipoweb.bruxelles.be\/lepage\/wp-content\/uploads\/2021\/02\/le-latin-est-partout.jpg 960w\" sizes=\"(max-width: 462px) 100vw, 462px\" \/><\/figure><\/div>\n\n\n\n<p>L\u2019option latine, un choix aux multiples avantages.<\/p>\n\n\n\n<p>Le latin est une option de l\u2019Ath\u00e9n\u00e9e L\u00e9on Lepage, dispens\u00e9e par une \u00e9quipe de jeunes professeurs motiv\u00e9s : Mme Marchal, M. Mariutto et M. Laurent.<\/p>\n\n\n\n<p>D\u00e8s son inscription, votre enfant pourra choisir cette option pour ses 2 premi\u00e8res ann\u00e9es du secondaire, \u00e0 raison de 4 heures par semaine ; un choix \u00e0 renouveler ensuite annuellement.<\/p>\n\n\n\n<p>Le cours de latin combine <strong>rigueur et plaisir<\/strong>. Globalement, il s\u2019articule autour de <strong>deux axes<\/strong> : une partie grammaire et textes ainsi qu\u2019une partie <strong>civilisation.<\/strong><\/p>\n\n\n\n<p>La pratique de la grammaire est extr\u00eamement structurante pour les apprentissages des enfants. Le cours permet entre autres de faire des <strong>liens avec la grammaire des autres langues<\/strong> et <strong>d&rsquo;am\u00e9liorer son orthographe en travaillant l&rsquo;\u00e9tymologie<\/strong>. Votre enfant pourra ainsi combler ses lacunes ou se d\u00e9passer dans l\u2019apprentissage de la langue fran\u00e7aise. <strong>Il apprendra \u00e0 faire preuve de logique et de m\u00e9thode,<\/strong> ce qui lui servira quels que soient ses r\u00eaves professionnels.<\/p>\n\n\n\n<p><strong>La partie civilisation est certainement la pr\u00e9f\u00e9r\u00e9e des \u00e9l\u00e8ves<\/strong>. Chaque chapitre correspond \u00e0 <strong>un th\u00e8me<\/strong> nouveau sur lequel <strong>se questionner<\/strong> : la vie des Romains, la pratique de la magie, les grands mythes et textes fondateurs de notre litt\u00e9rature, Alexandre le Grand, l\u2019\u00e9ruption du V\u00e9suve \u00e0 Pomp\u00e9i, \u2026 Le questionnement passe par exemple par des d\u00e9bats, la pratique de la recherche, des expos\u00e9s, des sorties au mus\u00e9e. <strong>La diversit\u00e9 des th\u00e8mes<\/strong> et des outils p\u00e9dagogiques <strong>plait \u00e9norm\u00e9ment aux \u00e9l\u00e8ves<\/strong> , elle est en plus extr\u00eamement <strong>formative pour l\u2019ensemble des cours<\/strong>. En effet, les \u00e9l\u00e8ves font des liens avec ce qu\u2019ils \u00e9tudient dans les autres disciplines, cr\u00e9ent du sens et s\u2019approprient les savoir. L\u2019\u00e9quipe utilise beaucoup <strong>la ludop\u00e9dagogie<\/strong> (l&#8217;emploi de jeux participant \u00e0 l\u2019apprentissage) et \u00e0 partir de <strong>la 3e ann\u00e9e la p\u00e9dagogie par projets.<\/strong> Petits exemples en 3e ann\u00e9e : les \u00e9l\u00e8ves se prennent pour des journalistes et doivent interviewer Cl\u00e9op\u00e2tre, dans un autre chapitre ils sont les avocats de la d\u00e9fense de Jules C\u00e9sar, dans un autre encore ils incarnent des guides antiques nous faisant parcourir le forum, ou de grands magiciens r\u00e9digeant des mal\u00e9dictions en latin pour de riches patriciens romains, &#8230;<\/p>\n\n\n\n<p>Adieu donc les cours o\u00f9 l\u2019on r\u00e9cite ses d\u00e9clinaisons par c\u0153ur pendant des heures, bienvenue dans <strong>un cours adapt\u00e9<\/strong> aux jeunes de <strong>notre soci\u00e9t\u00e9 actuelle<\/strong> o\u00f9 l\u2019on pousse chaque \u00e9l\u00e8ve \u00e0 <strong>s\u2019ouvrir<\/strong> <strong>\u00e0 la culture du pass\u00e9 et donc \u00e0 l\u2019autre<\/strong>, et \u00e0 <strong>faire des liens avec le pr\u00e9sent<\/strong> et oser <strong>s\u2019exprimer avec rigueur<\/strong> oralement et par \u00e9crit.<\/p>\n\n\n\n<p>Des images valent mieux qu\u2019un long discours. S\u2019il fallait encore vous convaincre, d\u00e9couvrez le travail de deux \u00e9l\u00e8ves en 4e latine.<\/p>\n\n\n\n<figure class=\"wp-block-gallery columns-1 is-cropped wp-block-gallery-1 is-layout-flex wp-block-gallery-is-layout-flex\"><ul class=\"blocks-gallery-grid\"><li class=\"blocks-gallery-item\"><figure><img decoding=\"async\" loading=\"lazy\" width=\"1024\" height=\"768\" src=\"http:\/\/ipoweb.bruxelles.be\/lepage\/wp-content\/uploads\/2021\/02\/colise\u0301e-1024x768.jpg\" alt=\"\" data-id=\"392\" data-full-url=\"http:\/\/ipoweb.bruxelles.be\/lepage\/wp-content\/uploads\/2021\/02\/colise\u0301e.jpg\" data-link=\"http:\/\/ipoweb.bruxelles.be\/lepage\/?attachment_id=392\" class=\"wp-image-392\" srcset=\"https:\/\/ipoweb.bruxelles.be\/lepage\/wp-content\/uploads\/2021\/02\/colise\u0301e-1024x768.jpg 1024w, https:\/\/ipoweb.bruxelles.be\/lepage\/wp-content\/uploads\/2021\/02\/colise\u0301e-300x225.jpg 300w, https:\/\/ipoweb.bruxelles.be\/lepage\/wp-content\/uploads\/2021\/02\/colise\u0301e-768x576.jpg 768w, https:\/\/ipoweb.bruxelles.be\/lepage\/wp-content\/uploads\/2021\/02\/colise\u0301e.jpg 1280w\" sizes=\"(max-width: 1024px) 100vw, 1024px\" \/><\/figure><\/li><\/ul><\/figure>\n\n\n\n<p><\/p>\n","protected":false},"excerpt":{"rendered":"<p>L\u2019option latine, un choix aux multiples avantages. Le latin est une option de l\u2019Ath\u00e9n\u00e9e L\u00e9on Lepage, dispens\u00e9e par une \u00e9quipe de jeunes professeurs motiv\u00e9s : Mme Marchal, M. Mariutto et M. Laurent. D\u00e8s son inscription, votre enfant pourra choisir cette option pour ses 2 premi\u00e8res ann\u00e9es du secondaire, \u00e0 raison de 4 heures par semaine [&hellip;]<\/p>\n","protected":false},"author":2,"featured_media":0,"parent":0,"menu_order":0,"comment_status":"closed","ping_status":"closed","template":"","meta":{"footnotes":""},"_links":{"self":[{"href":"https:\/\/ipoweb.bruxelles.be\/lepage\/index.php?rest_route=\/wp\/v2\/pages\/388"}],"collection":[{"href":"https:\/\/ipoweb.bruxelles.be\/lepage\/index.php?rest_route=\/wp\/v2\/pages"}],"about":[{"href":"https:\/\/ipoweb.bruxelles.be\/lepage\/index.php?rest_route=\/wp\/v2\/types\/page"}],"author":[{"embeddable":true,"href":"https:\/\/ipoweb.bruxelles.be\/lepage\/index.php?rest_route=\/wp\/v2\/users\/2"}],"replies":[{"embeddable":true,"href":"https:\/\/ipoweb.bruxelles.be\/lepage\/index.php?rest_route=%2Fwp%2Fv2%2Fcomments&post=388"}],"version-history":[{"count":2,"href":"https:\/\/ipoweb.bruxelles.be\/lepage\/index.php?rest_route=\/wp\/v2\/pages\/388\/revisions"}],"predecessor-version":[{"id":393,"href":"https:\/\/ipoweb.bruxelles.be\/lepage\/index.php?rest_route=\/wp\/v2\/pages\/388\/revisions\/393"}],"wp:attachment":[{"href":"https:\/\/ipoweb.bruxelles.be\/lepage\/index.php?rest_route=%2Fwp%2Fv2%2Fmedia&parent=388"}],"curies":[{"name":"wp","href":"https:\/\/api.w.org\/{rel}","templated":true}]}}